{"id":8255,"date":"2016-07-18T14:05:21","date_gmt":"2016-07-18T12:05:21","guid":{"rendered":"\/amt\/?page_id=8255"},"modified":"2024-01-24T14:48:54","modified_gmt":"2024-01-24T13:48:54","slug":"diritto-di-recesso","status":"publish","type":"page","link":"https:\/\/www.amt.genova.it\/amt\/biglietti-e-abbonamenti-2\/diritto-di-recesso\/","title":{"rendered":"Diritto di recesso"},"content":{"rendered":"<p>Gentile cliente,<\/p>\n<p>La informiamo che il diritto di recesso e le relative modalit\u00e0 di esercizio previste dal Codice del Consumo (Dlgs 6 settembre 2005 n. 206, cos\u00ec come riformato dal successivo Dlgs del 21\/4\/2014 n. 21) non si applicano ai servizi di trasporto passeggeri, come quello esercito da AMT, secondo quanto previsto dall\u2019art. 47 dello stesso predetto Codice.<\/p>\n<p>AMT, ritiene opportuno, per venire incontro alle esigenze dei propri abbonati, consentire comunque per i soli abbonamenti annuali stipulati on line la possibilit\u00e0 di recedere dal contratto, senza indicarne le ragioni, per un periodo di 14 gg a decorrere dal momento di conclusione del contratto, che si intende quello di conferma da parte di AMT dell\u2019ordine di acquisto dell\u2019abbonamento (cio\u00e8 dalla data riportata sulla mail inviata da AMT di conferma dell\u2019avvenuto acquisto).<\/p>\n<p>Per esercitare tale diritto di recesso, La invitiamo ad informarci della sua decisione tramite una dichiarazione esplicita da inviare con una raccomandata A.R al seguente indirizzo: Amt S.p.A. - Servizio Clienti - Via Montaldo 2 -16137\u00a0 Genova o da consegnare presso l\u2019AMT Point di Palazzo Ducale (aperto dal luned\u00ec al venerd\u00ec dalle 8.15 alle 16).<\/p>\n<p>A tale fine pu\u00f2 utilizzare il modulo di recesso allegato (fac- simile), ma non \u00e8 obbligatorio. Dovr\u00e0 comunque allegare alla predetta dichiarazione l\u2019abbonamento annuale originale (card CityPass) e stampa cartacea del pdf, oltre a copia di un documento di identit\u00e0.<\/p>\n<p>Non verranno prese in considerazione dichiarazioni di recesso prive dei documenti richiesti.<\/p>\n<p>I costi diretti della restituzione dell\u2019abbonamento saranno a Suo carico.<\/p>\n<p>Il recesso non \u00e8 previsto in caso di acquisto di abbonamenti\u00a0 con utilizzo di coupons di qualsiasi natura.<\/p>\n<p><strong>Effetti del recesso<\/strong><\/p>\n<p>Sar\u00e0 rimborsato il costo dell\u2019abbonamento acquistato con una decurtazione pari al costo di un abbonamento settimanale nel caso il recesso avvenga dopo il periodo di validit\u00e0 dell\u2019abbonamento, sempre nell\u2019arco temporale di 14 giorni.<\/p>\n<p>Il rimborso verr\u00e0 effettuato a mezzo bonifico bancario senza indebito ritardo e non oltre 14 giorni dal giorno in cui siamo stati informati della Sua decisione di recedere dal contratto.<\/p>\n<p><a href=\"https:\/\/www.amt.genova.it\/amt\/wp-content\/uploads\/2023\/10\/modulo-di-recesso-abbonamento-on-line-senza-IBAN.pdf\">Modulo di recesso abbonamento on-line<\/a><\/p>\n ","protected":false},"excerpt":{"rendered":"Gentile cliente, La informiamo che il diritto di recesso e le relative modalit\u00e0 di esercizio previste dal Codice del Consumo (Dlgs 6 settembre 2005 n. 206, cos\u00ec come riformato dal successivo Dlgs del 21\/4\/2014 n. 21) non si applicano ai servizi di trasporto passeggeri, come quello esercito da AMT, secondo quanto previsto dall\u2019art. 47 dello stesso predetto Codice. AMT, ritiene&nbsp;<a href=\"https:\/\/www.amt.genova.it\/amt\/biglietti-e-abbonamenti-2\/diritto-di-recesso\/\" class=\"read-more\">Continue Reading<\/a>","protected":false},"author":2,"featured_media":0,"parent":42636,"menu_order":0,"comment_status":"closed","ping_status":"closed","template":"page-fullwidth.php","meta":{"footnotes":""},"class_list":["post-8255","page","type-page","status-publish","hentry"],"_links":{"self":[{"href":"https:\/\/www.amt.genova.it\/amt\/wp-json\/wp\/v2\/pages\/8255","targetHints":{"allow":["GET"]}}],"collection":[{"href":"https:\/\/www.amt.genova.it\/amt\/wp-json\/wp\/v2\/pages"}],"about":[{"href":"https:\/\/www.amt.genova.it\/amt\/wp-json\/wp\/v2\/types\/page"}],"author":[{"embeddable":true,"href":"https:\/\/www.amt.genova.it\/amt\/wp-json\/wp\/v2\/users\/2"}],"replies":[{"embeddable":true,"href":"https:\/\/www.amt.genova.it\/amt\/wp-json\/wp\/v2\/comments?post=8255"}],"version-history":[{"count":14,"href":"https:\/\/www.amt.genova.it\/amt\/wp-json\/wp\/v2\/pages\/8255\/revisions"}],"predecessor-version":[{"id":43359,"href":"https:\/\/www.amt.genova.it\/amt\/wp-json\/wp\/v2\/pages\/8255\/revisions\/43359"}],"up":[{"embeddable":true,"href":"https:\/\/www.amt.genova.it\/amt\/wp-json\/wp\/v2\/pages\/42636"}],"wp:attachment":[{"href":"https:\/\/www.amt.genova.it\/amt\/wp-json\/wp\/v2\/media?parent=8255"}],"curies":[{"name":"wp","href":"https:\/\/api.w.org\/{rel}","templated":true}]}}