{"id":7760,"date":"2016-06-30T11:36:32","date_gmt":"2016-06-30T09:36:32","guid":{"rendered":"\/amt\/?page_id=7760"},"modified":"2016-07-25T16:27:07","modified_gmt":"2016-07-25T14:27:07","slug":"paline-intelligenti","status":"publish","type":"page","link":"https:\/\/www.amt.genova.it\/amt\/trasporto-multimodale\/linee-bus-urbane\/simon-sistema-di-monitoraggio-integrato\/paline-intelligenti\/","title":{"rendered":"Paline intelligenti"},"content":{"rendered":"<p>Le cosiddette<strong> paline intelligenti<\/strong> sono dei <strong>pannelli elettronici, collegati via GPRS<\/strong> con il sistema centrale che informano i passeggeri alle fermate sui reali tempi di attesa dei bus.<\/p>\n<p>Le paline sono state collocate in 102 tra le fermate pi\u00f9 frequentate della rete, cercando nel contempo di raggiungere tutti i quartieri cittadini. Nella scelta delle localit\u00e0 bisogna tenere conto di vari vincoli (edifici di pregio, presenza di intercapedini, propriet\u00e0 private, larghezza del marciapiede, necessit\u00e0 dell\u2019allaccio elettrico, ecc.) che in alcuni casi determinano l\u2019impossibilit\u00e0 di installare una palina.<\/p>\n<p>Ogni palina pu\u00f2 visualizzare ciclicamente fino a 10 \u201cpagine\u201d diverse: 5 sono riservate ai tempi di attesa delle linee in transito calcolati automaticamente dal sistema, mentre le restanti 5 sono a disposizione per comunicazioni di vario genere (manifestazioni, deviazioni, allerta meteo, ecc.).<\/p>\n<p>Per ogni linea in transito sulla fermata il computer centrale calcola il tempo di arrivo del primo bus, tenendo conto della sua posizione attuale e delle condizioni del traffico nel tratto di strada interessato.<\/p>\n<p>Il tempo decresce man mano che il bus si avvicina e, quando quest\u2019ultimo raggiunge la fermata, la relativa previsione viene cancellata.<\/p>\n<p>Per permettere ai viaggiatori di organizzarsi al meglio, quando il primo bus \u00e8 a meno di 3 minuti dalla fermata, viene visualizzato anche il tempo di attesa del secondo bus della stessa linea.<\/p>\n<p>&nbsp;<\/p>\n ","protected":false},"excerpt":{"rendered":"Le cosiddette paline intelligenti sono dei pannelli elettronici, collegati via GPRS con il sistema centrale che informano i passeggeri alle fermate sui reali tempi di attesa dei bus. Le paline sono state collocate in 102 tra le fermate pi\u00f9 frequentate della rete, cercando nel contempo di raggiungere tutti i quartieri cittadini. Nella scelta delle localit\u00e0 bisogna tenere conto di vari&nbsp;<a href=\"https:\/\/www.amt.genova.it\/amt\/trasporto-multimodale\/linee-bus-urbane\/simon-sistema-di-monitoraggio-integrato\/paline-intelligenti\/\" class=\"read-more\">Continue Reading<\/a>","protected":false},"author":2,"featured_media":0,"parent":7740,"menu_order":0,"comment_status":"closed","ping_status":"closed","template":"page-fullwidth.php","meta":{"footnotes":""},"class_list":["post-7760","page","type-page","status-publish","hentry"],"_links":{"self":[{"href":"https:\/\/www.amt.genova.it\/amt\/wp-json\/wp\/v2\/pages\/7760","targetHints":{"allow":["GET"]}}],"collection":[{"href":"https:\/\/www.amt.genova.it\/amt\/wp-json\/wp\/v2\/pages"}],"about":[{"href":"https:\/\/www.amt.genova.it\/amt\/wp-json\/wp\/v2\/types\/page"}],"author":[{"embeddable":true,"href":"https:\/\/www.amt.genova.it\/amt\/wp-json\/wp\/v2\/users\/2"}],"replies":[{"embeddable":true,"href":"https:\/\/www.amt.genova.it\/amt\/wp-json\/wp\/v2\/comments?post=7760"}],"version-history":[{"count":3,"href":"https:\/\/www.amt.genova.it\/amt\/wp-json\/wp\/v2\/pages\/7760\/revisions"}],"predecessor-version":[{"id":8614,"href":"https:\/\/www.amt.genova.it\/amt\/wp-json\/wp\/v2\/pages\/7760\/revisions\/8614"}],"up":[{"embeddable":true,"href":"https:\/\/www.amt.genova.it\/amt\/wp-json\/wp\/v2\/pages\/7740"}],"wp:attachment":[{"href":"https:\/\/www.amt.genova.it\/amt\/wp-json\/wp\/v2\/media?parent=7760"}],"curies":[{"name":"wp","href":"https:\/\/api.w.org\/{rel}","templated":true}]}}