{"id":53228,"date":"2026-04-28T16:21:13","date_gmt":"2026-04-28T14:21:13","guid":{"rendered":"https:\/\/www.amt.genova.it\/amt\/?page_id=53228"},"modified":"2026-04-30T19:28:33","modified_gmt":"2026-04-30T17:28:33","slug":"linee-extraurbane-variazioni","status":"publish","type":"page","link":"https:\/\/www.amt.genova.it\/amt\/home\/adunata-alpini-8-9-e-10-maggio-2026\/linee-extraurbane-variazioni\/","title":{"rendered":"Linee extraurbane variazioni"},"content":{"rendered":"<pre>Pagina in allestimento<\/pre>\n<h2><strong>Linee extraurbane 702, 715, 725, 726, 727, 728, 774, 775 e 776<br \/>\n<\/strong><em>Temporanea variazione di capolinea dal 4 al 12 maggio<\/em><\/h2>\n<p>In occasione della 97esima Adunata degli Alpini, la zona di viale Caviglia sar\u00e0 interessata dall\u2019evento e il capolinea delle linee extraurbane 702, 715, 725, 726, 727, 728, 774, 775 e 776 verr\u00e0 temporaneamente spostato sulla piastra di Marassi (compresa tra via Angeli del Fango e via Spensley). Il provvedimento sar\u00e0 in vigore <strong>da luned\u00ec 4 a marted\u00ec 12 maggio<\/strong> (e comunque fino a cessate esigenze) e le linee sopra riportate saranno interessate dalle seguenti modifiche.<\/p>\n<ul>\n<li><strong>Linee 702 e 727: da luned\u00ec 4 a gioved\u00ec 7 maggio e da luned\u00ec 11 a marted\u00ec 12 maggio<\/strong><\/li>\n<\/ul>\n<p><strong>Direzione Rossiglione\/Bromia:<\/strong> i bus, in partenza dalla piastra di Marassi, transitano davanti alla stazione Brignole ed effettuano fermata in via Fiume (angolo via XX Settembre), giunti in via XX Settembre, proseguono per via V Dicembre, via Vernazza, via XII Ottobre, piazza Corvetto dove riprendono percorso regolare. <strong>Direzione Genova Brignole:<\/strong> i bus giunti in piazza Verdi (ultima fermata) proseguono ed effettuano capolinea provvisorio sulla piastra di Marassi.<\/p>\n<ul>\n<li><strong>Linea 702: venerd\u00ec 8 maggio<\/strong><\/li>\n<\/ul>\n<p><strong>Direzione Rossiglione:<\/strong> i bus, in partenza dalla piastra di Marassi, effettuano la fermata provvisoria di viale Duca d\u2019Aosta e proseguono verso Caricamento, via Delle Fontane, via Balbi, dove riprendono regolare percorso. <strong>Direzione Genova Brignole:<\/strong> i bus, giunti in piazza Verdi (ultima fermata) proseguono per il capolinea provvisorio della piastra di Marassi.<\/p>\n<ul>\n<li><strong>Linea 727: venerd\u00ec 8 e sabato 9 maggio <\/strong><\/li>\n<\/ul>\n<p><strong>Direzione Bromia:<\/strong> i bus, in partenza dalla Piastra, effettuano la fermata provvisorie di viale Duca d\u2019Aosta e proseguono verso Caricamento, via Delle Fontane, via Balbi, dove riprendono regolare percorso. <strong>Direzione Genova Brignole:<\/strong> i bus giunti in piazza Verdi (ultima fermata di discesa) proseguono ed effettuano capolinea provvisorio sulla piastra di Marassi.<\/p>\n<ul>\n<li><strong>Linea 727: domenica 10 maggio<\/strong><\/li>\n<\/ul>\n<p>Da inizio servizio, la linea 727 effettua arrivi e partenze dal capolinea provvisorio di piazza Principe-stazione FS.<\/p>\n<ul>\n<li><strong>Linee 715, 725, 726 e 728: da luned\u00ec 4 a marted\u00ec 12 maggio<\/strong><\/li>\n<\/ul>\n<p><strong>Direzione Centro: <\/strong>i bus percorrono via Canevari ed effettuano l\u2019ultima fermata Canevari 2\/piazza Firpo per poi attestarsi sul capolinea provvisorio della piastra di Marassi. <strong>Direzione monte:<\/strong> i bus, in partenza dalla piastra, percorrono via Canevari e proseguono per via Moresco dove effettuano le regolari fermate.<\/p>\n<ul>\n<li><strong>Linee 774, 775 e 776: da luned\u00ec 4 a marted\u00ec 12 maggio<\/strong><\/li>\n<\/ul>\n<p><strong>Direzione Levante:<\/strong> i bus, in partenza dalla piastra di Marassi, effettuano la fermata provvisoria di via Tommaso Invrea, dove riprendono regolare percorso. <strong>Direzione Genova Brignole:<\/strong> i bus, giunti in via Tolemaide, effettuano l\u2019ultima fermata, proseguono per via Canevari ed effettuano capolinea provvisorio sulla piastra di Marassi.<\/p>\n<p><strong>\u00a0<\/strong><\/p>\n<p>Il capolinea provvisorio della <strong>piastra di Marassi<\/strong> \u00e8 servito dalle <strong>linee urbane 13 e 14<\/strong> con le quali si pu\u00f2 interscambiare alla <strong>fermata Bobbio 5\/Stadio<\/strong> in direzione Brignole e alla <strong>fermata Bobbio 1\/scalinata Montaldo <\/strong>in direzione Prato.<\/p>\n<p>A seguito del temporaneo spostamento del capolinea delle linee extraurbane da viale Caviglia alla piastra di Marassi, i clienti in possesso di <strong>titoli di viaggio provinciali<\/strong> potranno utilizzare i servizi di linea urbane sulla <strong>tratta Marassi-Brignole da luned\u00ec 4 a marted\u00ec 12 maggio<\/strong>.<\/p>\n ","protected":false},"excerpt":{"rendered":"Pagina in allestimento Linee extraurbane 702, 715, 725, 726, 727, 728, 774, 775 e 776 Temporanea variazione di capolinea dal 4 al 12 maggio In occasione della 97esima Adunata degli Alpini, la zona di viale Caviglia sar\u00e0 interessata dall\u2019evento e il capolinea delle linee extraurbane 702, 715, 725, 726, 727, 728, 774, 775 e 776 verr\u00e0 temporaneamente spostato sulla piastra&nbsp;<a href=\"https:\/\/www.amt.genova.it\/amt\/home\/adunata-alpini-8-9-e-10-maggio-2026\/linee-extraurbane-variazioni\/\" class=\"read-more\">Continue Reading<\/a>","protected":false},"author":2,"featured_media":0,"parent":53114,"menu_order":0,"comment_status":"closed","ping_status":"closed","template":"page-fullwidth.php","meta":{"footnotes":""},"class_list":["post-53228","page","type-page","status-publish","hentry"],"_links":{"self":[{"href":"https:\/\/www.amt.genova.it\/amt\/wp-json\/wp\/v2\/pages\/53228","targetHints":{"allow":["GET"]}}],"collection":[{"href":"https:\/\/www.amt.genova.it\/amt\/wp-json\/wp\/v2\/pages"}],"about":[{"href":"https:\/\/www.amt.genova.it\/amt\/wp-json\/wp\/v2\/types\/page"}],"author":[{"embeddable":true,"href":"https:\/\/www.amt.genova.it\/amt\/wp-json\/wp\/v2\/users\/2"}],"replies":[{"embeddable":true,"href":"https:\/\/www.amt.genova.it\/amt\/wp-json\/wp\/v2\/comments?post=53228"}],"version-history":[{"count":8,"href":"https:\/\/www.amt.genova.it\/amt\/wp-json\/wp\/v2\/pages\/53228\/revisions"}],"predecessor-version":[{"id":53268,"href":"https:\/\/www.amt.genova.it\/amt\/wp-json\/wp\/v2\/pages\/53228\/revisions\/53268"}],"up":[{"embeddable":true,"href":"https:\/\/www.amt.genova.it\/amt\/wp-json\/wp\/v2\/pages\/53114"}],"wp:attachment":[{"href":"https:\/\/www.amt.genova.it\/amt\/wp-json\/wp\/v2\/media?parent=53228"}],"curies":[{"name":"wp","href":"https:\/\/api.w.org\/{rel}","templated":true}]}}