{"id":53198,"date":"2026-04-28T13:48:21","date_gmt":"2026-04-28T11:48:21","guid":{"rendered":"https:\/\/www.amt.genova.it\/amt\/?page_id=53198"},"modified":"2026-05-02T15:01:58","modified_gmt":"2026-05-02T13:01:58","slug":"tabella-linee-urbane-fase-1","status":"publish","type":"page","link":"https:\/\/www.amt.genova.it\/amt\/home\/adunata-alpini-8-9-e-10-maggio-2026\/tabella-linee-urbane-fase-1\/","title":{"rendered":"Tabella linee urbane fase 1"},"content":{"rendered":"<pre><\/pre>\n<h3>Elenco delle linee coinvolte nelle giornate di <strong data-start=\"75\" data-end=\"130\">venerd\u00ec 8 e sabato 9 maggio.<\/strong><\/h3>\n<style>\ntable { width: 1148px; background-color: #FFFFFF; color: #000000; border-color: #CCCCCC; border-collapse: collapse; }<br \/>th, td { width: 100px; }<br \/><\/style>\n<style>td:nth-child(1), th:nth-child(1) {    background-color: #f0f8ff;}<\/style>\n<style>td:nth-child(3), th:nth-child(3) {    background-color: #f0f8ff;}<\/style>\n<table border=\"1\" cellspacing=\"1\" cellpadding=\"0\">\n<thead>\n<tr>\n<th><span style=\"color: #ff9900;\">Linee diurne<\/span><\/th>\n<th><span style=\"color: #ff9900;\">Modifica al servizio<\/span><\/th>\n<th><span style=\"color: #ff9900;\">Capolinea<\/span><\/th>\n<\/tr>\n<\/thead>\n<tbody>\n<tr>\n<td><strong>14<\/strong> Prato - Verdi<\/td>\n<td>Modifica capolinea in piazza Verdi<\/td>\n<td>Viale Duca D'Aosta lato levante<\/td>\n<\/tr>\n<tr>\n<td><strong>15<\/strong> Nervi - Verdi<\/td>\n<td>Direzione piazza Verdi regolare\u00a0 fino a corso Buenos Aires dove prosegue per capolinea provvisorio<\/td>\n<td>Viale Duca D'Aosta lato ponente<\/td>\n<\/tr>\n<tr>\n<td><strong>16<\/strong> Quinto - Verdi<\/td>\n<td>Modifica capolinea in piazza Verdi, v. codice fermata<\/td>\n<td>Piazza Verdi (cod. fermata 0360)<\/td>\n<\/tr>\n<tr>\n<td><strong>17<\/strong> Nervi - Ceccardi<\/td>\n<td>Limitata alla tratta Nervi - Piazza Verdi<\/td>\n<td>Piazza Verdi (cod. fermata 0360)<\/td>\n<\/tr>\n<tr>\n<td><strong>18<\/strong> PS - Degola<\/p>\n<p><strong>18\/<\/strong> San Martino - Degola<\/td>\n<td>Direzione ponente deviate su circonvallazione a mare. D<span style=\"font-family: inherit;\">irezione levante r<\/span>egolare<\/td>\n<td>Capolinea ordinari<\/td>\n<\/tr>\n<tr>\n<td><span style=\"color: #000000;\"><b>20 <\/b><\/span>Rimassa - Veneto<\/td>\n<td>Direzione ponente deviata su circonvallazione a mare. D<span style=\"font-family: inherit;\">irezione levante deviata su piazza Corvetto, via Serra e piazza Verdi<\/span><\/td>\n<td>Capolinea ordinari<\/td>\n<\/tr>\n<tr>\n<td><strong>31<\/strong> Gaslini - Verdi<\/td>\n<td>Direzione piazza Verdi regolare\u00a0 fino a viale Brigate Bisagno dove prosegue per capolinea provvisorio<\/td>\n<td>Viale Duca D'Aosta lato ponente<\/td>\n<\/tr>\n<tr>\n<td><strong>34<\/strong> Resasco - Principe<\/td>\n<td>Direzione Principe regolare. Direzione Resasco deviata su piazza Portello e\u00a0 piazza Corvetto<\/td>\n<td>Capolinea ordinari<\/td>\n<\/tr>\n<tr>\n<td><strong>35 <\/strong>Vannucci - S.F. da Paola<\/p>\n<p><strong>35\/<\/strong> Vannucci - Vesuvio<\/td>\n<td>Direzione ponente deviate su corso Podest\u00e0 e piazza Corvetto. Direzione Vannucci deviate su piazza Corvetto e corso Podest\u00e0<\/td>\n<td>Capolinea ordinari<\/td>\n<\/tr>\n<tr>\n<td><strong>36<\/strong> Merani - Fanti d'Italia<\/td>\n<td>Direzione via Fanti d'Italia deviata su corso Buenos Aires, corso Montegrappa, piazza Manin. Direzione via Merani deviata su piazza Corvetto, via Serra e piazza Verdi<\/td>\n<td>Capolinea ordinari<\/td>\n<\/tr>\n<tr>\n<td><strong>37 <\/strong>Platani - Dante<\/td>\n<td>Limitata alla tratta via dei Platani - piazza Verdi - via De Amicis<\/td>\n<td>Via De Amicis (cod. fermata 0438)<\/td>\n<\/tr>\n<tr>\n<td><strong>39<\/strong> Verdi - Vesuvio<\/p>\n<p><strong>40<\/strong> Verdi - Costanzi<\/td>\n<td>Direzione Vesuvio\/Costanzi deviate su corso Montegrappa, piazza Manin, via Assarotti e piazza Corvetto. Direzione piazza Verdi regolare<\/td>\n<td>Capolinea ordinari<\/td>\n<\/tr>\n<tr>\n<td><strong>42<\/strong> Isonzo - Dante<\/td>\n<td>Limitata alla tratta via Isonzo - via Diaz<\/td>\n<td>Via Diaz (cod. fermata 0133)<\/td>\n<\/tr>\n<tr>\n<td><strong>43<\/strong> Verdi - San Martino (circolare)<\/td>\n<td>Modifica capolinea in piazza Verdi, v. codice fermata<\/td>\n<td>Piazza Verdi (cod. fermata 0360)<\/td>\n<\/tr>\n<tr>\n<td><strong>44<\/strong> Borgoratti - Dante<\/td>\n<td>Limitata alla tratta Borgoratti - viale Duca D'Aosta<\/td>\n<td>Viale Duca D'Aosta lato ponente<\/td>\n<\/tr>\n<tr>\n<td><strong>45<\/strong> Gaslini - Revel<\/td>\n<td>Non raggiunge Revel, modifica capolinea<\/td>\n<td>Via Tommaso Invrea (cod. 0507)<\/td>\n<\/tr>\n<tr>\n<td><strong>46<\/strong> Donghi - Dante (circolare)<\/td>\n<td>Limitata alla tratta circolare via Donghi - Piazza delle Americhe<\/td>\n<td>Capolinea circolare\u00a0 ordinario in via Donghi<\/td>\n<\/tr>\n<tr>\n<td><span style=\"color: #000000;\"><b>47 <\/b><\/span>Pinetti - Verdi (circolare)<\/td>\n<td>Limitata alla tratta circolare via Pinetti - viale Duca D'Aosta<\/td>\n<td>Capolinea circolare ordinario in via Pinetti<\/td>\n<\/tr>\n<tr>\n<td><strong>49<\/strong> Ginestre - Verdi<\/td>\n<td>Modifica del capolinea da piazza Verdi a via De Amicis<\/td>\n<td>Via De Amicis (cod. fermata 0438)<\/td>\n<\/tr>\n<tr>\n<td><strong>82<\/strong> Quezzi - Revel<\/td>\n<td>Modifica capolinea da viale Revel a viale Duca D'Aosta<\/td>\n<td>Viale Duca D'Aosta lato levante<\/td>\n<\/tr>\n<tr>\n<td><strong>84<\/strong> Amarena - Verdi<\/td>\n<td>Modifica capolinea da piazza Verdi a via Tommaso Invrea<\/td>\n<td>Via Tommaso Invrea (cod. 0507)<\/td>\n<\/tr>\n<tr>\n<td><strong>85<\/strong> Bavari - Verdi<\/td>\n<td>Modifica capolinea da piazza Verdi a viale Duca D'Aosta<\/td>\n<td>Viale Duca D'Aosta lato ponente<\/td>\n<\/tr>\n<tr>\n<td><strong>86<\/strong> San Desiderio - Revel<\/td>\n<td>Modifica capolinea da viale Revel a viale Duca D'Aosta<\/td>\n<td>Viale Duca D'Aosta lato ponente<\/td>\n<\/tr>\n<tr>\n<td><strong>87<\/strong> Apparizione - Revel<\/td>\n<td>Modifica capolinea da viale Revel a viale Duca D'Aosta<\/td>\n<td>Viale Duca D'Aosta lato ponente<\/td>\n<\/tr>\n<tr>\n<td><strong>356<\/strong> Via Fea - Revel<\/td>\n<td>Modifica capolinea da viale Revel a piazza Verdi<\/td>\n<td>Piazza Verdi (cod. fermata 0416)<\/td>\n<\/tr>\n<tr>\n<td><strong>480<\/strong> Sant'Eusebio - Revel<\/td>\n<td>Modifica capolinea da viale Revel a piazza Verdi<\/td>\n<td>Piazza Verdi (cod. fermata 0416)<\/td>\n<\/tr>\n<tr>\n<td><strong>482<\/strong> Sant'Eusebio - Revel<\/td>\n<td>Modifica capolinea da viale Revel a piazza Verdi<\/td>\n<td>Piazza Verdi (cod. fermata 0416)<\/td>\n<\/tr>\n<tr>\n<td><strong>Volabus<\/strong> Verdi - Aeroporto<\/td>\n<td>Direzione aeroporto deviata su circonvallazione a mare. Direzione Brignole deviata su piazza Corvetto, via Serra e piazza Verdi<\/td>\n<td>Capolinea ordinari<\/td>\n<\/tr>\n<\/tbody>\n<\/table>\n<p>&nbsp;<\/p>\n<style>\ntable { width: 1148px; background-color: #FFFFFF; color: #000000; border-color: #CCCCCC; border-collapse: collapse; }<br \/>th, td { width: 100px; }<br \/><\/style>\n<table border=\"1\" cellspacing=\"1\" cellpadding=\"0\">\n<thead>\n<tr>\n<th><strong><span style=\"color: #0000ff;\">Linee notturne<\/span><\/strong><\/th>\n<th><span style=\"color: #0000ff;\">Modifica al servizio<\/span><\/th>\n<th><span style=\"color: #0000ff;\">Capolinea<\/span><\/th>\n<\/tr>\n<\/thead>\n<tbody>\n<tr>\n<td><strong>603<\/strong> Verdi - Quezzi<\/td>\n<td>Modifica capolinea in piazza Verdi<\/td>\n<td>Piazza Verdi<\/td>\n<\/tr>\n<tr>\n<td><strong>604<\/strong> Verdi - Camaldoli<\/td>\n<td>Modifica capolinea in piazza Verdi<\/td>\n<td>Piazza Verdi<\/td>\n<\/tr>\n<tr>\n<td><strong>606<\/strong> Principe - De Gasperi<\/td>\n<td>Direzione Principe deviata su corso Buenos Aires, corso Montegrappa e piazza Manin. Direzione via De Gasperi deviata su piazza Corvetto, via Serra e piazza Verdi<\/td>\n<td>Capolinea ordinari<\/td>\n<\/tr>\n<tr>\n<td><span style=\"color: #000000;\"><b>607 <\/b><\/span>Verdi - Nervi<\/td>\n<td>Limitata alla tratta Nervi - piazza Verdi, non raggiunge De Ferrari<\/td>\n<td>Piazza Verdi (cod. fermata 0416)<\/td>\n<\/tr>\n<tr>\n<td><strong>617<\/strong> Verdi - Nervi<\/td>\n<td>Limitata alla tratta Nervi - piazza Verdi, non raggiunge De Ferrari<\/td>\n<td>Piazza Verdi (cod. fermata 0360)<\/td>\n<\/tr>\n<tr>\n<td><strong>618<\/strong> San Martino P.S. - Degola<\/td>\n<td>Direzione ponente deviate su circonvallazione a mare. Direzione levante deviata su piazza Corvetto, via Serra e piazza Verdi<\/td>\n<td>Capolinea ordinari<\/td>\n<\/tr>\n<tr>\n<td><span style=\"color: #000000;\"><b>634 <\/b>R<\/span>esasco - Principe<\/td>\n<td>Direzione Principe regolare. Direzione Resasco deviata su piazza Portello e piazza Corvetto<\/td>\n<td>Capolinea ordinari<\/td>\n<\/tr>\n<tr>\n<td><strong>635<\/strong> Caricamento - Vannucci<\/td>\n<td>Direzione ponente deviate su corso Podest\u00e0 e piazza Corvetto. Direzione levante deviate su piazza Corvetto e corso Podest\u00e0<\/td>\n<td>Capolinea ordinari<\/td>\n<\/tr>\n<tr>\n<td><strong>640<\/strong> Verdi - Costanzi<\/td>\n<td>Direzione monte deviate su corso Montegrappa, piazza Manin, via Assarotti e piazza Corvetto. Direzione Verdi regolare<\/td>\n<td>Capolinea ordinari<\/td>\n<\/tr>\n<tr>\n<td><strong>641 <\/strong>Principe - Gaslini<\/td>\n<td>Direzione ponente deviate su circonvallazione a mare. Direzione levante deviata su piazza Corvetto, via Serra e piazza Verdi<\/td>\n<td>Capolinea ordinari<\/td>\n<\/tr>\n<tr>\n<td><strong>649<\/strong> Verdi - Ginestre<\/td>\n<td>Modifica capolinea in piazza Verdi, v. codice fermata<\/td>\n<td>Piazza Verdi (cod. fermata 0439)<\/td>\n<\/tr>\n<tr>\n<td><strong>656 <\/strong>Verdi - Via Fea<\/td>\n<td>Modifica capolinea in piazza Verdi, v. codice fermata<\/td>\n<td>Piazza Verdi (cod. fermata 0416)<\/td>\n<\/tr>\n<tr>\n<td><strong>680 <\/strong>Verdi - Sant'Eusebio<\/td>\n<td>Modifica capolinea in piazza Verdi, v. codice fermata<\/td>\n<td>Piazza Verdi (cod. fermata 0416)<\/td>\n<\/tr>\n<tr>\n<td><strong>683 <\/strong>Verdi - Robino<\/td>\n<td>Modifica capolinea in piazza Verdi, v. codice fermata<\/td>\n<td>Piazza Verdi (cod. fermata 0439)<\/td>\n<\/tr>\n<tr>\n<td><strong>685 <\/strong>Verdi - Bavari<\/td>\n<td>Modifica capolinea in piazza Verdi, v. codice fermata<\/td>\n<td>Piazza Verdi (cod. fermata 0360)<\/td>\n<\/tr>\n<tr>\n<td><strong>686 <\/strong>Verdi - San Desiderio<\/td>\n<td>Modifica capolinea in piazza Verdi, v. codice fermata<\/td>\n<td>Piazza Verdi (cod. fermata 0360)<\/td>\n<\/tr>\n<tr>\n<td><strong>687 <\/strong>Verdi - Apparizione<\/td>\n<td>Modifica capolinea in piazza Verdi, v. codice fermata<\/td>\n<td>Piazza Verdi (cod. fermata 0360)<\/td>\n<\/tr>\n<tr>\n<td><strong>N1 <\/strong>Prato - Ponte Decimo<br \/>\nFase 1 in vigore nelle notti tra gioved\u00ec e venerd\u00ec e tra venerd\u00ec e sabato<\/td>\n<td>Direzione ponente deviate su circonvallazione a mare. Direzione levante deviata su piazza Corvetto, via Serra e piazza Verdi.<\/td>\n<td>Capolinea ordinari<\/td>\n<\/tr>\n<tr>\n<td><strong>N2 <\/strong>Nervi - Voltri<br \/>\nFase 1 in vigore nelle notti tra gioved\u00ec e venerd\u00ec e tra venerd\u00ec e sabato<\/td>\n<td>Direzione ponente deviate su circonvallazione a mare. Direzione levante deviata su piazza Corvetto, via Serra e piazza Verdi.<\/td>\n<td>Capolinea ordinari<\/td>\n<\/tr>\n<\/tbody>\n<\/table>\n ","protected":false},"excerpt":{"rendered":"Elenco delle linee coinvolte nelle giornate di venerd\u00ec 8 e sabato 9 maggio. Linee diurne Modifica al servizio Capolinea 14 Prato - Verdi Modifica capolinea in piazza Verdi Viale Duca D'Aosta lato levante 15 Nervi - Verdi Direzione piazza Verdi regolare\u00a0 fino a corso Buenos Aires dove prosegue per capolinea provvisorio Viale Duca D'Aosta lato ponente 16 Quinto - Verdi&nbsp;<a href=\"https:\/\/www.amt.genova.it\/amt\/home\/adunata-alpini-8-9-e-10-maggio-2026\/tabella-linee-urbane-fase-1\/\" class=\"read-more\">Continue Reading<\/a>","protected":false},"author":2,"featured_media":0,"parent":53114,"menu_order":0,"comment_status":"closed","ping_status":"closed","template":"page-fullwidth.php","meta":{"footnotes":""},"class_list":["post-53198","page","type-page","status-publish","hentry"],"_links":{"self":[{"href":"https:\/\/www.amt.genova.it\/amt\/wp-json\/wp\/v2\/pages\/53198","targetHints":{"allow":["GET"]}}],"collection":[{"href":"https:\/\/www.amt.genova.it\/amt\/wp-json\/wp\/v2\/pages"}],"about":[{"href":"https:\/\/www.amt.genova.it\/amt\/wp-json\/wp\/v2\/types\/page"}],"author":[{"embeddable":true,"href":"https:\/\/www.amt.genova.it\/amt\/wp-json\/wp\/v2\/users\/2"}],"replies":[{"embeddable":true,"href":"https:\/\/www.amt.genova.it\/amt\/wp-json\/wp\/v2\/comments?post=53198"}],"version-history":[{"count":14,"href":"https:\/\/www.amt.genova.it\/amt\/wp-json\/wp\/v2\/pages\/53198\/revisions"}],"predecessor-version":[{"id":53280,"href":"https:\/\/www.amt.genova.it\/amt\/wp-json\/wp\/v2\/pages\/53198\/revisions\/53280"}],"up":[{"embeddable":true,"href":"https:\/\/www.amt.genova.it\/amt\/wp-json\/wp\/v2\/pages\/53114"}],"wp:attachment":[{"href":"https:\/\/www.amt.genova.it\/amt\/wp-json\/wp\/v2\/media?parent=53198"}],"curies":[{"name":"wp","href":"https:\/\/api.w.org\/{rel}","templated":true}]}}