{"id":51192,"date":"2025-11-06T14:42:13","date_gmt":"2025-11-06T13:42:13","guid":{"rendered":"https:\/\/www.amt.genova.it\/amt\/?page_id=51192"},"modified":"2025-12-17T14:31:13","modified_gmt":"2025-12-17T13:31:13","slug":"biglietto-ascensori-e-funicolare-santanna","status":"publish","type":"page","link":"https:\/\/www.amt.genova.it\/amt\/biglietti-e-abbonamenti-2\/biglietti-e-carnet\/biglietto-ascensori-e-funicolare-santanna\/","title":{"rendered":"Biglietto ascensori e funicolare Sant&#8217;Anna"},"content":{"rendered":"<p><img loading=\"lazy\" decoding=\"async\" class=\"wp-image-51193 size-full alignleft\" style=\"font-size: 16px;\" src=\"https:\/\/www.amt.genova.it\/amt\/wp-content\/uploads\/2025\/11\/1-corsa.jpg\" alt=\"\" width=\"257\" height=\"121\" \/>Il\u00a0\u00a0<strong>biglietto ascensori e Funicolare Sant'Anna (\u20ac 1,20)<\/strong> \u00e8 valido per una corsa su uno degli <a href=\"https:\/\/www.amt.genova.it\/amt\/trasporto-multimodale\/ascensori\/\">ascensori<\/a> della rete AMT o sulla <a href=\"https:\/\/www.amt.genova.it\/amt\/trasporto-multimodale\/funicolari\/\">Funicolare Sant'Anna<\/a>.<br \/>\nIl biglietto deve essere timbrato sui mezzi AMT all'inizio del viaggio e deve essere conservato fin dopo la discesa dal mezzo. Il titolo di viaggio non \u00e8 cedibile e non \u00e8 rimborsabile.<\/p>\n<p>\u00c8 disponibile anche il <a href=\"https:\/\/www.amt.genova.it\/amt\/biglietti-e-abbonamenti-2\/biglietti-e-carnet\/biglietto-4-corse\/\">carnet (\u20ac 4,00)<\/a>, valido per <strong>4 corse su ascensori, funicolare Sant'Anna, linee bus con capolinea periferico, servizi integrativi\u00a0<\/strong>(non \u00e8 valido per il servizio integrativo I24 Marina Aeroporto - Sestri - Marina Aeroporto), <strong>Taxibus<\/strong>.<\/p>\n<div class=\"content_box  \">\n<h2>Dove comprare questo titolo di viaggio<\/h2>\n<ul>\n<li>App AMT<\/li>\n<li>Emettitrici automatiche<\/li>\n<\/ul>\n<div class=\"clear\"><\/div><\/div><!-- .content_box (end) -->\n ","protected":false},"excerpt":{"rendered":"Il\u00a0\u00a0biglietto ascensori e Funicolare Sant'Anna (\u20ac 1,20) \u00e8 valido per una corsa su uno degli ascensori della rete AMT o sulla Funicolare Sant'Anna. Il biglietto deve essere timbrato sui mezzi AMT all'inizio del viaggio e deve essere conservato fin dopo la discesa dal mezzo. Il titolo di viaggio non \u00e8 cedibile e non \u00e8 rimborsabile. \u00c8 disponibile anche il carnet&nbsp;<a href=\"https:\/\/www.amt.genova.it\/amt\/biglietti-e-abbonamenti-2\/biglietti-e-carnet\/biglietto-ascensori-e-funicolare-santanna\/\" class=\"read-more\">Continue Reading<\/a>","protected":false},"author":2,"featured_media":0,"parent":42644,"menu_order":0,"comment_status":"closed","ping_status":"closed","template":"page-fullwidth.php","meta":{"footnotes":""},"class_list":["post-51192","page","type-page","status-publish","hentry"],"_links":{"self":[{"href":"https:\/\/www.amt.genova.it\/amt\/wp-json\/wp\/v2\/pages\/51192","targetHints":{"allow":["GET"]}}],"collection":[{"href":"https:\/\/www.amt.genova.it\/amt\/wp-json\/wp\/v2\/pages"}],"about":[{"href":"https:\/\/www.amt.genova.it\/amt\/wp-json\/wp\/v2\/types\/page"}],"author":[{"embeddable":true,"href":"https:\/\/www.amt.genova.it\/amt\/wp-json\/wp\/v2\/users\/2"}],"replies":[{"embeddable":true,"href":"https:\/\/www.amt.genova.it\/amt\/wp-json\/wp\/v2\/comments?post=51192"}],"version-history":[{"count":7,"href":"https:\/\/www.amt.genova.it\/amt\/wp-json\/wp\/v2\/pages\/51192\/revisions"}],"predecessor-version":[{"id":51894,"href":"https:\/\/www.amt.genova.it\/amt\/wp-json\/wp\/v2\/pages\/51192\/revisions\/51894"}],"up":[{"embeddable":true,"href":"https:\/\/www.amt.genova.it\/amt\/wp-json\/wp\/v2\/pages\/42644"}],"wp:attachment":[{"href":"https:\/\/www.amt.genova.it\/amt\/wp-json\/wp\/v2\/media?parent=51192"}],"curies":[{"name":"wp","href":"https:\/\/api.w.org\/{rel}","templated":true}]}}