{"id":50791,"date":"2025-10-23T16:40:24","date_gmt":"2025-10-23T14:40:24","guid":{"rendered":"https:\/\/www.amt.genova.it\/amt\/?page_id=50791"},"modified":"2025-11-28T11:26:22","modified_gmt":"2025-11-28T10:26:22","slug":"annuale-integrato-urbano-extraurbano","status":"publish","type":"page","link":"https:\/\/www.amt.genova.it\/amt\/biglietti-e-abbonamenti-2\/annuale-integrato-urbano-extraurbano\/","title":{"rendered":"Annuale Integrato Urbano + Extraurbano"},"content":{"rendered":"<h2 data-start=\"282\" data-end=\"308\"><strong>Annuale Integrato Urbano + Extraurbano da \u20ac 395\u00a0<\/strong><\/h2>\n<div class=\"service-box \"><div class=\"service-box_body\"><h2 class=\"title\"><strong>A chi \u00e8 rivolto<\/strong><\/h2><div class=\"service-box_txt\"><\/p>\n<p>A tutti e consente di viaggiare su <strong>tutta la rete AMT di Citt\u00e0 Metropolitana<\/strong>, che comprende:<\/p>\n<ul>\n<li>autobus urbani ed extraurbani<\/li>\n<li>metropolitana, funicolari, ascensori e ferrovia a cremagliera<\/li>\n<li>servizi Navebus e Volabus<\/li>\n<li>linea 782 Santa Margherita Ligure \u2013 Portofino<\/li>\n<li>ferrovia Genova\u2013Casella<\/li>\n<li>rete urbana Trenitalia tra le stazioni di Nervi\u2013Voltri\u2013Vesima e Pontedecimo\u2013Acquasanta (non sono ammesse congiunzioni con altri biglietti e\/o abbonamenti Trenitalia)<\/li>\n<\/ul>\n<p><strong>Il costo dell\u2019abbonamento \u00e8 di \u20ac395<\/strong><\/p>\n<p><\/div><\/div><\/div><!-- \/Service Box -->\n<div class=\"row \">\n<div class=\"span6 \"><div class=\"banner-wrap home-banner reteorari\"><h5><strong>Nuovi abbonati<\/strong><\/p>\n<h3>Se richiedi un abbonamento AMT per la prima volta, hai a disposizione i seguenti canali di vendita:<\/h5><p><\/h3>\n<ul>\n<li><strong>Sito AMT<\/strong> cliccando sul bottone <strong>Nuovo CityPass<\/strong> in fondo a questa pagina e segui le istruzioni. Riceverai l\u2019abbonamento <strong>dematerializzato <\/strong>direttamente su App AMT, disponibile su smartphone o tablet. In alternativa, consulta le informazioni sulla tessera fisica, riportate a seguire.<\/li>\n<li>In <strong>biglietteria AMT<\/strong><\/p><\/div><!-- .banner-wrap (end) --><\/li>\n<\/ul>\n<p class=\"Annuale Integrato Urbano + Extraurbano\"><\/div>\n<p class=\"Annuale Integrato Urbano + Extraurbano\"><div class=\"span6 \"><div class=\"banner-wrap home-banner reteorari\"><h5><strong>Rinnovo<\/strong><\/p>\n<h3>Se sei gi\u00e0 titolare di una card CityPass AMT, il rinnovo \u00e8 molto pi\u00f9 veloce tramite:<\/h5><p><\/h3>\n<ul>\n<li><strong>Sito AMT<\/strong> cliccando sul bottone <strong>Rinnova <\/strong>in fondo a questa pagina e segui le istruzioni<\/li>\n<li><strong>APP AMT <\/strong>(se hai un CityPass dematerializzato)<\/li>\n<\/ul>\n<p>Se lo desideri, puoi inoltre recarti in una biglietteria AMT <\/p>\n<h6>Si ricorda che l'abbonamento pu\u00f2 essere richiesto 30 giorni antecedenti alla scadenza.<\/h6>\n<p><\/p><\/div><!-- .banner-wrap (end) -->\n<p class=\"Annuale Integrato Urbano + Extraurbano\"><\/div>\n<p class=\"Annuale Integrato Urbano + Extraurbano\"><\/div><!-- .row (end) -->\n<div class=\"alert alert-info fade in \"><\/div>\n<h2><span style=\"color: #ff9900;\"><strong>Appuntamento in biglietteria<\/strong><\/span><\/h2>\n<p>La prenotazione degli appuntamenti riguarda solo le <strong>biglietterie urbane<\/strong> e pu\u00f2 essere effettuata tramite il <a href=\"https:\/\/www.amt.genova.it\/amt\/filavia\/\">sito<\/a> e App AMT (accedendo alla sezione \"Biglietterie\" nel men\u00f9 in alto a sinistra).<br \/>\nChi ha difficolt\u00e0 a prendere l\u2019appuntamento pu\u00f2 recarsi nei <a href=\"https:\/\/www.regione.liguria.it\/homepage-welfare\/cosa-cerchi\/infanzia,-giovani-e-famiglia\/puntodigitalefacile.html\">punti digitali facili<\/a> e\/o agli <a href=\"https:\/\/www.regione.liguria.it\/homepage-diritti-pari-opportunita\/cosa-cerchi\/tutela-del-consumatore\/evidenza-tutela-consumatore.html\">sportelli dei consumatori<\/a>.<\/p>\n<hr \/>\n<h2><span style=\"color: #ff9900;\"><strong>Tessera fisica e abbonamento dematerializzato<\/strong><\/span><\/h2>\n<p>Se richiedi l\u2019abbonamento online per la prima volta e <strong data-start=\"1530\" data-end=\"1554\">non hai una CityPass<\/strong>, riceverai l\u2019abbonamento\u00a0<strong data-start=\"1580\" data-end=\"1600\">dematerializzato<\/strong>\u00a0direttamente su\u00a0<strong data-start=\"1617\" data-end=\"1628\">App AMT<\/strong>, disponibile su smartphone o tablet.<\/p>\n<p>Se possiedi un <strong>CityPass dematerializzato<\/strong> ma desideri una <strong>card fisica<\/strong>,<a href=\"https:\/\/www.amt.genova.it\/amt\/richiesta-duplicazione-citypass\/\"> clicca qui<\/a> per richiederla.<\/p>\n<p>Ti verr\u00e0 inviata a casa (o all\u2019indirizzo da te indicato).<br \/>\n<strong>Costi:<\/strong> 10 \u20ac per diritti di segreteria + 3 \u20ac per spese postali.<\/p>\n<p><a href=\"https:\/\/www.amt.genova.it\/amt\/wp-content\/uploads\/2023\/01\/Dematerializzazione-CityPass.mp4\">Scopri come dematerializzare il CityPass sul tuo dispositivo<\/a><\/p>\n<div class=\"alert alert-warning\"><strong>Attenzione!<\/strong> Se registri l\u2019abbonamento sulla <strong>APP AMT<\/strong>, non potrai usare la card fisica finch\u00e9 l\u2019abbonamento \u00e8 attivo sul telefono.<br \/>\nPer riattivare la tessera fisica, dovrai prima <strong>disinstallare l\u2019abbonamento dematerializzato<\/strong> dalla APP.<br \/>\nNon \u00e8 consentito l\u2019uso contemporaneo di entrambe le modalit\u00e0.<\/div>\n<div>\n<hr \/>\n<\/div>\n<div>\n<h2 data-start=\"1084\" data-end=\"1118\"><span style=\"color: #ff9900;\"><strong>In caso di smarrimento o furto<\/strong><\/span><\/h2>\n<ul>\n<li data-start=\"1121\" data-end=\"1341\">Per lo <strong data-start=\"1128\" data-end=\"1143\">smarrimento<\/strong> o il <strong data-start=\"1149\" data-end=\"1189\">ritiro da parte dei verificatori AMT<\/strong>, \u00e8 possibile richiedere un <strong data-start=\"1217\" data-end=\"1230\">duplicato<\/strong> presso le biglietterie, presentando un documento d\u2019identit\u00e0.<br data-start=\"1291\" data-end=\"1294\" \/>Costo: <strong data-start=\"1305\" data-end=\"1312\">\u20ac10<\/strong> per diritti di segreteria.<\/li>\n<li data-start=\"1344\" data-end=\"1436\">In caso di <strong data-start=\"1355\" data-end=\"1364\">furto<\/strong>, \u00e8 necessario anche presentare la <strong data-start=\"1399\" data-end=\"1435\">denuncia all\u2019Autorit\u00e0 di Polizia<\/strong>.<\/li>\n<\/ul>\n<div class=\"alert alert-info fade in \"><\/div>\n<p>Per maggiori informazioni, consulta \u00a0le <a href=\"https:\/\/www.amt.genova.it\/amt\/faq\/faq-nuove-tariffe-amt-in-vigore-dal-17-novembre\/\">domande frequenti<\/a> oppure contatta il <a href=\"https:\/\/www.amt.genova.it\/amt\/clienti\/contattaci\/\">Servizio Clienti AMT\u00a0<\/a><\/p>\n<\/div>\n ","protected":false},"excerpt":{"rendered":"Annuale Integrato Urbano + Extraurbano da \u20ac 395\u00a0 Appuntamento in biglietteria La prenotazione degli appuntamenti riguarda solo le biglietterie urbane e pu\u00f2 essere effettuata tramite il sito e App AMT (accedendo alla sezione \"Biglietterie\" nel men\u00f9 in alto a sinistra). Chi ha difficolt\u00e0 a prendere l\u2019appuntamento pu\u00f2 recarsi nei punti digitali facili e\/o agli sportelli dei consumatori. Tessera fisica e&nbsp;<a href=\"https:\/\/www.amt.genova.it\/amt\/biglietti-e-abbonamenti-2\/annuale-integrato-urbano-extraurbano\/\" class=\"read-more\">Continue Reading<\/a>","protected":false},"author":2,"featured_media":0,"parent":42636,"menu_order":0,"comment_status":"closed","ping_status":"closed","template":"seleziona-abbonamento-integrato-urbano-extraurbano.php","meta":{"footnotes":""},"class_list":["post-50791","page","type-page","status-publish","hentry"],"_links":{"self":[{"href":"https:\/\/www.amt.genova.it\/amt\/wp-json\/wp\/v2\/pages\/50791","targetHints":{"allow":["GET"]}}],"collection":[{"href":"https:\/\/www.amt.genova.it\/amt\/wp-json\/wp\/v2\/pages"}],"about":[{"href":"https:\/\/www.amt.genova.it\/amt\/wp-json\/wp\/v2\/types\/page"}],"author":[{"embeddable":true,"href":"https:\/\/www.amt.genova.it\/amt\/wp-json\/wp\/v2\/users\/2"}],"replies":[{"embeddable":true,"href":"https:\/\/www.amt.genova.it\/amt\/wp-json\/wp\/v2\/comments?post=50791"}],"version-history":[{"count":21,"href":"https:\/\/www.amt.genova.it\/amt\/wp-json\/wp\/v2\/pages\/50791\/revisions"}],"predecessor-version":[{"id":51695,"href":"https:\/\/www.amt.genova.it\/amt\/wp-json\/wp\/v2\/pages\/50791\/revisions\/51695"}],"up":[{"embeddable":true,"href":"https:\/\/www.amt.genova.it\/amt\/wp-json\/wp\/v2\/pages\/42636"}],"wp:attachment":[{"href":"https:\/\/www.amt.genova.it\/amt\/wp-json\/wp\/v2\/media?parent=50791"}],"curies":[{"name":"wp","href":"https:\/\/api.w.org\/{rel}","templated":true}]}}