{"id":4926,"date":"2016-03-29T15:43:39","date_gmt":"2016-03-29T13:43:39","guid":{"rendered":"\/amt\/?page_id=4926"},"modified":"2025-02-28T15:46:07","modified_gmt":"2025-02-28T14:46:07","slug":"app-amt","status":"publish","type":"page","link":"https:\/\/www.amt.genova.it\/amt\/trasporto-multimodale\/app-amt\/","title":{"rendered":"App AMT"},"content":{"rendered":"<div class=\"xdj266r x11i5rnm xat24cr x1mh8g0r x1vvkbs x126k92a\">\n<div dir=\"auto\"><\/div>\n<\/div>\n<div class=\"x11i5rnm xat24cr x1mh8g0r x1vvkbs xtlvy1s x126k92a\">\n<div dir=\"auto\"><strong style=\"font-size: 16px;\">La nuova APP AMT per muoversi facilmente a Genova<\/strong><\/div>\n<\/div>\n<p><span style=\"color: #ff0000;\"><strong><img loading=\"lazy\" decoding=\"async\" class=\"wp-image-27867 size-medium alignleft\" src=\"\/amt\/wp-content\/uploads\/2021\/06\/APP2021-1-300x231.jpg\" alt=\"\" width=\"300\" height=\"231\" srcset=\"https:\/\/www.amt.genova.it\/amt\/wp-content\/uploads\/2021\/06\/APP2021-1-300x231.jpg 300w, https:\/\/www.amt.genova.it\/amt\/wp-content\/uploads\/2021\/06\/APP2021-1-768x591.jpg 768w, https:\/\/www.amt.genova.it\/amt\/wp-content\/uploads\/2021\/06\/APP2021-1.jpg 921w\" sizes=\"auto, (max-width: 300px) 100vw, 300px\" \/><\/strong><\/span><\/p>\n<p>Introdurre nuovi modelli di fruizione del servizio, facilitare l\u2019accesso alle informazioni, smaterializzare i titoli di viaggio, sfruttare la tecnologia a servizio di un miglior trasporto pubblico: sono queste le caratteristiche che contraddistinguono la <strong>APP di AMT<\/strong>, pensata per costruire una relazione forte e personalizzata con chi viaggia con il trasporto pubblico nell\u2019ambito dell\u2019integrazione dei due ambiti geografici, urbano ed extraurbano.<\/p>\n<p>La schermata di avvio si apre direttamente su una serie di ricerche facilitate:\u00a0<em><strong>cerca linee e fermate<\/strong><\/em>,\u00a0<em><strong>orari<\/strong><\/em>,\u00a0<em><strong>percorsi<\/strong><\/em>,\u00a0<em><strong>biglietti<\/strong><\/em>\u00a0e\u00a0<em><strong>preferiti. <\/strong><\/em>Anche le\u00a0<em><strong>news\u00a0<\/strong><\/em>trovano spazio in apertura, fornendo al cliente non solo informazioni sul servizio programmato, ma anche aggiornamenti in tempo reale sulle variazioni in corso. E infine, grazie alla tecnologia e allo sviluppo di forme di comunicazione innovative, sempre pi\u00f9 orientate alla completezza e alla semplificazione, troviamo le\u00a0<strong>notifiche sui servizi<\/strong>.<\/p>\n<p>Utilizzando le potenzialit\u00e0 offerte dal sistema di gestione eventi collegato direttamente al Centro operativo di AMT, il cliente pu\u00f2 scegliere nelle impostazioni della APP di essere avvisato su variazioni al servizio programmato con una serie di notifiche tematiche. <strong>Il sistema<\/strong>, attivo con l\u2019aggiornamento della APP, <strong>permette al cliente di ricevere informazioni <\/strong>su: metropolitana, Navebus, Ferrovia Genova Casella, impianti verticali (ascensori e funicolari) e le linee bus collinari dell\u2019area urbana genovese.<\/p>\n<p>In questo modo, per esempio, il cliente che utilizza soprattutto la metropolitana per spostarsi in citt\u00e0, scegliendo di attivare le notifiche relative a questa modalit\u00e0 di trasporto sar\u00e0 avvisato in tempo reale su variazioni o criticit\u00e0 della rete cos\u00ec da poter valutare, in pochissimo tempo, eventuali soluzioni alternative per il proprio viaggio.<br \/>\nAttivando invece la voce \u201cnotifiche generiche\u201d, i passeggeri riceveranno notizie utili sul servizio in generale, comprese novit\u00e0, iniziative e progetti.<\/p>\n<p>Altro aspetto innovativo \u00e8 la\u00a0<strong>virtualizzazione dell\u2019abbonamento<\/strong>: la CityPass si pu\u00f2 caricare direttamente sulla APP, in modo da averla sempre con s\u00e9 e gestire altre operazioni, tra cui il rinnovo dell\u2019abbonamento.<\/p>\n<p>A proposito di acquisto e rinnovo, dalla APP \u00e8 possibile acquistare diversi titoli di viaggio tramite carta di credito o scegliendo le piattaforme GooglePay e ApplePay. In particolare:<\/p>\n<div class=\"row \">\n<div class=\"span3 \"><\/div>\n<\/div>\n<div class=\"row \"><\/div>\n<ul>\n<li>Biglietto ordinario AMT 110'<\/li>\n<li>Biglietto integrato AMT Trenitalia 110'<\/li>\n<li>Biglietto una corsa linea 782 Santa Margherita Ligure - Portofino<\/li>\n<li>Biglietto Met Daily 24 ore<\/li>\n<li>Biglietto ordinario AMT 5 ore<\/li>\n<li>Biglietti della ferrovia Genova Casella singoli e famiglia<\/li>\n<\/ul>\n<p>Inoltre \u00e8 possibile accedere alla sezione dedicata ai biglietti contacless (ILA Istant Lane Acces) e consultare il Portale del Viaggiatore per verificare i propri acquisti.<\/p>\n<p>Ricordiamo che il biglietto ordinario valido sulla rete urbana di Genova pu\u00f2 anche essere acquistato, sempre tramite APP utilizzando il credito telefonico (opzione valida sole per i gestori telefonici Tim, Vodafone e Wind3).<\/p>\n<p>La parte dedicata agli <strong>orari <\/strong>\u00e8 suddivisa per tipologia di servizio e permette una pi\u00f9 facile e veloce ricerca. Grazie alla geolocalizzazione si \u00e8 sempre informati in tempo reale sui transiti.<\/p>\n<p><strong>La sezione dedicata al trasporto provinciale\u00a0<\/strong>\u00e8 suddivisa in sei macro voci: cerca fermate, percorsi, rivendite, servizi a chiamata, corse autostradali e orari completi. Tante informazioni per dare anche a tutti i cittadini dell\u2019area metropolitana la possibilit\u00e0 di avere AMT sempre a portata di mano, facilitando l\u2019utilizzo dei diversi servizi che l\u2019azienda offre. Sulla APP \u00e8 possibile visualizzare le fermate e consultare i relativi transiti programmati, sia utilizzando la geolocalizzazione sia inserendo l\u2019indirizzo desiderato. \u00c8 possibile consultare lo sviluppo di un percorso e scoprire come raggiungere la propria destinazione utilizzando il trasporto extraurbano. Si pu\u00f2 inoltre consultare le rivendite presenti sul territorio metropolitano, semplificando cos\u00ec il reperimento dei titoli di viaggio. Infine, dalla APP \u00e8 possibile accedere direttamente all\u2019orario competo di tutti i gruppi di linee che operano in ambito extraurbano.<\/p>\n<p>Il prossimo passo sar\u00e0 l\u2019ulteriore estensione delle informazioni consultabili da APP, grazie al potenziale tecnologico offerto dal sistema di monitoraggio che gi\u00e0 contraddistingue il trasporto urbano genovese e che permette la consultazione dei transiti dei bus in tempo reale.<\/p>\n<p>Particolare attenzione \u00e8 stata prestata, nella progettazione della APP, a tutti i clienti e utilizzatori del tpl, soprattutto le categorie pi\u00f9 fragili, grazie a un progetto avviato con l\u2019Unione Italiana Ciechi e Ipovedenti, per la fruizione dei contenuti in <strong>modalit\u00e0 assistiva<\/strong>.<\/p>\n<p>La APP \u00e8 dotata infine di <strong>sistemi di analytics<\/strong> per raccogliere utili informazioni sul suo utilizzo cos\u00ec da tararne sempre meglio gli aggiornamenti in base alla sua fruizione.<\/p>\n<p><span style=\"color: #000000;\"><strong>Per scaricare la APP AMT\u00a0<a style=\"color: #000000;\" href=\"https:\/\/play.google.com\/store\/apps\/details?id=it.genova.amt.app\" target=\"_blank\" rel=\"noopener\">clicca qui<\/a>\u00a0per\u00a0Android e\u00a0<a style=\"color: #000000;\" href=\"https:\/\/apps.apple.com\/it\/app\/amt-genova\/id1460252262\" target=\"_blank\" rel=\"noopener\">qui<\/a>\u00a0per iOS.<\/strong><\/span><\/p>\n<p><img loading=\"lazy\" decoding=\"async\" class=\"wp-image-27868 alignnone\" src=\"\/amt\/wp-content\/uploads\/2021\/06\/Immagine8.png\" alt=\"\" width=\"592\" height=\"257\" \/><\/p>\n<p>&nbsp;<\/p>\n<p>Ecco alcune schermate dell'applicazione<\/p>\n<div class=\"row \">\n<div class=\"span3 \"><div class=\"llhEMd bYEzqc LAhoGb iWO5td\">\n<div class=\"mjANdc eEPege\">\n<div class=\"LhXUod J9Nfi iWO5td\" tabindex=\"0\" role=\"dialog\" data-cancelids=\"IbE0S\" data-position=\"eEPege\">\n<div class=\"so3xDb \">\n<div>\n<div data-selected-item-index=\"0\">\n<div class=\"OeSxze S0caTd\" data-expanded-slideshow-item-index=\"0\"><img loading=\"lazy\" decoding=\"async\" class=\"alignnone wp-image-27870\" src=\"\/amt\/wp-content\/uploads\/2021\/06\/Immagine12.png\" alt=\"\" width=\"168\" height=\"300\" \/><\/div>\n<\/div>\n<\/div>\n<\/div>\n<\/div>\n<\/div>\n<\/div><\/div>\n<div class=\"span3 \"><p><img loading=\"lazy\" decoding=\"async\" class=\"alignnone wp-image-27871\" src=\"\/amt\/wp-content\/uploads\/2021\/06\/Immagine11.png\" alt=\"\" width=\"167\" height=\"300\" \/><\/p>\n<div class=\"llhEMd bYEzqc LAhoGb iWO5td\">\n<div class=\"mjANdc eEPege\">\n<div class=\"LhXUod J9Nfi iWO5td\" tabindex=\"0\" role=\"dialog\" data-cancelids=\"IbE0S\" data-position=\"eEPege\">\n<div class=\"so3xDb \">\n<div>\n<div data-selected-item-index=\"1\">\n<div class=\"OeSxze S0caTd\" data-expanded-slideshow-item-index=\"1\"><\/div>\n<\/div>\n<\/div>\n<\/div>\n<\/div>\n<\/div>\n<\/div><\/div>\n<p>&nbsp;<\/p>\n<div class=\"span3 \"><div class=\"llhEMd bYEzqc LAhoGb iWO5td\">\n<div class=\"mjANdc eEPege\">\n<div class=\"LhXUod J9Nfi iWO5td\" tabindex=\"0\" role=\"dialog\" data-cancelids=\"IbE0S\" data-position=\"eEPege\">\n<div class=\"so3xDb \">\n<div>\n<div data-selected-item-index=\"2\">\n<div class=\"OeSxze S0caTd\" data-expanded-slideshow-item-index=\"2\"><img loading=\"lazy\" decoding=\"async\" class=\"alignnone wp-image-27872\" src=\"\/amt\/wp-content\/uploads\/2021\/06\/Immagine9.png\" alt=\"\" width=\"167\" height=\"300\" \/><\/div>\n<\/div>\n<\/div>\n<\/div>\n<\/div>\n<\/div>\n<\/div><\/div>\n<p>&nbsp;<\/p>\n<div class=\"span3 \"><div class=\"llhEMd bYEzqc LAhoGb iWO5td\">\n<div class=\"mjANdc eEPege\">\n<div class=\"LhXUod J9Nfi iWO5td\" tabindex=\"0\" role=\"dialog\" data-cancelids=\"IbE0S\" data-position=\"eEPege\">\n<div class=\"so3xDb \">\n<div>\n<div data-selected-item-index=\"3\">\n<div class=\"OeSxze S0caTd\" data-expanded-slideshow-item-index=\"3\"><img loading=\"lazy\" decoding=\"async\" class=\"alignnone wp-image-27874\" src=\"\/amt\/wp-content\/uploads\/2021\/06\/Immagine13.png\" alt=\"\" width=\"167\" height=\"300\" \/><\/div>\n<\/div>\n<\/div>\n<\/div>\n<\/div>\n<\/div>\n<\/div><\/div>\n<\/div><!-- .row (end) -->\n<div class=\"llhEMd bYEzqc LAhoGb iWO5td\">\n<div class=\"mjANdc eEPege\">\n<div class=\"LhXUod J9Nfi iWO5td\" tabindex=\"0\" role=\"dialog\" data-cancelids=\"IbE0S\" data-position=\"eEPege\">\n<div class=\"so3xDb \">\n<div>\n<div data-selected-item-index=\"0\">\n<div class=\"OeSxze S0caTd\" data-expanded-slideshow-item-index=\"0\">\n<div class=\"llhEMd bYEzqc LAhoGb iWO5td\">\n<div class=\"mjANdc eEPege\">\n<div class=\"LhXUod J9Nfi iWO5td\" tabindex=\"0\" role=\"dialog\" data-cancelids=\"IbE0S\" data-position=\"eEPege\">\n<div class=\"so3xDb \">\n<div>\n<div data-selected-item-index=\"1\">\n<div class=\"OeSxze S0caTd\" data-expanded-slideshow-item-index=\"1\"><\/div>\n<\/div>\n<\/div>\n<\/div>\n<\/div>\n<\/div>\n<\/div>\n<\/div>\n<div class=\"llhEMd bYEzqc LAhoGb iWO5td\">\n<div class=\"mjANdc eEPege\">\n<div class=\"LhXUod J9Nfi iWO5td\" tabindex=\"0\" role=\"dialog\" data-cancelids=\"IbE0S\" data-position=\"eEPege\">\n<div class=\"so3xDb \">\n<div>\n<div data-selected-item-index=\"1\">\n<div class=\"OeSxze S0caTd\" data-expanded-slideshow-item-index=\"1\"><\/div>\n<\/div>\n<\/div>\n<\/div>\n<\/div>\n<\/div>\n<\/div>\n<\/div>\n<\/div>\n<\/div>\n<\/div>\n<\/div>\n<\/div>\n<p>&nbsp;<\/p>\n<p>&nbsp;<\/p>\n<p>&nbsp;<\/p>\n ","protected":false},"excerpt":{"rendered":"La nuova APP AMT per muoversi facilmente a Genova Introdurre nuovi modelli di fruizione del servizio, facilitare l\u2019accesso alle informazioni, smaterializzare i titoli di viaggio, sfruttare la tecnologia a servizio di un miglior trasporto pubblico: sono queste le caratteristiche che contraddistinguono la APP di AMT, pensata per costruire una relazione forte e personalizzata con chi viaggia con il trasporto pubblico&nbsp;<a href=\"https:\/\/www.amt.genova.it\/amt\/trasporto-multimodale\/app-amt\/\" class=\"read-more\">Continue Reading<\/a>","protected":false},"author":2,"featured_media":0,"parent":2163,"menu_order":0,"comment_status":"closed","ping_status":"closed","template":"page-fullwidth.php","meta":{"footnotes":""},"class_list":["post-4926","page","type-page","status-publish","hentry"],"_links":{"self":[{"href":"https:\/\/www.amt.genova.it\/amt\/wp-json\/wp\/v2\/pages\/4926","targetHints":{"allow":["GET"]}}],"collection":[{"href":"https:\/\/www.amt.genova.it\/amt\/wp-json\/wp\/v2\/pages"}],"about":[{"href":"https:\/\/www.amt.genova.it\/amt\/wp-json\/wp\/v2\/types\/page"}],"author":[{"embeddable":true,"href":"https:\/\/www.amt.genova.it\/amt\/wp-json\/wp\/v2\/users\/2"}],"replies":[{"embeddable":true,"href":"https:\/\/www.amt.genova.it\/amt\/wp-json\/wp\/v2\/comments?post=4926"}],"version-history":[{"count":37,"href":"https:\/\/www.amt.genova.it\/amt\/wp-json\/wp\/v2\/pages\/4926\/revisions"}],"predecessor-version":[{"id":48279,"href":"https:\/\/www.amt.genova.it\/amt\/wp-json\/wp\/v2\/pages\/4926\/revisions\/48279"}],"up":[{"embeddable":true,"href":"https:\/\/www.amt.genova.it\/amt\/wp-json\/wp\/v2\/pages\/2163"}],"wp:attachment":[{"href":"https:\/\/www.amt.genova.it\/amt\/wp-json\/wp\/v2\/media?parent=4926"}],"curies":[{"name":"wp","href":"https:\/\/api.w.org\/{rel}","templated":true}]}}