{"id":4899,"date":"2016-03-29T14:52:05","date_gmt":"2016-03-29T12:52:05","guid":{"rendered":"\/amt\/?page_id=4899"},"modified":"2025-10-16T17:03:50","modified_gmt":"2025-10-16T15:03:50","slug":"sanzioni","status":"publish","type":"page","link":"https:\/\/www.amt.genova.it\/amt\/clienti\/regolamenti-e-sanzioni\/sanzioni\/","title":{"rendered":"Sanzioni"},"content":{"rendered":"<p>In questa pagina sono indicati gli\u00a0 <strong>importi in vigore delle sanzioni <\/strong>amministrative <strong>per chi non viaggia in regola sui mezzi AMT<\/strong>, secondo la legge regionale n\u00ba36 del 6\/11\/12.<br \/>\nIn <strong>caso di sanzione per mancanza di titolo di viaggio<\/strong>, il trasgressore pu\u00f2 procedere al pagamento immediato direttamente al Verificatore o effettuare il pagamento successivamente: nel primo caso l'importo sar\u00e0 di 40 euro pi\u00f9 biglietto, nel caso si decida invece di non pagare subito, la multa salir\u00e0 automaticamente a 60 euro pi\u00f9 il costo del biglietto e il tempo a disposizione per regolarizzare la propria posizione sar\u00e0 <strong>di 5 giorni lavorativi<\/strong>.<\/p>\n<p>Il passeggero che, al momento della verifica, risulti sprovvisto del proprio abbonamento annuale caricato sulla Citypass e identificato a bordo dal verificatore, avr\u00e0 tempo <strong>5 giorni<\/strong> lavorativi per regolarizzare la propria posizione.<br \/>\nEntro tale termine dovr\u00e0 presentare il titolo di viaggio valido, mancante al momento del controllo, e pagare il prezzo del biglietto ordinario presso una delle biglietterie AMT <strong>(per conoscere gli orari dei Centri AMT\u00a0<a href=\"https:\/\/www.amt.genova.it\/amt\/clienti\/rete-di-vendita-urbana\/biglietterie-urbane\/\">clicca qui<\/a>).<\/strong><\/p>\n<p><strong>Si ricorda che il Verificatore Titoli di Viaggio \u00e8 Pubblico Ufficiale ed Agente di Polizia Amministrativa; false dichiarazioni di identit\u00e0 sono sanzionabili penalmente. <\/strong><br \/>\nIl dettaglio degli importi \u00e8 riassunto nelle tabelle che seguono.<\/p>\n<table class=\"table table-bordered table-striped\"><thead><tr><th><strong>Passeggero sprovvisto di biglietto<\/strong><\/th><th><\/th><\/tr><\/thead><tbody><tr><td> Pagando subito al Verificatore  <td> <strong>\u20ac\u00a040 + costo del biglietto<\/strong> <\/tr><tr>\n<td> entro 5 giorni lavorativi  <td> <strong>\u20ac 60 + costo del biglietto<\/strong> <\/tr><tr>\n<td> entro 60 giorni di calendario  <td> <strong>\u20ac 110 + costo del biglietto<\/strong> <\/tr><tr>\n<td> dopo 60 giorni di calendario  <td> <strong>\u20ac 220 + costo del biglietto<\/strong> <\/tr><\/tbody><\/table><!-- table (end) -->\n<table class=\"table table-bordered table-striped\"><thead><tr><th><strong>Passeggero con  biglietto alterato o falsificato<\/strong><\/th><th><\/th><\/tr><\/thead><tbody><tr><td> Pagando subito al Verificatore oppure entro 5 giorni  <td> <strong>\u20ac\u00a0140 + costo del titolo di viaggio contraffatto + costo del biglietto<\/strong> <\/tr><tr>\n<td> entro 60 giorni di calendario  <td> <strong>\u20ac\u00a0180 + costo del titolo di viaggio contraffatto + costo del biglietto<\/strong> <\/tr><tr>\n<td> dopo 60 giorni di calendario  <td> <strong>\u20ac\u00a0360 + costo del titolo di viaggio contraffatto + costo del biglietto<\/strong> <\/tr><\/tbody><\/table><!-- table (end) -->\n<p>E' concessa facolt\u00e0 a chi esercita la patria potest\u00e0 o \u00e8 tenuto alla sorveglianza di incapace, entro le 24 ore dalla notifica dell\u2019illecito, di effettuare il pagamento dello stesso importo previsto per il trasgressore che provvede a pagare direttamente nelle mani dell\u2019agente accertante.<\/p>\n<p>Se la stessa violazione \u00e8 commessa pi\u00f9 volte negli ultimi 5 anni, la sanzione salir\u00e0 al massimo previsto della legge, <strong>313,34 euro<\/strong> nel caso di mancanza di biglietto e<strong> 523,34 euro<\/strong> nel caso di alterazione o contraffazione. A tali importi va aggiunto il costo del biglietto. Le reiterazione opera solo nel caso in cui le precedenti sanzioni non siano state pagate entro 60 giorni.<\/p>\n<p>Con l'applicazione della nuova legge, le norme si applicano anche alla <strong>Ferrovia Genova Casella<\/strong>, dove in caso di titolo di viaggio irregolare o mancante, l'importo dovuto, in aggiunta alla sanzione, va calcolato dalla stazione di partenza alla destinazione del passeggero.<\/p>\n<p><a href=\"https:\/\/www.amt.genova.it\/amt\/wp-content\/uploads\/2024\/04\/Modulo-ricorso-sanzioni-RI20240403.pdf\" rel=\"noopener\">Modulo per ricorso sanzioni<\/a><\/p>\n<p><a href=\"https:\/\/www.amt.genova.it\/amt\/clienti\/pagamento-sanzioni-online\/\" rel=\"noopener\">Pagamento online sanzioni<\/a><\/p>\n ","protected":false},"excerpt":{"rendered":"In questa pagina sono indicati gli\u00a0 importi in vigore delle sanzioni amministrative per chi non viaggia in regola sui mezzi AMT, secondo la legge regionale n\u00ba36 del 6\/11\/12. In caso di sanzione per mancanza di titolo di viaggio, il trasgressore pu\u00f2 procedere al pagamento immediato direttamente al Verificatore o effettuare il pagamento successivamente: nel primo caso l'importo sar\u00e0 di 40&nbsp;<a href=\"https:\/\/www.amt.genova.it\/amt\/clienti\/regolamenti-e-sanzioni\/sanzioni\/\" class=\"read-more\">Continue Reading<\/a>","protected":false},"author":1,"featured_media":0,"parent":4842,"menu_order":0,"comment_status":"closed","ping_status":"closed","template":"page-fullwidth.php","meta":{"footnotes":""},"class_list":["post-4899","page","type-page","status-publish","hentry"],"_links":{"self":[{"href":"https:\/\/www.amt.genova.it\/amt\/wp-json\/wp\/v2\/pages\/4899","targetHints":{"allow":["GET"]}}],"collection":[{"href":"https:\/\/www.amt.genova.it\/amt\/wp-json\/wp\/v2\/pages"}],"about":[{"href":"https:\/\/www.amt.genova.it\/amt\/wp-json\/wp\/v2\/types\/page"}],"author":[{"embeddable":true,"href":"https:\/\/www.amt.genova.it\/amt\/wp-json\/wp\/v2\/users\/1"}],"replies":[{"embeddable":true,"href":"https:\/\/www.amt.genova.it\/amt\/wp-json\/wp\/v2\/comments?post=4899"}],"version-history":[{"count":27,"href":"https:\/\/www.amt.genova.it\/amt\/wp-json\/wp\/v2\/pages\/4899\/revisions"}],"predecessor-version":[{"id":50702,"href":"https:\/\/www.amt.genova.it\/amt\/wp-json\/wp\/v2\/pages\/4899\/revisions\/50702"}],"up":[{"embeddable":true,"href":"https:\/\/www.amt.genova.it\/amt\/wp-json\/wp\/v2\/pages\/4842"}],"wp:attachment":[{"href":"https:\/\/www.amt.genova.it\/amt\/wp-json\/wp\/v2\/media?parent=4899"}],"curies":[{"name":"wp","href":"https:\/\/api.w.org\/{rel}","templated":true}]}}