{"id":48974,"date":"2025-04-24T12:33:19","date_gmt":"2025-04-24T10:33:19","guid":{"rendered":"https:\/\/www.amt.genova.it\/amt\/?page_id=48974"},"modified":"2025-04-24T12:35:32","modified_gmt":"2025-04-24T10:35:32","slug":"faq-miv-proroga-politica-tariffaria-fino-al-30-settembre-2025","status":"publish","type":"page","link":"https:\/\/www.amt.genova.it\/amt\/faq-miv-proroga-politica-tariffaria-fino-al-30-settembre-2025\/","title":{"rendered":"FAQ MIV proroga politica tariffaria fino al 30 settembre 2025"},"content":{"rendered":"<ol>\n<li><strong>Cosa \u00e8 il nuovo abbonamento MIV?<\/strong><\/li>\n<\/ol>\n<p>\u00c8 il nuovo abbonamento gratuito per Metropolitana e Impianti Verticali caricato su CityPass AMT e riservato ai residenti nella Citt\u00e0 Metropolitana di Genova.<\/p>\n<p><strong>L\u2019abbonamento sar\u00e0 attivo dal 1 gennaio 2025 e indipendentemente dalla data di decorrenza, scadr\u00e0 il 30 settembre 2025.<\/strong><\/p>\n<p><strong>Per chi \u00e8 gi\u00e0 in possesso di un abbonamento MIV con scadenza 30 aprile 2025 il prolungamento al 30\/09\/2025 \u00e8 gi\u00e0 avvenuto in automatico direttamente da AMT.<\/strong><\/p>\n<ol start=\"2\">\n<li><strong>Perch\u00e9 \u00e8 necessario avere il MIV?<\/strong><\/li>\n<\/ol>\n<p>L'abbonamento MIV su CityPass AMT serve per viaggiare gratuitamente su Metropolitana e Impianti Verticali a coloro che sono residenti nella Citt\u00e0 Metropolitana di Genova e non hanno nessun abbonamento in corso di validit\u00e0.<\/p>\n<ol start=\"3\">\n<li><strong>Dove posso richiederlo?<\/strong><\/li>\n<\/ol>\n<p>Per ottenere il nuovo abbonamento, on line completamente gratuito, devi entrare sul nostro sito, alla pagina biglietti e abbonamenti, cliccare su\u00a0<em>Abbonamento Metropolitana e impianti verticali<\/em>\u00a0e seguire le istruzioni in modo puntuale, che implicano l'accesso al\u00a0<a href=\"https:\/\/www.comune.genova.it\/servizi\/mobilita-e-trasporti\/abbonamenti-amt\"><strong>Fascicolo del Cittadino<\/strong><\/a>\u00a0per gli aspetti legati alla residenza nella Citt\u00e0 Metropolitana di Genova.<\/p>\n<ol start=\"4\">\n<li><strong>Se sono in possesso di CityPass AMT senza un abbonamento valido, come posso richiedere il nuovo MIV?<\/strong><\/li>\n<\/ol>\n<p>Puoi caricare il tuo CityPass AMT con il nuovo MIV comodamente dal sito AMT, cliccando su\u00a0<em>Abbonamento Metropolitana e impianti verticali<\/em>\u00a0e seguire le istruzioni in modo puntuale, che implicano l'accesso al\u00a0<a href=\"https:\/\/www.comune.genova.it\/servizi\/mobilita-e-trasporti\/abbonamenti-amt\"><strong>Fascicolo del Cittadino<\/strong><\/a>\u00a0per gli aspetti legati alla residenza nella Citt\u00e0 Metropolitana di Genova<\/p>\n<ol start=\"5\">\n<li><strong>L'abbonamento MIV pu\u00f2 essere richiesto nelle biglietterie AMT?<\/strong><\/li>\n<\/ol>\n<p>Chi non \u00e8 in possesso di un CityPass AMT, pu\u00f2 richiederlo gratuitamente, dal sito AMT tramite il Fascicolo del Cittadino oppure presso le biglietterie AMT, solo su appuntamento e al costo di \u20ac 10.<\/p>\n<p>La prenotazione potr\u00e0 essere effettuata dal sito AMT, oppure chiamando\u00a0<strong>le Associazioni dei consumatori<\/strong> al numero 010 893 5007.<\/p>\n<ol start=\"6\">\n<li><strong>Ho gi\u00e0 un CityPass AMT, cosa devo fare?<\/strong><\/li>\n<\/ol>\n<p>Chi \u00e8 in possesso di un CityPass AMT, fisico o dematerializzato, pu\u00f2 caricare il MIV comodamente online in modo completamente gratuito. Chi preferisce recarsi in biglietteria, potr\u00e0 chiedere l'abbonamento MIV nei centri AMT previo appuntamento (vedi domanda 8) e pagamento di \u20ac10 per il rinnovo allo sportello.<\/p>\n<ol start=\"7\">\n<li><strong>Se sono titolare di CityPass AMT ma non trovo la tessera, come posso richiedere il nuovo MIV?<\/strong><\/li>\n<\/ol>\n<p>Chi ha smarrito il proprio CityPass AMT, pu\u00f2 richiedere comunque il MIV online tramite il\u00a0<a href=\"https:\/\/www.comune.genova.it\/servizi\/mobilita-e-trasporti\/abbonamenti-amt\"><strong>Fascicolo del Cittadino<\/strong><\/a>. Seguendo le istruzioni si recupera il proprio numero di CityPass AMT e si ottiene l'abbonamento MIV digitalizzato sul proprio smartphone.<\/p>\n<p>Chi desidera il duplicato della tessera fisica potr\u00e0 ottenerlo in biglietteria versando il corrispondente diritto di segreteria.<\/p>\n<ol start=\"8\">\n<li><strong>Come \u00e8 regolato l'accesso alle biglietterie per richiedere l'abbonamento MIV?<\/strong><\/li>\n<\/ol>\n<p>L\u2019accesso alle biglietterie AMT \u00e8 regolato tramite appuntamento che pu\u00f2 essere richiesto presso il\u00a0<a href=\"https:\/\/www.amt.genova.it\/amt\/filavia\/\"><strong>nostro sito<\/strong><\/a>\u00a0o tramite\u00a0<strong>Associazione dei Consumatori\u00a0<\/strong>al numero 0108935007.<\/p>\n<ol start=\"9\">\n<li><strong>Quanto durer\u00e0 il nuovo abbonamento MIV?<\/strong><\/li>\n<\/ol>\n<p>Il nuovo CityPass MIV \u00e8 valido dal 1 gennaio 2025 al 30 settembre 2025.<\/p>\n<ol start=\"10\">\n<li><strong>Se sono un abbonato Annuale (XXL \u2013 U26 \u2013 U14 \u2013 Agevolato) cosa devo fare?<\/strong><\/li>\n<\/ol>\n<p>Non devi fare nulla in quanto hai gi\u00e0 diritto all\u2019utilizzo della Metropolitana e degli impianti verticali, anche se non sei residente nella Citt\u00e0 Metropolitana di Genova verifica sempre la validit\u00e0 del tuo abbonamento AMT.<\/p>\n<ol start=\"11\">\n<li><strong>Se sono un abbonato Over 70 cosa devo fare?<\/strong><\/li>\n<\/ol>\n<p>Se sei un abbonato Over 70 non devi fare nulla in quanto hai gi\u00e0 diritto all\u2019utilizzo della Metropolitana e degli impianti verticali.<\/p>\n<p>A differenza dei mezzi su gomma potrai utilizzare la Metropolitana e gli impianti verticali senza limitazioni di orario.<\/p>\n<ol start=\"12\">\n<li><strong>Se sono un abbonato under 14 cosa devo fare?<\/strong><\/li>\n<\/ol>\n<p>Se sei un abbonato under 14 non devi fare nulla in quanto hai gi\u00e0 diritto all\u2019utilizzo della Metropolitana e degli impianti verticali.<\/p>\n<ol start=\"13\">\n<li><strong>Se sono un abbonato mensile o settimanale su CityPass o cartaceo cosa devo fare?<\/strong><\/li>\n<\/ol>\n<p>Non devi fare nulla in quanto hai gi\u00e0 diritto all\u2019utilizzo della Metropolitana e degli impianti verticali, anche se non sei residente nella Citt\u00e0 Metropolitana di Genova. Verifica sempre la validit\u00e0 del tuo abbonamento AMT.<\/p>\n<ol start=\"14\">\n<li><strong>Se non ho il CityPass posso prendere la Metropolitana e gli impianti verticali se sono residente nella Citt\u00e0 Metropolitana di Genova?<\/strong><\/li>\n<\/ol>\n<p>No, \u00e8 necessario dotarsi del CityPass AMT con caricato l\u2019abbonamento MIV (Vedi domanda 5).<\/p>\n ","protected":false},"excerpt":{"rendered":"Cosa \u00e8 il nuovo abbonamento MIV? \u00c8 il nuovo abbonamento gratuito per Metropolitana e Impianti Verticali caricato su CityPass AMT e riservato ai residenti nella Citt\u00e0 Metropolitana di Genova. L\u2019abbonamento sar\u00e0 attivo dal 1 gennaio 2025 e indipendentemente dalla data di decorrenza, scadr\u00e0 il 30 settembre 2025. Per chi \u00e8 gi\u00e0 in possesso di un abbonamento MIV con scadenza 30&nbsp;<a href=\"https:\/\/www.amt.genova.it\/amt\/faq-miv-proroga-politica-tariffaria-fino-al-30-settembre-2025\/\" class=\"read-more\">Continue Reading<\/a>","protected":false},"author":2,"featured_media":0,"parent":0,"menu_order":0,"comment_status":"closed","ping_status":"closed","template":"page-fullwidth.php","meta":{"footnotes":""},"class_list":["post-48974","page","type-page","status-publish","hentry"],"_links":{"self":[{"href":"https:\/\/www.amt.genova.it\/amt\/wp-json\/wp\/v2\/pages\/48974","targetHints":{"allow":["GET"]}}],"collection":[{"href":"https:\/\/www.amt.genova.it\/amt\/wp-json\/wp\/v2\/pages"}],"about":[{"href":"https:\/\/www.amt.genova.it\/amt\/wp-json\/wp\/v2\/types\/page"}],"author":[{"embeddable":true,"href":"https:\/\/www.amt.genova.it\/amt\/wp-json\/wp\/v2\/users\/2"}],"replies":[{"embeddable":true,"href":"https:\/\/www.amt.genova.it\/amt\/wp-json\/wp\/v2\/comments?post=48974"}],"version-history":[{"count":4,"href":"https:\/\/www.amt.genova.it\/amt\/wp-json\/wp\/v2\/pages\/48974\/revisions"}],"predecessor-version":[{"id":48978,"href":"https:\/\/www.amt.genova.it\/amt\/wp-json\/wp\/v2\/pages\/48974\/revisions\/48978"}],"wp:attachment":[{"href":"https:\/\/www.amt.genova.it\/amt\/wp-json\/wp\/v2\/media?parent=48974"}],"curies":[{"name":"wp","href":"https:\/\/api.w.org\/{rel}","templated":true}]}}