{"id":4864,"date":"2016-03-29T13:36:17","date_gmt":"2016-03-29T11:36:17","guid":{"rendered":"\/amt\/?page_id=4864"},"modified":"2024-12-23T12:14:51","modified_gmt":"2024-12-23T11:14:51","slug":"pubblicita","status":"publish","type":"page","link":"https:\/\/www.amt.genova.it\/amt\/clienti\/servizi-al-cliente\/pubblicita\/","title":{"rendered":"Pubblicit\u00e0"},"content":{"rendered":"<p>Genova \u00e8 una delle citt\u00e0 italiane che maggiormente utilizza il trasporto pubblico e ogni giorno migliaia di persone si spostano per raggiungere le proprie destinazioni.<br \/>\nLa pubblicit\u00e0 sui nostri mezzi ha dunque un ritorno assicurato! Chiamaci per informazioni e prenotazioni. Studieremo un piano promozionale apposta per te!<\/p>\n<p><strong>Settore Marketing e Comunicazione alla Clientela<\/strong><br \/>\n<strong>AMT S.p. A. Via Montaldo 2 Genova 16137<\/strong><br \/>\n<a href=\"mailto:amtmarketing@amt.genova.it\" target=\"_blank\" rel=\"noopener\"><strong>amtmarketing@amt.genova.it<\/strong><\/a><br \/>\ntel. 848 000 030<\/p>\n<p><strong>Autobus Area metropolitana di Levante e relativo entroterra<br \/>\n<\/strong>Decorazioni esterne, laterali, retro, vetture integrali, soluzioni personalizzate<br \/>\nRivolgersi a: settore Marketing e Comunicazione alla Clientela<br \/>\nVia Montaldo 2 Genova 16137<br \/>\nTel. 848 000 030<br \/>\n<strong><a href=\"http:\/\/www.amt.genova.it\">www.amt.genova.it<\/a><br \/>\n<\/strong>email<br \/>\n<a href=\"mailto:servizioclienti@amt.genova.it\">servizioclienti@amt.genova.it<\/a><\/p>\n<p><strong>Autobus<\/strong><br \/>\nDecorazioni esterne, interne, maxi retro, vetrofanie, vetture integrali, cartoncini sospesi.<br \/>\nRivolgersi al concessionarioIGP Decaux S.p.A<br \/>\nCentro Direzionale Milanofiori Strada 3 Palazzo B 1020090 Assago (MI)<br \/>\nTel. 02 654651<br \/>\nFax 02 6599037<br \/>\n<a href=\"http:\/\/www.igpdecaux.it\/\" target=\"_blank\" rel=\"noopener\"><span lang=\"en-US\">www.igpdecaux.it<\/span><\/a><br \/>\nemail<u><br \/>\n<\/u><a href=\"mailto:giemme@igpdecaux.it\">giemme@igpdecaux.it<\/a><\/p>\n<p><strong>Metropolitana<\/strong><br \/>\nCartellonistica all'interno delle stazioni, all'interno delle vetture, vetrofanie, vettura integrale o parziale, video in banchina e all'interno delle vetture.<br \/>\nRicordiamo inoltre la possibilit\u00e0 delle personalizzazione integrale delle stazioni della Metropolitana di Genova in collaborazione con il Comune di Genova. Tutte le info e le modalit\u00e0 su\u00a0 \u00a0<a href=\"https:\/\/smart.comune.genova.it\/pagine\/progetto-ricerca-sponsor-la-tua-metropolitana-genovameravigliosa\">https:\/\/smart.comune.genova.it\/pagine\/progetto-ricerca-sponsor-la-tua-metropolitana-genovameravigliosa<\/a><\/p>\n<p>Rivolgersi a:<br \/>\nRivolgersi a: settore Marketing e Comunicazione alla Clientela<br \/>\nVia Montaldo 2 Genova 16137<br \/>\n<a href=\"mailto:amtmarketing@amt.genova.it\" target=\"_blank\" rel=\"noopener\">amtmarketing@amt.genova.it<\/a><br \/>\ntel. 848 000 030<\/p>\n<p><strong>Impianti Speciali<\/strong><br \/>\nCartellonistica all'interno dei seguenti impianti speciali:<br \/>\nfunicolari (Zecca Righi, Sant'Anna, Granarolo)<br \/>\nascensori (Montegalletto, Castelletto Levante, Ponte Monumentale, Piazza Manin, Via Crocco)<br \/>\nferrovia a cremagliera (Granarolo)<br \/>\nlinea veloce via mare (Navebus)<br \/>\nRivolgersi a: settore Marketing e Comunicazione alla Clientela<br \/>\nVia Montaldo 2 Genova 16137<br \/>\n<a href=\"mailto:amtmarketing@amt.genova.it\" target=\"_blank\" rel=\"noopener\">amtmarketing@amt.genova.it<\/a><br \/>\ntel. 848 000 030<\/p>\n<p><strong>Centri AMT Genova<\/strong><br \/>\nCartellonistica interna ai punti vendita situati in:<br \/>\nVia Avio 9<br \/>\nVia Bobbio 250r<br \/>\nPalazzo Ducale AMT Point<br \/>\nRivolgersi a<strong>: <\/strong>settore Marketing e Comunicazione alla Clientela<br \/>\nVia Montaldo 2 Genova 16137<br \/>\n<a href=\"mailto:amtmarketing@amt.genova.it\" target=\"_blank\" rel=\"noopener\">amtmarketing@amt.genova.it<\/a><br \/>\ntel. 848 000 030<\/p>\n<p><strong>Titoli di viaggio AMT (su biglietto da \u20ac1.50)<\/strong><br \/>\nRivolgersi a<strong>:<br \/>\n<\/strong>settore Marketing e Comunicazione alla Clientela<br \/>\nvia Montaldo 2 Genova 16137<u><br \/>\n<\/u><a href=\"mailto:amtmarketing@amt.genova.it\" target=\"_blank\" rel=\"noopener\">amtmarketing@amt.genova.it<\/a><br \/>\ntel.\u00a0 848 000 030<\/p>\n<p><strong>Sito Internet AMT<\/strong><br \/>\nSettore Marketing e Comunicazione alla Clientela<br \/>\nVia Montaldo 2 Genova 16137<br \/>\n<a href=\"mailto:amtmarketing@amt.genova.it\" target=\"_blank\" rel=\"noopener\">amtmarketing@amt.genova.it<\/a><br \/>\ntel. 848 000 030<\/p>\n ","protected":false},"excerpt":{"rendered":"Genova \u00e8 una delle citt\u00e0 italiane che maggiormente utilizza il trasporto pubblico e ogni giorno migliaia di persone si spostano per raggiungere le proprie destinazioni. La pubblicit\u00e0 sui nostri mezzi ha dunque un ritorno assicurato! Chiamaci per informazioni e prenotazioni. Studieremo un piano promozionale apposta per te! Settore Marketing e Comunicazione alla Clientela AMT S.p. A. Via Montaldo 2 Genova&nbsp;<a href=\"https:\/\/www.amt.genova.it\/amt\/clienti\/servizi-al-cliente\/pubblicita\/\" class=\"read-more\">Continue Reading<\/a>","protected":false},"author":1,"featured_media":0,"parent":4820,"menu_order":0,"comment_status":"closed","ping_status":"closed","template":"page-fullwidth.php","meta":{"footnotes":""},"class_list":["post-4864","page","type-page","status-publish","hentry"],"_links":{"self":[{"href":"https:\/\/www.amt.genova.it\/amt\/wp-json\/wp\/v2\/pages\/4864","targetHints":{"allow":["GET"]}}],"collection":[{"href":"https:\/\/www.amt.genova.it\/amt\/wp-json\/wp\/v2\/pages"}],"about":[{"href":"https:\/\/www.amt.genova.it\/amt\/wp-json\/wp\/v2\/types\/page"}],"author":[{"embeddable":true,"href":"https:\/\/www.amt.genova.it\/amt\/wp-json\/wp\/v2\/users\/1"}],"replies":[{"embeddable":true,"href":"https:\/\/www.amt.genova.it\/amt\/wp-json\/wp\/v2\/comments?post=4864"}],"version-history":[{"count":17,"href":"https:\/\/www.amt.genova.it\/amt\/wp-json\/wp\/v2\/pages\/4864\/revisions"}],"predecessor-version":[{"id":47558,"href":"https:\/\/www.amt.genova.it\/amt\/wp-json\/wp\/v2\/pages\/4864\/revisions\/47558"}],"up":[{"embeddable":true,"href":"https:\/\/www.amt.genova.it\/amt\/wp-json\/wp\/v2\/pages\/4820"}],"wp:attachment":[{"href":"https:\/\/www.amt.genova.it\/amt\/wp-json\/wp\/v2\/media?parent=4864"}],"curies":[{"name":"wp","href":"https:\/\/api.w.org\/{rel}","templated":true}]}}