{"id":47390,"date":"2024-12-16T15:05:26","date_gmt":"2024-12-16T14:05:26","guid":{"rendered":"https:\/\/www.amt.genova.it\/amt\/?page_id=47390"},"modified":"2025-10-24T14:30:39","modified_gmt":"2025-10-24T12:30:39","slug":"abbonamento-metropolitana-e-impianti-verticali","status":"publish","type":"page","link":"https:\/\/www.amt.genova.it\/amt\/biglietti-e-abbonamenti-2\/abbonamento-metropolitana-e-impianti-verticali\/","title":{"rendered":"Abbonamento Metropolitana e Impianti Verticali"},"content":{"rendered":"<div style=\"position: relative;\">\n<p><!-- Banner trasparente obliquo --><\/p>\n<div style=\"position: absolute; top: 40%; left: 50%; transform: translate(-50%, -50%) rotate(-10deg); background-color: rgba(255, 255, 255, 0.4); \/* bianco trasparente *\/ border: 6px solid red; color: red; font-weight: bold; font-size: 2em; padding: 20px 40px; text-align: center; z-index: 10; font-family: Arial, sans-serif; backdrop-filter: blur(2px);\">Dal 1\u00b0 novembre 2025<br \/>\nimpianti verticali e metro<br \/>\na pagamento per tutti<\/div>\n<p><!-- Testo sottostante --><\/p>\n<div style=\"position: relative; z-index: 1; padding: 20px;\">\n<h2>Nuovo Abbonamento gratuito MIV \u2013 Metropolitana e Impianti Verticali<\/h2>\n<p>Il titolo di viaggio \u00e8 riservato esclusivamente ai residenti nella Citt\u00e0 Metropolitana di Genova e sar\u00e0 valido fino al 31 ottobre 2025, indipendentemente dalla data di attivazione.<\/p>\n<p>A partire dall'1 gennaio 2025, i residenti nella Citt\u00e0 Metropolitana di Genova per usufruire gratuitamente della metropolitana e degli impianti verticali devono essere muniti del nuovo abbonamento gratuito MIV, che verr\u00e0 caricato sul CityPass AMT.<\/p>\n<p>Tutti gli abbonamenti MIV in scadenza il 30 settembre 2025 sono prorogati automaticamente fino al 31 ottobre, senza necessit\u00e0 di recarsi in biglietteria o fare richiesta online.<\/p>\n<h3>Attenzione:<\/h3>\n<p>Non devono richiedere l\u2019abbonamento MIV i possessori di:<\/p>\n<ul>\n<li>CityPass AMT caricato con qualsiasi abbonamento in corso di validit\u00e0 (anche gratuito)<\/li>\n<li>Abbonamenti mensili o settimanali cartacei<\/li>\n<\/ul>\n<\/div>\n<\/div>\n<h3><strong>Come richiedere l\u2019abbonamento MIV<\/strong><\/h3>\n<ul>\n<li><strong>Nuovi abbonati<\/strong><\/li>\n<\/ul>\n<p>Chi non possiede un CityPass AMT potr\u00e0 richiedere gratuitamente l\u2019abbonamento MIV attraverso il <strong>Fascicolo del Cittadino<\/strong>. L\u2019abbonamento verr\u00e0 attivato in forma dematerializzata e potr\u00e0 essere utilizzato direttamente dal proprio smartphone e avr\u00e0 scadenza il 31 ottobre 2025.<\/p>\n<ul>\n<li><strong>Titolari di CityPass AMT senza abbonamenti attivi<\/strong><\/li>\n<\/ul>\n<p>Chi possiede gi\u00e0 un CityPass AMT, ma senza un abbonamento in corso di validit\u00e0, pu\u00f2 richiedere il MIV sempre tramite il <strong>Fascicolo del Cittadino<\/strong>. Questa piattaforma consente anche di recuperare tutte le informazioni sul proprio CityPass. L\u2019abbonamento verr\u00e0 attivato in forma dematerializzata e potr\u00e0 essere utilizzato direttamente dal proprio smartphone.<\/p>\n<ul>\n<li><strong>Richiesta in biglietteria<\/strong><\/li>\n<\/ul>\n<p>E' possibile richiedere l\u2019abbonamento MIV anche presso le biglietterie AMT, previa prenotazione.<\/p>\n<p>La prenotazione degli appuntamenti in biglietteria pu\u00f2 essere effettuata tramite il sito AMT o,\u00a0chiamando le<strong> Associazioni dei Consumatori<\/strong> al seguente numero:<\/p>\n<ul>\n<li><strong>010 893 5007<\/strong><\/li>\n<\/ul>\n<p>Il costo dell'operazione in biglietteria \u00e8 di <strong>euro 10<\/strong>, per diritti di segreteria.<\/p>\n<hr \/>\n<p>I possessori di:<\/p>\n<ul>\n<li><strong>Abbonamenti mensili o settimanali cartacei<\/strong><\/li>\n<li><strong>CityPass AMT con abbonamento in corso di validit\u00e0<\/strong><\/li>\n<\/ul>\n<p>potranno continuare a utilizzare la metropolitana e gli impianti verticali fino alla scadenza del loro titolo di viaggio, senza dover richiedere l\u2019abbonamento MIV.<\/p>\n<hr \/>\n<p><strong>Se hai un CityPass dematerializzato ma preferisci avere la card fisica<\/strong>,\u00a0clicca qui\u00a0per la richiesta e ti verr\u00e0 inviata a casa o dove preferisci.<\/p>\n<p>Ti verranno richiesti\u00a0 10 euro per diritti di segreteria\u00a0 + 3 euro per spese postali.<\/p>\n<p><strong>Ricorda! Una volta che sarai in possesso della tessera fisica e \u00a0decidi per qualsiasi motivo di registrarla sulla APP AMT, fintanto che sar\u00e0 attiva la dematerializzazione sul tuo telefono, non potrai esibire la card fisica al Verificatore Titoli di Viaggio ma dovrai mostrare il \u00a0cellulare con l\u2019 abbonamento caricato sulla APP. Per poter riattivare la tessera fisica ed esibirla in sede di verifica, dovrai prima disinstallare dalla APP del tuo telefono l\u2019abbonamento dematerializzato (non \u00e8 consentito l\u2019uso promiscuo di entrambe le modalit\u00e0).<\/strong><\/p>\n<hr \/>\n<p>Per maggiori informazioni, consulta \u00a0le domande frequenti oppure contatta il Servizio Clienti AMT<\/p>\n<ul>\n<li>Tabella tariffe<\/li>\n<\/ul>\n<div class=\"alert alert-info fade in \"><\/div>\n ","protected":false},"excerpt":{"rendered":"Dal 1\u00b0 novembre 2025 impianti verticali e metro a pagamento per tutti Nuovo Abbonamento gratuito MIV \u2013 Metropolitana e Impianti Verticali Il titolo di viaggio \u00e8 riservato esclusivamente ai residenti nella Citt\u00e0 Metropolitana di Genova e sar\u00e0 valido fino al 31 ottobre 2025, indipendentemente dalla data di attivazione. A partire dall'1 gennaio 2025, i residenti nella Citt\u00e0 Metropolitana di Genova&nbsp;<a href=\"https:\/\/www.amt.genova.it\/amt\/biglietti-e-abbonamenti-2\/abbonamento-metropolitana-e-impianti-verticali\/\" class=\"read-more\">Continue Reading<\/a>","protected":false},"author":2,"featured_media":0,"parent":42636,"menu_order":0,"comment_status":"closed","ping_status":"closed","template":"seleziona-abbonamento-Miv.php","meta":{"footnotes":""},"class_list":["post-47390","page","type-page","status-publish","hentry"],"_links":{"self":[{"href":"https:\/\/www.amt.genova.it\/amt\/wp-json\/wp\/v2\/pages\/47390","targetHints":{"allow":["GET"]}}],"collection":[{"href":"https:\/\/www.amt.genova.it\/amt\/wp-json\/wp\/v2\/pages"}],"about":[{"href":"https:\/\/www.amt.genova.it\/amt\/wp-json\/wp\/v2\/types\/page"}],"author":[{"embeddable":true,"href":"https:\/\/www.amt.genova.it\/amt\/wp-json\/wp\/v2\/users\/2"}],"replies":[{"embeddable":true,"href":"https:\/\/www.amt.genova.it\/amt\/wp-json\/wp\/v2\/comments?post=47390"}],"version-history":[{"count":34,"href":"https:\/\/www.amt.genova.it\/amt\/wp-json\/wp\/v2\/pages\/47390\/revisions"}],"predecessor-version":[{"id":50819,"href":"https:\/\/www.amt.genova.it\/amt\/wp-json\/wp\/v2\/pages\/47390\/revisions\/50819"}],"up":[{"embeddable":true,"href":"https:\/\/www.amt.genova.it\/amt\/wp-json\/wp\/v2\/pages\/42636"}],"wp:attachment":[{"href":"https:\/\/www.amt.genova.it\/amt\/wp-json\/wp\/v2\/media?parent=47390"}],"curies":[{"name":"wp","href":"https:\/\/api.w.org\/{rel}","templated":true}]}}