{"id":47235,"date":"2024-11-29T15:43:01","date_gmt":"2024-11-29T14:43:01","guid":{"rendered":"https:\/\/www.amt.genova.it\/amt\/?page_id=47235"},"modified":"2024-12-17T17:09:39","modified_gmt":"2024-12-17T16:09:39","slug":"regolamento-bus-provinciale","status":"publish","type":"page","link":"https:\/\/www.amt.genova.it\/amt\/regolamenti-di-viaggio\/regolamento-bus-provinciale\/","title":{"rendered":"Regolamento Bus Provinciale"},"content":{"rendered":"<h1><span style=\"background-color: #ff8200;\"><span style=\"color: white;\">REGOLAMENTO DI VIAGGIO - AUTOBUS\u00a0 PROVINCIALE\u00a0 \u00a0 \u00a0 \u00a0 \u00a0 \u00a0 \u00a0 \u00a0 \u00a0 \u00a0 \u00a0 \u00a0 \u00a0 \u00a0 \u00a0 \u00a0\u00a0<\/span><\/span><\/h1>\n<p>Il regolamento di viaggio disciplina l\u2019accesso ai servizi di trasporto pubblico, favorisce la convivenza civile fra i passeggeri, la sicurezza del viaggio e la collaborazione fra cittadini e il personale AMT.<\/p>\n<p>\u00c8 fatto obbligo a tutti i passeggeri di attenersi alle disposizioni dell'azienda addetta ai servizi di pubblico trasporto, relative al buon andamento ed alla disciplina del servizio. Sono applicabili ai comportamenti di cui sopra le sanzioni secondo la disciplina del sistema di trasporto pubblico regionale e locale e del Piano Regionale integrato delle infrastrutture, della mobilit\u00e0 e dei trasporti.<\/p>\n<p>In particolare: a norma del comma 1 lettera c dell\u2019art. 36 della Legge Regionale 33 del 2013, i titoli di viaggio validi, anche per gli aspetti fiscali connessi, devono essere custoditi ed esibiti, a richiesta del personale incaricato dei controlli in servizio, anche dopo la discesa ed in corrispondenza della fermata\/capolinea dei mezzi pubblici.<\/p>\n<p><strong>COMPORTAMENTO DEI PASSEGGERI<\/strong><\/p>\n<ul>\n<li>I passeggeri devono attenersi scrupolosamente a tutte le disposizioni anche a tutela della salute pubblica disposte dalla legge e da AMT;<\/li>\n<li>i passeggeri devono utilizzare le porte di accesso ai mezzi indicate per la salita e la discesa;<\/li>\n<li>i passeggeri devono evitare di avvicinarsi o chiedere informazioni al conducente;<\/li>\n<li>i passeggeri devono adottare le precauzioni necessarie a vigilare, per quanto da loro dipenda, sulla propria sicurezza e incolumit\u00e0 e su quella delle persone e degli animali che sono sotto la loro custodia;<\/li>\n<li>i passeggeri sono tenuti a reggersi agli appositi sostegni poich\u00e9 sono possibili frenate improvvise;<\/li>\n<li>i passeggeri sono tenuti a lasciar scendere gli altri passeggeri prima di salire.<\/li>\n<\/ul>\n<p><strong>RIPRESE FOTOGRAFICHE, TELEVISIVE E CINEMATOGRAFICHE<\/strong><\/p>\n<p>Le riprese fotografiche, televisive e cinematografiche effettuate nell\u2019ambito dei servizi AMT devono essere preventivamente autorizzate dall\u2019Azienda.<\/p>\n<p><strong>TITOLI DI VIAGGIO<\/strong><\/p>\n<p>Per viaggiare a bordo dei mezzi AMT, i passeggeri che non rientrano nelle categorie esenti hanno l\u2019obbligo di essere in possesso di un titolo di viaggio che devono convalidare appena saliti in vettura. Al momento della convalida del titolo di viaggio con obliteratrice, il passeggero deve accertare l\u2019esattezza della stampigliatura sul documento di viaggio. In caso di errata o mancata timbratura, si deve indicare a penna sul biglietto data, ora di inizio del viaggio e numero sociale della vettura su cui si sta viaggiando e segnalare immediatamente l\u2019anomalia al personale AMT.<\/p>\n<p>Si ricorda che i titoli di viaggio AMT sono scontrini fiscali. I titoli di viaggio validi, anche per gli aspetti fiscali connessi, devono essere custoditi ed esibiti, a richiesta del personale incaricato dei controlli in servizio, anche dopo la discesa ed in corrispondenza della fermata\/capolinea dei mezzi pubblici od all\u2019interno dei locali aziendali (nel caso della ferrovia Genova Casella). L\u2019abbonamento mensile o settimanale deve essere mostrato al personale di verifica sempre accompagnato da valido documento di riconoscimento; qualora legato ad una agevolazione, dovr\u00e0 essere presentata anche il CityPass che ne attesti il diritto; In caso di abbonamento su CityPass \u00e8 obbligo presentare la card oppure se dematerializzato sul cellullare il cliente deve presentare il dispositivo elettronico.<\/p>\n<p>Tutti i titoli di viaggio NON sono cedibili e non sono rimborsabili.<\/p>\n<p>I titoli di viaggio sono disponibili presso le biglietterie AMT e presso le rivendite autorizzate.<\/p>\n<p><strong>Titoli di viaggio via APP AMT<\/strong><\/p>\n<p>\u00c8 possibile acquistare titoli di viaggio via APP AMT. Non \u00e8 consentito salire a bordo o accedere agli impianti prima di avere ricevuto conferma dell\u2019avvenuto acquisto. In caso di verifica, \u00e8 sufficiente mostrare il cellulare con il regolare biglietto ricevuto. Il biglietto acquistato via APP AMT pu\u00f2 essere utilizzato solo dall\u2019acquirente e non pu\u00f2 essere inoltrato a terzi. L\u2019abbonato che ha caricato il proprio CityPass sul cellulare, in caso di verifica deve mostrare il cellullare, qualora sprovvisto sar\u00e0 sanzionato. Non \u00e8 consentito l\u2019utilizzo della card, nel caso di dematerializzazione sul proprio dispositivo elettronico.<\/p>\n<p><strong>Validit\u00e0 dei titoli di viaggio<\/strong><\/p>\n<p>La validit\u00e0 del titolo di viaggio \u00e8 specificata sullo stesso, per tempo e numero di zone. Il passeggero deve premonirsi del corretto titolo di viaggio in previsione della tratta che andr\u00e0 a percorrere.<\/p>\n<p><strong>SALITA E DISCESA<\/strong><\/p>\n<p>Salire e scendere dalle porte appositamente contrassegnate.<\/p>\n<p><strong>OCCUPAZIONE DEI POSTI A SEDERE<\/strong><\/p>\n<p>\u00c8 vietato occupare pi\u00f9 di un posto a sedere, occupare i posti riservati alle persone disabili e invalide e occupare posti in presenza e\/o a richiesta delle persone anziane, donne in gravidanza o con bambini piccoli, non vedenti, soggetti con difficolt\u00e0 motorie. Tutti gli agenti in divisa e in abiti civili che beneficiano della libera circolazione non possono occupare posti a sedere se gli altri viaggiatori non hanno a disposizione posti liberi.<\/p>\n<p><strong>PERSONE CON DISABILITA\u2019<\/strong><\/p>\n<p>Le persone diversamente abili dotate di carrozzina possono viaggiare sui soli mezzi attrezzati e nei limiti del numero di carrozzine previste a bordo dalla carta di circolazione della vettura.<\/p>\n<p><strong>UTILIZZO DELLA METROPOLITANA E IMPIANTI VERTICALI<\/strong><\/p>\n<p>I passeggeri residenti nella Citt\u00e0 Metropolitana possono utilizzare gratuitamente la Metro e gli impianti Verticali di AMT e dovranno avere con se un documento di identit\u00e0 valido che ne attesti la residenza in uno dei Comuni della Citt\u00e0 Metropolitana, in caso contrario saranno sanzionati.<\/p>\n<p><strong>PASSEGGERI OVER 70<\/strong><\/p>\n<p>I passeggeri di et\u00e0 pari o superiore a 70 anni residenti nella Citt\u00e0 Metropolitana di Genova viaggiano gratis dalle ore 09:30 a fine servizio con tessera CityPass e abbonamento gratuito caricato.<\/p>\n<p><strong>PASSEGGERI UNDER 14<\/strong><\/p>\n<p>I passeggeri di et\u00e0 inferiore a 14 anni (cio\u00e8 14 anni non compiuti)\u00a0 residenti nella Citt\u00e0 Metropolitana di Genova viaggiano gratis se provvisti di\u00a0 CityPass con abbonamento gratuito caricato.<\/p>\n<p><strong>BAMBINI A BORDO<\/strong><\/p>\n<p>I passeggeri di altezza inferiore a 1.15 m viaggiano gratis.<\/p>\n<p><strong>TRASPORTO ANIMALI<\/strong> (cani, gatti e altro)<\/p>\n<p>I cani dovranno indossare la museruola compresi quelli di piccola e media taglia (se detta protezione esiste per razza e taglia dell\u2019animale) ed essere tenuti al guinzaglio il pi\u00f9 vicino possibile al loro conduttore, fatta eccezione per i cani di piccola taglia che possono essere tenuti in braccio o in borsa.<\/p>\n<p>Durante il trasporto devono essere tenuti in modo da non arrecare disturbo agli altri passeggeri e non devono ingombrare i passaggi n\u00e9 lo spazio in prossimit\u00e0 della salita o discesa. Tutti gli altri animali dovranno essere trasportati in appositi contenitori di dimensioni ridotte. Il titolo di viaggio deve essere corrisposto per tutti i cani eccetto gli accompagnatori dei non vedenti. Per ogni animale dovr\u00e0 essere convalidato un titolo di viaggio a tariffa ordinaria valido per la tratta interessata. Salvo eventuali promozioni in atto, da verificare sul sito di AMT.<\/p>\n<p><strong>TRASPORTO BAGAGLI E AFFINI <\/strong><\/p>\n<p>\u00c8 ammesso a bordo di tutti i mezzi il trasporto di bagagli personali (al seguito del viaggiatore), purch\u00e9 gli stessi siano collocati in modo da non recare intralcio o danno agli altri viaggiatori del veicolo e secondo le seguenti modalit\u00e0:<\/p>\n<ul>\n<li>\u00e8 consentito a ciascun passeggero il trasporto gratuito di un solo bagaglio di dimensioni massime pari a cm 50x30x25, tale bagaglio deve essere riposto nell\u2019apposita cappelliera a bordo del bus dove presente. Ciascun passeggero potr\u00e0 trasportare in aggiunta un solo altro collo di dimensioni non superiori a cm 20x40x55, per cui \u00e8 obbligatorio il pagamento del biglietto alla tariffa in atto.<\/li>\n<li>\u00e8 consentito a ciascun passeggero il trasporto gratuito di un solo bagaglio di dimensioni massime pari a cm 85x75x40 e di peso non superiore a kg 20, tale bagaglio deve essere riposto nell\u2019apposita bagagliera dove presente. Ciascun passeggero potr\u00e0 trasportare in aggiunta un solo altro collo di dimensioni non superiori a cm 20x40x55, per cui \u00e8 obbligatorio il pagamento del biglietto alla tariffa in atto.<\/li>\n<li>zaini e cartelle al seguito dovranno essere condotti a mano o posti in terra e non tenuti posizionati sulle spalle al fine di evitare fastidi o danni agli altri passeggeri.<\/li>\n<li>ulteriori bagagli non rientranti nei casi sopra descritti possono essere trasportati, solo in caso di spazio apposito disponibile in vettura, dietro al pagamento di idoneo titolo di viaggio.<\/li>\n<\/ul>\n<p>\u00c8 ammesso il trasporto di biciclette pieghevoli e\/o monopattini pieghevoli con le seguenti modalit\u00e0: a bordo di tutti i mezzi \u00e8 ammesso il trasporto gratuito di una bicicletta o di un monopattino pieghevole per passeggero purch\u00e8 posti all\u2019interno di un\u2019apposita sacca di dimensioni non superiori a cm. 80x110x40 e che non arrechino disagio o pericolo agli altri viaggiatori.<\/p>\n<p><strong>\u00c8 VIETATO AL PASSEGGERO: <\/strong><\/p>\n<ul>\n<li>l\u2019apertura o la chiusura delle porte di salita \/ discesa;<\/li>\n<li>salire o scendere dalla porta diversa da quella prescritta tranne in casi di emergenza o nel caso si tratti di passeggero non vedente o in casi in cui il passeggero viaggi con bagagli personali al seguito, con passeggino o con bicicletta: in questo caso \u00e8 autorizzato a scendere, ove queste esistano, dalla porta posteriore o anteriore;<\/li>\n<li>salire o scendere quando la vettura \u00e8 in movimento o in localit\u00e0 diverse da quelle stabilite per le fermate;<\/li>\n<li>sputare nell\u2019interno delle vetture o dai finestrini o dalle porte;<\/li>\n<li>disturbare l\u2019autista ovvero distrarre il personale di servizio dalle sue mansioni;<\/li>\n<li>insudiciare, guastare o comunque rimuovere o manomettere parti o apparecchi delle vetture;<\/li>\n<li>portare armi cariche, materiali esplosivi, o infiammabili, colli ingombranti, oggetti comunque pericolosi o che possono danneggiare o insudiciare i viaggiatori o le vetture o, per qualsiasi ragione, riuscire molesti;<\/li>\n<li>accedervi essendo alterati da bevande alcoliche o in stato di alterazione per assunzione di sostanze stupefacenti o psicotrope o essendo sudici o maleodoranti o vestiti in modo indecente;<\/li>\n<li>azionare apparecchi radiofonici, cantare, suonare, schiamazzare o, in altro modo, disturbare;<\/li>\n<li>sollecitare questue o elemosine e simili elargizioni agli altri passeggeri;<\/li>\n<li>esercitare attivit\u00e0 pubblicitarie o commerciali, anche se a scopo benefico, senza il consenso di AMT;<\/li>\n<li>occupare pi\u00f9 di un posto a sedere;<\/li>\n<li>occupare i posti riservati alle persone disabili e invalide e occupare posti in presenza e\/o a richiesta delle persone anziane, donne in gravidanza o con bambini piccoli, non vedenti.<\/li>\n<\/ul>\n<p><strong>\u00c8 VIETATO FUMARE<\/strong>, in attuazione dell\u2019articolo 51, comma 7 della L. 16\/1\/2003 n. 3 nei veicoli, cabine, vagoni o altri mezzi, nelle sale d\u2019aspetto, nelle stazioni ed in ogni altro impianto adibito al pubblico servizio per il trasporto collettivo di persone. L\u2019inottemperanza del divieto, che costituisce violazione dell\u2019art. 51 della legge suddetta, \u00e8 punita dall\u2019art. 7 della L. n. 584 del 11\/11\/1975 come sostituito dall\u2019art. 52, comma 20, della L. n. 448 del 28\/01\/2001, con le sanzioni amministrative aumentate ai sensi e per gli effetti dell\u2019art. 1, comma 189, della L. n. 311 del 30\/12\/2004. \u00c8 fatto salvo l\u2019art. 28 dDPR n. 753 del 11\/07\/1980.<\/p>\n<p>\u00c8 legittimato ad accertare le violazioni delle norme sopra indicate il personale Amt che svolge funzioni di Polizia Amministrativa Regionale ai sensi e per gli effetti della L.R. n. 36 del 6\/11\/2012 ad oggetto \u201cSanzioni amministrative pecuniarie a carico dei viaggiatori per mancanza o irregolarit\u00e0 di titolo di viaggio e relative norme di applicazione\u201d e assumono la qualit\u00e0 di Pubblici Ufficiali giusto il disposto dell\u2019art. 357 del codice penale.<\/p>\n<p>Per la violazione di tutte le norme sopra elencate l\u2019art. 7 bis del D.Lgs. 267\/2000 prevede una sanzione da 25 a 500 euro e il pagamento in misura ridotta di 50 euro. La consegna del processo verbale all\u2019atto della contestazione per i maggiorenni ha valore di notifica della violazione. La contestazione della violazione commessa da minori\/incapaci \u00e8 notificata al responsabile degli stessi, ai sensi dell\u2019art. 3 e 4 L.R. 45\/1982.<\/p>\n<p>Il divieto \u00e8 esteso anche alle sigarette elettroniche.<\/p>\n<p><strong>SANZIONI <\/strong><\/p>\n<p>Chiunque viaggi sui mezzi AMT e non rientri nelle categorie esenti, \u00e8 tenuto a essere in possesso di valido titolo di viaggio da esibire a richiesta del personale di servizio, pena le sanzioni stabilite dalla L.R. n. 36 del 6\/11\/2012 ad oggetto \"Sanzioni amministrative pecuniarie a carico dei viaggiatori per mancanza o irregolarit\u00e0 di titolo di viaggio e relative norme di applicazione\u201d; in caso di abbonamento il passeggero \u00e8 tenuto ad esibire al personale di controllo anche un valido documento di identit\u00e0. Si precisa quanto segue:<\/p>\n<ul>\n<li>L\u2019abbonamento ordinario annuale, mensile o settimanale e gli abbonamenti agevolati cartacei devono essere obliterati e mostrati al personale di verifica sempre accompagnati da valido documento di riconoscimento;<\/li>\n<li>\u00c8 soggetto a sanzione il titolare di abbonamento su card CityPass che risulta al momento della verifica privo della card oppure che ha caricato il proprio CityPass sul cellulare e non sia in grado di mostrare la presenza dell\u2019abbonamento su di esso; se validamente identificato, ha il diritto di regolarizzare la propria posizione in una delle seguenti due modalit\u00e0:\n<ul>\n<li>pagando all\u2019Agente accertatore con denaro contato o moneta elettronica la sanzione di euro 2,50 se consultando al momento gli archivi \u00e8 risultata la presenza dell\u2019abbonamento;<\/li>\n<li>presentandosi personalmente entro cinque giorni lavorativi in una delle biglietterie AMT con abbonamento, documento di identit\u00e0, verbale pagando la sanzione di euro 2,00. In assenza di valida identificazione del sanzionato durante la verifica o di regolarizzazione secondo una delle due modalit\u00e0 sopra esposte, saranno applicate le sanzioni previste in caso di mancanza di titolo di viaggio.<\/li>\n<\/ul>\n<\/li>\n<li>La mancata esibizione di abbonamento cartaceo non nominativo \u00e8 sempre sanzionata come mancanza di titolo di viaggio e non \u00e8 regolarizzabile presentando l\u2019abbonamento in un secondo momento.<\/li>\n<li>Il passeggero \u00e8 tenuto ad accertare l\u2019esattezza della timbratura effettuata dall\u2019obliteratrice sul documento di viaggio e a segnalare immediatamente l\u2019eventuale errore al personale di servizio.<\/li>\n<li>Il personale AMT addetto alla verifica dei titoli di viaggio riveste qualifica di Pubblico Ufficiale in quanto Agente di Polizia Regionale; il passeggero cui sia contestata una violazione \u00e8 tenuto a fornire le proprie generalit\u00e0: il rifiuto \u00e8 punito con l\u2019arresto fino a un mese o con l\u2019ammenda fino a euro 206 (art.651 CP) mentre fornire generalit\u00e0 false \u00e8 un reato punito con la reclusione da uno a cinque anni (art. 496 CP).<\/li>\n<\/ul>\n<p>Per modalit\u00e0 di pagamento delle sanzioni e diritti del sanzionato: <a href=\"https:\/\/www.amt.genova.it\/amt\/clienti\/regolamenti-e-sanzioni\/sanzioni\/\">clicca qui<\/a> o telefonare al Call Center Sanzioni 010 55 82 020.<\/p>\n<p><strong>Customer services<\/strong><\/p>\n<p>Info AMT +39 010 55 8114 - www.amt.genova.it<br \/>\nAMT information center - AMT Point Palazzo Ducale<br \/>\nLost and Found\u00a0 +39 010 55 8114.<\/p>\n<p><strong>Per informazioni: Servizio Clienti 848 000 030<\/strong><\/p>\n<p>&nbsp;<\/p>\n ","protected":false},"excerpt":{"rendered":"REGOLAMENTO DI VIAGGIO - AUTOBUS\u00a0 PROVINCIALE\u00a0 \u00a0 \u00a0 \u00a0 \u00a0 \u00a0 \u00a0 \u00a0 \u00a0 \u00a0 \u00a0 \u00a0 \u00a0 \u00a0 \u00a0 \u00a0\u00a0 Il regolamento di viaggio disciplina l\u2019accesso ai servizi di trasporto pubblico, favorisce la convivenza civile fra i passeggeri, la sicurezza del viaggio e la collaborazione fra cittadini e il personale AMT. \u00c8 fatto obbligo a tutti i passeggeri di&nbsp;<a href=\"https:\/\/www.amt.genova.it\/amt\/regolamenti-di-viaggio\/regolamento-bus-provinciale\/\" class=\"read-more\">Continue Reading<\/a>","protected":false},"author":2,"featured_media":0,"parent":15989,"menu_order":0,"comment_status":"closed","ping_status":"closed","template":"page-fullwidth.php","meta":{"footnotes":""},"class_list":["post-47235","page","type-page","status-publish","hentry"],"_links":{"self":[{"href":"https:\/\/www.amt.genova.it\/amt\/wp-json\/wp\/v2\/pages\/47235","targetHints":{"allow":["GET"]}}],"collection":[{"href":"https:\/\/www.amt.genova.it\/amt\/wp-json\/wp\/v2\/pages"}],"about":[{"href":"https:\/\/www.amt.genova.it\/amt\/wp-json\/wp\/v2\/types\/page"}],"author":[{"embeddable":true,"href":"https:\/\/www.amt.genova.it\/amt\/wp-json\/wp\/v2\/users\/2"}],"replies":[{"embeddable":true,"href":"https:\/\/www.amt.genova.it\/amt\/wp-json\/wp\/v2\/comments?post=47235"}],"version-history":[{"count":3,"href":"https:\/\/www.amt.genova.it\/amt\/wp-json\/wp\/v2\/pages\/47235\/revisions"}],"predecessor-version":[{"id":47435,"href":"https:\/\/www.amt.genova.it\/amt\/wp-json\/wp\/v2\/pages\/47235\/revisions\/47435"}],"up":[{"embeddable":true,"href":"https:\/\/www.amt.genova.it\/amt\/wp-json\/wp\/v2\/pages\/15989"}],"wp:attachment":[{"href":"https:\/\/www.amt.genova.it\/amt\/wp-json\/wp\/v2\/media?parent=47235"}],"curies":[{"name":"wp","href":"https:\/\/api.w.org\/{rel}","templated":true}]}}