{"id":46241,"date":"2024-09-24T11:23:41","date_gmt":"2024-09-24T09:23:41","guid":{"rendered":"https:\/\/www.amt.genova.it\/amt\/?page_id=46241"},"modified":"2024-09-24T11:23:41","modified_gmt":"2024-09-24T09:23:41","slug":"avviso-di-selezione-ingegnere-elettrico","status":"publish","type":"page","link":"https:\/\/www.amt.genova.it\/amt\/societa_trasparente\/bandi-di-concorso\/avviso-di-selezione-ingegnere-elettrico\/","title":{"rendered":"Avviso di Selezione Ingegnere Elettrico"},"content":{"rendered":"<p>AMT \u00e8 la Societ\u00e0 partecipata dal Comune di Genova e dalla Citt\u00e0 Metropolitana incaricata della programmazione, gestione e commercializzazione dei servizi di trasporto multimodali (gomma, ferro, fune, via mare) a Genova.<br \/>\nL'Azienda \u00e8 al servizio della Citt\u00e0 anche nell'attuazione del Piano di Mobilit\u00e0 Sostenibile e nell'innovazione per quanto attiene soluzioni trasportistiche e tecnologiche nel campo della mobilit\u00e0.<br \/>\nAMT attualmente ricerca personale da selezionare e da tenere in evidenza per eventuale assunzione nella seguente posizione:<\/p>\n<p>&nbsp;<\/p>\n<h1 style=\"text-align: center;\"><strong>INGEGNERE ELETTRICO<\/strong><\/h1>\n<p>&nbsp;<\/p>\n<p>La persona sar\u00e0 inserita all\u2019interno della Funzione \u201cImpianti Elettrici, Elettronici ed Energia\u201d alle dipendenze della Funzione \u201cInfrastrutture e Impianti Verticali\u201d. La posizione prevede le seguenti attivit\u00e0:<\/p>\n<ul>\n<li>supporto nella progettazione e nello sviluppo di sistemi per la trazione elettrica (impianti di ricarica per bus elettrici, sistemi di alimentazione per impianti di trazione in corrente continua);<\/li>\n<li>supporto tecnico nelle attivit\u00e0 operative di ricerca guasti;<\/li>\n<li>supporto nella gestione delle forniture energetiche;<\/li>\n<li>redazione di specifiche tecniche e\/o progetti per l\u2019affidamento di lavori o contratti di manutenzione, tramite procedure di appalto;<\/li>\n<li>redazione di documentazione tecnica quali schemi elettrici, relazioni tecniche, computi metrici, relazioni di calcolo;<\/li>\n<li>gestione dei rapporti con ditte terze in materia di impianti elettrici (impianti industriali in bassa tensione, cabine di trasformazione MT\/BT, sottostazioni di conversione dell\u2019energia elettrica per la trazione in corrente continua);<\/li>\n<li>direzione lavori.<\/li>\n<\/ul>\n<p>&nbsp;<\/p>\n<p><strong><u>Requisito obbligatorio richiesto<\/u><\/strong><strong>:<\/strong><\/p>\n<ul>\n<li>laurea magistrale in Ingegneria Elettrica<\/li>\n<\/ul>\n<p>&nbsp;<\/p>\n<p><strong><u>Requisiti preferenziali<\/u><\/strong><strong>:<\/strong><\/p>\n<ul>\n<li>abilitazione all\u2019esercizio della professione di Ingegnere;<\/li>\n<li>conoscenze in materia di impiantistica elettrica, con particolare riferimento al DM 37\/2008 e alle normative CEI per gli impianti di bassa tensione e per le cabine di trasformazione MT\/BT;<\/li>\n<li>conoscenza della normativa sui lavori elettrici;<\/li>\n<li>conoscenza degli schemi tradizionali di alimentazione dei sistemi di trazione elettrica (sottostazioni di alimentazione - schemi di potenza e schemi funzionali);<\/li>\n<li>buona conoscenza del Pacchetto Office;<\/li>\n<li>conoscenza di base di Autocad;<\/li>\n<li>conoscenza dei principali contenuti e dell\u2019architettura del Testo Unico sulla Sicurezza (D.Lgs.81\/2008);<\/li>\n<li>buona conoscenza della lingua inglese;<\/li>\n<li>esperienza nella gestione dei rapporti con ditte di manutenzione.<\/li>\n<\/ul>\n<p>&nbsp;<\/p>\n<p><strong><u>Saranno apprezzate le seguenti caratteristiche personali<\/u><\/strong><strong>:<\/strong><\/p>\n<ul>\n<li>assertivit\u00e0;<\/li>\n<li>attitudine al lavoro di gruppo;<\/li>\n<li>buone capacit\u00e0 di relazione.<\/li>\n<\/ul>\n<p>&nbsp;<\/p>\n<p>La Selezione per il Profilo in oggetto \u00e8 rivolta a uomini e donne (D.Lgs. 198\/2006), a candidati che risultino appartenenti alle categorie protette (L. 68\/99), nonch\u00e9 ai dipendenti delle Societ\u00e0 Partecipate dal Comune di Genova (in applicazione del Regolamento per le Societ\u00e0 Partecipate e del Protocollo di Intesa 3 dicembre 2018 tra Comune di Genova e Confederazioni CGIL, CISL E UIL).<\/p>\n<p>Per manifestare il proprio interesse a questa Selezione \u00e8 necessario compilare ed inviare on line, allegando dettagliato curriculum vitae, il Modulo raggiungibile dal link sottostante <strong>entro il 25 ottobre 2024<\/strong>:<\/p>\n<h2 style=\"text-align: center;\"><a href=\"https:\/\/www.amt.genova.it\/amt\/lavora-con-noi-2\/selezione-ingegnere-elettrico\/\"><strong>MODULO<\/strong><\/a><\/h2>\n<p>&nbsp;<\/p>\n<p><u>Eventuali curricula inviati in precedenza o trasmessi con altro mezzo non saranno presi in considerazione per questa Selezione<\/u>.<\/p>\n<p>&nbsp;<\/p>\n<p><strong><u>Iter selettivo<\/u><\/strong><\/p>\n<p><strong><em>FASE 1: Screening curricula<\/em><\/strong><\/p>\n<p>La fase di screening delle candidature pervenute prevede la <span style=\"text-decoration: line-through;\">valutazione<\/span> verifica dei requisiti dichiarati dai candidati nei rispettivi CV. Quanto dichiarato dal candidato verr\u00e0 confrontato con quanto richiesto nel presente Avviso di Selezione, attraverso una scala di corrispondenza al profilo ricercato. Le candidature valutate adeguatamente in possesso dei requisiti richiesti potranno accedere alla Fase 2.<\/p>\n<p>&nbsp;<\/p>\n<p><strong><em>FASE 2: Colloquio Tecnico<\/em><\/strong><\/p>\n<p>I candidati che avranno superato lo screening cv saranno convocati per un colloquio tecnico (Fase 2), a cura di una Commissione di esperti aziendali, che potr\u00e0 essere eventualmente corredato da prove pratiche, test e questionari.<\/p>\n<p>I candidati saranno valutati in base al livello di effettivo possesso dei requisiti tecnico-professionali richiesti e sopra descritti, espresso da griglie numeriche che andranno a comporre la scheda di valutazione globale espressa in centesimi.<\/p>\n<p>Per considerare superata questa seconda Fase, occorre raggiungere un punteggio minimo di 70\/100 dato dalla somma dei punteggi delle diverse griglie espresse nella scheda di valutazione.<\/p>\n<p>&nbsp;<\/p>\n<p><strong><em>FASE 3: Colloquio Motivazionale<\/em><\/strong><\/p>\n<p>Coloro che avranno superato il colloquio tecnico saranno sottoposti ad un secondo colloquio con la Direzione Aziendale (Fase 3), volto a valutare attraverso una ulteriore scheda di valutazione numerica espressa in trentesimi gli aspetti attitudinali, relazionali e motivazionali del candidato in funzione del ruolo ricercato. Supereranno la Selezione i candidati che avranno ottenuto in questo secondo colloquio un punteggio maggiore di 20\/30.<\/p>\n<p>Entrambi i colloqui potranno svolgersi in presenza in Azienda o a distanza via web, secondo quanto indicato nella convocazione trasmessa via e-mail all\u2019indirizzo indicato da ognuno nel proprio cv.<\/p>\n<p>&nbsp;<\/p>\n<p><strong><u>Requisiti necessari per l\u2019assunzione<\/u><\/strong><strong>:<\/strong><\/p>\n<p>All'atto dell'eventuale assunzione, il candidato individuato, pena l'esclusione, dovr\u00e0 possedere i seguenti requisiti:<\/p>\n<ul>\n<li>idoneit\u00e0 psico-fisica;<\/li>\n<li>godimento dei diritti politici;<\/li>\n<li>assenza di condanne penali o procedimenti penali pendenti<\/li>\n<li>(come descritto nella <a href=\"https:\/\/www.amt.genova.it\/amt\/wp-content\/uploads\/2024\/03\/PROCEDURA_SELEZIONE_SUPPER11_01.03.2024.pdf\"><strong>Procedura Selezione e Assunzione del Personale AMT<\/strong><\/a> e <a href=\"https:\/\/www.amt.genova.it\/amt\/wp-content\/uploads\/2024\/03\/Scheda-Reati.pdf\"><strong>Scheda Reati<\/strong><\/a> allegata);<\/li>\n<li>per i cittadini extracomunitari permesso di soggiorno in corso di validit\u00e0;<\/li>\n<li>piena conoscenza della lingua italiana.<\/li>\n<\/ul>\n<p><strong>Dichiarazioni non corrispondenti a verit\u00e0 comporteranno l'immediata esclusione in qualsiasi fase della Selezione<\/strong>. In caso di dichiarazioni non corrispondenti a verit\u00e0, AMT si riserva di procedere ad eventuali segnalazioni agli Organi competenti, ai sensi della normativa vigente.<\/p>\n<p>L\u2019eventuale assunzione avverr\u00e0 con inquadramento commisurato al livello di competenza posseduto, secondo quanto disposto dalle vigenti normative di legge e dal CCNL Autoferrotranvieri.<\/p>\n<p><strong><u>Informazioni ai candidati<\/u><\/strong><\/p>\n<p>Si ricorda che tutti gli aggiornamenti relativi a questa Selezione saranno pubblicati sul sito web di AMT nella pagina dedicata.<\/p>\n<p><strong>AMT declina ogni responsabilit\u00e0 in caso di mancato recapito della convocazione a causa di errato inserimento da parte del candidato del proprio indirizzo e-mail.<\/strong><\/p>\n<p>LA PRESENZA ALLA SELEZIONE COMPORTA L'IMPLICITA ACCETTAZIONE DI TUTTE LE DISPOSIZIONI PREVISTE DAL PRESENTE AVVISO DI SELEZIONE.<\/p>\n<p style=\"text-align: right;\">Genova, 24\/09\/2024<\/p>\n ","protected":false},"excerpt":{"rendered":"AMT \u00e8 la Societ\u00e0 partecipata dal Comune di Genova e dalla Citt\u00e0 Metropolitana incaricata della programmazione, gestione e commercializzazione dei servizi di trasporto multimodali (gomma, ferro, fune, via mare) a Genova. L'Azienda \u00e8 al servizio della Citt\u00e0 anche nell'attuazione del Piano di Mobilit\u00e0 Sostenibile e nell'innovazione per quanto attiene soluzioni trasportistiche e tecnologiche nel campo della mobilit\u00e0. AMT attualmente ricerca&nbsp;<a href=\"https:\/\/www.amt.genova.it\/amt\/societa_trasparente\/bandi-di-concorso\/avviso-di-selezione-ingegnere-elettrico\/\" class=\"read-more\">Continue Reading<\/a>","protected":false},"author":2,"featured_media":0,"parent":3561,"menu_order":0,"comment_status":"closed","ping_status":"closed","template":"page-fullwidth.php","meta":{"footnotes":""},"class_list":["post-46241","page","type-page","status-publish","hentry"],"_links":{"self":[{"href":"https:\/\/www.amt.genova.it\/amt\/wp-json\/wp\/v2\/pages\/46241","targetHints":{"allow":["GET"]}}],"collection":[{"href":"https:\/\/www.amt.genova.it\/amt\/wp-json\/wp\/v2\/pages"}],"about":[{"href":"https:\/\/www.amt.genova.it\/amt\/wp-json\/wp\/v2\/types\/page"}],"author":[{"embeddable":true,"href":"https:\/\/www.amt.genova.it\/amt\/wp-json\/wp\/v2\/users\/2"}],"replies":[{"embeddable":true,"href":"https:\/\/www.amt.genova.it\/amt\/wp-json\/wp\/v2\/comments?post=46241"}],"version-history":[{"count":4,"href":"https:\/\/www.amt.genova.it\/amt\/wp-json\/wp\/v2\/pages\/46241\/revisions"}],"predecessor-version":[{"id":46247,"href":"https:\/\/www.amt.genova.it\/amt\/wp-json\/wp\/v2\/pages\/46241\/revisions\/46247"}],"up":[{"embeddable":true,"href":"https:\/\/www.amt.genova.it\/amt\/wp-json\/wp\/v2\/pages\/3561"}],"wp:attachment":[{"href":"https:\/\/www.amt.genova.it\/amt\/wp-json\/wp\/v2\/media?parent=46241"}],"curies":[{"name":"wp","href":"https:\/\/api.w.org\/{rel}","templated":true}]}}