{"id":46218,"date":"2024-09-23T13:01:49","date_gmt":"2024-09-23T11:01:49","guid":{"rendered":"https:\/\/www.amt.genova.it\/amt\/?page_id=46218"},"modified":"2024-10-21T09:43:17","modified_gmt":"2024-10-21T07:43:17","slug":"avviso-di-selezione-per-la-mansione-di-autista-bus-rif-abup-24-01","status":"publish","type":"page","link":"https:\/\/www.amt.genova.it\/amt\/societa_trasparente\/bandi-di-concorso\/avviso-di-selezione-per-la-mansione-di-autista-bus-rif-abup-24-01\/","title":{"rendered":"Avviso di Selezione per la Mansione di Autista Bus (rif. ABUP\/24\/01)"},"content":{"rendered":"<h1 style=\"text-align: center;\"><strong>Selezione per la Mansione di AUTISTA BUS (rif. ABUP\/24\/01):<\/strong><\/h1>\n<h2><strong>- Profilo Autista Bus Urbano<\/strong><\/h2>\n<h2><strong>- Profilo Autista Bus Trasporto Provinciale<\/strong><\/h2>\n<p>L'Autista Bus di AMT svolge quotidianamente il servizio di trasporto dei passeggeri, garantendone la sicurezza e la qualit\u00e0, rappresentando l'Azienda sul territorio della Citt\u00e0 Metropolitana di Genova per il Servizio Urbano (Bacino G Citt\u00e0 di Genova) e per il Trasporto Provinciale (Bacino TG Regione Liguria).<\/p>\n<p>AMT ricerca candidati che esprimano:<\/p>\n<ul>\n<li>Motivazione al ruolo di Autista Bus<\/li>\n<li>Orientamento al Cliente e ad attivit\u00e0 di Servizio al Pubblico<\/li>\n<li>Buone capacit\u00e0 di relazione e comunicazione<\/li>\n<li>Attitudine alla collaborazione, all\u2019ascolto ed alla condivisione delle informazioni<\/li>\n<li>Autonomia, responsabilit\u00e0, coscienziosit\u00e0 nello svolgimento dei compiti e capacit\u00e0 di attenzione<\/li>\n<li>Capacit\u00e0 di gestire situazioni di stress<\/li>\n<\/ul>\n<ol>\n<li><strong> Requisiti per la partecipazione alla Selezione<\/strong><\/li>\n<\/ol>\n<p>La Selezione per <strong>entrambi i Profili Urbano e Provinciale<\/strong> \u00e8 rivolta indistintamente a <strong>uomini e donne<\/strong> (Legge 903\/77 e Legge 125\/91), agli appartenenti alle <strong>categorie protette<\/strong> (Legge 68\/99 art. 1, art. 18), nonch\u00e9 ai <strong>dipendenti delle Societ\u00e0 Partecipate del Comune di Genova<\/strong> (in applicazione del Regolamento per le Societ\u00e0 Partecipate e del Protocollo di Intesa 3 dicembre 2018 tra Comune di Genova e Confederazioni CGIL, CISL E UIL). Il processo di Selezione viene svolto secondo i criteri di pari opportunit\u00e0, nel rispetto di quanto indicato nel CCNL di categoria, garantendo nelle varie fasi il rispetto dei principi di trasparenza, pubblicit\u00e0 ed imparzialit\u00e0.<\/p>\n<p>I requisiti per partecipare sono:<\/p>\n<ul>\n<li>per <strong>ENTRAMBI I PROFILI<\/strong> essere in possesso di <strong><u>PATENTE DI GUIDA CAT. D e CQC PASSEGGERI<\/u><\/strong> entrambe valide<\/li>\n<li><strong>limitatamente al PROFILO AUTISTA BUS URBANO<\/strong> appartenere ad almeno una delle seguenti Categorie:<\/li>\n<\/ul>\n<p><strong>CATEGORIA A<\/strong> non aver compiuto 30 anni<\/p>\n<p><strong>CATEGORIA B<\/strong> essere beneficiari di una delle seguenti tipologie di trattamento di disoccupazione <em>(*)<\/em>:<\/p>\n<ul>\n<li>Naspi<\/li>\n<li>Dis-Coll<\/li>\n<\/ul>\n<ol start=\"2\">\n<li><strong> Modalit\u00e0 di partecipazione<\/strong><\/li>\n<\/ol>\n<p>Per partecipare alla presente Selezione (rif. ABUP\/24\/01) \u00e8 necessario <strong>registrare i propri dati entro il 19 ottobre 2024<\/strong> compilando uno dei seguenti Moduli<\/p>\n<p>&nbsp;<\/p>\n<h2 style=\"text-align: center;\"><strong><em>MODULO AUTISTA BUS URBANO <\/em><\/strong><strong><em>(rif. ABU\/24\/02)<\/em><\/strong><\/h2>\n<p>&nbsp;<\/p>\n<h2 style=\"text-align: center;\"><strong><em>MODULO AUTISTA BUS TRASPORTO PROVINCIALE <\/em><\/strong><strong><em>(rif. ABP\/24\/01)<\/em><\/strong><\/h2>\n<p>&nbsp;<\/p>\n<p><strong>E\u2019 possibile partecipare alla Selezione per UNO SOLO dei due Profili<\/strong>, Autista Bus Urbano o Autista Bus Trasporto Provinciale, compilando il relativo Modulo. Si precisa che potranno essere modificati\/aggiornati i dati inseriti e che il sistema informatico acquisir\u00e0 <strong>SOLAMENTE L\u2019ULTIMA REGISTRAZIONE avvenuta entro i termini<\/strong>, annullando le registrazioni precedenti.<\/p>\n<p>I <strong>candidati<\/strong> che risulteranno <strong>in possesso dei requisiti di cui al Punto 1.<\/strong>, riceveranno attraverso mail la <strong>convocazione alla Selezione<\/strong>. Tutte le comunicazioni saranno inviate agli interessati tramite e-mail all'indirizzo fornito all\u2019atto della registrazione della candidatura.<\/p>\n<p><u>AMT declina ogni responsabilit\u00e0 in caso di mancato recapito della convocazione a causa di errato inserimento da parte del candidato del proprio indirizzo e-mail<\/u>.<\/p>\n<ol start=\"3\">\n<li><strong> Modalit\u00e0 di Selezione<\/strong><\/li>\n<\/ol>\n<p>Le Selezioni, distinte per ogni Profilo, potranno svolgersi in relazione alle effettive esigenze degli organici urbano e provinciale e secondo la numerosit\u00e0 dei candidati, attraverso una o pi\u00f9 fasi selettive e mediante l\u2019ausilio di diverse prove (per es.: test attitudinali\/quiz tecnici e quesiti\/questionari\/colloqui di gruppo e colloqui individuali).<\/p>\n<p>Le suddette <strong>prove uguali per entrambi i Profili<\/strong> intendono valutare il grado di corrispondenza del candidato alle caratteristiche distintive del Profilo dell\u2019Autista Bus sopra esplicitate.<\/p>\n<p>I candidati che avranno superato tutte le fasi della Selezione per il Profilo scelto e dichiarato in autocertificazione saranno inseriti in <strong>due distinte Graduatorie<\/strong>:<\/p>\n<ul>\n<li><strong>Graduatoria AUTISTA BUS URBANO<\/strong> - <strong> ABU\/24\/02<\/strong><\/li>\n<li><strong>Graduatoria AUTISTA BUS TRASPORTO PROVINCIALE<\/strong> - <strong> ABP\/24\/01<\/strong>.<\/li>\n<\/ul>\n<p>Le due Graduatorie avranno validit\u00e0 24 mesi dalla data di pubblicazione.<\/p>\n<p>Il punteggio che dar\u00e0 origine alla posizione in Graduatoria sar\u00e0 ottenuto attraverso una valutazione numerica di tutte prove fatte e di cui sopra, espressa in centesimi. Per considerare superata la Selezione occorre raggiungere un punteggio minimo di 60\/100 dato dalla somma dei punteggi ottenuti nelle sei diverse voci di valutazione sopradescritte e specifiche del Profilo dell\u2019Autista Bus. A parit\u00e0 di punteggio, le posizioni nelle diverse Graduatorie saranno definite in base alla maggiore anzianit\u00e0 anagrafica.<\/p>\n<p><strong>In caso di rinuncia, il candidato verr\u00e0 escluso dalla propria Graduatoria. Non \u00e8 prevista la collocazione nella Graduatoria alternativa.<\/strong><\/p>\n<ol start=\"4\">\n<li><strong> Assunzioni<\/strong><\/li>\n<\/ol>\n<p>AMT potr\u00e0 attingere dalle Graduatorie di cui sopra per eventuali assunzioni attraverso una delle diverse tipologie contrattuali previste ai sensi di legge - profilo professionale <strong>Operatore di Esercizio parametro retributivo 140<\/strong> previste dal vigente <strong>CCNL Autoferrotranvieri<\/strong>. <strong>Per il Profilo Autista Bus Urbano<\/strong> l\u2019assunzione avverr\u00e0 con <strong>Contratto di Apprendistato Professionalizzante<\/strong> della durata di 36 mesi.<\/p>\n<p>Al momento dell\u2019eventuale proposta di assunzione, i candidati in Graduatoria dovranno essere in possesso di tutti gli altri requisiti necessari elencati sotto:<\/p>\n<p><strong><u>PER IL PROFILO AUTISTA BUS URBANO<\/u><\/strong><\/p>\n<p><strong>CATEGORIA A<\/strong> non avere compiuto i 30 anni di et\u00e0 <em>(**)<\/em><\/p>\n<p><strong>CATEGORIA B<\/strong> essere beneficiari di una delle seguenti tipologie di trattamento di disoccupazione:<\/p>\n<ul>\n<li>Naspi<\/li>\n<li>Dis-Coll<\/li>\n<\/ul>\n<p><strong><u>PER ENTRAMBI I PROFILI<\/u><\/strong><\/p>\n<ul>\n<li>patente di guida D e CQC passeggeri in corso di validit\u00e0;<\/li>\n<li>idoneit\u00e0 psico-fisica a seguito degli accertamenti obbligatori per legge da effettuarsi presso Enti\/Strutture preposti (D.M. 88\/99);<\/li>\n<li>godimento dei diritti politici;<\/li>\n<li>assenza di condanne penali o procedimenti penali pendenti (come descritto nella <a href=\"https:\/\/www.amt.genova.it\/amt\/wp-content\/uploads\/2024\/03\/PROCEDURA_SELEZIONE_SUPPER11_01.03.2024.pdf\"><strong>Procedura Selezione e Assunzione del Personale AMT<\/strong><\/a> e <a href=\"https:\/\/www.amt.genova.it\/amt\/wp-content\/uploads\/2024\/03\/Scheda-Reati.pdf\"><strong>Scheda Reati<\/strong><\/a> allegata);<\/li>\n<li>per i cittadini extracomunitari, permesso di soggiorno per motivi di lavoro in corso di validit\u00e0;<\/li>\n<li>buona conoscenza della lingua italiana;<\/li>\n<li>per i candidati appartenenti alle Categorie Protette, iscrizione alle liste di Collocamento Mirato.<\/li>\n<\/ul>\n<p>&nbsp;<\/p>\n<p><em>(*)<\/em> <em>potranno partecipare <strong>con riserva<\/strong> alle fasi operative di Selezione i candidati che, in fase di identificazione, autocertificheranno sotto propria responsabilit\u00e0 attraverso l\u2019apposito Modulo di essere <strong>beneficiari di NASPI alla data della registrazione e che permarranno in tale condizione per tutto l\u2019iter selettivo, fino alla data dell\u2019eventuale assunzione<\/strong>.<\/em> In caso di dichiarazioni non corrispondenti a verit\u00e0, AMT si riserva di procedere ad eventuali segnalazioni agli Organi competenti, ai sensi della normativa vigente.<\/p>\n<p><em>(**)<\/em> <em>si precisa che, <strong>compiuti i 30 anni<\/strong>, i candidati appartenenti alla <strong>categoria A<\/strong> presenti in graduatoria <strong>NON POTRANNO ESSERE ASSUNTI<\/strong><\/em>, fatto salvo che non risultino beneficiari, al momento della chiamata per l\u2019assunzione, di una delle seguenti tipologie di trattamento di disoccupazione:<\/p>\n<ul>\n<li>Naspi<\/li>\n<li>Dis-Coll<\/li>\n<\/ul>\n<ol start=\"5\">\n<li><strong> Ulteriori informazioni<\/strong><\/li>\n<\/ol>\n<p><strong>Dichiarazioni non corrispondenti a verit\u00e0 comporteranno l'immediata esclusione in qualsiasi fase della Selezione<\/strong>.<\/p>\n<p>I candidati gi\u00e0 iscritti al DB della Ricerca di Personale Autista Bus alla data del presente Avviso di Selezione potranno partecipare a questa Selezione seguendo quanto indicato al Punto 1. e Punto 2. dello stesso.<\/p>\n<p>La presenza alla Selezione comporta l'implicita accettazione di tutte le disposizioni previste dal presente Avviso di Selezione.<\/p>\n<p>&nbsp;<\/p>\n<p>EVENTUALI SUCCESSIVE INFORMAZIONI RELATIVE ALLA PRESENTE SELEZIONE POTRANNO ESSERE FORNITE ATTRAVERSO IL SITO WEB AMT, CONCLUSE LE FASI DI ISCRIZIONE E DI ACCETTAZIONE DELLE DOMANDE.<\/p>\n<p>&nbsp;<\/p>\n<p style=\"text-align: right;\">Genova, 23\/09\/2024<\/p>\n ","protected":false},"excerpt":{"rendered":"Selezione per la Mansione di AUTISTA BUS (rif. ABUP\/24\/01): - Profilo Autista Bus Urbano - Profilo Autista Bus Trasporto Provinciale L'Autista Bus di AMT svolge quotidianamente il servizio di trasporto dei passeggeri, garantendone la sicurezza e la qualit\u00e0, rappresentando l'Azienda sul territorio della Citt\u00e0 Metropolitana di Genova per il Servizio Urbano (Bacino G Citt\u00e0 di Genova) e per il Trasporto&nbsp;<a href=\"https:\/\/www.amt.genova.it\/amt\/societa_trasparente\/bandi-di-concorso\/avviso-di-selezione-per-la-mansione-di-autista-bus-rif-abup-24-01\/\" class=\"read-more\">Continue Reading<\/a>","protected":false},"author":2,"featured_media":0,"parent":3561,"menu_order":0,"comment_status":"closed","ping_status":"closed","template":"page-fullwidth.php","meta":{"footnotes":""},"class_list":["post-46218","page","type-page","status-publish","hentry"],"_links":{"self":[{"href":"https:\/\/www.amt.genova.it\/amt\/wp-json\/wp\/v2\/pages\/46218","targetHints":{"allow":["GET"]}}],"collection":[{"href":"https:\/\/www.amt.genova.it\/amt\/wp-json\/wp\/v2\/pages"}],"about":[{"href":"https:\/\/www.amt.genova.it\/amt\/wp-json\/wp\/v2\/types\/page"}],"author":[{"embeddable":true,"href":"https:\/\/www.amt.genova.it\/amt\/wp-json\/wp\/v2\/users\/2"}],"replies":[{"embeddable":true,"href":"https:\/\/www.amt.genova.it\/amt\/wp-json\/wp\/v2\/comments?post=46218"}],"version-history":[{"count":13,"href":"https:\/\/www.amt.genova.it\/amt\/wp-json\/wp\/v2\/pages\/46218\/revisions"}],"predecessor-version":[{"id":46675,"href":"https:\/\/www.amt.genova.it\/amt\/wp-json\/wp\/v2\/pages\/46218\/revisions\/46675"}],"up":[{"embeddable":true,"href":"https:\/\/www.amt.genova.it\/amt\/wp-json\/wp\/v2\/pages\/3561"}],"wp:attachment":[{"href":"https:\/\/www.amt.genova.it\/amt\/wp-json\/wp\/v2\/media?parent=46218"}],"curies":[{"name":"wp","href":"https:\/\/api.w.org\/{rel}","templated":true}]}}