{"id":45069,"date":"2024-06-03T13:59:26","date_gmt":"2024-06-03T11:59:26","guid":{"rendered":"https:\/\/www.amt.genova.it\/amt\/?page_id=45069"},"modified":"2024-07-01T17:48:49","modified_gmt":"2024-07-01T15:48:49","slug":"avviso-selezione-tecnico-informatico-networking-e-sicurezza","status":"publish","type":"page","link":"https:\/\/www.amt.genova.it\/amt\/societa_trasparente\/bandi-di-concorso\/avviso-selezione-tecnico-informatico-networking-e-sicurezza\/","title":{"rendered":"Avviso Selezione Tecnico Informatico Networking e Sicurezza"},"content":{"rendered":"<p>AMT S.p.A. \u00e8 la Societ\u00e0 partecipata dal Comune di Genova, dalla Citt\u00e0 Metropolitana e da altri enti pubblici, incaricata dell'organizzazione e della gestione della mobilit\u00e0 pubblica nelle aree urbane ed extraurbane.<\/p>\n<p>In particolare, si occupa dell'organizzazione, dell'esercizio e della gestione complessiva dei servizi di trasporto, direttamente, indirettamente, e mediante sub-affidamento a terzi, nonch\u00e9 dell'attuazione di interventi di interesse pubblico nell'ambito della progettazione e realizzazione di sistemi e tecnologie di trasporto a supporto dei progetti di mobilit\u00e0 urbana.<\/p>\n<p>AMT S.p.A., \u00e8 incaricata, in qualit\u00e0 di soggetto attuatore, della gestione di significative fasi di sviluppo di progetti innovativi di elettrificazione ed ampliamento della rete, dei mezzi e delle tecnologie di trasporto gestiti dall\u2019azienda, sia su gomma, sia su ferro, sia a fune, ed \u00e8 chiamata altres\u00ec a supportare gli Enti Locali nello studio di fattibilit\u00e0 e nello sviluppo di nuovi sistemi di mobilit\u00e0, proponendosi come realt\u00e0 di eccellenza anche in tale ambito.<\/p>\n<p>Attualmente l\u2019Azienda ricerca personale da selezionare e da tenere in evidenza per eventuale assunzione nella seguente posizione:<\/p>\n<p>&nbsp;<\/p>\n<h2 style=\"text-align: center;\"><strong>Tecnico Informatico Networking e Sicurezza<\/strong><\/h2>\n<p>La persona ricercata sar\u00e0 inserita all\u2019interno della Funzione \u201cSicurezza Informatica e Networking\u201d alle dipendenze della Funzione \u201cTecnologie, Simon e Videosorveglianza\u201d. La posizione prevede le seguenti attivit\u00e0:<\/p>\n<ul>\n<li>gestione incidenti di sicurezza;<\/li>\n<li>analisi eventi;<\/li>\n<li>gestione vulnerabilit\u00e0;<\/li>\n<li>progettazione LAN\/WAN.<\/li>\n<\/ul>\n<p><strong><u>Requisiti obbligatori richiesti<\/u><\/strong>:<\/p>\n<ul>\n<li>Diploma di scuola secondaria di secondo grado;<\/li>\n<li>Esperienza almeno biennale nella mansione;<\/li>\n<li>Capacit\u00e0 di analisi e gestione incidenti di sicurezza informatica;<\/li>\n<li>Conoscenze di networking, protocolli di comunicazione, apparati di rete;<\/li>\n<li>Conoscenze di sistemi di security e firewall;<\/li>\n<li>Capacit\u00e0 di analisi e gestione di sistemi informatici complessi;<\/li>\n<li>Conoscenza di amministrazione dei principali sistemi operativi;<\/li>\n<li>Patente B.<\/li>\n<\/ul>\n<p><strong><u>Requisiti preferenziali<\/u><\/strong>:<\/p>\n<ul>\n<li>Laurea in Informatica, Ingegneria o materie scientifiche;<\/li>\n<li>Certificazioni in ambito networking e security;<\/li>\n<li>Ulteriori qualifiche di specializzazione in ambito informatico.<\/li>\n<\/ul>\n<p>La Selezione per il Profilo in oggetto \u00e8 rivolta indistintamente a uomini e donne (D.Lgs. 198\/2006), a candidati che risultino appartenenti alle categorie protette (L. 68\/99), nonch\u00e9 ai dipendenti delle Societ\u00e0 Partecipate dal Comune di Genova (in applicazione del Regolamento per le Societ\u00e0 Partecipate e del Protocollo di Intesa 3 dicembre 2018 tra Comune di Genova e Confederazioni CGIL, CISL E UIL).<\/p>\n<p>Per manifestare il proprio interesse a questa Selezione \u00e8 necessario compilare ed inviare on line, allegando dettagliato curriculum vitae, il Modulo raggiungibile dal link sottostante <strong>entro il 30 giugno 2024<\/strong>:<\/p>\n<h2 style=\"text-align: center;\"><strong>MODULO<\/strong><\/h2>\n<p><u>Eventuali curricula inviati in precedenza o trasmessi con altro mezzo non saranno presi in considerazione per questa Selezione<\/u>.<\/p>\n<p><strong><u>Iter selettivo<\/u><\/strong><\/p>\n<p><strong><em>FASE 1: Screening curricula<\/em><\/strong><\/p>\n<p>La fase di screening delle candidature pervenute prevede la valutazione dei requisiti dichiarati dai candidati nei rispettivi CV. Quanto dichiarato dal candidato verr\u00e0 confrontato con quanto richiesto nel presente Avviso di Selezione, attraverso una scala di corrispondenza al profilo ricercato. Le candidature valutate adeguatamente in possesso dei requisiti richiesti potranno accedere alla Fase 2.<\/p>\n<p><strong><em>FASE 2: Colloquio Tecnico<\/em><\/strong><\/p>\n<p>I candidati che avranno superato lo screening cv saranno convocati per un colloquio tecnico (Fase 2), a cura di una Commissione di esperti aziendali, che potr\u00e0 essere eventualmente corredato da prove pratiche, test e questionari.<\/p>\n<p>I candidati saranno valutati in base al livello di effettivo possesso dei requisiti tecnico-professionali richiesti e sopradescritti, espresso da griglie numeriche che andranno a comporre la scheda di valutazione globale espressa in centesimi.<\/p>\n<p>Per considerare superata questa seconda Fase, occorre raggiungere un punteggio minimo di 70\/100 dato dalla somma dei punteggi delle diverse griglie espresse nella scheda di valutazione.<\/p>\n<p><strong><em>FASE 3: Colloquio Motivazionale<\/em><\/strong><\/p>\n<p>Coloro che avranno superato il colloquio tecnico saranno sottoposti ad un secondo colloquio con la Direzione Aziendale (Fase 3), volto a valutare attraverso una ulteriore scheda di valutazione numerica espressa in trentesimi gli aspetti attitudinali, relazionali e motivazionali del candidato in funzione del ruolo ricercato. Superano la Selezione i candidati che avranno ottenuto in questo secondo colloquio un punteggio maggiore di 20\/30.<\/p>\n<p>Entrambi i colloqui potranno svolgersi in presenza in Azienda o a distanza via web, secondo quanto indicato nella convocazione trasmessa via e-mail all\u2019indirizzo indicato da ognuno nel proprio cv.<\/p>\n<p><strong><u>Requisiti necessari per l\u2019assunzione<\/u><\/strong><strong>:<\/strong><\/p>\n<p>All'atto dell'eventuale assunzione, il candidato individuato, pena l'esclusione, dovr\u00e0 possedere i seguenti requisiti:<\/p>\n<ul>\n<li>idoneit\u00e0 psico-fisica;<\/li>\n<li>godimento dei diritti politici;<\/li>\n<li>assenza di condanne penali o procedimenti penali pendenti (come descritto nel \u2018Documento Selezione e Assunzione del Personale\u2019 AMT approvato il 1\u00b0 dicembre 2017 e pubblicato sul sito web di AMT);<\/li>\n<li>per i cittadini extracomunitari permesso di soggiorno in corso di validit\u00e0;<\/li>\n<li>piena conoscenza della lingua italiana.<\/li>\n<\/ul>\n<p><strong>Dichiarazioni non corrispondenti a verit\u00e0 comporteranno l'<u>immediata esclusione in qualsiasi fase della Selezione<\/u><\/strong>. In caso di dichiarazioni non corrispondenti a verit\u00e0, AMT si riserva di procedere ad eventuali segnalazioni agli Organi competenti, ai sensi della normativa vigente.<\/p>\n<p>L\u2019eventuale assunzione avverr\u00e0 con inquadramento commisurato al livello di competenza posseduto, secondo quanto disposto dalle vigenti normative di legge e dal CCNL Autoferrotranvieri.<\/p>\n<p><strong><u>Informazioni ai candidati<\/u><\/strong><\/p>\n<p>Si ricorda che tutti gli aggiornamenti relativi a questa Selezione saranno pubblicati sul sito web di AMT nella pagina dedicata.<\/p>\n<p><strong>AMT declina ogni responsabilit\u00e0 in caso di mancato recapito della convocazione a causa di errato inserimento da parte del candidato del proprio indirizzo e-mail.<\/strong><\/p>\n<p>LA PRESENZA ALLA SELEZIONE COMPORTA L'IMPLICITA ACCETTAZIONE DI TUTTE LE DISPOSIZIONI PREVISTE DAL PRESENTE AVVISO DI SELEZIONE.<\/p>\n<p style=\"text-align: right;\">Genova, 3 giugno 2024<\/p>\n ","protected":false},"excerpt":{"rendered":"AMT S.p.A. \u00e8 la Societ\u00e0 partecipata dal Comune di Genova, dalla Citt\u00e0 Metropolitana e da altri enti pubblici, incaricata dell'organizzazione e della gestione della mobilit\u00e0 pubblica nelle aree urbane ed extraurbane. In particolare, si occupa dell'organizzazione, dell'esercizio e della gestione complessiva dei servizi di trasporto, direttamente, indirettamente, e mediante sub-affidamento a terzi, nonch\u00e9 dell'attuazione di interventi di interesse pubblico nell'ambito&nbsp;<a href=\"https:\/\/www.amt.genova.it\/amt\/societa_trasparente\/bandi-di-concorso\/avviso-selezione-tecnico-informatico-networking-e-sicurezza\/\" class=\"read-more\">Continue Reading<\/a>","protected":false},"author":2,"featured_media":0,"parent":3561,"menu_order":0,"comment_status":"closed","ping_status":"closed","template":"page-fullwidth.php","meta":{"footnotes":""},"class_list":["post-45069","page","type-page","status-publish","hentry"],"_links":{"self":[{"href":"https:\/\/www.amt.genova.it\/amt\/wp-json\/wp\/v2\/pages\/45069","targetHints":{"allow":["GET"]}}],"collection":[{"href":"https:\/\/www.amt.genova.it\/amt\/wp-json\/wp\/v2\/pages"}],"about":[{"href":"https:\/\/www.amt.genova.it\/amt\/wp-json\/wp\/v2\/types\/page"}],"author":[{"embeddable":true,"href":"https:\/\/www.amt.genova.it\/amt\/wp-json\/wp\/v2\/users\/2"}],"replies":[{"embeddable":true,"href":"https:\/\/www.amt.genova.it\/amt\/wp-json\/wp\/v2\/comments?post=45069"}],"version-history":[{"count":5,"href":"https:\/\/www.amt.genova.it\/amt\/wp-json\/wp\/v2\/pages\/45069\/revisions"}],"predecessor-version":[{"id":45431,"href":"https:\/\/www.amt.genova.it\/amt\/wp-json\/wp\/v2\/pages\/45069\/revisions\/45431"}],"up":[{"embeddable":true,"href":"https:\/\/www.amt.genova.it\/amt\/wp-json\/wp\/v2\/pages\/3561"}],"wp:attachment":[{"href":"https:\/\/www.amt.genova.it\/amt\/wp-json\/wp\/v2\/media?parent=45069"}],"curies":[{"name":"wp","href":"https:\/\/api.w.org\/{rel}","templated":true}]}}