{"id":44990,"date":"2024-05-24T12:12:42","date_gmt":"2024-05-24T10:12:42","guid":{"rendered":"https:\/\/www.amt.genova.it\/amt\/?page_id=44990"},"modified":"2024-05-24T12:12:42","modified_gmt":"2024-05-24T10:12:42","slug":"dop-2","status":"publish","type":"page","link":"https:\/\/www.amt.genova.it\/amt\/amt-istituzionale\/amtinnova\/progetti\/dop-2\/","title":{"rendered":"DOP"},"content":{"rendered":"<p><img loading=\"lazy\" decoding=\"async\" class=\"wp-image-44971 alignleft\" src=\"https:\/\/www.amt.genova.it\/amt\/wp-content\/uploads\/2024\/05\/dop.png\" alt=\"\" width=\"124\" height=\"92\" srcset=\"https:\/\/www.amt.genova.it\/amt\/wp-content\/uploads\/2024\/05\/dop.png 469w, https:\/\/www.amt.genova.it\/amt\/wp-content\/uploads\/2024\/05\/dop-300x221.png 300w, https:\/\/www.amt.genova.it\/amt\/wp-content\/uploads\/2024\/05\/dop-200x150.png 200w\" sizes=\"auto, (max-width: 124px) 100vw, 124px\" \/><\/p>\n<p><strong>DOP<\/strong> (Data Ownership Platform per Mobility Data Exchange), un progetto cofinanziato dal Centro di Competenza Start 4.0 tramite un\u2019agevolazione concessa ai sensi del PNRR, MISSIONE 4 COMPONENTE 2 \u201cDalla ricerca all\u2019impresa\u201d, finanziato dall\u2019Unione Europea \u2013 NextGenerationEU.<\/p>\n<p>L\u2019obiettivo del progetto \u00e8 sviluppare la \u201cData Ownership Platform\u201d, un nuovo approccio alla gestione dei<strong> dati personali degli utenti<\/strong>, in modalit\u00e0 <strong>\u201cprivacy by design\u201d<\/strong>, in grado di garantire conformit\u00e0 sia al GDPR che alle normative europee.<\/p>\n<p>Il focus su cui verte la ricerca punta ad incrementare la protezione dei dati personali. Attualmente chi controlla l\u2019accesso all\u2019infrastruttura tecnica di un\u2019applicazione, possiede anche la visibilit\u00e0 sui dati. La tecnologia di progetto disaccoppia questi controlli, dando il controllo sulla visibilit\u00e0 dei dati al \u2018data owner\u2019 \u2013 ad esempio un cittadino che mediante una app invia dati dal GPS del suo smartphone.<\/p>\n<p>Il raggiungimento degli obiettivi \u00e8 garantito dalla solidit\u00e0 del partenariato, che include, oltre ad AMT, che tester\u00e0 i risultati della ricerca sulla propria APP Mobile, Ecosteer Srl, che si occupa da anni di innovazione nella gestione e condivisione di dati.<\/p>\n<p><img loading=\"lazy\" decoding=\"async\" class=\"alignleft  wp-image-44991\" src=\"https:\/\/www.amt.genova.it\/amt\/wp-content\/uploads\/2024\/05\/nexministrostrat4.png\" alt=\"\" width=\"353\" height=\"53\" srcset=\"https:\/\/www.amt.genova.it\/amt\/wp-content\/uploads\/2024\/05\/nexministrostrat4.png 730w, https:\/\/www.amt.genova.it\/amt\/wp-content\/uploads\/2024\/05\/nexministrostrat4-300x45.png 300w\" sizes=\"auto, (max-width: 353px) 100vw, 353px\" \/><\/p>\n ","protected":false},"excerpt":{"rendered":"DOP (Data Ownership Platform per Mobility Data Exchange), un progetto cofinanziato dal Centro di Competenza Start 4.0 tramite un\u2019agevolazione concessa ai sensi del PNRR, MISSIONE 4 COMPONENTE 2 \u201cDalla ricerca all\u2019impresa\u201d, finanziato dall\u2019Unione Europea \u2013 NextGenerationEU. L\u2019obiettivo del progetto \u00e8 sviluppare la \u201cData Ownership Platform\u201d, un nuovo approccio alla gestione dei dati personali degli utenti, in modalit\u00e0 \u201cprivacy by design\u201d,&nbsp;<a href=\"https:\/\/www.amt.genova.it\/amt\/amt-istituzionale\/amtinnova\/progetti\/dop-2\/\" class=\"read-more\">Continue Reading<\/a>","protected":false},"author":2,"featured_media":0,"parent":40782,"menu_order":0,"comment_status":"closed","ping_status":"closed","template":"page-fullwidth.php","meta":{"footnotes":""},"class_list":["post-44990","page","type-page","status-publish","hentry"],"_links":{"self":[{"href":"https:\/\/www.amt.genova.it\/amt\/wp-json\/wp\/v2\/pages\/44990","targetHints":{"allow":["GET"]}}],"collection":[{"href":"https:\/\/www.amt.genova.it\/amt\/wp-json\/wp\/v2\/pages"}],"about":[{"href":"https:\/\/www.amt.genova.it\/amt\/wp-json\/wp\/v2\/types\/page"}],"author":[{"embeddable":true,"href":"https:\/\/www.amt.genova.it\/amt\/wp-json\/wp\/v2\/users\/2"}],"replies":[{"embeddable":true,"href":"https:\/\/www.amt.genova.it\/amt\/wp-json\/wp\/v2\/comments?post=44990"}],"version-history":[{"count":6,"href":"https:\/\/www.amt.genova.it\/amt\/wp-json\/wp\/v2\/pages\/44990\/revisions"}],"predecessor-version":[{"id":44997,"href":"https:\/\/www.amt.genova.it\/amt\/wp-json\/wp\/v2\/pages\/44990\/revisions\/44997"}],"up":[{"embeddable":true,"href":"https:\/\/www.amt.genova.it\/amt\/wp-json\/wp\/v2\/pages\/40782"}],"wp:attachment":[{"href":"https:\/\/www.amt.genova.it\/amt\/wp-json\/wp\/v2\/media?parent=44990"}],"curies":[{"name":"wp","href":"https:\/\/api.w.org\/{rel}","templated":true}]}}