{"id":44983,"date":"2024-05-24T12:03:42","date_gmt":"2024-05-24T10:03:42","guid":{"rendered":"https:\/\/www.amt.genova.it\/amt\/?page_id=44983"},"modified":"2024-05-24T12:03:42","modified_gmt":"2024-05-24T10:03:42","slug":"mobiquity-2","status":"publish","type":"page","link":"https:\/\/www.amt.genova.it\/amt\/amt-istituzionale\/amtinnova\/progetti\/mobiquity-2\/","title":{"rendered":"Mobiquity"},"content":{"rendered":"<h3><\/h3>\n<p><img loading=\"lazy\" decoding=\"async\" class=\"wp-image-44967 alignleft\" src=\"https:\/\/www.amt.genova.it\/amt\/wp-content\/uploads\/2024\/05\/mobiquity.png\" alt=\"\" width=\"239\" height=\"169\" srcset=\"https:\/\/www.amt.genova.it\/amt\/wp-content\/uploads\/2024\/05\/mobiquity.png 408w, https:\/\/www.amt.genova.it\/amt\/wp-content\/uploads\/2024\/05\/mobiquity-300x212.png 300w\" sizes=\"auto, (max-width: 239px) 100vw, 239px\" \/><\/p>\n<p><strong>Mobiquity<\/strong> \u00e8 un progetto di ricerca e sviluppo che coinvolge AMT, cofinanziato dall\u2019Unione Europea, per mezzo del programma PR FESR Liguria 2021-2027.<\/p>\n<p>Il progetto, guidato dalla capofila TBridge, vede come partner anche le aziende Aitek, GGallery, LogOil, Nextage e l\u2019Universit\u00e0 degli Studi di Genova alla supervisione delle attivit\u00e0 di ricerca.<\/p>\n<p>Mobiquity \u00e8 orientato alla riduzione del gap di <strong>accessibilit\u00e0 al trasporto pubblico<\/strong> per le Persone a Mobilit\u00e0 Ridotta (PMR) e alla garanzia di un\u2019esperienza di viaggio sicura e confortevole, anche al fine di ridurre il divario in termini di opportunit\u00e0 di accesso ad attivit\u00e0 e servizi essenziali ed incentivare l\u2019aspirazione a coltivare un proprio spazio sociale.<\/p>\n<p>Per raggiungere questo obiettivo, il progetto segue aree principali di intervento:<\/p>\n<ul>\n<li>L\u2019implementazione di una piattaforma di sensibilizzazione, valutazione e monitoraggio del livello di accessibilit\u00e0 delle infrastrutture e dei servizi, pubblici e privati, dedicati alla mobilit\u00e0.<\/li>\n<li>Il coinvolgimento degli end-user, nella forma di utenti singoli, associazioni, istituzioni, nell\u2019individuazione delle priorit\u00e0 di intervento.<\/li>\n<li>La realizzazione di soluzioni tecnologiche Vehicle-to-Pedestrian (V2P) e Infrastructure-to-Pedestrian (I2P) in grado di agevolare e, ove possibile, favorire gli spostamenti delle persone con disabilit\u00e0 in piene condizioni di comfort e sicurezza.<\/li>\n<\/ul>\n<p>AMT partecipa attivamente al progetto, rendendo disponibile la propria esperienza e contando di sfruttare i risultati ottenuti per rendere l\u2019accessibilit\u00e0 un punto di forza del servizio di trasporto genovese.<\/p>\n<p><img loading=\"lazy\" decoding=\"async\" class=\"alignleft  wp-image-44974\" src=\"https:\/\/www.amt.genova.it\/amt\/wp-content\/uploads\/2024\/05\/fin-coesione.jpg\" alt=\"\" width=\"350\" height=\"65\" srcset=\"https:\/\/www.amt.genova.it\/amt\/wp-content\/uploads\/2024\/05\/fin-coesione.jpg 1103w, https:\/\/www.amt.genova.it\/amt\/wp-content\/uploads\/2024\/05\/fin-coesione-300x56.jpg 300w, https:\/\/www.amt.genova.it\/amt\/wp-content\/uploads\/2024\/05\/fin-coesione-1024x190.jpg 1024w, https:\/\/www.amt.genova.it\/amt\/wp-content\/uploads\/2024\/05\/fin-coesione-768x143.jpg 768w\" sizes=\"auto, (max-width: 350px) 100vw, 350px\" \/><\/p>\n ","protected":false},"excerpt":{"rendered":"Mobiquity \u00e8 un progetto di ricerca e sviluppo che coinvolge AMT, cofinanziato dall\u2019Unione Europea, per mezzo del programma PR FESR Liguria 2021-2027. Il progetto, guidato dalla capofila TBridge, vede come partner anche le aziende Aitek, GGallery, LogOil, Nextage e l\u2019Universit\u00e0 degli Studi di Genova alla supervisione delle attivit\u00e0 di ricerca. Mobiquity \u00e8 orientato alla riduzione del gap di accessibilit\u00e0 al&nbsp;<a href=\"https:\/\/www.amt.genova.it\/amt\/amt-istituzionale\/amtinnova\/progetti\/mobiquity-2\/\" class=\"read-more\">Continue Reading<\/a>","protected":false},"author":2,"featured_media":0,"parent":40782,"menu_order":0,"comment_status":"closed","ping_status":"closed","template":"page-fullwidth.php","meta":{"footnotes":""},"class_list":["post-44983","page","type-page","status-publish","hentry"],"_links":{"self":[{"href":"https:\/\/www.amt.genova.it\/amt\/wp-json\/wp\/v2\/pages\/44983","targetHints":{"allow":["GET"]}}],"collection":[{"href":"https:\/\/www.amt.genova.it\/amt\/wp-json\/wp\/v2\/pages"}],"about":[{"href":"https:\/\/www.amt.genova.it\/amt\/wp-json\/wp\/v2\/types\/page"}],"author":[{"embeddable":true,"href":"https:\/\/www.amt.genova.it\/amt\/wp-json\/wp\/v2\/users\/2"}],"replies":[{"embeddable":true,"href":"https:\/\/www.amt.genova.it\/amt\/wp-json\/wp\/v2\/comments?post=44983"}],"version-history":[{"count":2,"href":"https:\/\/www.amt.genova.it\/amt\/wp-json\/wp\/v2\/pages\/44983\/revisions"}],"predecessor-version":[{"id":44985,"href":"https:\/\/www.amt.genova.it\/amt\/wp-json\/wp\/v2\/pages\/44983\/revisions\/44985"}],"up":[{"embeddable":true,"href":"https:\/\/www.amt.genova.it\/amt\/wp-json\/wp\/v2\/pages\/40782"}],"wp:attachment":[{"href":"https:\/\/www.amt.genova.it\/amt\/wp-json\/wp\/v2\/media?parent=44983"}],"curies":[{"name":"wp","href":"https:\/\/api.w.org\/{rel}","templated":true}]}}