{"id":4468,"date":"2016-03-02T14:31:26","date_gmt":"2016-03-02T13:31:26","guid":{"rendered":"\/amt\/?page_id=4468"},"modified":"2025-11-05T11:56:18","modified_gmt":"2025-11-05T10:56:18","slug":"filavia","status":"publish","type":"page","link":"https:\/\/www.amt.genova.it\/amt\/filavia\/","title":{"rendered":"Filavia"},"content":{"rendered":"<h3>Gli accessi alle <strong>biglietterie AMT di Genova<\/strong> sono regolamentati da un sistema di prenotazione: \u00e8 possibile accedere <strong>solo su appuntamento<\/strong>.<\/h3>\n<p><a class=\"btn btn-primary\" href=\"https:\/\/www.amt.genova.it\/amt\/servizi\/app\/filavia.php\">Clicca qui per prenotare il tuo appuntamento<\/a><\/p>\n<h3><strong>Cos'\u00e8 Filavia<\/strong><\/h3>\n<p><strong>Filavia<\/strong> \u00e8 un sistema online che consente ai clienti di <strong>prenotare anticipatamente<\/strong> il proprio turno prima di recarsi presso le biglietterie AMT di:<\/p>\n<ul>\n<li>Palazzo Ducale<\/li>\n<li>Metro Brignole<\/li>\n<li>Via Bobbio 250r<\/li>\n<li>Via Avio 9r<\/li>\n<\/ul>\n<p>Al termine della procedura di prenotazione riceverai una <strong>mail di conferma<\/strong> con l\u2019indicazione dell\u2019orario e della biglietteria scelta.<br \/>\nTi baster\u00e0 presentarti allo sportello pochi minuti prima dell\u2019orario prenotato.<\/p>\n<p class=\"note\">Il progetto \u00e8 stato realizzato in collaborazione con la societ\u00e0 <strong>Tesia<\/strong>.<\/p>\n<p><img decoding=\"async\" src=\"https:\/\/www.amt.genova.it\/amt\/wp-content\/uploads\/2016\/03\/logo_tesia-300x54.gif\" alt=\"logo_tesia\" \/><\/p>\n ","protected":false},"excerpt":{"rendered":"Gli accessi alle biglietterie AMT di Genova sono regolamentati da un sistema di prenotazione: \u00e8 possibile accedere solo su appuntamento. Clicca qui per prenotare il tuo appuntamento Cos'\u00e8 Filavia Filavia \u00e8 un sistema online che consente ai clienti di prenotare anticipatamente il proprio turno prima di recarsi presso le biglietterie AMT di: Palazzo Ducale Metro Brignole Via Bobbio 250r Via&nbsp;<a href=\"https:\/\/www.amt.genova.it\/amt\/filavia\/\" class=\"read-more\">Continue Reading<\/a>","protected":false},"author":2,"featured_media":0,"parent":0,"menu_order":0,"comment_status":"closed","ping_status":"closed","template":"page-fullwidth.php","meta":{"footnotes":""},"class_list":["post-4468","page","type-page","status-publish","hentry"],"_links":{"self":[{"href":"https:\/\/www.amt.genova.it\/amt\/wp-json\/wp\/v2\/pages\/4468","targetHints":{"allow":["GET"]}}],"collection":[{"href":"https:\/\/www.amt.genova.it\/amt\/wp-json\/wp\/v2\/pages"}],"about":[{"href":"https:\/\/www.amt.genova.it\/amt\/wp-json\/wp\/v2\/types\/page"}],"author":[{"embeddable":true,"href":"https:\/\/www.amt.genova.it\/amt\/wp-json\/wp\/v2\/users\/2"}],"replies":[{"embeddable":true,"href":"https:\/\/www.amt.genova.it\/amt\/wp-json\/wp\/v2\/comments?post=4468"}],"version-history":[{"count":23,"href":"https:\/\/www.amt.genova.it\/amt\/wp-json\/wp\/v2\/pages\/4468\/revisions"}],"predecessor-version":[{"id":51160,"href":"https:\/\/www.amt.genova.it\/amt\/wp-json\/wp\/v2\/pages\/4468\/revisions\/51160"}],"wp:attachment":[{"href":"https:\/\/www.amt.genova.it\/amt\/wp-json\/wp\/v2\/media?parent=4468"}],"curies":[{"name":"wp","href":"https:\/\/api.w.org\/{rel}","templated":true}]}}