{"id":44211,"date":"2024-03-11T09:16:01","date_gmt":"2024-03-11T08:16:01","guid":{"rendered":"https:\/\/www.amt.genova.it\/amt\/?page_id=44211"},"modified":"2024-04-04T10:04:39","modified_gmt":"2024-04-04T08:04:39","slug":"avviso-di-selezione-per-la-mansione-di-autista-bus-trasporto-urbano-rif-abu-24-01","status":"publish","type":"page","link":"https:\/\/www.amt.genova.it\/amt\/societa_trasparente\/bandi-di-concorso\/avviso-di-selezione-per-la-mansione-di-autista-bus-trasporto-urbano-rif-abu-24-01\/","title":{"rendered":"Avviso di Selezione per la mansione di Autista Bus Trasporto Urbano (rif. ABU\/24\/01)"},"content":{"rendered":"<div class=\"alert alert-info fade in \">\n<p style=\"text-align: center;\"><strong>Aggiornamento del 15\/03\/2024<\/strong><br \/>\n<strong>Precisazione Requisiti di Partecipazione alla Selezione per la mansione di AUTISTA BUS URBANO (rif. ABU\/24\/01) CATEGORIA A<\/strong><br \/>\nSi precisa che verranno accettati <span style=\"text-decoration: underline;\">\u201ccon riserva\u201d<\/span> anche i candidati che, pur essendo nati in data antecedente al 31 dicembre 1994,<br \/>\nnon abbiano compiuto i 30 anni di et\u00e0 allo svolgimento dei colloqui.<br \/>\nResta inteso che al momento dell\u2019eventuale proposta di assunzione tutti i candidati dovranno essere<br \/>\nin possesso di tutti i requisiti necessari elencati al Punto 4) del presente Avviso di Selezione.<\/p>\n<\/div>\n<h1><\/h1>\n<h1 style=\"text-align: center;\"><strong>Selezione per la Mansione di AUTISTA BUS Trasporto Urbano<\/strong><\/h1>\n<h1 style=\"text-align: center;\"><strong>(rif. ABU\/24\/01)<\/strong><\/h1>\n<p>L'Autista Bus di AMT svolge quotidianamente il servizio di trasporto dei passeggeri, garantendone la sicurezza e la qualit\u00e0, rappresentando l'Azienda sul territorio della Citt\u00e0 Metropolitana di Genova per il Servizio Urbano (Bacino G Citt\u00e0 di Genova) e per il Trasporto Provinciale (Bacino TG Regione Liguria).<\/p>\n<p>AMT ricerca candidati che esprimano:<\/p>\n<ul>\n<li>Motivazione al ruolo di Autista Bus<\/li>\n<li>Orientamento al Cliente e ad attivit\u00e0 di Servizio al Pubblico<\/li>\n<li>Buone capacit\u00e0 di relazione e comunicazione<\/li>\n<li>Attitudine alla collaborazione, all\u2019ascolto ed alla condivisione delle informazioni<\/li>\n<li>Autonomia, responsabilit\u00e0, coscienziosit\u00e0 nello svolgimento dei compiti e capacit\u00e0 di attenzione<\/li>\n<li>Capacit\u00e0 di gestire situazioni di stress<\/li>\n<\/ul>\n<p>&nbsp;<\/p>\n<h2><strong>1)Requisiti per la partecipazione alla Selezione<\/strong><\/h2>\n<h3>(<u>appartenere ad almeno una delle seguenti categorie<\/u>):<\/h3>\n<p><strong>CATEGORIA A<\/strong> essere nati dopo il 31 dicembre 1994<\/p>\n<p><strong>CATEGORIA B<\/strong> essere nati prima del 1\u00b0 gennaio 1995 e, in questo caso, essere beneficiari di una delle seguenti tipologie di trattamento di disoccupazione <em>(*)<\/em>:<\/p>\n<ul>\n<li>Naspi<\/li>\n<li>Dis-Coll<\/li>\n<\/ul>\n<p><strong>CATEGORIA C<\/strong> risultare iscritti alle liste di Collocamento Mirato (Legge 68\/99 art. 1, art. 18)<\/p>\n<p><strong>PER TUTTE LE CATEGORIE A, B, C<\/strong> essere <strong>in possesso di Patente di guida D e CQC passeggeri<\/strong> entrambe valide.<\/p>\n<p>La Selezione \u00e8 rivolta indistintamente a uomini e donne (L.903\/77 e L.125\/91) e viene svolta secondo criteri di pari opportunit\u00e0, nel rispetto di quanto indicato nel CCNL di categoria, garantendo nelle varie fasi il rispetto dei principi di trasparenza, pubblicit\u00e0 ed imparzialit\u00e0.<\/p>\n<p>&nbsp;<\/p>\n<h2><strong>2)Modalit\u00e0 di partecipazione<\/strong><\/h2>\n<p>Per partecipare alla presente Selezione per la Mansione di AUTISTA BUS TRASPORTO URBANO (rif. ABU\/24\/01)\u00a0\u00e8 necessario <strong><u>registrare i propri dati<\/u><\/strong><u> <strong>entro il 25 marzo 2024<\/strong><\/u> compilando il seguente<\/p>\n<h1 style=\"text-align: center;\"><strong><em>MODULO (rif. ABU\/24\/01)<\/em><\/strong><\/h1>\n<p>I <strong>candidati <\/strong>che risulteranno <strong>in possesso dei requisiti di cui al Punto 1.<\/strong>, riceveranno attraverso mail la <strong>convocazione alla Selezione<\/strong>. Tutte le comunicazioni saranno inviate agli interessati tramite e-mail all'indirizzo fornito all\u2019atto della registrazione della candidatura.<\/p>\n<p><u>AMT declina ogni responsabilit\u00e0 in caso di mancato recapito della convocazione a causa di errato inserimento da parte del candidato del proprio indirizzo e-mail<\/u>.<\/p>\n<p>&nbsp;<\/p>\n<h2><strong>3)Iter selettivo<\/strong><\/h2>\n<p>La Selezione prevede lo svolgimento nella medesima giornata di <strong>pi\u00f9 prove<\/strong> (per es.: test\/quesiti\/questionari\/colloqui di gruppo e individuali), che saranno somministrate da una Commissione mista composta da personale esperto aziendale e personale specializzato di Societ\u00e0 esterne di selezione.<\/p>\n<p>Tutte le suddette prove si terranno <strong>a partire dal mese di aprile 2024<\/strong> e intendono valutare globalmente, attraverso una scala numerica espressa in centesimi, il <strong>grado di corrispondenza del candidato al profilo dell\u2019AUTISTA BUS<\/strong>, cos\u00ec articolato:<\/p>\n<ul>\n<li>Motivazione al ruolo di Autista Bus<\/li>\n<li>Orientamento al Cliente e ad attivit\u00e0 di servizio al Pubblico<\/li>\n<li>Buone capacit\u00e0 di relazione e comunicazione<\/li>\n<li>Attitudine alla collaborazione, all\u2019ascolto ed alla condivisione delle informazioni<\/li>\n<li>Autonomia, responsabilit\u00e0, coscienziosit\u00e0 nello svolgimento dei compiti e capacit\u00e0 di attenzione<\/li>\n<li>Capacit\u00e0 di gestire situazioni di stress<\/li>\n<\/ul>\n<p>Per considerare superata la Selezione occorre raggiungere un <strong>punteggio minimo<\/strong> di 60\/100 dato dalla somma dei punteggi ottenuti nelle 6 diverse voci di valutazione sopradescritte e specifiche del Profilo oggetto di Selezione.<\/p>\n<p>&nbsp;<\/p>\n<h2><strong>4)Graduatoria e assunzioni<\/strong><\/h2>\n<p>I candidati che avranno raggiunto il punteggio minimo verranno inseriti in una <strong>Graduatoria Finale (rif. ABU\/24\/01)<\/strong> che sar\u00e0 pubblicata sul sito web di AMT e avr\u00e0 <strong>validit\u00e0 per 24 mesi dalla data di pubblicazione<\/strong>, da cui AMT attinger\u00e0 per eventuali future esigenze di personale nel <strong>Trasporto Urbano<\/strong>. A parit\u00e0 di punteggio, la posizione in Graduatoria sar\u00e0 definita in base alla maggiore anzianit\u00e0 anagrafica.<\/p>\n<p><strong>Al momento dell\u2019eventuale proposta di assunzione tutti i candidati dovranno essere in possesso di tutti gli altri requisiti necessari elencati sotto:<\/strong><\/p>\n<p><strong>CATEGORIA A<\/strong> non avere compiuto i 30 anni di et\u00e0<\/p>\n<p><strong>CATEGORIA B<\/strong> essere beneficiari di una delle seguenti tipologie di trattamento di disoccupazione:<\/p>\n<ul>\n<li>Naspi<\/li>\n<li>Dis-Coll<\/li>\n<\/ul>\n<p><strong>CATEGORIA C<\/strong> risultare iscritti alle liste di Collocamento Mirato (Legge 68\/99 art. 1, art. 18)<\/p>\n<p><strong>Tutte le Categorie: A, B e C:<\/strong><\/p>\n<ul>\n<li>patente di guida D e CQC passeggeri in corso di validit\u00e0<\/li>\n<li>idoneit\u00e0 psico-fisica a seguito degli accertamenti obbligatori per legge da effettuarsi presso Enti\/Strutture preposti (D.M. 88\/99)<\/li>\n<li>godimento dei diritti politici<\/li>\n<li>assenza di condanne penali o procedimenti penali pendenti (come descritto nella <a href=\"https:\/\/www.amt.genova.it\/amt\/wp-content\/uploads\/2024\/03\/PROCEDURA_SELEZIONE_SUPPER11_01.03.2024.pdf\">Procedura Selezione e Assunzione del Personale AMT<\/a> e <a href=\"https:\/\/www.amt.genova.it\/amt\/wp-content\/uploads\/2024\/03\/Scheda-Reati.pdf\">scheda reati<\/a> allegata)<\/li>\n<li>per i cittadini extracomunitari, permesso di soggiorno per motivi di lavoro in corso di validit\u00e0<\/li>\n<li>buona conoscenza della lingua italiana.<\/li>\n<\/ul>\n<p>AMT potr\u00e0 attingere dalla Graduatoria di cui sopra per eventuali assunzioni attraverso il <strong>contratto di apprendistato professionalizzante della durata di 36 mesi<\/strong>. Solo per coloro che risulteranno iscritti alle liste di Collocamento Mirato (categoria C), potr\u00e0 eventualmente essere utilizzata altra tipologia contrattuale ai sensi di legge. Per tutti l\u2019inquadramento previsto \u00e8 quello relativo al profilo professionale <strong>Operatore di Esercizio parametro retributivo 140<\/strong> del vigente <strong>CCNL Autoferrotranvieri<\/strong>.<\/p>\n<p>&nbsp;<\/p>\n<h2><strong>Ulteriori informazioni<\/strong><\/h2>\n<p><strong>Dichiarazioni non corrispondenti a verit\u00e0 comporteranno l'immediata esclusione in qualsiasi fase della Selezione<\/strong>. In caso di dichiarazioni non corrispondenti a verit\u00e0, AMT si riserva di procedere ad eventuali segnalazioni agli Organi competenti, ai sensi della normativa vigente.<\/p>\n<p>&nbsp;<\/p>\n<p><em>(*) saranno ritenute <strong>valide ai fini della partecipazione alla Selezione<\/strong>, le candidature che autocertificheranno sotto propria responsabilit\u00e0, attraverso l\u2019apposito Modulo, di essere beneficiari di NASPI alla data del relativo invio.<\/em><\/p>\n<p>&nbsp;<\/p>\n<p><em>I <strong>candidati gi\u00e0 iscritti al DB della Ricerca di Personale Autista Bus<\/strong> alla data del presente Avviso di Selezione potranno partecipare a questa Selezione seguendo quanto indicato al <strong>Punto 1.<\/strong> e <strong>Punto 2.<\/strong> dello stesso.<\/em><\/p>\n<p>LA PRESENZA ALLA SELEZIONE COMPORTA L'IMPLICITA ACCETTAZIONE DI TUTTE LE DISPOSIZIONI PREVISTE DAL PRESENTE AVVISO DI SELEZIONE.<\/p>\n<p>&nbsp;<\/p>\n<p style=\"text-align: right;\">Genova, 11 marzo 2024<\/p>\n ","protected":false},"excerpt":{"rendered":"Selezione per la Mansione di AUTISTA BUS Trasporto Urbano (rif. ABU\/24\/01) L'Autista Bus di AMT svolge quotidianamente il servizio di trasporto dei passeggeri, garantendone la sicurezza e la qualit\u00e0, rappresentando l'Azienda sul territorio della Citt\u00e0 Metropolitana di Genova per il Servizio Urbano (Bacino G Citt\u00e0 di Genova) e per il Trasporto Provinciale (Bacino TG Regione Liguria). AMT ricerca candidati che&nbsp;<a href=\"https:\/\/www.amt.genova.it\/amt\/societa_trasparente\/bandi-di-concorso\/avviso-di-selezione-per-la-mansione-di-autista-bus-trasporto-urbano-rif-abu-24-01\/\" class=\"read-more\">Continue Reading<\/a>","protected":false},"author":2,"featured_media":0,"parent":3561,"menu_order":0,"comment_status":"closed","ping_status":"closed","template":"page-fullwidth.php","meta":{"footnotes":""},"class_list":["post-44211","page","type-page","status-publish","hentry"],"_links":{"self":[{"href":"https:\/\/www.amt.genova.it\/amt\/wp-json\/wp\/v2\/pages\/44211","targetHints":{"allow":["GET"]}}],"collection":[{"href":"https:\/\/www.amt.genova.it\/amt\/wp-json\/wp\/v2\/pages"}],"about":[{"href":"https:\/\/www.amt.genova.it\/amt\/wp-json\/wp\/v2\/types\/page"}],"author":[{"embeddable":true,"href":"https:\/\/www.amt.genova.it\/amt\/wp-json\/wp\/v2\/users\/2"}],"replies":[{"embeddable":true,"href":"https:\/\/www.amt.genova.it\/amt\/wp-json\/wp\/v2\/comments?post=44211"}],"version-history":[{"count":14,"href":"https:\/\/www.amt.genova.it\/amt\/wp-json\/wp\/v2\/pages\/44211\/revisions"}],"predecessor-version":[{"id":44498,"href":"https:\/\/www.amt.genova.it\/amt\/wp-json\/wp\/v2\/pages\/44211\/revisions\/44498"}],"up":[{"embeddable":true,"href":"https:\/\/www.amt.genova.it\/amt\/wp-json\/wp\/v2\/pages\/3561"}],"wp:attachment":[{"href":"https:\/\/www.amt.genova.it\/amt\/wp-json\/wp\/v2\/media?parent=44211"}],"curies":[{"name":"wp","href":"https:\/\/api.w.org\/{rel}","templated":true}]}}