{"id":43788,"date":"2024-02-07T13:43:20","date_gmt":"2024-02-07T12:43:20","guid":{"rendered":"https:\/\/www.amt.genova.it\/amt\/?page_id=43788"},"modified":"2024-03-06T11:40:06","modified_gmt":"2024-03-06T10:40:06","slug":"avviso-selezione-tecnico-filoviario","status":"publish","type":"page","link":"https:\/\/www.amt.genova.it\/amt\/societa_trasparente\/bandi-di-concorso\/avviso-selezione-tecnico-filoviario\/","title":{"rendered":"Avviso Selezione Tecnico Filoviario"},"content":{"rendered":"<p>AMT \u00e8 la Societ\u00e0 partecipata dal Comune di Genova e dalla Citt\u00e0 Metropolitana incaricata della programmazione, gestione e commercializzazione dei servizi di trasporto multimodali (gomma, ferro, fune, via mare) a Genova.<br \/>\nL'Azienda \u00e8 al servizio della Citt\u00e0 anche nell'attuazione del Piano di Mobilit\u00e0 Sostenibile e nell'innovazione per quanto attiene soluzioni trasportistiche e tecnologiche nel campo della mobilit\u00e0.<br \/>\nAMT intende essere un\u2019eccellenza nei compiti a lei affidati. Attualmente ricerca personale da selezionare e da tenere in evidenza per eventuale assunzione nella seguente posizione:<\/p>\n<p>&nbsp;<\/p>\n<h2 style=\"text-align: center;\"><strong>TECNICO FILOVIARIO<\/strong><\/h2>\n<p>&nbsp;<\/p>\n<p>La persona ricercata per quest\u2019area di attivit\u00e0 sar\u00e0 inserita all\u2019interno della Funzione \u201cManutenzione Bus\u201d. La posizione prevede le seguenti attivit\u00e0:<\/p>\n<ul>\n<li>attivit\u00e0 tecniche di supporto alla messa in servizio di nuovi veicoli filoviari;<\/li>\n<li>attivit\u00e0 di gestione del collaudo e verifica dei filoveicoli con l\u2019Ente terzo di controllo;<\/li>\n<li>progettazione della manutenzione dei filoveicoli;<\/li>\n<li>organizzazione e gestione della manutenzione dei filoveicoli, con personale interno e con ditte terze;<\/li>\n<li>redazione di documenti tecnici per l\u2019affidamento di attivit\u00e0 manutentive e riparative a ditte terze;<\/li>\n<li>attivit\u00e0 di ricerca guasti e diagnosi malfunzionamenti.<\/li>\n<\/ul>\n<p><strong><u>Requisiti obbligatori richiesti<\/u><\/strong><strong>:<\/strong><\/p>\n<ul>\n<li>Diploma di scuola secondaria di secondo grado;<\/li>\n<li>esperienza specifica nel campo filoviario non inferiore a 5 anni, con particolare riferimento agli azionamenti elettrici di bordo e relativi sistemi di controllo;<\/li>\n<li>ottima conoscenza dell\u2019elettronica di potenza e di segnali degli apparecchi elettrici di bordo.<\/li>\n<\/ul>\n<p><strong><u>Requisiti preferenziali<\/u><\/strong><strong>:<\/strong><\/p>\n<ul>\n<li>Laurea in materie tecniche;<\/li>\n<li>conoscenze in materia di sicurezza elettrica;<\/li>\n<li>conoscenza della normativa sui lavori elettrici;<\/li>\n<li>buona conoscenza del Pacchetto Office;<\/li>\n<li>conoscenza di base di Autocad;<\/li>\n<li>conoscenza dei principali contenuti e dell\u2019architettura del Testo Unico sulla Sicurezza (D.Lgs.81\/2008);<\/li>\n<li>buona conoscenza della lingua inglese;<\/li>\n<li>esperienza nella gestione dei rapporti con ditte di manutenzione.<\/li>\n<\/ul>\n<p><strong><u>Saranno apprezzate le seguenti caratteristiche personali<\/u><\/strong><strong>:<\/strong><\/p>\n<ul>\n<li>attitudine al lavoro di gruppo;<\/li>\n<li>assertivit\u00e0;<\/li>\n<li>buone capacit\u00e0 di relazione.<\/li>\n<\/ul>\n<p>La Selezione per il Profilo in oggetto \u00e8 rivolta indistintamente a uomini e donne (D.Lgs. 198\/2006), a candidati che risultino appartenenti alle categorie protette (L. 68\/99), nonch\u00e9 ai dipendenti delle Societ\u00e0 Partecipate dal Comune di Genova (in applicazione del Regolamento per le Societ\u00e0 Partecipate e del Protocollo di Intesa 3 dicembre 2018 tra Comune di Genova e Confederazioni CGIL, CISL E UIL).<\/p>\n<p>Per manifestare il proprio interesse a questa Selezione \u00e8 necessario compilare ed inviare on line, allegando dettagliato curriculum vitae, il Modulo raggiungibile dal link sottostante <strong>entro il 1\u00b0 marzo 2024<\/strong>:<\/p>\n<h2 style=\"text-align: center;\"><strong>MODULO<\/strong><\/h2>\n<p><u>Eventuali curricula inviati in precedenza o trasmessi con altro mezzo non saranno presi in considerazione per questa Selezione<\/u>.<\/p>\n<p><strong><u>Iter selettivo<\/u><\/strong><\/p>\n<p><strong><em>FASE 1: Screening curricula<br \/>\n<\/em><\/strong>La fase di screening delle candidature pervenute prevede la valutazione dei requisiti dichiarati dai candidati nei rispettivi CV. Quanto dichiarato dal candidato verr\u00e0 confrontato con quanto richiesto nel presente Avviso di Selezione, attraverso una scala di corrispondenza al profilo ricercato. Le candidature valutate adeguatamente in possesso dei requisiti richiesti potranno accedere alla Fase 2.<\/p>\n<p><strong><em>FASE 2: Colloquio Tecnico<br \/>\n<\/em><\/strong>I candidati che avranno superato lo screening cv saranno convocati per un colloquio tecnico (Fase 2), a cura di una Commissione di esperti aziendali, che potr\u00e0 essere eventualmente corredato da prove pratiche, test e questionari.<\/p>\n<p>I candidati saranno valutati in base al livello di effettivo possesso dei requisiti tecnico-professionali richiesti e sopradescritti, espresso da griglie numeriche che andranno a comporre la scheda di valutazione globale espressa in centesimi.<\/p>\n<p>Per considerare superata questa seconda Fase, occorre raggiungere un punteggio minimo di 70\/100 dato dalla somma dei punteggi delle diverse griglie espresse nella scheda di valutazione.<\/p>\n<p><strong><em>FASE 3: Colloquio Motivazionale<br \/>\n<\/em><\/strong>Coloro che avranno superato il colloquio tecnico saranno sottoposti ad un secondo colloquio con la Direzione Aziendale (Fase 3), volto a valutare attraverso una ulteriore scheda di valutazione numerica espressa in trentesimi gli aspetti attitudinali, relazionali e motivazionali del candidato in funzione del ruolo ricercato. Superano la Selezione i candidati che avranno ottenuto in questo secondo colloquio un punteggio maggiore di 20\/30.<\/p>\n<p>Entrambi i colloqui potranno svolgersi in presenza in Azienda o a distanza via web, secondo quanto indicato nella convocazione trasmessa via e-mail all\u2019indirizzo indicato da ognuno nel proprio cv.<\/p>\n<p><strong><u>Requisiti necessari per l\u2019assunzione<\/u><\/strong><strong>:<br \/>\n<\/strong>All'atto dell'eventuale assunzione, il candidato individuato, pena l'esclusione, dovr\u00e0 possedere i seguenti requisiti:<\/p>\n<ul>\n<li>idoneit\u00e0 psico-fisica;<\/li>\n<li>godimento dei diritti politici;<\/li>\n<li>assenza di condanne penali o procedimenti penali pendenti (come descritto nel \u2018Documento Selezione e Assunzione del Personale\u2019 AMT approvato il 1\u00b0 dicembre 2017 e pubblicato sul sito web di AMT);<\/li>\n<li>per i cittadini extracomunitari permesso di soggiorno in corso di validit\u00e0;<\/li>\n<li>piena conoscenza della lingua italiana.<\/li>\n<\/ul>\n<p><strong>Dichiarazioni non corrispondenti a verit\u00e0 comporteranno l'<u>immediata esclusione in qualsiasi fase della Selezione<\/u><\/strong>. In caso di dichiarazioni non corrispondenti a verit\u00e0, AMT si riserva di procedere ad eventuali segnalazioni agli Organi competenti, ai sensi della normativa vigente.<\/p>\n<p>L\u2019eventuale assunzione avverr\u00e0 con inquadramento commisurato al livello di competenza posseduto, secondo quanto disposto dalle vigenti normative di legge e dal CCNL Autoferrotranvieri.<\/p>\n<p><strong><u>Informazioni ai candidati<br \/>\n<\/u><\/strong>Si ricorda che tutti gli aggiornamenti relativi a questa Selezione saranno pubblicati sul sito web di AMT nella pagina dedicata.<\/p>\n<p>&nbsp;<\/p>\n<p><strong>AMT declina ogni responsabilit\u00e0 in caso di mancato recapito della convocazione a causa di errato inserimento da parte del candidato del proprio indirizzo e-mail.<\/strong><\/p>\n<p>LA PRESENZA ALLA SELEZIONE COMPORTA L'IMPLICITA ACCETTAZIONE DI TUTTE LE DISPOSIZIONI PREVISTE DAL PRESENTE AVVISO DI SELEZIONE.<\/p>\n<p style=\"text-align: right;\">Genova, 07 febbraio 2024<\/p>\n ","protected":false},"excerpt":{"rendered":"AMT \u00e8 la Societ\u00e0 partecipata dal Comune di Genova e dalla Citt\u00e0 Metropolitana incaricata della programmazione, gestione e commercializzazione dei servizi di trasporto multimodali (gomma, ferro, fune, via mare) a Genova. L'Azienda \u00e8 al servizio della Citt\u00e0 anche nell'attuazione del Piano di Mobilit\u00e0 Sostenibile e nell'innovazione per quanto attiene soluzioni trasportistiche e tecnologiche nel campo della mobilit\u00e0. AMT intende essere&nbsp;<a href=\"https:\/\/www.amt.genova.it\/amt\/societa_trasparente\/bandi-di-concorso\/avviso-selezione-tecnico-filoviario\/\" class=\"read-more\">Continue Reading<\/a>","protected":false},"author":2,"featured_media":0,"parent":3561,"menu_order":0,"comment_status":"closed","ping_status":"closed","template":"page-fullwidth.php","meta":{"footnotes":""},"class_list":["post-43788","page","type-page","status-publish","hentry"],"_links":{"self":[{"href":"https:\/\/www.amt.genova.it\/amt\/wp-json\/wp\/v2\/pages\/43788","targetHints":{"allow":["GET"]}}],"collection":[{"href":"https:\/\/www.amt.genova.it\/amt\/wp-json\/wp\/v2\/pages"}],"about":[{"href":"https:\/\/www.amt.genova.it\/amt\/wp-json\/wp\/v2\/types\/page"}],"author":[{"embeddable":true,"href":"https:\/\/www.amt.genova.it\/amt\/wp-json\/wp\/v2\/users\/2"}],"replies":[{"embeddable":true,"href":"https:\/\/www.amt.genova.it\/amt\/wp-json\/wp\/v2\/comments?post=43788"}],"version-history":[{"count":4,"href":"https:\/\/www.amt.genova.it\/amt\/wp-json\/wp\/v2\/pages\/43788\/revisions"}],"predecessor-version":[{"id":44133,"href":"https:\/\/www.amt.genova.it\/amt\/wp-json\/wp\/v2\/pages\/43788\/revisions\/44133"}],"up":[{"embeddable":true,"href":"https:\/\/www.amt.genova.it\/amt\/wp-json\/wp\/v2\/pages\/3561"}],"wp:attachment":[{"href":"https:\/\/www.amt.genova.it\/amt\/wp-json\/wp\/v2\/media?parent=43788"}],"curies":[{"name":"wp","href":"https:\/\/api.w.org\/{rel}","templated":true}]}}