{"id":42786,"date":"2024-01-11T16:08:19","date_gmt":"2024-01-11T15:08:19","guid":{"rendered":"https:\/\/www.amt.genova.it\/amt\/?page_id=42786"},"modified":"2025-12-17T14:32:37","modified_gmt":"2025-12-17T13:32:37","slug":"biglietto-4-corse","status":"publish","type":"page","link":"https:\/\/www.amt.genova.it\/amt\/biglietti-e-abbonamenti-2\/biglietti-e-carnet\/biglietto-4-corse\/","title":{"rendered":"Biglietto 4 corse"},"content":{"rendered":"<p><img loading=\"lazy\" decoding=\"async\" class=\"size-full wp-image-42570 alignleft\" style=\"font-size: 16px;\" src=\"https:\/\/www.amt.genova.it\/amt\/wp-content\/uploads\/2024\/01\/4-corse.jpg\" alt=\"\" width=\"288\" height=\"128\" \/><\/p>\n<p>Il carnet (\u20ac 4,00) \u00e8 valido per <strong>4 corse su ascensori, funicolare Sant'Anna, linee bus con capolinea periferico, servizi integrativi <\/strong>(non \u00e8 valido per il servizio integrativo I24 Marina Aeroporto - Sestri - Marina Aeroporto), <strong>Taxibus<\/strong>.<br \/>\nIl biglietto deve essere convalidato all'inizio di ogni corsa.<br \/>\nIl biglietto convalidato anche una sola volta non \u00e8 cedibile e deve essere conservato per tutta la durata del viaggio; pu\u00f2 essere utilizzato da pi\u00f9 persone contemporaneamente che viaggiano insieme purch\u00e8 siano convalidate altrettante corse.<\/p>\n<p><strong>Il biglietto quattro corse \u00e8\u00a0 valido su:<\/strong><\/p>\n<ul>\n<li><strong>Linee con capolinea periferico: <\/strong>51 - 52 - 57 - 59 - 62 - 64 - 65 - 67 - 71 - 74 - 88 - 89 - 93 - 94 - 96 - 97 - 101 - 128 - 151 - 158 - 159 - 160 - 165 - 170 - 172 - 188 - 189 - 190 - 192 - 193 - 199 - 270 - 272 - 273 - 275 - 340 - 355 - 374 - 375 - 377 - 381 - 383 - 385 - 451 - 470 - 474 - 477 - 479 - 481 - 512 - 513 - 516 - 517 - 584 (comprese le relative linee barrate) - Navetta Lagaccio.<\/li>\n<li>Servizi Integrativi: tutte le linee eccetto la I24.<\/li>\n<li>Taxibus<\/li>\n<\/ul>\n<p><a href=\"https:\/\/www.amt.genova.it\/amt\/clienti\/scopri-genova-con-amt\/\">Scopri Genova con AMT<\/a>, suggerimenti per il tempo libero.<\/p>\n<div class=\"content_box  \">\n<h2>Dove comprare questo titolo di viaggio<\/h2>\n<ul>\n<li>presso le biglietterie AMT<\/li>\n<li>presso le rivendite convenzionate<\/li>\n<\/ul>\n<div class=\"clear\"><\/div><\/div><!-- .content_box (end) -->\n ","protected":false},"excerpt":{"rendered":"Il carnet (\u20ac 4,00) \u00e8 valido per 4 corse su ascensori, funicolare Sant'Anna, linee bus con capolinea periferico, servizi integrativi (non \u00e8 valido per il servizio integrativo I24 Marina Aeroporto - Sestri - Marina Aeroporto), Taxibus. Il biglietto deve essere convalidato all'inizio di ogni corsa. Il biglietto convalidato anche una sola volta non \u00e8 cedibile e deve essere conservato per&nbsp;<a href=\"https:\/\/www.amt.genova.it\/amt\/biglietti-e-abbonamenti-2\/biglietti-e-carnet\/biglietto-4-corse\/\" class=\"read-more\">Continue Reading<\/a>","protected":false},"author":2,"featured_media":0,"parent":42644,"menu_order":0,"comment_status":"closed","ping_status":"closed","template":"page-fullwidth.php","meta":{"footnotes":""},"class_list":["post-42786","page","type-page","status-publish","hentry"],"_links":{"self":[{"href":"https:\/\/www.amt.genova.it\/amt\/wp-json\/wp\/v2\/pages\/42786","targetHints":{"allow":["GET"]}}],"collection":[{"href":"https:\/\/www.amt.genova.it\/amt\/wp-json\/wp\/v2\/pages"}],"about":[{"href":"https:\/\/www.amt.genova.it\/amt\/wp-json\/wp\/v2\/types\/page"}],"author":[{"embeddable":true,"href":"https:\/\/www.amt.genova.it\/amt\/wp-json\/wp\/v2\/users\/2"}],"replies":[{"embeddable":true,"href":"https:\/\/www.amt.genova.it\/amt\/wp-json\/wp\/v2\/comments?post=42786"}],"version-history":[{"count":16,"href":"https:\/\/www.amt.genova.it\/amt\/wp-json\/wp\/v2\/pages\/42786\/revisions"}],"predecessor-version":[{"id":51896,"href":"https:\/\/www.amt.genova.it\/amt\/wp-json\/wp\/v2\/pages\/42786\/revisions\/51896"}],"up":[{"embeddable":true,"href":"https:\/\/www.amt.genova.it\/amt\/wp-json\/wp\/v2\/pages\/42644"}],"wp:attachment":[{"href":"https:\/\/www.amt.genova.it\/amt\/wp-json\/wp\/v2\/media?parent=42786"}],"curies":[{"name":"wp","href":"https:\/\/api.w.org\/{rel}","templated":true}]}}