{"id":42636,"date":"2024-01-09T11:55:38","date_gmt":"2024-01-09T10:55:38","guid":{"rendered":"https:\/\/www.amt.genova.it\/amt\/?page_id=42636"},"modified":"2025-11-21T09:42:28","modified_gmt":"2025-11-21T08:42:28","slug":"biglietti-e-abbonamenti-2","status":"publish","type":"page","link":"https:\/\/www.amt.genova.it\/amt\/biglietti-e-abbonamenti-2\/","title":{"rendered":"Biglietti e Abbonamenti"},"content":{"rendered":"<p>Di seguito viene riportata la <strong>tabella<\/strong> con i dettagli dei <strong>nuovi titoli di viaggio<\/strong> introdotti con il nuovo Piano tariffario AMT.<\/p>\n<p>Nella tabella \u00e8 possibile consultare le principali caratteristiche di ciascun titolo di viaggio (a chi \u00e8 rivolto, costo, dove e quando utilizzarlo) e le modalit\u00e0 di acquisto.<\/p>\n<p>Per ulteriori informazioni \u00e8 possibile accedere alle singole pagine dedicate.<\/p>\n<p>Consulta il <a href=\"https:\/\/www.amt.genova.it\/amt\/wp-content\/uploads\/2025\/11\/OK-50x70-NUOVE-TARIFFE-25-26-sito.pdf\">Pannello tariffario AMT<\/a>.<br \/>\n<a href=\"https:\/\/www.amt.genova.it\/amt\/faq\/faq-nuove-tariffe-amt-in-vigore-dal-17-novembre\/\">Domande frequenti<\/a><\/p>\n<style>td:nth-child(1), th:nth-child(1) {    background-color: #f0f8ff;}<\/style>\n<p>&nbsp;<\/p>\n<style>td:nth-child(3), th:nth-child(3) {    background-color: #f0f8ff;}<\/style>\n<p>&nbsp;<\/p>\n<style>td:nth-child(5), th:nth-child(5) {    background-color: #f0f8ff;}<\/style>\n<p>&nbsp;<\/p>\n<table border=\"1\" cellspacing=\"1\" cellpadding=\"0\">\n<thead>\n<tr>\n<th>TITOLO DI VIAGGIO<\/th>\n<th>A CHI \u00c8 RIVOLTO<\/th>\n<th>QUANTO COSTA<\/th>\n<th>DOVE E QUANDO UTILIZZARLO<\/th>\n<th>DOVE SI ACQUISTA E DA QUANDO<\/th>\n<th>PAGINA SITO<\/th>\n<\/tr>\n<\/thead>\n<tbody>\n<tr>\n<td><strong>ANNUALE OVER 70<\/strong><\/td>\n<td>Over 70 <strong>residenti in Citt\u00e0 Metropolitana di Genova<\/strong> con ISEE superiore a 12.000 euro o senza ISEE<\/td>\n<td><strong>120 euro<\/strong><\/td>\n<td><strong>Dalle ore 09.30<\/strong>\u00a0linee bus urbane ed extraurbane (compresa linea 782)<br \/>\nmetropolitana, funicolari, ascensori, ferrovia a cremagliera<br \/>\nNavebus, Volabus, ferrovia Genova\u2013Casella<\/td>\n<td><strong>Rinnovo:<\/strong> sito, App AMT e biglietteria (su appuntamento). <strong>Nuova emissione:<\/strong> in biglietteria\u00a0 e sul Fascicolo del Cittadino<\/td>\n<td><a href=\"https:\/\/www.amt.genova.it\/amt\/biglietti-e-abbonamenti-2\/abbonamento-annuale-over-70\/\">Pagina dedicata<\/a><\/td>\n<\/tr>\n<tr>\n<td><strong>ANNUALE ASCENSORI - LINEE PERIFERICHE<\/strong><\/td>\n<td><strong>Residenti nella Citt\u00e0 Metropolitana di Genova<\/strong><\/td>\n<td><strong>160 euro<\/strong><\/td>\n<td>Ascensori, Funicolare Sant\u2019Anna, servizi integrativi (eccetto I24), Taxibus, linee con capolinea periferico<\/td>\n<td><strong>Rinnovo:<\/strong> sito e App AMT per chi aveva abbonamento over 70 gratuito o MIV.<br \/>\n<strong>Nuova emissione:<\/strong>\u00a0 biglietteria e Fascicolo del Cittadino<\/td>\n<td><a href=\"https:\/\/www.amt.genova.it\/amt\/biglietti-e-abbonamenti-2\/abbonamento-annuale-linee-periferiche-e-ascensori\/\">Pagina dedicata<\/a><\/td>\n<\/tr>\n<tr>\n<td><strong>ANNUALE UNDER 14<\/strong><\/td>\n<td><strong>Residenti Citt\u00e0 Metropolitana di Genova<\/strong> sotto i 14 anni<\/td>\n<td><strong>contributo <\/strong>per costi amministrativi<strong> 10 \u20ac<\/strong><\/td>\n<td>Linee bus urbane ed extraurbane (compresa linea 782)<br \/>\nmetropolitana, funicolari, ascensori, ferrovia a cremagliera<br \/>\nNavebus, Volabus, ferrovia Genova\u2013Casella<\/td>\n<td><strong>Rinnovo:<\/strong> sito, App e Fascicolo. <strong>Nuova emissione:<\/strong> Fascicolo del Cittadino<\/td>\n<td><a href=\"https:\/\/www.amt.genova.it\/amt\/biglietti-e-abbonamenti-2\/abbonamento-annuale-under-14\/\">Pagina dedicata<\/a><\/td>\n<\/tr>\n<tr>\n<td><strong>ANNUALE OVER 70 GRATUITO<\/strong><\/td>\n<td>Over 70 residenti Citt\u00e0 Metropolitana di Genova <strong>con ISEE inferiore a 12.000 \u20ac<\/strong><\/td>\n<td><strong>contributo <\/strong>per costi amministrativi<strong> 10 \u20ac<\/strong> online\u00a0 <strong>20 \u20ac<\/strong> in biglietteria<\/td>\n<td><strong>Dalle 09.30<\/strong>\u00a0bus urbani\/extraurbani (compresa 782)<br \/>\nmetro, funicolari, ascensori, cremagliera<br \/>\nNavebus, Volabus, ferrovia Genova\u2013Casella<\/td>\n<td><strong>Rinnovo e nuova emissione:<\/strong>\u00a0 biglietteria (su prenotazione e con documentazione) o Fascicolo del Cittadino<\/td>\n<td><a href=\"https:\/\/www.amt.genova.it\/amt\/biglietti-e-abbonamenti-2\/abbonamento-annuale-over-70\/\">Pagina dedicata<\/a><\/td>\n<\/tr>\n<tr>\n<td><strong>BIGLIETTO ASCENSORI E FUNICOLARE SANT\u2019ANNA<\/strong><\/td>\n<td>Tutti<\/td>\n<td><strong>1,20 euro<\/strong><\/td>\n<td>Ascensori e Funicolare Sant\u2019Anna<\/td>\n<td>Disponibile su App AMT<\/td>\n<td><a href=\"https:\/\/www.amt.genova.it\/amt\/biglietti-e-abbonamenti-2\/biglietti-e-carnet\/biglietto-ascensori-e-funicolare-santanna\/\">Pagina dedicata<\/a><\/td>\n<\/tr>\n<tr>\n<td><strong>ANNUALE INTEGRATO URBANO + EXTRAURBANO<\/strong><\/td>\n<td>Tutti<\/p>\n<p>&nbsp;<\/p>\n<p>Residenti Comune di Genova <strong>con ISEE inferiore a 12.000 \u20ac<\/strong><\/p>\n<p>&nbsp;<\/p>\n<p>Residenti Citt\u00e0 Metropolitana <strong>con ISEE inferiore a 12.000 \u20ac<\/strong><\/td>\n<td><strong>395 euro<\/strong><\/p>\n<p>&nbsp;<\/p>\n<p><strong>160 euro<\/strong><\/p>\n<p>&nbsp;<\/p>\n<p><strong>330 euro<\/strong><\/td>\n<td>Tutta la rete AMT + Navebus, Volabus, 782, FGC, Trenitalia in ambito urbano<\/td>\n<td>Fascicolo del Cittadino e biglietteria (su appuntamento). Il 395 anche su sito e App AMT<\/td>\n<td><a href=\"https:\/\/www.amt.genova.it\/amt\/biglietti-e-abbonamenti-2\/abb-annuali-urbano-extraurbano\/\">Pagina dedicata<\/a><\/td>\n<\/tr>\n<tr>\n<td><strong>ANNUALE INTEGRATO SOLO URBANO<\/strong><\/td>\n<td>Tutti<\/p>\n<p>&nbsp;<\/p>\n<p>Residenti Comune di Genova <strong>con ISEE inferiore a 12.000 \u20ac<\/strong><\/p>\n<p>&nbsp;<\/p>\n<p>Residenti Citt\u00e0 Metropolitana di Genova <strong>con ISEE inferiore a 12.000 \u20ac<\/strong><\/td>\n<td><strong>350 euro<\/strong><\/p>\n<p>&nbsp;<\/p>\n<p><strong>120 euro<\/strong><\/p>\n<p>&nbsp;<\/p>\n<p><strong>310 euro<\/strong><\/td>\n<td>Rete AMT urbana + Navebus, Volabus, Trenitalia in ambito urbano<\/td>\n<td>Fascicolo del Cittadino e biglietteria (su appuntamento). Il 350 anche su sito e App AMT<\/td>\n<td><a href=\"https:\/\/www.amt.genova.it\/amt\/biglietti-e-abbonamenti-2\/abb-annuali-urbani-genova\/\">Pagina dedicata<\/a><\/td>\n<\/tr>\n<tr>\n<td><strong>ANNUALE INTEGRATO SOLO EXTRAURBANO<\/strong><\/td>\n<td>Tutti<\/p>\n<p>&nbsp;<\/p>\n<p>Residenti Comune di Genova <strong>con ISEE inferiore a 12.000 \u20ac<\/strong><\/p>\n<p>&nbsp;<\/p>\n<p>Residenti Citt\u00e0 Metropolitana di Genova <strong>con ISEE inferiore a 12.000 \u20ac<\/strong><\/td>\n<td><strong>350 euro<\/strong><\/p>\n<p>&nbsp;<\/p>\n<p><strong>120 euro<\/strong><\/p>\n<p>&nbsp;<\/p>\n<p><strong>310 euro<\/strong><\/td>\n<td>Rete AMT extraurbana + Volabus + linea 782<\/td>\n<td>Fascicolo del Cittadino e biglietteria (su appuntamento).Il 350 anche su sito e App AMT<\/td>\n<td><a href=\"https:\/\/www.amt.genova.it\/amt\/biglietti-e-abbonamenti-2\/abb-annuali-solo-extraurbano\/\">Pagina dedicata<\/a><\/td>\n<\/tr>\n<tr>\n<td><strong>ANNUALE UNDER 26<\/strong><\/td>\n<td>Cittadini con meno di 26 anni<\/td>\n<td><strong>220 euro<\/strong><\/td>\n<td>Tutta la rete AMT + Navebus, Volabus, 782, FGC, Trenitalia in ambito urbano<\/td>\n<td>Sito e App AMT, Fascicolo del Cittadino e biglietteria (su appuntamento)<\/td>\n<td><a href=\"https:\/\/www.amt.genova.it\/amt\/biglietti-e-abbonamenti-2\/annuale-integrato-urbano-ed-extraurbano-under-26-a-e-220\/\">Pagina dedicata<\/a><\/td>\n<\/tr>\n<tr>\n<td><strong>SUNDAY E NIGHT CITYPASS<\/strong><\/td>\n<td>Residenti Citt\u00e0 Metropolitana di Genova<\/td>\n<td><strong>contributo <\/strong>per costi amministrativi<strong> 10 \u20ac<\/strong><\/td>\n<td>Alla <strong> sera <\/strong>e alla <strong>domenica <\/strong>su tutta la rete urbana + extraurbana (eccetto 782, Navebus, Volabus, Genova\u2013Casella)<\/td>\n<td>Solo online<\/td>\n<td><a href=\"https:\/\/www.amt.genova.it\/amt\/biglietti-e-abbonamenti-2\/sunday-e-night-citypass\/\">Pagina dedicata<\/a><\/td>\n<\/tr>\n<\/tbody>\n<\/table>\n ","protected":false},"excerpt":{"rendered":"Di seguito viene riportata la tabella con i dettagli dei nuovi titoli di viaggio introdotti con il nuovo Piano tariffario AMT. Nella tabella \u00e8 possibile consultare le principali caratteristiche di ciascun titolo di viaggio (a chi \u00e8 rivolto, costo, dove e quando utilizzarlo) e le modalit\u00e0 di acquisto. Per ulteriori informazioni \u00e8 possibile accedere alle singole pagine dedicate. Consulta il&nbsp;<a href=\"https:\/\/www.amt.genova.it\/amt\/biglietti-e-abbonamenti-2\/\" class=\"read-more\">Continue Reading<\/a>","protected":false},"author":1,"featured_media":0,"parent":0,"menu_order":0,"comment_status":"closed","ping_status":"closed","template":"page-fullwidth.php","meta":{"footnotes":""},"class_list":["post-42636","page","type-page","status-publish","hentry"],"_links":{"self":[{"href":"https:\/\/www.amt.genova.it\/amt\/wp-json\/wp\/v2\/pages\/42636","targetHints":{"allow":["GET"]}}],"collection":[{"href":"https:\/\/www.amt.genova.it\/amt\/wp-json\/wp\/v2\/pages"}],"about":[{"href":"https:\/\/www.amt.genova.it\/amt\/wp-json\/wp\/v2\/types\/page"}],"author":[{"embeddable":true,"href":"https:\/\/www.amt.genova.it\/amt\/wp-json\/wp\/v2\/users\/1"}],"replies":[{"embeddable":true,"href":"https:\/\/www.amt.genova.it\/amt\/wp-json\/wp\/v2\/comments?post=42636"}],"version-history":[{"count":42,"href":"https:\/\/www.amt.genova.it\/amt\/wp-json\/wp\/v2\/pages\/42636\/revisions"}],"predecessor-version":[{"id":51632,"href":"https:\/\/www.amt.genova.it\/amt\/wp-json\/wp\/v2\/pages\/42636\/revisions\/51632"}],"wp:attachment":[{"href":"https:\/\/www.amt.genova.it\/amt\/wp-json\/wp\/v2\/media?parent=42636"}],"curies":[{"name":"wp","href":"https:\/\/api.w.org\/{rel}","templated":true}]}}