{"id":40683,"date":"2023-09-08T12:49:07","date_gmt":"2023-09-08T10:49:07","guid":{"rendered":"https:\/\/www.amt.genova.it\/amt\/?page_id=40683"},"modified":"2023-09-26T12:18:25","modified_gmt":"2023-09-26T10:18:25","slug":"getup","status":"publish","type":"page","link":"https:\/\/www.amt.genova.it\/amt\/amt-istituzionale\/amtinnova\/progetti\/getup\/","title":{"rendered":"GetUp"},"content":{"rendered":"<p>Il progetto GeTUP, Green MaaS for adapTive Urban Planning, coordinato da AlgoWatt, ha sviluppato e sperimentato soluzioni innovative anche sotto il punto di vista dell\u2019usabilit\u00e0 e della creazione di servizi ad elevata accessibilit\u00e0 per utenze specifiche. In particolare, in collaborazione con AMT, partner del progetto, \u00e8 stato sperimentato un servizio innovativo denominato \u201cSilver Bus\u201d, un servizio dedicato a chiamata per l\u2019utenza anziana.<\/p>\n<p><img loading=\"lazy\" decoding=\"async\" class=\"alignleft size-full wp-image-40684\" src=\"https:\/\/www.amt.genova.it\/amt\/wp-content\/uploads\/2023\/09\/silverbus.jpg\" alt=\"\" width=\"300\" height=\"169\" \/>SilverBus\u00a0\u00e8 il\u00a0servizio bus a chiamata gratuito dedicato agli over 65,\u00a0attivo dal 20 luglio al 31 dicembre 2022 in alcune zone della citt\u00e0. SilverBus\u00a0\u00e8 stato attivo in alcune zone dei quartieri di\u00a0Marassi e San Fruttuoso\u00a0e consentiva di spostarsi all\u2019interno dei due quartieri ma anche di raggiungere il centro, Brignole, De Ferrari, via XX Settembre, il centro storico, il Porto Antico, la Foce, Corso Italia, il cimitero di Staglieno, Carignano e l\u2019Ospedale Galliera.<\/p>\n<p>Il progetto GeTUP ha studiato inoltre la possibilit\u00e0 di proporre servizi specifici <em>tailor-made<\/em> dotati di interfacce in grado di adattarsi alle caratteristiche ed esigenze dell\u2019utente per migliorare l\u2019usabilit\u00e0 delle applicazioni, facilitare la fruizione della piattaforma MaaS e infine incrementare significativamente l\u2019accessibilit\u00e0 ai servizi di mobilit\u00e0 garantendo un diritto fondamentale dei cittadini.<\/p>\n<p><img loading=\"lazy\" decoding=\"async\" class=\"size-medium wp-image-40685 alignright\" src=\"https:\/\/www.amt.genova.it\/amt\/wp-content\/uploads\/2023\/09\/premio-mobilita-300x189.png\" alt=\"\" width=\"300\" height=\"189\" srcset=\"https:\/\/www.amt.genova.it\/amt\/wp-content\/uploads\/2023\/09\/premio-mobilita-300x189.png 300w, https:\/\/www.amt.genova.it\/amt\/wp-content\/uploads\/2023\/09\/premio-mobilita.png 688w\" sizes=\"auto, (max-width: 300px) 100vw, 300px\" \/>L\u2019offerta di servizio proposta e accessibile tramite la App GetUp \u00e8 personalizzata secondo sistemi evoluti di profilazione che si adattano alle capacit\u00e0 e alle caratteristiche dell'utente. Le logiche di fruizione dei servizi si avvalgono di tecnologie di apprendimento automatico delle scelte tipiche dell'utente e di interfacce adattive, per facilitare il dialogo utente\/piattaforma e personalizzare la risposta del sistema ai bisogni specifici.<\/p>\n<p>Al progetto partecipano, oltre al Coordinatore algoWatt e l\u2019azienda di trasporto pubblico locale di Genova AMT, 5 Piccole e Medie imprese: On Air srl; Exis Solutions Srl; Cleis srl; IROI srl; Flairbit srl ed alcuni enti di ricerca.<\/p>\n<p>Il progetto \u00e8 cofinanziato dall\u2019Unione Europea, Fondo Europeo di Sviluppo Regionale, POR LIGURIA FESR 2014-2020, Asse 1 \u201cRicerca e Innovazione\u201d, Azione 1.2.4<\/p>\n<p><img loading=\"lazy\" decoding=\"async\" class=\"alignleft wp-image-40668\" src=\"https:\/\/www.amt.genova.it\/amt\/wp-content\/uploads\/2023\/09\/Unione-europea-flag-bandiera-logo-png-300x204.jpg\" alt=\"\" width=\"191\" height=\"130\" srcset=\"https:\/\/www.amt.genova.it\/amt\/wp-content\/uploads\/2023\/09\/Unione-europea-flag-bandiera-logo-png-300x204.jpg 300w, https:\/\/www.amt.genova.it\/amt\/wp-content\/uploads\/2023\/09\/Unione-europea-flag-bandiera-logo-png-1024x696.jpg 1024w, https:\/\/www.amt.genova.it\/amt\/wp-content\/uploads\/2023\/09\/Unione-europea-flag-bandiera-logo-png-768x522.jpg 768w, https:\/\/www.amt.genova.it\/amt\/wp-content\/uploads\/2023\/09\/Unione-europea-flag-bandiera-logo-png.jpg 1229w\" sizes=\"auto, (max-width: 191px) 100vw, 191px\" \/><\/p>\n<p><img loading=\"lazy\" decoding=\"async\" class=\"wp-image-40667 alignnone\" src=\"https:\/\/www.amt.genova.it\/amt\/wp-content\/uploads\/2023\/09\/FESR-300x197.jpg\" alt=\"\" width=\"212\" height=\"139\" srcset=\"https:\/\/www.amt.genova.it\/amt\/wp-content\/uploads\/2023\/09\/FESR-300x197.jpg 300w, https:\/\/www.amt.genova.it\/amt\/wp-content\/uploads\/2023\/09\/FESR-1024x672.jpg 1024w, https:\/\/www.amt.genova.it\/amt\/wp-content\/uploads\/2023\/09\/FESR-768x504.jpg 768w, https:\/\/www.amt.genova.it\/amt\/wp-content\/uploads\/2023\/09\/FESR.jpg 1181w\" sizes=\"auto, (max-width: 212px) 100vw, 212px\" \/><\/p>\n<p><a href=\"http:\/\/www.progetto-getup.it\">Visita il sito del progetto GetUp<\/a><\/p>\n<p><a href=\"https:\/\/www.amt.genova.it\/amt\/parte-silverbus-il-nuovo-servizio-a-chiamata-per-gli-over-65\/\">Leggi la notizia Il nuovo servizio a chiamata per gli over 65<\/a><\/p>\n<p>&nbsp;<\/p>\n ","protected":false},"excerpt":{"rendered":"Il progetto GeTUP, Green MaaS for adapTive Urban Planning, coordinato da AlgoWatt, ha sviluppato e sperimentato soluzioni innovative anche sotto il punto di vista dell\u2019usabilit\u00e0 e della creazione di servizi ad elevata accessibilit\u00e0 per utenze specifiche. In particolare, in collaborazione con AMT, partner del progetto, \u00e8 stato sperimentato un servizio innovativo denominato \u201cSilver Bus\u201d, un servizio dedicato a chiamata per&nbsp;<a href=\"https:\/\/www.amt.genova.it\/amt\/amt-istituzionale\/amtinnova\/progetti\/getup\/\" class=\"read-more\">Continue Reading<\/a>","protected":false},"author":2,"featured_media":0,"parent":40782,"menu_order":0,"comment_status":"closed","ping_status":"closed","template":"page-fullwidth.php","meta":{"footnotes":""},"class_list":["post-40683","page","type-page","status-publish","hentry"],"_links":{"self":[{"href":"https:\/\/www.amt.genova.it\/amt\/wp-json\/wp\/v2\/pages\/40683","targetHints":{"allow":["GET"]}}],"collection":[{"href":"https:\/\/www.amt.genova.it\/amt\/wp-json\/wp\/v2\/pages"}],"about":[{"href":"https:\/\/www.amt.genova.it\/amt\/wp-json\/wp\/v2\/types\/page"}],"author":[{"embeddable":true,"href":"https:\/\/www.amt.genova.it\/amt\/wp-json\/wp\/v2\/users\/2"}],"replies":[{"embeddable":true,"href":"https:\/\/www.amt.genova.it\/amt\/wp-json\/wp\/v2\/comments?post=40683"}],"version-history":[{"count":5,"href":"https:\/\/www.amt.genova.it\/amt\/wp-json\/wp\/v2\/pages\/40683\/revisions"}],"predecessor-version":[{"id":40940,"href":"https:\/\/www.amt.genova.it\/amt\/wp-json\/wp\/v2\/pages\/40683\/revisions\/40940"}],"up":[{"embeddable":true,"href":"https:\/\/www.amt.genova.it\/amt\/wp-json\/wp\/v2\/pages\/40782"}],"wp:attachment":[{"href":"https:\/\/www.amt.genova.it\/amt\/wp-json\/wp\/v2\/media?parent=40683"}],"curies":[{"name":"wp","href":"https:\/\/api.w.org\/{rel}","templated":true}]}}