{"id":38206,"date":"2023-04-07T17:16:36","date_gmt":"2023-04-07T15:16:36","guid":{"rendered":"https:\/\/www.amt.genova.it\/amt\/?page_id=38206"},"modified":"2025-12-15T16:10:22","modified_gmt":"2025-12-15T15:10:22","slug":"abbonamento-gratuito-per-rottamazione","status":"publish","type":"page","link":"https:\/\/www.amt.genova.it\/amt\/rete-di-vendita\/abbonamento-gratuito-per-rottamazione\/","title":{"rendered":"Abbonamento gratuito per rottamazione"},"content":{"rendered":"<h1><img loading=\"lazy\" decoding=\"async\" class=\"wp-image-38245 size-full aligncenter\" src=\"https:\/\/www.amt.genova.it\/amt\/wp-content\/uploads\/2023\/04\/x-slide-SITO-new.png\" alt=\"\" width=\"1170\" height=\"428\" srcset=\"https:\/\/www.amt.genova.it\/amt\/wp-content\/uploads\/2023\/04\/x-slide-SITO-new.png 1170w, https:\/\/www.amt.genova.it\/amt\/wp-content\/uploads\/2023\/04\/x-slide-SITO-new-300x110.png 300w, https:\/\/www.amt.genova.it\/amt\/wp-content\/uploads\/2023\/04\/x-slide-SITO-new-1024x375.png 1024w, https:\/\/www.amt.genova.it\/amt\/wp-content\/uploads\/2023\/04\/x-slide-SITO-new-768x281.png 768w, https:\/\/www.amt.genova.it\/amt\/wp-content\/uploads\/2023\/04\/x-slide-SITO-new-270x98.png 270w\" sizes=\"auto, (max-width: 1170px) 100vw, 1170px\" \/><\/h1>\n<p>&nbsp;<\/p>\n<p>Hai deciso di rottamare la tua auto e dare il tuo contributo per una citt\u00e0 pi\u00f9 sostenibile? Oggi hai un motivo in pi\u00f9 per farlo: a seguito dell\u2019<a href=\"https:\/\/smart.comune.genova.it\/sites\/default\/files\/archivio\/documenti\/2023_POS_0000063_ORD_DISPOSITIVO_ATTO.pdf\"><strong>Ordinanza Antismog<\/strong><\/a> del Comune di Genova n. 59 del 23\/02\/2023, in accordo con l\u2019Assessorato alla Mobilit\u00e0, per incentivare l\u2019utilizzo del trasporto pubblico, i residenti nel Comune di Genova che <strong>rottameranno la propria automobile<\/strong> (che rientri nelle categorie emissive soggette alla recente ordinanza anti-smog) e non acquisteranno un nuovo mezzo in sostituzione, potranno beneficiare gratuitamente, per cinque anni, di un <strong>abbonamento annuale ordinario AMT<\/strong> (valido su tutta la rete urbana di AMT compresa Trenitalia) del valore di 295 euro.<\/p>\n<h2><strong>Di seguito i vincoli per accedere alla gratuit\u00e0:<\/strong><\/h2>\n<p>Le richieste possono essere presentate solo on line in questa pagina<\/p>\n<p>\u00c8\u00a0necessario compilare il form dedicato (modulo richiesta in fondo alla pagina) e allegare esclusivamente in <strong>formato pdf<\/strong> quanto segue:<\/p>\n<ul>\n<li>un documento di identit\u00e0 valido, codice fiscale dell\u2019intestatario della vettura e futuro abbonato annuale nonch\u00e9 di tutti i componenti del suo nucleo familiare (ovvero coloro presenti nello stato di famiglia dell\u2019intestatario del veicolo radiato al momento della richiesta dell\u2019abbonamento) e copia dello stato di famiglia, rilasciato dal Comune di Genova. Tale documentazione deve essere riportata in un unico pdf;<\/li>\n<li>copia della certificazione rilasciata dal PRA che attesti la radiazione del proprio veicolo;<\/li>\n<li>dichiarazione di impegno a \u201cnon acquistare\u201d per i successivi 5 anni un nuovo mezzo, sia da parte dell\u2019intestatario della vettura radiata sia da parte di ciascun componente del suo nucleo familiare. <a href=\"https:\/\/www.amt.genova.it\/amt\/wp-content\/uploads\/2023\/09\/DICHIARAZIONE-DEL-RICHIEDENTE-E-DEL-NUCLEO-FAMILIARE.pdf\">Clicca qui<\/a>\u00a0per scaricare la dichiarazione\/autocertificazione di impegno;<\/li>\n<li>ogni anno l'intestatario, in fase di rinnovo, deve produrre documentazione relativa alla propria visura nominativa PRA.<br \/>\nTale attestato \u00e8 richiedibile direttamente all'Ufficio PRA di Genova in via Angelo Carrara 250 canc 16147 o online tramite sito <a href=\"https:\/\/aci.gov.it\/pratica-auto\/visura-nominativa\/\">ACI Gov<\/a>.<\/li>\n<\/ul>\n<p>L'abbonamento sar\u00e0 emesso, dopo la verifica dei documenti inviati, entro e non oltre 10 gg lavorativi dalla ricezione; verr\u00e0 rinnovato di anno in anno dopo controllo presso gli uffici competenti (PRA).<\/p>\n<p>AMT provveder\u00e0 a effettuare dei controlli dopo l\u2019emissione dell\u2019abbonamento; nel caso l\u2019abbonato o un suo familiare abbiano acquistato un nuovo mezzo in sostituzione, l\u2019abbonamento sar\u00e0 interrotto e AMT provveder\u00e0 alla richiesta di pagamento dell\u2019intero titolo di viaggio a partire dalla data di emissione dell\u2019abbonamento.<\/p>\n<p>Per qualsiasi chiarimento il<strong> Servizio Clienti<\/strong> \u00e8 a disposizione al numero 848 000 030 oppure via mail servizioclienti@amt.genova.it<\/p>\n<p><a href=\"https:\/\/www.amt.genova.it\/amt\/richiesta-abbonamento-rottamazione\/\">Clicca qui<\/a> per accedere al modulo di richiesta ed inserire tutta la documentazione.<\/p>\n ","protected":false},"excerpt":{"rendered":"&nbsp; Hai deciso di rottamare la tua auto e dare il tuo contributo per una citt\u00e0 pi\u00f9 sostenibile? Oggi hai un motivo in pi\u00f9 per farlo: a seguito dell\u2019Ordinanza Antismog del Comune di Genova n. 59 del 23\/02\/2023, in accordo con l\u2019Assessorato alla Mobilit\u00e0, per incentivare l\u2019utilizzo del trasporto pubblico, i residenti nel Comune di Genova che rottameranno la propria&nbsp;<a href=\"https:\/\/www.amt.genova.it\/amt\/rete-di-vendita\/abbonamento-gratuito-per-rottamazione\/\" class=\"read-more\">Continue Reading<\/a>","protected":false},"author":2,"featured_media":0,"parent":42733,"menu_order":0,"comment_status":"closed","ping_status":"closed","template":"page-fullwidth.php","meta":{"footnotes":""},"class_list":["post-38206","page","type-page","status-publish","hentry"],"_links":{"self":[{"href":"https:\/\/www.amt.genova.it\/amt\/wp-json\/wp\/v2\/pages\/38206","targetHints":{"allow":["GET"]}}],"collection":[{"href":"https:\/\/www.amt.genova.it\/amt\/wp-json\/wp\/v2\/pages"}],"about":[{"href":"https:\/\/www.amt.genova.it\/amt\/wp-json\/wp\/v2\/types\/page"}],"author":[{"embeddable":true,"href":"https:\/\/www.amt.genova.it\/amt\/wp-json\/wp\/v2\/users\/2"}],"replies":[{"embeddable":true,"href":"https:\/\/www.amt.genova.it\/amt\/wp-json\/wp\/v2\/comments?post=38206"}],"version-history":[{"count":34,"href":"https:\/\/www.amt.genova.it\/amt\/wp-json\/wp\/v2\/pages\/38206\/revisions"}],"predecessor-version":[{"id":51879,"href":"https:\/\/www.amt.genova.it\/amt\/wp-json\/wp\/v2\/pages\/38206\/revisions\/51879"}],"up":[{"embeddable":true,"href":"https:\/\/www.amt.genova.it\/amt\/wp-json\/wp\/v2\/pages\/42733"}],"wp:attachment":[{"href":"https:\/\/www.amt.genova.it\/amt\/wp-json\/wp\/v2\/media?parent=38206"}],"curies":[{"name":"wp","href":"https:\/\/api.w.org\/{rel}","templated":true}]}}