{"id":34194,"date":"2022-07-04T13:47:19","date_gmt":"2022-07-04T11:47:19","guid":{"rendered":"https:\/\/www.amt.genova.it\/amt\/?page_id=34194"},"modified":"2023-01-18T13:50:54","modified_gmt":"2023-01-18T12:50:54","slug":"silverbus","status":"publish","type":"page","link":"https:\/\/www.amt.genova.it\/amt\/trasporto-multimodale\/silverbus\/","title":{"rendered":"SilverBus"},"content":{"rendered":"<h2 style=\"text-align: center;\"><span style=\"color: #000080;\"><strong>Sperimentazione conclusa<\/strong><\/span><\/h2>\n<p><strong><img loading=\"lazy\" decoding=\"async\" class=\"wp-image-34195 aligncenter\" src=\"\/amt\/wp-content\/uploads\/2022\/07\/Logo_SilverBus.png\" alt=\"\" width=\"500\" height=\"162\" \/><\/strong><\/p>\n<p>&nbsp;<\/p>\n<p><strong style=\"font-size: 16px;\"><img loading=\"lazy\" decoding=\"async\" class=\"alignleft wp-image-34689\" src=\"\/amt\/wp-content\/uploads\/2022\/08\/silverbus-300x169.jpg\" alt=\"\" width=\"400\" height=\"225\" srcset=\"https:\/\/www.amt.genova.it\/amt\/wp-content\/uploads\/2022\/08\/silverbus-300x169.jpg 300w, https:\/\/www.amt.genova.it\/amt\/wp-content\/uploads\/2022\/08\/silverbus-768x432.jpg 768w, https:\/\/www.amt.genova.it\/amt\/wp-content\/uploads\/2022\/08\/silverbus-1024x576.jpg 1024w, https:\/\/www.amt.genova.it\/amt\/wp-content\/uploads\/2022\/08\/silverbus.jpg 2048w\" sizes=\"auto, (max-width: 400px) 100vw, 400px\" \/><\/strong><\/p>\n<p><strong>SilverBus<\/strong>\u00a0\u00e8 il\u00a0<strong>servizio bus a chiamata gratuito dedicato agli over 65 (*),\u00a0<\/strong>flessibile e comodo, attivo in alcune zone della citt\u00e0. Silverbus permette di raggiungere il centro citt\u00e0 per fare acquisti, visitare musei, servizi e uffici o semplicemente per fare una passeggiata in riva al mare o nei parchi del centro cittadino.<\/p>\n<p><em>(*) Per \u201cover 65\u201d si intendono tutti coloro che compiono 65 anni entro il 31 dicembre 2022.<\/em><\/p>\n<p><span style=\"color: #270089;\"><strong>DOVE \u00c8 ATTIVO<\/strong><\/span><\/p>\n<p>Il servizio<strong> SilverBus <\/strong>\u00e8 attivo in alcune zone dei quartieri di<strong> Marassi e San Fruttuoso <\/strong>e consente di spostarsi all\u2019interno dei due quartieri ma anche raggiungere il centro, Brignole, De Ferrari, via XX Settembre, il centro storico, il Porto Antico, la Foce, Corso Italia e il cimitero di Staglieno.\u00a0<strong>Dal 12 settembre serve anche la zona di Carignano e l\u2019ospedale Galliera.<\/strong><\/p>\n<p><a href=\"\/amt\/wp-content\/uploads\/2022\/09\/pannello-70x50-1-1.pdf\">FERMATE SILVERBUS<\/a><\/p>\n<p><a href=\"\/amt\/wp-content\/uploads\/2022\/09\/pannello-70x50-1-2.pdf\">MAPPA<\/a><\/p>\n<p><span style=\"color: #270089;\"><strong>QUANDO FUNZIONA<\/strong><\/span><\/p>\n<p>Il servizio \u00e8\u00a0<strong>attivo tutti i giorni dal 20 luglio al 31 dicembre 2022<\/strong>,tranne Ferragosto, Natale e Santo Stefano.<\/p>\n<p>Nel periodo dal 20 luglio al 12 settembre sar\u00e0 attivo <strong>dal luned\u00ec alla domenica<\/strong>\u00a0<strong>dalle ore 7.30 alle ore 12.30 e dalle 17.00 alle 22.00<\/strong>.<br \/>\n<strong>Dal 12 settembre sar\u00e0 operativo<\/strong> <strong>dalle 7.15 alle 13.00 e dalle 14.00 alle 19.45.<\/strong><\/p>\n<p><a href=\"\/amt\/wp-content\/uploads\/2022\/09\/PIEGHEVOLE-PER-WEB-OK-bassa-x-web.pdf\">OPUSCOLO<\/a><\/p>\n<p><span style=\"color: #270089;\"><strong>QUALI TITOLI DI VIAGGIO UTILIZZARE<\/strong><\/span><\/p>\n<p>In via sperimentale il servizio \u00e8 <strong>GRATUITO<\/strong>.<\/p>\n<p><span style=\"color: #270089;\"><strong>PER INFORMAZIONI<\/strong><\/span><\/p>\n<p>Per ulteriori informazioni potete contattare il\u00a0<strong>Servizio Clienti<\/strong>\u00a0al numero ad addebito ripartito<strong>\u00a0848.000.030<\/strong>.<\/p>\n<p><span style=\"color: #270089;\"><strong>COME ISCRIVERSI AL SERVIZIO<\/strong><\/span><\/p>\n<p>Per usufruire del servizio \u00e8 necessario<strong> iscriversi:<\/strong><\/p>\n<ul>\n<li>chiamando il <strong>call center 800.085302<\/strong>,<\/li>\n<li>sulla <strong>APP<\/strong> SilverBus,<\/li>\n<li>alla pagina di Silverbus<\/li>\n<\/ul>\n<p>Per la registrazione l\u2019utente dovr\u00e0 dichiarare di essere over 65 e fornire contatto telefonico ed e-mail. In caso l\u2019utente per i suoi spostamenti necessiti di accompagnatore (per uno spostamento assistito) occorre che lo specifichi in fase di iscrizione, cos\u00ec anche nel caso di utente con carrozzina.<\/p>\n<p>All\u2019atto di registrazione dovr\u00e0 essere accordata l\u2019autorizzazione al trattamento dati, trasmissione a terzi per indagine qualit\u00e0 servizio e accordare la possibilit\u00e0 di essere ricontattati per un\u2019analisi di gradimento del servizio.<\/p>\n<p>All\u2019utente in fase di registrazione verr\u00e0 fornito un codice cliente, che l\u2019utente utilizzer\u00e0 per le successive prenotazioni.<\/p>\n<p><span style=\"color: #270089;\"><strong>COME SI PRENOTA<\/strong><\/span><\/p>\n<p><img loading=\"lazy\" decoding=\"async\" class=\"wp-image-34210 alignleft\" src=\"\/amt\/wp-content\/uploads\/2022\/07\/APPSILVERBUS.png\" alt=\"\" width=\"100\" height=\"91\" \/>Si prenota chiamando il\u00a0<strong>numero verde 800. 085 302<\/strong>\u00a0(la chiamata \u00e8 gratuita)\u00a0<strong>dal luned\u00ec al sabato <\/strong><strong>(festivi esclusi) dalle ore 6.00 alle 23.30 <\/strong>o <strong>direttamente tramite la APP SILVERBUS <\/strong>sul vostro smartphone.<strong><br \/>\n<\/strong>La APP AMT \u00e8 disponibile nelle due versioni, per Android e iOS. Per scaricare la APP AMT\u00a0<a href=\"https:\/\/play.google.com\/store\/apps\/details?id=com.algowatt.silverbus\">clicca qui<\/a>\u00a0per\u00a0Android e\u00a0<a href=\"https:\/\/apps.apple.com\/ch\/app\/amt-silverbus\/id1634212888?l=it\" target=\"_blank\" rel=\"noopener\">qui\u00a0<\/a>per iOS.<\/p>\n<p>Per scaricare le istruzioni per l\u2019utilizzo della APP\u00a0<strong><a href=\"\/amt\/wp-content\/uploads\/2022\/10\/clicca-qui.pdf\">clicca qui.<\/a><\/strong><\/p>\n<p>L\u2019utente nei giorni e fasce orarie di disponibilit\u00e0 del servizio prenota la corsa fornendo:<\/p>\n<ul>\n<li>il codice utente (fornito in fase di registrazione) o Nome e Cognome<\/li>\n<li>la fermata di origine,<\/li>\n<li>la fermata di destinazione,<\/li>\n<li>l\u2019orario di partenza o l\u2019orario di arrivo desiderato.<\/li>\n<\/ul>\n<p>La fermata di origine e\/o di destinazione deve necessariamente trovarsi all\u2019interno dell\u2019ambito di sperimentazione (vedi area color azzurro della <a href=\"\/amt\/wp-content\/uploads\/2022\/09\/pannello-70x50-1-2.pdf\">mappa<\/a>)<\/p>\n<p>Il percorso si sviluppa, per ciascuna zona, in una serie di fermate su cui vengono costruiti gli itinerari programmati durante la giornata. Un minibus, facilmente riconoscibile dalla decorazione integrale, vi aspetter\u00e0 alla fermata prescelta nell'orario indicato.<\/p>\n<p>Per visualizzare l\u2019elenco delle fermate del <strong>SilverBus<\/strong> <a href=\"\/amt\/wp-content\/uploads\/2022\/07\/A4_Tabelle.pdf\">clicca qui<\/a><\/p>\n<p>Ogni corsa \u00e8 prenotabile per una o pi\u00f9 persone. Potete prenotare una o pi\u00f9 corse per il giorno stesso, per la settimana successiva o per periodi futuri. Le corse per il giorno stesso devono essere\u00a0<strong>prenotate con almeno 30 minuti di anticipo<\/strong>\u00a0sull'orario di partenza.<\/p>\n<p>Per prenotazioni relative alla settimana successiva a quella corrente, effettuate tramite operatore, il cliente deve chiamare il call-center SilverBus al sabato per avere la conferma delle corse prenotate.<\/p>\n<p><strong>SilverBus<\/strong> \u00e8 un servizio a chiamata, pertanto se non avete prenotato potete salire a bordo solo se ci sono ancora posti non assegnati e se accettate di condividere il percorso gi\u00e0 programmato.<\/p>\n<p>SilverBus \u00e8 un servizio sperimentale, durante il quale verr\u00e0 monitorato in modo continuativo il grado di soddisfazione degli utenti. Per soddisfare esigenze e aspettative dell\u2019utenza, il servizio offerto potr\u00e0 subire variazioni nel corso della sperimentazione. A bordo del SilverBus sar\u00e0 presente un incaricato per l'assistenza ai passeggeri che oltre a fornire informazioni, potr\u00e0 aiutare l'utenza in fase di iscrizione al servizio e raccogliere pareri e consigli da parte degli utilizzatori.<\/p>\n<p>Leggi il <a href=\"https:\/\/www.amt.genova.it\/amt\/wp-content\/uploads\/2022\/07\/2022-22x31-REGOLAMENTO-SILVERBUS.pdf\">regolamento<\/a><\/p>\n<p>&nbsp;<\/p>\n ","protected":false},"excerpt":{"rendered":"Sperimentazione conclusa &nbsp; SilverBus\u00a0\u00e8 il\u00a0servizio bus a chiamata gratuito dedicato agli over 65 (*),\u00a0flessibile e comodo, attivo in alcune zone della citt\u00e0. Silverbus permette di raggiungere il centro citt\u00e0 per fare acquisti, visitare musei, servizi e uffici o semplicemente per fare una passeggiata in riva al mare o nei parchi del centro cittadino. (*) Per \u201cover 65\u201d si intendono tutti&nbsp;<a href=\"https:\/\/www.amt.genova.it\/amt\/trasporto-multimodale\/silverbus\/\" class=\"read-more\">Continue Reading<\/a>","protected":false},"author":2,"featured_media":0,"parent":2163,"menu_order":0,"comment_status":"closed","ping_status":"closed","template":"page-fullwidth.php","meta":{"footnotes":""},"class_list":["post-34194","page","type-page","status-publish","hentry"],"_links":{"self":[{"href":"https:\/\/www.amt.genova.it\/amt\/wp-json\/wp\/v2\/pages\/34194","targetHints":{"allow":["GET"]}}],"collection":[{"href":"https:\/\/www.amt.genova.it\/amt\/wp-json\/wp\/v2\/pages"}],"about":[{"href":"https:\/\/www.amt.genova.it\/amt\/wp-json\/wp\/v2\/types\/page"}],"author":[{"embeddable":true,"href":"https:\/\/www.amt.genova.it\/amt\/wp-json\/wp\/v2\/users\/2"}],"replies":[{"embeddable":true,"href":"https:\/\/www.amt.genova.it\/amt\/wp-json\/wp\/v2\/comments?post=34194"}],"version-history":[{"count":42,"href":"https:\/\/www.amt.genova.it\/amt\/wp-json\/wp\/v2\/pages\/34194\/revisions"}],"predecessor-version":[{"id":37028,"href":"https:\/\/www.amt.genova.it\/amt\/wp-json\/wp\/v2\/pages\/34194\/revisions\/37028"}],"up":[{"embeddable":true,"href":"https:\/\/www.amt.genova.it\/amt\/wp-json\/wp\/v2\/pages\/2163"}],"wp:attachment":[{"href":"https:\/\/www.amt.genova.it\/amt\/wp-json\/wp\/v2\/media?parent=34194"}],"curies":[{"name":"wp","href":"https:\/\/api.w.org\/{rel}","templated":true}]}}