{"id":33088,"date":"2022-05-13T10:28:34","date_gmt":"2022-05-13T08:28:34","guid":{"rendered":"https:\/\/www.amt.genova.it\/amt\/?page_id=33088"},"modified":"2024-02-21T14:57:12","modified_gmt":"2024-02-21T13:57:12","slug":"avviso-di-selezione-addetto-comunicazione-stampa-e-social-media","status":"publish","type":"page","link":"https:\/\/www.amt.genova.it\/amt\/societa_trasparente\/bandi-di-concorso\/avviso-di-selezione-addetto-comunicazione-stampa-e-social-media\/","title":{"rendered":"Avviso di Selezione Addetto Comunicazione, Stampa e Social Media"},"content":{"rendered":"<p>AMT \u00e8 la Societ\u00e0 partecipata dal Comune di Genova, dalla Citt\u00e0 Metropolitana e da altri enti pubblici, incaricata dell'organizzazione e della gestione della mobilit\u00e0 pubblica nelle aree urbane ed extraurbane.<\/p>\n<p>In particolare si occupa dell'organizzazione, dell'esercizio e della gestione complessiva dei servizi di trasporto, sia direttamente, sia indirettamente ed anche mediante subaffidamento a terzi, nonch\u00e9 dell'attuazione di interventi di interesse pubblico nell'ambito della progettazione e realizzazione di sistemi e tecnologie di trasporto a supporto dei progetti di mobilit\u00e0 urbana.<\/p>\n<p>AMT intende essere un\u2019eccellenza nei compiti a lei affidati. Attualmente ricerca personale da selezionare e da tenere in evidenza per eventuali assunzioni all\u2019interno della Funzione \u201cComunicazione e Media\u201d nella seguente posizione:<\/p>\n<p>&nbsp;<\/p>\n<h2 style=\"text-align: center;\"><strong>Addetto Comunicazione, Stampa e Social Media<\/strong><\/h2>\n<p>&nbsp;<\/p>\n<p>La persona ricercata sar\u00e0 inserita all\u2019interno della Funzione Comunicazione e Media alle dirette dipendenze del Responsabile di Funzione. In particolare, la persona avr\u00e0 il compito di individuare e selezionare il flusso delle informazioni, provenienti dalle Funzioni aziendali, che dovranno essere veicolate verso gli organi di informazione, i canali di comunicazione esterni e i canali di comunicazione interni, valorizzando le attivit\u00e0 e i progetti di AMT ai fini della promozione dell\u2019immagine aziendale. Collaborer\u00e0 quindi all\u2019individuazione e all\u2019elaborazione dei contenuti da trasmettere e alla gestione delle attivit\u00e0 correlate.<\/p>\n<p>La risorsa dovr\u00e0 avere esperienza e dimestichezza con i canali online e social e, in tal senso, dovr\u00e0 collaborare alla loro gestione, occupandosi dello sviluppo di contenuti di interesse per l\u2019organizzazione e del monitoraggio della reputazione aziendale su web e social media. Dovr\u00e0 altres\u00ec relazionarsi con i diversi stakeholder esterni ed interni, con i giornalisti e gli operatori della comunicazione.<\/p>\n<p>La risorsa si occuper\u00e0 di:<\/p>\n<ul>\n<li>redazione di testi per comunicati stampa, note di approfondimento, contenuti web e social;<\/li>\n<li>collaborazione all\u2019organizzazione di conferenze stampa;<\/li>\n<li>collaborazione alla preparazione di eventi esterni e interni, sia per gli aspetti organizzativi sia per la realizzazione di contenuti (ad esempio relazioni, presentazioni Power Point, etc.);<\/li>\n<li>elaborazione di contenuti editoriali;<\/li>\n<li>media monitoring;<\/li>\n<li>social media monitoring e gestione dei canali social.<\/li>\n<\/ul>\n<p>Dovr\u00e0 inoltre collaborare nell\u2019elaborazione di:<\/p>\n<ul>\n<li>Piani di Comunicazione aziendale;<\/li>\n<li>Piani Editoriali per i media tradizionali e per i canali web e social dell\u2019azienda.<\/li>\n<\/ul>\n<p>Ai fini sopra indicati si occuper\u00e0 della preparazione e realizzazione di contenuti, anche multimediali.<\/p>\n<p><strong><u>Requisiti necessari<\/u><\/strong>:<\/p>\n<ul>\n<li>Laurea in Comunicazione o altra Laurea in ambito umanistico e\/o di comunicazione;<\/li>\n<li>iscrizione all\u2019Ordine dei Giornalisti;<\/li>\n<li>esperienza di almeno 3 anni negli ambiti di riferimento;<\/li>\n<li>ottima capacit\u00e0 di scrittura e articolazione dei testi;<\/li>\n<li>buona conoscenza della lingua inglese, parlata e scritta;<\/li>\n<li>abilit\u00e0 nell\u2019utilizzo delle nuove tecnologie informatiche e conoscenza degli strumenti di comunicazione on line;<\/li>\n<li>familiarit\u00e0 con l\u2019uso dei social;<\/li>\n<li>buona conoscenza degli applicativi del Pacchetto Office;<\/li>\n<li>ottime doti relazionali e comunicative.<\/li>\n<\/ul>\n<p><strong><u>Requisiti preferenziali<\/u><\/strong>:<\/p>\n<ul>\n<li>creativit\u00e0, proattivit\u00e0, curiosit\u00e0, disponibilit\u00e0, propensione all\u2019innovazione e al cambiamento;<\/li>\n<li>forte orientamento al problem solving e al raggiungimento degli obiettivi prefissati;<\/li>\n<li>predisposizione al lavoro in team;<\/li>\n<li>orientamento agli stakeholder;<\/li>\n<li>gestione siti internet.<\/li>\n<\/ul>\n<p><strong><u>Ulteriori requisiti (saranno valutati positivamente)<\/u><\/strong>:<\/p>\n<ul>\n<li>conoscenza di programmi di montaggio audio\/video e di gestione delle immagini;<\/li>\n<li>possesso di attestati di percorsi formativi di specializzazione su comunicazione d\u2019impresa e\/o social media management;<\/li>\n<li>dimostrata conoscenza del settore della mobilit\u00e0 sostenibile e dei trasporti.<\/li>\n<\/ul>\n<p>La Selezione per il profilo in oggetto \u00e8 rivolta indistintamente a uomini e donne (D.Lgs. 198\/2006), a candidati che risultino appartenenti alle categorie protette (L. 68\/99), nonch\u00e9 ai dipendenti delle Societ\u00e0 Partecipate dal Comune di Genova (in applicazione del Regolamento per le Societ\u00e0 Partecipate e del Protocollo di Intesa 3 dicembre 2018 tra Comune di Genova e Confederazioni CGIL, CISL E UIL).<\/p>\n<p>Per manifestare il proprio interesse a questa Selezione \u00e8 necessario compilare ed inviare on line, allegando dettagliato curriculum vitae, il Modulo raggiungibile dal link sottostante <strong>entro il 31 maggio 2022<\/strong>:<\/p>\n<h2 style=\"text-align: center;\"><strong><em>MODULO<\/em><\/strong><\/h2>\n<p><u>Eventuali curricula inviati in precedenza o trasmessi con altro mezzo non saranno presi in considerazione per questa Selezione<\/u>.<\/p>\n<p><strong>Iter selettivo<\/strong><\/p>\n<p><strong><em><u>FASE 1: Screening curricula<\/u><\/em><\/strong><\/p>\n<p>La fase di screening delle candidature pervenute prevede la valutazione dei requisiti dichiarati dai candidati nei rispettivi CV. Quanto dichiarato dai candidati verr\u00e0 confrontato con i requisiti richiesti nel presente Avviso attraverso una scala di corrispondenza al profilo ricercato. Le candidature valutate adeguatamente in possesso dei requisiti richiesti potranno accedere alla Fase 2.<\/p>\n<p><strong><em><u>FASE 2: Colloquio Tecnico<\/u><\/em><\/strong><\/p>\n<p>I candidati che avranno accesso a questa fase saranno convocati per un colloquio tecnico, eventualmente anche a distanza, a cura di una Commissione di esperti aziendali che potr\u00e0 essere eventualmente corredato da prove pratiche, test e questionari.<\/p>\n<p>I candidati saranno valutati in base al livello di effettivo possesso dei requisiti tecnico-professionali richiesti e sopradescritti espresso da griglie numeriche che andranno a comporre la scheda di valutazione globale espressa in centesimi.<\/p>\n<p>Per considerare superata questa seconda Fase occorre raggiungere un punteggio minimo di 70\/100 dato dalla somma dei punteggi delle diverse griglie espresse nella scheda di valutazione.<\/p>\n<p><strong><em><u>FASE 3: Colloquio Motivazionale<\/u><\/em><\/strong><\/p>\n<p>Coloro che supereranno il colloquio tecnico (Fase 2) saranno sottoposti ad un secondo colloquio con la Direzione Aziendale, volto a valutare attraverso una ulteriore scheda di valutazione numerica espressa in trentesimi gli aspetti attitudinali, relazionali e motivazionali del candidato in funzione del ruolo ricercato. Avranno superato la Selezione i candidati che avranno ottenuto un punteggio maggiore di 20\/30 a questo secondo colloquio (Fase 3). In base all\u2019esito di questa prova, verr\u00e0 stilata una graduatoria dalla quale l\u2019Azienda si riserva di attingere per l\u2019eventuale assunzione in relazione alla posizione da ricoprire, con tempistiche che verranno decise in base alle esigenze organizzative e di servizio aziendali.<\/p>\n<p>Entrambi i colloqui potranno svolgersi in presenza in Azienda o a distanza via web, secondo quanto indicato nella convocazione trasmessa via e-mail all\u2019indirizzo indicato da ognuno nel proprio cv.<\/p>\n<p><strong>Requisiti necessari per l\u2019assunzione<\/strong><\/p>\n<p>All'atto dell'eventuale assunzione, il candidato individuato, pena l'esclusione, dovr\u00e0 possedere i seguenti requisiti:<\/p>\n<ul>\n<li>idoneit\u00e0 psico-fisica;<\/li>\n<li>godimento dei diritti politici;<\/li>\n<li>assenza di condanne penali o procedimenti penali pendenti (come descritto nel \u2018Documento Selezione e assunzione del personale\u2019 AMT approvato il 1\u00b0 dicembre 2017 e pubblicato sul sito web di AMT);<\/li>\n<li>per i cittadini extracomunitari permesso di soggiorno in corso di validit\u00e0;<\/li>\n<li>piena conoscenza della lingua italiana.<\/li>\n<\/ul>\n<p><strong>Dichiarazioni non corrispondenti a verit\u00e0 comporteranno l'<u>immediata esclusione in qualsiasi fase della Selezione<\/u><\/strong>. In caso di dichiarazioni non corrispondenti a verit\u00e0, AMT si riserva di procedere ad eventuali segnalazioni agli Organi competenti, ai sensi della normativa vigente.<\/p>\n<p>L\u2019eventuale assunzione avverr\u00e0 con inquadramento commisurato al livello di competenza posseduto, secondo quanto disposto dalle vigenti normative di legge e dal CCNL Autoferrotranvieri.<\/p>\n<p><strong>Informazioni ai candidati<\/strong><\/p>\n<p>Si ricorda che tutti gli aggiornamenti relativi a questa Selezione saranno pubblicati sul sito web di AMT nella pagina dedicata.<\/p>\n<p><strong>AMT declina ogni responsabilit\u00e0 in caso di mancato recapito della convocazione a causa di errato inserimento da parte del candidato del proprio indirizzo e-mail.<\/strong><\/p>\n<p>LA PRESENZA ALLA SELEZIONE COMPORTA L'IMPLICITA ACCETTAZIONE DI TUTTE LE DISPOSIZIONI PREVISTE DAL PRESENTE AVVISO DI SELEZIONE.<\/p>\n ","protected":false},"excerpt":{"rendered":"AMT \u00e8 la Societ\u00e0 partecipata dal Comune di Genova, dalla Citt\u00e0 Metropolitana e da altri enti pubblici, incaricata dell'organizzazione e della gestione della mobilit\u00e0 pubblica nelle aree urbane ed extraurbane. In particolare si occupa dell'organizzazione, dell'esercizio e della gestione complessiva dei servizi di trasporto, sia direttamente, sia indirettamente ed anche mediante subaffidamento a terzi, nonch\u00e9 dell'attuazione di interventi di interesse&nbsp;<a href=\"https:\/\/www.amt.genova.it\/amt\/societa_trasparente\/bandi-di-concorso\/avviso-di-selezione-addetto-comunicazione-stampa-e-social-media\/\" class=\"read-more\">Continue Reading<\/a>","protected":false},"author":2,"featured_media":0,"parent":3561,"menu_order":0,"comment_status":"closed","ping_status":"closed","template":"page-fullwidth.php","meta":{"footnotes":""},"class_list":["post-33088","page","type-page","status-publish","hentry"],"_links":{"self":[{"href":"https:\/\/www.amt.genova.it\/amt\/wp-json\/wp\/v2\/pages\/33088","targetHints":{"allow":["GET"]}}],"collection":[{"href":"https:\/\/www.amt.genova.it\/amt\/wp-json\/wp\/v2\/pages"}],"about":[{"href":"https:\/\/www.amt.genova.it\/amt\/wp-json\/wp\/v2\/types\/page"}],"author":[{"embeddable":true,"href":"https:\/\/www.amt.genova.it\/amt\/wp-json\/wp\/v2\/users\/2"}],"replies":[{"embeddable":true,"href":"https:\/\/www.amt.genova.it\/amt\/wp-json\/wp\/v2\/comments?post=33088"}],"version-history":[{"count":4,"href":"https:\/\/www.amt.genova.it\/amt\/wp-json\/wp\/v2\/pages\/33088\/revisions"}],"predecessor-version":[{"id":43921,"href":"https:\/\/www.amt.genova.it\/amt\/wp-json\/wp\/v2\/pages\/33088\/revisions\/43921"}],"up":[{"embeddable":true,"href":"https:\/\/www.amt.genova.it\/amt\/wp-json\/wp\/v2\/pages\/3561"}],"wp:attachment":[{"href":"https:\/\/www.amt.genova.it\/amt\/wp-json\/wp\/v2\/media?parent=33088"}],"curies":[{"name":"wp","href":"https:\/\/api.w.org\/{rel}","templated":true}]}}