{"id":32608,"date":"2022-04-15T13:58:34","date_gmt":"2022-04-15T11:58:34","guid":{"rendered":"https:\/\/www.amt.genova.it\/amt\/?page_id=32608"},"modified":"2024-02-21T17:30:13","modified_gmt":"2024-02-21T16:30:13","slug":"avviso-di-selezione-autista-bus-trasporto-urbano-rif-abu-22-01","status":"publish","type":"page","link":"https:\/\/www.amt.genova.it\/amt\/societa_trasparente\/bandi-di-concorso\/avviso-di-selezione-autista-bus-trasporto-urbano-rif-abu-22-01\/","title":{"rendered":"Avviso di Selezione Autista Bus Trasporto Urbano (rif. ABU\/22\/01)"},"content":{"rendered":"<p>Si informa che \u00e8 sempre aperta la RICERCA DI PERSONALE AUTISTA BUS finalizzata alla creazione di un Database di candidature. AMT ringrazia tutti coloro che stanno manifestando il proprio interesse ed AVVISA che \u00e8 indetta una nuova<\/p>\n<h2 style=\"text-align: center;\"><strong>Selezione per la Mansione di AUTISTA BUS<\/strong><br \/>\n<strong>Trasporto Urbano (rif. ABU\/22\/01)<\/strong><\/h2>\n<p>L'Autista Bus di AMT svolge quotidianamente il servizio di trasporto dei passeggeri, garantendone la sicurezza e la qualit\u00e0, rappresentando l'Azienda sul territorio della Citt\u00e0 Metropolitana di Genova per il Servizio Urbano (Bacino G Citt\u00e0 di Genova) e per il Trasporto Provinciale (Bacino TG Regione Liguria).<\/p>\n<p>AMT ricerca candidati che esprimano:<\/p>\n<ul>\n<li>Motivazione al ruolo di Autista Bus<\/li>\n<li>Orientamento al Cliente e ad attivit\u00e0 di Servizio al Pubblico<\/li>\n<li>Positivit\u00e0 nella relazione e nella comunicazione<\/li>\n<li>Attitudine alla collaborazione, all\u2019ascolto ed alla condivisione delle informazioni<\/li>\n<li>Autonomia, responsabilit\u00e0, coscienziosit\u00e0 nello svolgimento dei compiti e capacit\u00e0 di attenzione<\/li>\n<li>Capacit\u00e0 di gestire situazioni di stress attraverso il controllo delle proprie emozioni.<\/li>\n<\/ul>\n<p>La presente Selezione (rif. ABU\/22\/01) \u00e8 rivolta <strong>ESCLUSIVAMENTE<\/strong> alle <strong>candidature gi\u00e0 in possesso di patente di guida D e CQC passeggeri<\/strong> in corso di validit\u00e0, pervenute ed <strong>iscritte al DB entro l\u20198<\/strong> <strong>maggio 2022.<\/strong><\/p>\n<h2 style=\"text-align: center;\"><strong><em>MODULO<\/em><\/strong><\/h2>\n<p>Al termine dell\u2019esame di tutte le candidature verr\u00e0 pubblicata <strong>una Graduatoria valida <\/strong>24 mesi da cui AMT attinger\u00e0 per eventuali future esigenze di personale nel Trasporto Urbano.<\/p>\n<p><strong>1.Requisiti per la partecipazione alla Selezione (appartenere ad almeno una delle seguenti Categorie):<\/strong><\/p>\n<p><strong>CATEGORIA A<\/strong> essere nati dopo il 30 settembre 1992<\/p>\n<p><strong>CATEGORIA B<\/strong> essere nati prima del 1\u00b0 ottobre 1992 e, in questo caso, essere beneficiari di una delle seguenti tipologie di trattamento di disoccupazione<strong>*<\/strong>:<\/p>\n<ul>\n<li>Naspi<\/li>\n<li>Dis-Coll<\/li>\n<\/ul>\n<p><strong>CATEGORIA C<\/strong> risultare iscritti alle liste di Collocamento Mirato (Legge 68\/99 art. 1, art. 18)<\/p>\n<p><strong>PER TUTTI<\/strong>: essere <strong>iscritti<\/strong> al<strong> DB <\/strong>della <strong>Ricerca di Personale <\/strong>alla data del<strong> 08\/05\/2022 <\/strong>ed essere in <strong>possesso <\/strong>di Patente di guida<strong> D e CQC passeggeri<\/strong> entrambe valide;<\/p>\n<p>La Selezione \u00e8 rivolta indistintamente a uomini e donne (L.903\/77 e L.125\/91) e viene svolta secondo criteri di pari opportunit\u00e0, nel rispetto di quanto indicato nel CCNL di categoria, garantendo nelle varie fasi il rispetto dei principi di trasparenza, pubblicit\u00e0 ed imparzialit\u00e0.<\/p>\n<p>&nbsp;<\/p>\n<p><strong>\u00a0<\/strong><strong>2.Modalit\u00e0 di partecipazione<\/strong><\/p>\n<p>Per partecipare alla Selezione \u00e8 necessario <strong>rispondere alla mail<\/strong> che sar\u00e0 inviata <strong>ai candidati gi\u00e0 iscritti<\/strong> al DB <strong>e a coloro che risulteranno iscritti<\/strong> alla data del <strong>8\/05\/2022<\/strong><\/p>\n<p>La comunicazione mail conterr\u00e0 in allegato un <strong>Modulo di Iscrizione alla Selezione e Autocertificazione dei Requisiti per la partecipazione<\/strong> che il candidato \u00e8 tenuto a stampare, compilare ed inviare via mail nei tempi e modi stabiliti all\u2019indirizzo indicato nella comunicazione stessa.<\/p>\n<p>Se l\u2019Autocertificazione perviene correttamente compilata e nei termini stabiliti e conferma il <strong>possesso dei pre-requisiti di partecipazione di cui al punto 1<\/strong>, il candidato ricever\u00e0, sempre attraverso mail, la <strong>convocazione alla Selezione<\/strong>. Tutte le comunicazioni saranno inviate agli interessati tramite e-mail all'indirizzo fornito all\u2019atto della registrazione della candidatura.<\/p>\n<p><strong>AMT declina ogni responsabilit\u00e0 in caso di mancato recapito della convocazione a causa di errato inserimento da parte del candidato del proprio indirizzo e-mail.<\/strong><\/p>\n<p>&nbsp;<\/p>\n<p><strong>3.Iter selettivo<\/strong><\/p>\n<p>La Selezione prevede lo svolgimento <strong>nella medesima giornata<\/strong> di pi\u00f9 prove (per es.: test\/quesiti\/questionari\/colloqui di gruppo e individuali), che potranno eventualmente svolgersi anche in remoto e che saranno somministrate da una Commissione mista composta da personale esperto Aziendale e personale specializzato di Societ\u00e0 esterne di Selezione.<\/p>\n<p>Tutte le suddette prove che, salvo ulteriori restrizioni, si terranno nel rispetto della normativa anti-Covid a partire da <strong>luned\u00ec 9 maggio 2022<\/strong>, intendono valutare globalmente, attraverso una scala numerica espressa in centesimi, il grado di corrispondenza del candidato al Profilo dell\u2019AUTISTA BUS, cos\u00ec articolato:<\/p>\n<ul>\n<li>Motivazione al ruolo di Autista Bus<\/li>\n<li>Orientamento al Cliente e ad attivit\u00e0 di servizio al Pubblico<\/li>\n<li>Positivit\u00e0 nella relazione e nella comunicazione<\/li>\n<li>Attitudine alla collaborazione, all\u2019ascolto ed alla condivisione delle informazioni<\/li>\n<li>Autonomia, responsabilit\u00e0, coscienziosit\u00e0 nello svolgimento dei compiti e capacit\u00e0 di attenzione<\/li>\n<li>Capacit\u00e0 di gestire situazioni di stress attraverso il controllo delle proprie emozioni.<\/li>\n<\/ul>\n<p>Per considerare superata la Selezione occorre raggiungere un punteggio minimo di 60\/100 dato dalla somma dei punteggi ottenuti nelle 6 diverse voci di valutazione sopradescritte e specifiche del Profilo oggetto di Selezione.<\/p>\n<p>&nbsp;<\/p>\n<p><strong>4.Graduatoria e assunzioni<\/strong><\/p>\n<p>I candidati che avranno raggiunto il punteggio minimo verranno inseriti in una <strong>Graduatoria<\/strong> <strong>rif. ABU\/22\/01 <\/strong>che sar\u00e0 pubblicata sul sito web di AMT, e avr\u00e0 validit\u00e0 per 24 mesi dalla data di pubblicazione. A parit\u00e0 di punteggio, la posizione in Graduatoria sar\u00e0 definita in base alla maggiore anzianit\u00e0 anagrafica.<\/p>\n<p><strong>Al momento dell\u2019eventuale proposta di assunzione tutti i candidati dovranno<\/strong> <strong>essere in possesso di tutti gli altri requisiti necessari elencati sotto:<\/strong><\/p>\n<p><strong>CATEGORIA A<\/strong> non avere compiuto i 30 anni di et\u00e0<\/p>\n<p><strong>CATEGORIA B<\/strong> essere beneficiari di una delle seguenti tipologie di trattamento di disoccupazione:<\/p>\n<ul>\n<li>Naspi<\/li>\n<li>Dis-Coll<\/li>\n<\/ul>\n<p><strong>CATEGORIA C<\/strong> risultare iscritti alle liste di Collocamento Mirato (Legge 68\/99 art. 1, art. 18)<\/p>\n<p><strong>Tutte le Categorie: A, B e C<\/strong>:<\/p>\n<ul>\n<li>patente di guida D e CQC passeggeri in corso di validit\u00e0<\/li>\n<li>idoneit\u00e0 psico-fisica a seguito degli accertamenti obbligatori per Legge da effettuarsi presso Enti\/Strutture preposti (D.M. 88\/99)<\/li>\n<li>godimento dei diritti politici<\/li>\n<li>assenza di condanne penali o procedimenti penali pendenti (come descritto nel \u2018Documento Selezione e assunzione del personale AMT approvato il 1\u00b0 dicembre 2017 e pubblicato sul sito web di AMT)<\/li>\n<li>per i cittadini extracomunitari, permesso di soggiorno per motivi di lavoro in corso di validit\u00e0<\/li>\n<li>buona conoscenza della lingua italiana.<\/li>\n<\/ul>\n<p>AMT potr\u00e0 attingere dalla Graduatoria di cui sopra per eventuali assunzioni attraverso il contratto di apprendistato professionalizzante della durata di 36 mesi.\u00a0 Solo per coloro che risulteranno iscritti alle liste di Collocamento Mirato potr\u00e0 eventualmente essere utilizzata altra tipologia contrattuale ai sensi di legge. Per tutti l\u2019inquadramento proposto \u00e8 quello relativo al profilo professionale Operatore di Esercizio parametro retributivo 140 del vigente CCNL Autoferrotranvieri.<\/p>\n<p><strong>Ulteriori informazioni<\/strong><\/p>\n<p><strong>Dichiarazioni non corrispondenti a verit\u00e0 comporteranno l'immediata esclusione in qualsiasi fase della Selezione<\/strong>. In caso di dichiarazioni non corrispondenti a verit\u00e0, AMT si riserva di procedere ad eventuali segnalazioni agli Organi competenti, ai sensi della normativa vigente.<\/p>\n<p><strong>*<\/strong> <em>saranno ritenute valide <strong>ai fini della partecipazione <\/strong>alla selezione, le candidature che autocertificheranno l\u2019avvenuta domanda di NASPI attraverso l\u2019apposito modulo di iscrizione alla Selezione <\/em><\/p>\n ","protected":false},"excerpt":{"rendered":"Si informa che \u00e8 sempre aperta la RICERCA DI PERSONALE AUTISTA BUS finalizzata alla creazione di un Database di candidature. AMT ringrazia tutti coloro che stanno manifestando il proprio interesse ed AVVISA che \u00e8 indetta una nuova Selezione per la Mansione di AUTISTA BUS Trasporto Urbano (rif. ABU\/22\/01) L'Autista Bus di AMT svolge quotidianamente il servizio di trasporto dei passeggeri,&nbsp;<a href=\"https:\/\/www.amt.genova.it\/amt\/societa_trasparente\/bandi-di-concorso\/avviso-di-selezione-autista-bus-trasporto-urbano-rif-abu-22-01\/\" class=\"read-more\">Continue Reading<\/a>","protected":false},"author":2,"featured_media":0,"parent":3561,"menu_order":0,"comment_status":"closed","ping_status":"closed","template":"page-fullwidth.php","meta":{"footnotes":""},"class_list":["post-32608","page","type-page","status-publish","hentry"],"_links":{"self":[{"href":"https:\/\/www.amt.genova.it\/amt\/wp-json\/wp\/v2\/pages\/32608","targetHints":{"allow":["GET"]}}],"collection":[{"href":"https:\/\/www.amt.genova.it\/amt\/wp-json\/wp\/v2\/pages"}],"about":[{"href":"https:\/\/www.amt.genova.it\/amt\/wp-json\/wp\/v2\/types\/page"}],"author":[{"embeddable":true,"href":"https:\/\/www.amt.genova.it\/amt\/wp-json\/wp\/v2\/users\/2"}],"replies":[{"embeddable":true,"href":"https:\/\/www.amt.genova.it\/amt\/wp-json\/wp\/v2\/comments?post=32608"}],"version-history":[{"count":11,"href":"https:\/\/www.amt.genova.it\/amt\/wp-json\/wp\/v2\/pages\/32608\/revisions"}],"predecessor-version":[{"id":46129,"href":"https:\/\/www.amt.genova.it\/amt\/wp-json\/wp\/v2\/pages\/32608\/revisions\/46129"}],"up":[{"embeddable":true,"href":"https:\/\/www.amt.genova.it\/amt\/wp-json\/wp\/v2\/pages\/3561"}],"wp:attachment":[{"href":"https:\/\/www.amt.genova.it\/amt\/wp-json\/wp\/v2\/media?parent=32608"}],"curies":[{"name":"wp","href":"https:\/\/api.w.org\/{rel}","templated":true}]}}