{"id":31414,"date":"2022-01-27T15:28:41","date_gmt":"2022-01-27T14:28:41","guid":{"rendered":"https:\/\/www.amt.genova.it\/amt\/?page_id=31414"},"modified":"2022-01-27T15:28:41","modified_gmt":"2022-01-27T14:28:41","slug":"insieme-con-rispetto-e-meglio","status":"publish","type":"page","link":"https:\/\/www.amt.genova.it\/amt\/amt-istituzionale\/campagne-istituzionali\/insieme-con-rispetto-e-meglio\/","title":{"rendered":"Insieme con rispetto \u00e8 meglio"},"content":{"rendered":"<h3><strong>Anno 2018<br \/>\n<\/strong><strong>Campagna comportamentale trilingue a bordo dei mezzi AMT \u201cInsieme con rispetto \u00e8 meglio\u201d<\/strong><\/h3>\n<p><img loading=\"lazy\" decoding=\"async\" class=\"alignleft wp-image-15969 size-medium\" src=\"\/amt\/wp-content\/uploads\/2018\/07\/x-homepage-comportamentale-300x300.jpg\" alt=\"\" width=\"300\" height=\"300\" srcset=\"https:\/\/www.amt.genova.it\/amt\/wp-content\/uploads\/2018\/07\/x-homepage-comportamentale-300x300.jpg 300w, https:\/\/www.amt.genova.it\/amt\/wp-content\/uploads\/2018\/07\/x-homepage-comportamentale.jpg 591w\" sizes=\"auto, (max-width: 300px) 100vw, 300px\" \/>Nove soggetti per ricordare a tutti le regole per viaggiare meglio insieme. Questo \u00e8 l\u2019obiettivo della campagna comportamentale che AMT e Comune di Genova presentano ai cittadini clienti del trasporto pubblico. Suggerimenti, consigli, regole di buona educazione da tenere a mente quando si condividono uno spazio e un tempo di viaggio: lasciare il posto a sedere a chi \u00e8 in difficolt\u00e0, non disturbare gli altri usando il cellulare come una discoteca portatile, non abbandonare rifiuti sul bus, tenere i cani con la museruola, assicurare che i propri bagagli non diano fastidio agli altri e che la propria borsa sia ben chiusa per evitare i malintenzionati, viaggiare composti e sicuri, entrare e uscire dalla porta giusta per non intralciare gli spostamenti sui mezzi.<\/p>\n<p>\u201cE\u2019 una campagna di comunicazione che vuole essere una sorta di educational - sottolinea Stefano Balleari, Vicesindaco e Assessore alla Mobilit\u00e0 - regole d\u2019ingaggio per viaggiare bene insieme che hanno come perno il rispetto reciproco, gli uni verso gli altri, con particolare attenzione per le persone pi\u00f9 deboli o in difficolt\u00e0. I messaggi sono chiari e diretti, auspichiamo che siano apprezzati dai cittadini\u201d.<\/p>\n<p>\u201cIl viaggio a bordo di un bus non \u00e8 un\u2019esperienza individuale, la sua gradevolezza dipende anche dall\u2019interazione con tutti gli altri passeggeri - aggiunge Marco Beltrami, Amministratore Unico di AMT - La campagna vuole aiutare tutti a prendere consapevolezza dei comportamenti ideali ed \u00e8 in tre lingue perch\u00e9 AMT ha ormai una clientela composita\u201d.<\/p>\n<p>La scelta dei soggetti che compongono la campagna \u201c<strong>Insieme con rispetto \u00e8 meglio<\/strong>\u201d \u00e8 stata fatta dopo aver analizzato suggerimenti e segnalazioni raccolte all\u2019esterno e all\u2019interno, cercando di individuare i comportamenti che si verificano pi\u00f9 spesso a bordo dei mezzi pubblici. Ma dato che gli atteggiamenti e le abitudini evolvono continuamente, la campagna sar\u00e0 dinamica e si arricchir\u00e0 di nuovi messaggi che potranno essere suggeriti dagli stessi clienti.<\/p>\n<p>I nove pannelli, altra novit\u00e0, sono scritti in italiano, inglese e spagnolo per arrivare a tutti i passeggeri che utilizzano il sistema multimodale di AMT.<\/p>\n<p><a href=\"https:\/\/www.amt.genova.it\/amt\/wp-content\/uploads\/2018\/07\/EXE-IGP-70x25-10.jpg\" target=\"_blank\" rel=\"noopener\">Pannello 1<\/a><br \/>\n<a href=\"https:\/\/www.amt.genova.it\/amt\/wp-content\/uploads\/2018\/07\/EXE-IGP-70x25-9.jpg\" target=\"_blank\" rel=\"noopener\">Pannello 2<\/a><br \/>\n<a href=\"https:\/\/www.amt.genova.it\/amt\/wp-content\/uploads\/2018\/07\/EXE-IGP-70x25-8.jpg\" target=\"_blank\" rel=\"noopener\">Pannello 3<\/a><br \/>\n<a href=\"https:\/\/www.amt.genova.it\/amt\/wp-content\/uploads\/2018\/07\/EXE-IGP-70x25-7.jpg\" target=\"_blank\" rel=\"noopener\">Pannello 4<\/a><br \/>\n<a href=\"https:\/\/www.amt.genova.it\/amt\/wp-content\/uploads\/2018\/07\/EXE-IGP-70x25-6.jpg\" target=\"_blank\" rel=\"noopener\">Pannello 5<\/a><br \/>\n<a href=\"https:\/\/www.amt.genova.it\/amt\/wp-content\/uploads\/2018\/07\/EXE-IGP-70x25-5.jpg\" target=\"_blank\" rel=\"noopener\">Pannello 6<\/a><br \/>\n<a href=\"https:\/\/www.amt.genova.it\/amt\/wp-content\/uploads\/2018\/07\/EXE-IGP-70x25-4.jpg\" target=\"_blank\" rel=\"noopener\">Pannello 7<\/a><br \/>\n<a href=\"https:\/\/www.amt.genova.it\/amt\/wp-content\/uploads\/2018\/07\/EXE-IGP-70x25-3.jpg\" target=\"_blank\" rel=\"noopener\">Pannello 8<\/a><br \/>\n<a href=\"https:\/\/www.amt.genova.it\/amt\/wp-content\/uploads\/2018\/07\/EXE-IGP-70x25-2.jpg\" target=\"_blank\" rel=\"noopener\">Pannello 9<\/a><br \/>\n<a href=\"https:\/\/www.amt.genova.it\/amt\/wp-content\/uploads\/2018\/07\/EXE-IGP-70x25-1.jpg\" target=\"_blank\" rel=\"noopener\">Pannello 10<\/a><\/p>\n ","protected":false},"excerpt":{"rendered":"Anno 2018 Campagna comportamentale trilingue a bordo dei mezzi AMT \u201cInsieme con rispetto \u00e8 meglio\u201d Nove soggetti per ricordare a tutti le regole per viaggiare meglio insieme. Questo \u00e8 l\u2019obiettivo della campagna comportamentale che AMT e Comune di Genova presentano ai cittadini clienti del trasporto pubblico. Suggerimenti, consigli, regole di buona educazione da tenere a mente quando si condividono uno&nbsp;<a href=\"https:\/\/www.amt.genova.it\/amt\/amt-istituzionale\/campagne-istituzionali\/insieme-con-rispetto-e-meglio\/\" class=\"read-more\">Continue Reading<\/a>","protected":false},"author":2,"featured_media":0,"parent":7637,"menu_order":0,"comment_status":"closed","ping_status":"closed","template":"page-fullwidth.php","meta":{"footnotes":""},"class_list":["post-31414","page","type-page","status-publish","hentry"],"_links":{"self":[{"href":"https:\/\/www.amt.genova.it\/amt\/wp-json\/wp\/v2\/pages\/31414","targetHints":{"allow":["GET"]}}],"collection":[{"href":"https:\/\/www.amt.genova.it\/amt\/wp-json\/wp\/v2\/pages"}],"about":[{"href":"https:\/\/www.amt.genova.it\/amt\/wp-json\/wp\/v2\/types\/page"}],"author":[{"embeddable":true,"href":"https:\/\/www.amt.genova.it\/amt\/wp-json\/wp\/v2\/users\/2"}],"replies":[{"embeddable":true,"href":"https:\/\/www.amt.genova.it\/amt\/wp-json\/wp\/v2\/comments?post=31414"}],"version-history":[{"count":1,"href":"https:\/\/www.amt.genova.it\/amt\/wp-json\/wp\/v2\/pages\/31414\/revisions"}],"predecessor-version":[{"id":31415,"href":"https:\/\/www.amt.genova.it\/amt\/wp-json\/wp\/v2\/pages\/31414\/revisions\/31415"}],"up":[{"embeddable":true,"href":"https:\/\/www.amt.genova.it\/amt\/wp-json\/wp\/v2\/pages\/7637"}],"wp:attachment":[{"href":"https:\/\/www.amt.genova.it\/amt\/wp-json\/wp\/v2\/media?parent=31414"}],"curies":[{"name":"wp","href":"https:\/\/api.w.org\/{rel}","templated":true}]}}