{"id":31233,"date":"2022-01-20T14:10:17","date_gmt":"2022-01-20T13:10:17","guid":{"rendered":"https:\/\/www.amt.genova.it\/amt\/?page_id=31233"},"modified":"2023-06-26T16:44:27","modified_gmt":"2023-06-26T14:44:27","slug":"esiti-bandi-di-gara","status":"publish","type":"page","link":"https:\/\/www.amt.genova.it\/amt\/fornitori-e-appalti\/esiti-bandi-di-gara\/","title":{"rendered":"Esiti procedure negoziate"},"content":{"rendered":"<p><a href=\"\/amt\/wp-content\/uploads\/2016\/02\/portale-trasparenza-dati-info.pdf\" target=\"_blank\" rel=\"noopener\">Portale trasparenza - dati e informazioni (pdf)<\/a><\/p>\n<p><strong>AFFIDAMENTO DIRETTO \"<\/strong><strong>PNEUMATICI NUOVI PER AUTOBUS PER IL SERVIZIO DI TRASPORTO URBANO DI DURATA TEMPORALE LIMITATA E NELLA QUANTITA' STRETTAMENTE NECESSARIA NELLE MORE DELL'ESPLETAMENTO DELLA NUOVA PROCEDURA APERTA AD EVIDENZA PUBBLICA COMUNITARIA\"<\/strong> <strong>ART. 36 COMMA 2 LETTERA A) COME MODIFICATO DALLA L. 11 SETTEMBRE 2020 nr 120 ART 1 COMMA 2 LETTERA A) cos\u00ec come modificato dall\u2019art. 51 Legge n. 108\/2021 (Legge di conversione del DL Semplificazioni bis)\u00a0 \u2013 CIG 9924432C5C.<\/strong><\/p>\n<p>Si informa che la fornitura \u00e8 stata affidata, \u00a0alla societ\u00e0 Fedi Gomme, per un importo di Euro 86.000,00 Iva esclusa.<\/p>\n<p><strong>AFFIDAMENTO DIRETTO \"PNEUMATICI RICOSTRUITI PER AUTOBUS URBANI\"<\/strong> <strong>ART. 36 COMMA 2 LETTERA A) COME MODIFICATO DALLA L. 11 SETTEMBRE 2020 nr 120 ART 1 COMMA 2 LETTERA A) cos\u00ec come modificato dall\u2019art. 51 Legge n. 108\/2021 (Legge di conversione del DL Semplificazioni bis)\u00a0 \u2013 CIG 9788217432<\/strong><\/p>\n<p>Si informa che la fornitura \u00e8 stata affidata, \u00a0alla societ\u00e0 CORGOM, tenuto conto della qualit\u00e0 e del prezzo proposto, per un importo di Euro 60.000,00 Iva esclusa, per il periodo dal 27.04.2023 al 26.06.2023.<\/p>\n<p><strong>AFFIDAMENTO DIRETTO FORNITURA MATERIALE PER SEGNALETICA E PALI FERMATA BUS ART. 36 COMMA 2 LETTERA A) COME MODIFICATO DALLA L. 11 SETTEMBRE 2020 nr 120 ART 1 COMMA 2 LETTERA A) cos\u00ec come modificato dall\u2019art. 51 Legge n. 108\/2021 (Legge di conversione del DL Semplificazioni bis)\u00a0 \u2013 CIG 977412571B<\/strong><\/p>\n<p>Si informa che la fornitura \u00e8 stata affidata alla societ\u00e0 COE SEGNALETICA S.r.l., tenuto conto della qualit\u00e0 e del prezzo proposto, per un importo di Euro 80.000,00 Iva esclusa, per il periodo dal 17.04.2023 al 16.04.2026.<\/p>\n<p><strong>AFFIDAMENTO DIRETTO FORNITURA PNEUMATICI NUOVI PER AUTOBUS<\/strong> <strong>ART. 36 COMMA 2 LETTERA A) COME MODIFICATO DALLA L. 11 SETTEMBRE 2020 nr 120 ART 1 COMMA 2 LETTERA A) cos\u00ec come modificato dall\u2019art. 51 Legge n. 108\/2021 (Legge di conversione del DL Semplificazioni bis)\u00a0 \u2013 CIG 9765279329<\/strong><\/p>\n<p>Si informa che la fornitura \u00e8 stata affidata alla societ\u00e0 Fedi gomme, tenuto conto della qualit\u00e0 e del prezzo proposto, per un importo di Euro 138.500,00 Iva esclusa, per il periodo dal 07.04.2023 al 15.06.2023.<\/p>\n<p><strong>AFFIDAMENTO DIRETTO FORNITURA PNEUMATICI NUOVI PER AUTOBUS<\/strong> <strong>ART. 36 COMMA 2 LETTERA A) COME MODIFICATO DALLA L. 11 SETTEMBRE 2020 nr 120 ART 1 COMMA 2 LETTERA A) cos\u00ec come modificato dall\u2019art. 51 Legge n. 108\/2021 (Legge di conversione del DL Semplificazioni bis)\u00a0 \u2013 CIG 9715639EEC<\/strong><\/p>\n<p>Si informa che la fornitura \u00e8 stata affidata alla societ\u00e0 Fedi gomme, tenuto conto della qualit\u00e0 e del prezzo proposto, per un importo di Euro 138.500,00 Iva esclusa, per il periodo dal 16.03.2023 al 15.06.2023.<\/p>\n<p><strong>AFFIDAMENTO DIRETTO FORNITURA TRAVERSE FERROVIARIE IN LEGNO<\/strong> <strong>ART. 36 COMMA 2 LETTERA A) COME MODIFICATO DALLA L. 11 SETTEMBRE 2020 nr 120 ART 1 COMMA 2 LETTERA A) cos\u00ec come modificato dall\u2019art. 51 Legge n. 108\/2021 (Legge di conversione del DL Semplificazioni bis)\u00a0 \u2013 CIG 9674610CB9<\/strong><\/p>\n<p>Si informa che la fornitura \u00e8 stata affidata alla societ\u00e0 Lodovichi, tenuto conto della qualit\u00e0 e del prezzo proposto, per un importo di euro 114.400,00 Iva esclusa, per il periodo dal 21.02.2023 al 20.05.2023.<\/p>\n<p><strong>AFFIDAMENTO DIRETTO FORNITURA PNEUMATICI NUOVI PER AUTOBUS ART. 36 COMMA 2 LETTERA A) COME MODIFICATO DALLA L. 11 SETTEMBRE 2020 nr 120 ART 1 COMMA 2 LETTERA A) cos\u00ec come modificato dall\u2019art. 51 Legge n. 108\/2021 (Legge di conversione del DL Semplificazioni bis)\u00a0 \u2013 CIG 9642562DE0<\/strong><\/p>\n<p>Si informa che la fornitura \u00e8 stata affidata, previa consultazione di quattro operatori, alla societ\u00e0 Bridgestone, tenuto conto della qualit\u00e0 e del prezzo proposto, per un importo di euro 49.000,00 Iva esclusa per il periodo dal 07.02.2023 al 07.04.2023.<\/p>\n<p><strong>OLIO PER MOTORI DIESEL SFUSO SAE 10W\/40<\/strong>\u00a0(AFFIDAMENTO DIRETTO DECRETO SEMPLIFICAZIONI D.L. 76\/2020 E DECRETO SEMPLIFICAZIONI BIS D.L. 77\/2021) \u2013 <strong>CIG 9615239A3A<br \/>\n<\/strong>Si informa che la prestazione \u00e8 stata affidata direttamente, previa consultazione di quattro operatori, alla societ\u00e0 Petronas Lubricants Italy S.p.A., che ha offerto il prezzo migliore, per un importo di euro 49.200,00 Iva esclusa.<\/p>\n<p><strong>TRAVERSE FERROVIARIE IN LEGNO <\/strong>(AFFIDAMENTO DIRETTO DECRETO SEMPLIFICAZIONI D.L. 76\/2020 E DECRETO SEMPLIFICAZIONI BIS D.L. 77\/2021) \u2013 <strong>CIG 95136944A6<br \/>\n<\/strong>Si informa che la prestazione \u00e8 stata affidata direttamente, alla societ\u00e0 Lodovichi Domenico S.p.A., per un importo di euro 57.200,00 \u00a0Iva esclusa.<\/p>\n<p><strong>PNEUMATICI RICOSTRUITI PER AUTOBUS URBANI <\/strong>(AFFIDAMENTO DIRETTO DECRETO SEMPLIFICAZIONI D.L. 76\/2020 E DECRETO SEMPLIFICAZIONI BIS D.L. 77\/2021) \u2013 <strong>CIG 9502843A1D<br \/>\n<\/strong>Si informa che la prestazione \u00e8 stata affidata direttamente, previa consultazione di tre operatori, alla societ\u00e0 CORGOM SRL, che ha offerto il prezzo migliore, per un importo di euro 84.888,00 Iva esclusa.<\/p>\n<p><strong>PNEUMATICI RICOSTRUITI PER AUTOBUS (AFFIDAMENTO DIRETTO DECRETO SEMPLIFICAZIONI D.L. 76\/2020 E DECRETO SEMPLIFICAZIONI BIS D.L. 77\/2021) \u2013 CIG 9490707B2B<br \/>\n<\/strong>Si informa che la prestazione \u00e8 stata affidata direttamente, previa consultazione di quattro operatori, alla societ\u00e0 P.R. S.r.l., che ha offerto il prezzo \u00a0migliore, per un importo di euro 96.168,00Iva esclusa.<\/p>\n<p><strong>AFFIDAMENTO DIRETTO PER SERVIZIO DI MANUTENZIONE DEL VERDE SULLA TRATTA DELLA FERROVIA GENOVA-CASELLA \u2013 CIG 9519362A06<br \/>\n<\/strong>Si informa che il servizio \u00e8 stato affidato direttamente alla ditta Umberto Giorgi Garden Srl per un importo di Euro 88.000,00 Iva esclusa.<\/p>\n<p><strong>AFFIDAMENTO DIRETTO Revisione pinze freno per Autobus<\/strong> <strong>ART. 36 COMMA 2 LETTERA A) COME MODIFICATO DALLA L. 11 SETTEMBRE 2020. 120 ART 1 COMMA 2 LETTERA A) cos\u00ec come modificato dal Decreto legge 77 del 31\/05\/2021 (Semplificazioni bis)\u00a0 \u2013 CIG 9419033FE8<br \/>\n<\/strong>Si informa che il servizio di fornitura \u00e8 stato affidato direttamente alla societ\u00e0 Nuova Crav S.n.c., per un importo di Euro 138.500,00 Iva esclusa per il periodo dal 04.10.2022 al 03.04.2024.<\/p>\n<p><strong>AFFIDAMENTO DIRETTO SERVIZIO AIRLINK \u2013 CIG 9387128714<br \/>\n<\/strong>Si informa che il servizio \u00e8 stato affidato alla societ\u00e0 Della Penna Autotrasporti S.r.l. per un importo di Euro \u00a054.432,79 Iva esclusa per il periodo dal\u00a001\/09\/2022\u00a0al\u00a030\/11\/2022 nelle more della nuova procedura di gara.<\/p>\n<p><strong>AFFIDAMENTO DIRETTO AI SENSI DELL\u2019ART. 125 COMMA 1 LETTERA C) NUMERO 2 DEL D.LGS 50\/2016 per Revisione impianti freno carrelli MOTORICI E PORTANTI Metropolitana- CIG 9277883F3E<br \/>\n<\/strong>Si informa che il servizio \u00e8 stato affidato direttamente alla ditta Knorr-Brems Rail per un importo di Euro 767.123,04 \u00a0Iva esclusa, per il periodo \u00a0dal 01\/07\/2022 al 31\/12\/2024<\/p>\n<p><strong>AFFIDAMENTO DIRETTO PER LA FORNITURA CON DISTRIBUZIONE AL PIANO DI ARTICOLI DI CANCELLERIA E RISME DI CARTA A3 E A4 - CIG 92909720A5<br \/>\n<\/strong>Si informa che la fornitura \u00e8 stata affidata direttamente alla societ\u00e0 Click Ufficio Srl per un importo di Euro 60.000,00 Iva esclusa<\/p>\n<p><strong>APPROVVIGIONAMENTO PNEUMATICI BUS TPL (AFFIDAMENTO DIRETTO DECRETO SEMPLIFICAZIONI BIS) \u2013 CIG 9258147099<br \/>\n<\/strong>Si informa che la prestazione \u00e8 stata affidata direttamente, previa consultazione di tre operatori, alla societ\u00e0 Franco Gomme S.r.l., che ha offerto il prezzo \u00a0migliore, per un importo di euro 45.810,00 \u00a0Iva esclusa.<\/p>\n<p><strong>POTENZIAMENTO TPL SCOLASTICO LOTTO 22N5 DAL 02.05.22 AL 06.05.22 E DAL 09.05.22 AL 10.06.22 - combinato disposto ex artt. 2 commi 3 e 4 Legge 120\/2020 (legge di conversione del DL Semplificazioni I) \u2013 CIG 92427026F9<br \/>\n<\/strong>Si informa che la prestazione \u00e8 stata affidata direttamente, alla societ\u00e0 Velabus Srl, per un importo di euro 45.675,00.<\/p>\n<p><strong>POTENZIAMENTO TPL SCOLASTICO LOTTO 22N2 DAL 02.05.22 AL 06.05.22 E DAL 09.05.22 AL 10.06.22 (AFFIDAMENTO DIRETTO DECRETO SEMPLIFICAZIONI BIS) \u2013 CIG 924267832C<br \/>\n<\/strong>Si informa che la fornitura \u00e8 stata affidata direttamente, alla societ\u00e0 RTI Genovarent Srl Auton. Scagnelli, per un importo di euro 94.750,00.<\/p>\n<p><strong>POTENZIAMENTO TPL SCOLASTICO LOTTO 22N1 DAL 02.05.22 AL 06.05.22 E DAL 09.05.22 AL 10.06.22 (AFFIDAMENTO DIRETTO DECRETO SEMPLIFICAZIONI\u00a0<\/strong><strong>BIS)\u00a0 - CIG 9242635FAC<br \/>\n<\/strong>Si informa che la fornitura \u00e8 stata affidata direttamente, alla societ\u00e0 CO.BUS.TUR Consorzio Bus Turistici, per un importo di euro 126.150,00.<\/p>\n<p><strong>AFFIDAMENTO DIRETTO AI SENSI dell\u2019art. 1 comma 2 lett. a) del D.L. 76\/2020 - Decreto Semplificazioni I -\u00a0 convertito in Legge n. 120\/2020; l\u2019art. 51, comma 1, lettera a), numero 1), legge n. 108 del 2021 di conversione del Dl Semplificazioni BIS - DL 77\/2021;\u00a0<\/strong><strong>CONTAINER USO UFFICIO E CONTAINER SPOGLIATOIO spogliatoi per la Ferrovia<\/strong><strong> Genova-Casella - medesimo CIG 9275086B17<br \/>\n<\/strong>Si informa che le prestazioni oggetto della procedura sono state affidate alla societ\u00e0 Fiocchi Box \u00a0per un importo di Euro 52.050,00 Iva esclusa per l\u2019anno 2022.<\/p>\n<p><strong>AFFIDAMENTO DIRETTO SERVIZIO AIRLINK \u2013 CIG 9262114A42<br \/>\n<\/strong>Si informa che il servizio \u00e8 stato affidato direttamente alla societ\u00e0 Della Penna Autotrasporti S.r.l. per un importo di Euro \u00a055.030,95 Iva esclusa per il periodo dal\u00a001\/06\/2022\u00a0al\u00a031\/08\/2022 a seguito di revoca in autotutela del relativo lotto di gara procedura G00236.<\/p>\n<p><strong>PROCEDURA NEGOZIATA PER L\u2019AFFIDAMENTO DEL FABBISOGNO DI TRE MESI DI GASOLIO AUTOTRAZIONE BTZ NELL\u2019AMBITO DEL SISTEMA DI QUALIFICAZIONE AMT - CIG 9191989D46. <\/strong><\/p>\n<p><a href=\"\/amt\/wp-content\/uploads\/2022\/05\/Com-art-76-e-primo-in-graduatoria.pdf\">\u00a0AMMESSI E PRIMO IN GRADUATORIA<\/a><\/p>\n<p><a href=\"\/amt\/wp-content\/uploads\/2022\/05\/Avviso-esito-di-gara.pdf\">Avviso di appalto aggiudicato<\/a><\/p>\n<p><strong>\u00a0<\/strong><strong>AFFIDAMENTO DIRETTO SERVIZIO SCOLASTICO INTEGRATIVO - CIG 91868268A3<br \/>\n<\/strong>Si informa che il servizio \u00e8 stato affidato direttamente alla societ\u00e0 CO.BUS.TUR per un importo di Euro 42.450,00 Iva esclusa, per il periodo dallo 01.04.2022 al 13.04.2022<\/p>\n<p><strong>AFFIDAMENTO DIRETTO SERVIZIO TAXIBUS \u2013 CIG <\/strong><strong>9115105699<br \/>\n<\/strong>Si informa che il servizio \u00e8 stato affidato direttamente alla societ\u00e0 Radio Taxi Genova Societ\u00e0 Cooperativa S.c.a.r.l. per un importo di Euro \u00a081.867,55 Iva esclusa per il periodo dal\u00a001\/02\/2022\u00a0al\u00a031\/05\/2022.<\/p>\n<p><strong>AFFIDAMENTO DIRETTO SERVIZIO FLYBUS \u2013 CIG 9115090A37<br \/>\n<\/strong>Si informa che il servizio \u00e8 stato affidato direttamente alla societ\u00e0 Della Penna Autotrasporti S.r.l. per un importo di Euro \u00a071.779,50 Iva esclusa per il periodo dal\u00a001\/02\/2022\u00a0al\u00a031\/05\/2022.<\/p>\n<p><strong>AFFIDAMENTO DIRETTO SERVIZIO SCOLASTICO INTEGRATIVO \u2013 CIG 90963311CF<br \/>\n<\/strong>Si informa che il servizio \u00e8 stato affidato direttamente alla societ\u00e0 SESSANTA MILIONI DI CHILOMETRI per un importo di Euro 43.680,00 Iva esclusa, per il periodo dallo 07.02.2022 al 31.03.2022<\/p>\n<p><strong>AFFIDAMENTO DIRETTO SERVIZIO SCOLASTICO INTEGRATIVO \u2013 CIG 9096096FDD<br \/>\n<\/strong>Si informa che il servizio \u00e8 stato affidato direttamente alla societ\u00e0 VELABUS Srl per un importo di Euro 90.675,00 Iva esclusa, per il periodo dallo 07.02.2022 al 31.03.2022<\/p>\n<p><strong>AFFIDAMENTO DIRETTO SERVIZIO SCOLASTICO INTEGRATIVO \u2013 CIG 9095978E7D<br \/>\n<\/strong>Si informa che il servizio \u00e8 stato affidato direttamente alla societ\u00e0 STAT TURISMO Srl per un importo di Euro 109.200,00 Iva esclusa, per il periodo dallo 07.02.2022 al 31.03.2022<\/p>\n<p><strong>AFFIDAMENTO DIRETTO SERVIZIO SCOLASTICO INTEGRATIVO \u2013 CIG 9095865141<br \/>\n<\/strong>Si informa che il servizio \u00e8 stato affidato direttamente alla societ\u00e0 Agenzia viaggi Tigullio Marcone Srl per un importo di Euro 45.825,00 Iva esclusa, per il periodo dallo 07.02.2022 al 31.03.2022<\/p>\n<p><strong>AFFIDAMENTO DIRETTO SERVIZIO SCOLASTICO INTEGRATIVO \u2013 CIG 90957767CD<br \/>\n<\/strong>Si informa che il servizio \u00e8 stato affidato direttamente alla societ\u00e0 RTI Genovarent per un importo di Euro 143.325,00 Iva esclusa, per il periodo dallo 07.02.2022 al 31.03.2022<\/p>\n<p><strong>AFFIDAMENTO DIRETTO SERVIZIO SCOLASTICO INTEGRATIVO - CIG 9095605AAF<br \/>\n<\/strong>Si informa che il servizio \u00e8 stato affidato direttamente alla societ\u00e0 CO.BUS.TUR per un importo di Euro 212.550,00 Iva esclusa, per il periodo dallo 07.02.2022 al 31.03.2022<strong><br \/>\n<\/strong><\/p>\n<p><strong>AFFIDAMENTO DIRETTO PER LA FORNITURA DI GAS NATURALE - CIG 90838072AD<br \/>\n<\/strong>Si informa che la fornitura \u00e8 stata affidata direttamente alla societ\u00e0 Hera Comm SpA per un importo di Euro 47.966,90 Iva esclusa, per fabbisogno Aziendale mese dicembre 2021<\/p>\n<p><strong>AFFIDAMENTO DIRETTO SERVIZIO SCOLASTICO INTEGRATIVO - CIG 908212242B<br \/>\n<\/strong>Si informa che il servizio \u00e8 stato affidato direttamente alla societ\u00e0 CO.BUS.TUR per un importo di Euro 54.500,00 Iva esclusa, per il periodo dal 24\/01\/2022 allo 04\/02\/2022<\/p>\n<p><strong>AFFIDAMENTO DIRETTO SERVIZIO SCOLASTICO INTEGRATIVO - CIG 9060659457 <\/strong><br \/>\nSi informa che il servizio \u00e8 stato affidato direttamente alla societ\u00e0 CO.BUS.TUR per un importo di Euro 54.500,00 Iva esclusa, per il periodo dal 10\/01\/2022 al 21\/01\/2022<\/p>\n<p><strong>AFFIDAMENTO DIRETTO AI SENSI DELL\u2019ART. 125 COMMA 1 LETTERA C) NUMERO 3 DEL D.LGS 50\/2016 RELATIVO AL SERVIZIO DI ASSISTENZA TECNICA PER LA MANUTENZIONE DEL SISTEMA DI AUTOMAZIONE E SEGNALAMENTO DELLA METROPOLITANA DI GENOVA. CIG 8618362150<\/strong><br \/>\nSi informa che il servizio \u00e8 stato affidato direttamente, previa ricerca di mercato, alla societ\u00e0 HITACHI RAIL STS S.P.A. per un importo di Euro 328.800,00 Iva esclusa, per il periodo dal 01.01.2021 al 31.12.2022.<\/p>\n<p><strong>AFFIDAMENTO DIRETTO SERVIZIO SCOLASTICO INTEGRATIVO - CIG 90020441B7<\/strong><br \/>\nSi informa che il servizio \u00e8 stato affidato direttamente alla societ\u00e0 STAT Turismo Srl per un importo di Euro 50.400,00 Iva esclusa, per il periodo dal 29\/11\/2021 al 23\/12\/2021.<\/p>\n<p><strong>PROCEDURA NEGOZIATA NELL\u2019AMBITO DEL SISTEMA DI QUALIFICAZIONE FORNITORI BUS PER L\u2019APPROVVIGIONAMENTO DI N. 15 AUTOBUS NUOVI URBANI CLASSE I SECONDO IL REGOLAMENTO UNECE N. 107\/2010 CON PIANALE INTEGRALMENTE RIBASSATO A TRAZIONE TOTALMENTE ELETTRICA CON RICARICA PLUG-IN LUNGHEZZA COMPRESA TRA 10,30 M E 10,85 M LARGHEZZA COMPRESA TRA 2,30 M E 2,55 M N. 3 PORTE E RELATIVO SISTEMA DI RICARICA.<br \/>\nNumero gara ANAC: 8300033 CIG: 8920996EC6 <\/strong><\/p>\n<p><a href=\"\/amt\/wp-content\/uploads\/2022\/03\/Primo-in-graduatoria.pdf\">Primo in graduatoria<\/a><br \/>\n<a href=\"\/amt\/wp-content\/uploads\/2021\/12\/ammessi-ed-esclusi.pdf\" target=\"_blank\" rel=\"noopener\">Ammissioni ed esclusioni<\/a><br \/>\n<a href=\"\/amt\/wp-content\/uploads\/2021\/12\/Nomina-Commissione-tecnica.pdf\" target=\"_blank\" rel=\"noopener\">Determina di nomina commissione giudicatrice<\/a><br \/>\n<a href=\"\/amt\/wp-content\/uploads\/2021\/12\/Curricula-CT.pdf\" target=\"_blank\" rel=\"noopener\">Curricula membri commissione giudicatrice<\/a><br \/>\n<a href=\"\/amt\/wp-content\/uploads\/2021\/12\/Dichiarazioni-incompatibilit\u00e0-CT.pdf\" target=\"_blank\" rel=\"noopener\">Dichiarazioni dei membri commissione giudicatrice<\/a><br \/>\n<a href=\"\/amt\/wp-content\/uploads\/2022\/03\/Avviso-esito-di-gara.pdf\">Avviso di appalto aggiudicato<\/a><\/p>\n<p><strong>AFFIDAMENTO DIRETTO SERVIZIO SCOLASTICO INTEGRATIVO \u2013 CIG 9001980CE3<\/strong><br \/>\nSi informa che il servizio \u00e8 stato affidato direttamente alla societ\u00e0 RTI GENOVARENT per un importo di Euro 72.450,00 Iva esclusa, per il periodo dal 29\/11\/2021 al 23\/12\/2021.<\/p>\n<p><strong>AFFIDAMENTO DIRETTO SERVIZIO SCOLASTICO INTEGRATIVO - CIG 90017520C0<\/strong><br \/>\nSi informa che il servizio \u00e8 stato affidato direttamente alla societ\u00e0 CO.BUS.TUR per un importo di Euro 97.200,00 Iva esclusa, per il periodo dal 29\/11\/2021 al 23\/12\/2021.<\/p>\n<p><strong>AFFIDAMENTO DIRETTO SERVIZIO SCOLASTICO INTEGRATIVO - CIG 9002249AE0<\/strong><br \/>\nSi informa che il servizio \u00e8 stato affidato direttamente alla societ\u00e0 VELABUS Srl per un importo di Euro 41.850,00 Iva esclusa, per il periodo dal 29\/11\/2021 al 23\/12\/2021.<\/p>\n<p><strong>AFFIDAMENTO DIRETTO SERVIZIO SCOLASTICO INTEGRATIVO - CIG 8961419CE4<\/strong><br \/>\nSi informa che il servizio \u00e8 stato affidato direttamente alla societ\u00e0 RTI GENOVARENT per un importo di Euro 70.000,00 Iva esclusa, per il periodo dal 18\/10\/2021 allo 05\/11\/2021.<\/p>\n<p><strong>AFFIDAMENTO DIRETTO SERVIZIO SCOLASTICO INTEGRATIVO - CIG 8961498E15<\/strong><br \/>\nSi informa che il servizio \u00e8 stato affidato direttamente alla societ\u00e0 STAT Turismo Srl per un importo di Euro 41.650,00 Iva esclusa, per il periodo dal 18\/10\/2021 allo 05\/11\/2021.<\/p>\n<p><strong>AFFIDAMENTO DIRETTO SERVIZIO SCOLASTICO INTEGRATIVO - CIG 8960445920<\/strong><br \/>\nSi informa che il servizio \u00e8 stato affidato direttamente alla societ\u00e0 CO.BUS.TUR per un importo di Euro 77.000,00 Iva esclusa, per il periodo dal 18\/10\/2021 allo 05\/11\/2021.<\/p>\n<p><strong>Procedura negoziata derivante da Sistema di Qualificazione per la stipula di Accordo quadro di durata di 4 anni con unico operatore relativa a fornitura di ricambi originali o equivalenti per autobus suddivisa in 2 lotti: lotto 7: Wabco modalit\u00e0 consegna programmata cig 87674665D2, lotto 11 Deutz modalit\u00e0 consegna programmata cig 87674844AD.<\/strong><br \/>\n<a href=\"\/amt\/wp-content\/uploads\/2022\/01\/Comunicazione art.76.pdf\" target=\"_blank\" rel=\"noopener\">Ammissioni ed esclusioni e primo in graduatoria<\/a><br \/>\n<a href=\"\/amt\/wp-content\/uploads\/2022\/01\/Avviso appalto aggiudicato Wabco.pdf\" target=\"_blank\" rel=\"noopener\">Avviso di appalto aggiudicato L 7 wabco<\/a><br \/>\n<a href=\"\/amt\/wp-content\/uploads\/2022\/01\/Avviso appalto aggiudicato Deutz.pdf\" target=\"_blank\" rel=\"noopener\">Avviso di appalto aggiudicato L 11 Deutz<\/a><\/p>\n<p><a href=\"\/amt\/fornitori-e-appalti\/archivi-esiti-procedure-negoziate\/\" target=\"_blank\" rel=\"noopener\">Archivi esiti procedure negoziate<\/a><\/p>\n ","protected":false},"excerpt":{"rendered":"Portale trasparenza - dati e informazioni (pdf) AFFIDAMENTO DIRETTO \"PNEUMATICI NUOVI PER AUTOBUS PER IL SERVIZIO DI TRASPORTO URBANO DI DURATA TEMPORALE LIMITATA E NELLA QUANTITA' STRETTAMENTE NECESSARIA NELLE MORE DELL'ESPLETAMENTO DELLA NUOVA PROCEDURA APERTA AD EVIDENZA PUBBLICA COMUNITARIA\" ART. 36 COMMA 2 LETTERA A) COME MODIFICATO DALLA L. 11 SETTEMBRE 2020 nr 120 ART 1 COMMA 2 LETTERA A)&nbsp;<a href=\"https:\/\/www.amt.genova.it\/amt\/fornitori-e-appalti\/esiti-bandi-di-gara\/\" class=\"read-more\">Continue Reading<\/a>","protected":false},"author":1,"featured_media":0,"parent":3443,"menu_order":0,"comment_status":"closed","ping_status":"closed","template":"page-fullwidth.php","meta":{"footnotes":""},"class_list":["post-31233","page","type-page","status-publish","hentry"],"_links":{"self":[{"href":"https:\/\/www.amt.genova.it\/amt\/wp-json\/wp\/v2\/pages\/31233","targetHints":{"allow":["GET"]}}],"collection":[{"href":"https:\/\/www.amt.genova.it\/amt\/wp-json\/wp\/v2\/pages"}],"about":[{"href":"https:\/\/www.amt.genova.it\/amt\/wp-json\/wp\/v2\/types\/page"}],"author":[{"embeddable":true,"href":"https:\/\/www.amt.genova.it\/amt\/wp-json\/wp\/v2\/users\/1"}],"replies":[{"embeddable":true,"href":"https:\/\/www.amt.genova.it\/amt\/wp-json\/wp\/v2\/comments?post=31233"}],"version-history":[{"count":46,"href":"https:\/\/www.amt.genova.it\/amt\/wp-json\/wp\/v2\/pages\/31233\/revisions"}],"predecessor-version":[{"id":39619,"href":"https:\/\/www.amt.genova.it\/amt\/wp-json\/wp\/v2\/pages\/31233\/revisions\/39619"}],"up":[{"embeddable":true,"href":"https:\/\/www.amt.genova.it\/amt\/wp-json\/wp\/v2\/pages\/3443"}],"wp:attachment":[{"href":"https:\/\/www.amt.genova.it\/amt\/wp-json\/wp\/v2\/media?parent=31233"}],"curies":[{"name":"wp","href":"https:\/\/api.w.org\/{rel}","templated":true}]}}