{"id":3117,"date":"2016-02-15T10:08:53","date_gmt":"2016-02-15T09:08:53","guid":{"rendered":"\/amt\/?page_id=3117"},"modified":"2021-10-01T16:47:41","modified_gmt":"2021-10-01T14:47:41","slug":"corsie-riservate","status":"publish","type":"page","link":"https:\/\/www.amt.genova.it\/amt\/trasporto-multimodale\/corsie-riservate\/","title":{"rendered":"Corsie riservate"},"content":{"rendered":"<p><img loading=\"lazy\" decoding=\"async\" class=\"size-full wp-image-4975 alignright\" src=\"\/amt\/wp-content\/uploads\/2015\/12\/foto-corsie-riservate.jpg\" alt=\"foto-corsie-riservate\" width=\"255\" height=\"171\" \/><\/p>\n<p>Il sistema di\u00a0<strong>corsie riservate<\/strong>\u00a0del trasporto pubblico genovese permette ogni giorno ai passeggeri che utilizzano i bus di raggiungere pi\u00f9 velocemente le loro destinazioni, migliorando il servizio ai cittadini e diminuendo il costo per la collettivit\u00e0.<\/p>\n<p>Proprio per garantire migliori condizioni di viaggio alle migliaia di persone che ogni giorno scelgono il trasporto pubblico per muoversi in citt\u00e0, l\u2019Amministrazione ha previsto l'installazione di varchi di controllo delle corsie riservate attraverso un sistema di telecamere per agevolare la circolazione dei mezzi pubblici.<\/p>\n<p>Il controllo dei transiti sulle<strong> corsie riservate<\/strong> a Genova \u00e8 effettuato con le telecamere e con la presenza degli Ausiliari del Traffico (ADT) che, oltre al personale di Polizia Municipale, hanno il compito di vigilare sul corretto utilizzo delle corsie riservate ai mezzi pubblici comminando sanzioni in caso di transiti non autorizzati e soste irregolari.<\/p>\n<p>Pi\u00f9 velocit\u00e0 e regolarit\u00e0 significano migliori condizioni di viaggio, pi\u00f9 confort per i passeggeri e maggiore efficienza negli spostamenti, ma si traducono anche in risparmio economico: ogni chilometro guadagnato di velocit\u00e0 commerciale equivale ad un risparmio importante.<br \/>\nE\u2019 possibile per alcuni veicoli, non appartenenti al servizio di trasporto pubblico, transitare sulle corsie riservate previa autorizzazione.<\/p>\n<ul>\n<li><strong><a href=\"\/amt\/trasporto-multimodale\/corsie-riservate\/elenco-orari-giorni-telecamere\/\">Elenco, orari, giorni di validit\u00e0 e telecamere<\/a><\/strong><\/li>\n<li><strong><a href=\"\/amt\/trasporto-multimodale\/corsie-riservate\/richiesta-di-autorizzazione-al-transito-white-list\/\">Whitelist - Richiesta di autorizzazione al transito <\/a><\/strong><\/li>\n<li><strong><a href=\"\/amt\/trasporto-multimodale\/corsie-riservate\/ricorsi\/\">Ricorsi <\/a><\/strong><\/li>\n<li><strong><a href=\"\/amt\/trasporto-multimodale\/corsie-riservate\/visualizzazione-fotogrammi\/\">Visualizzazione fotogrammi <\/a><\/strong><\/li>\n<li><strong><a href=\"\/amt\/trasporto-multimodale\/corsie-riservate\/modulistica\/\">Modulistica <\/a><\/strong><\/li>\n<\/ul>\n ","protected":false},"excerpt":{"rendered":"Il sistema di\u00a0corsie riservate\u00a0del trasporto pubblico genovese permette ogni giorno ai passeggeri che utilizzano i bus di raggiungere pi\u00f9 velocemente le loro destinazioni, migliorando il servizio ai cittadini e diminuendo il costo per la collettivit\u00e0. Proprio per garantire migliori condizioni di viaggio alle migliaia di persone che ogni giorno scelgono il trasporto pubblico per muoversi in citt\u00e0, l\u2019Amministrazione ha previsto&nbsp;<a href=\"https:\/\/www.amt.genova.it\/amt\/trasporto-multimodale\/corsie-riservate\/\" class=\"read-more\">Continue Reading<\/a>","protected":false},"author":2,"featured_media":0,"parent":2163,"menu_order":0,"comment_status":"closed","ping_status":"closed","template":"page-fullwidth.php","meta":{"footnotes":""},"class_list":["post-3117","page","type-page","status-publish","hentry"],"_links":{"self":[{"href":"https:\/\/www.amt.genova.it\/amt\/wp-json\/wp\/v2\/pages\/3117","targetHints":{"allow":["GET"]}}],"collection":[{"href":"https:\/\/www.amt.genova.it\/amt\/wp-json\/wp\/v2\/pages"}],"about":[{"href":"https:\/\/www.amt.genova.it\/amt\/wp-json\/wp\/v2\/types\/page"}],"author":[{"embeddable":true,"href":"https:\/\/www.amt.genova.it\/amt\/wp-json\/wp\/v2\/users\/2"}],"replies":[{"embeddable":true,"href":"https:\/\/www.amt.genova.it\/amt\/wp-json\/wp\/v2\/comments?post=3117"}],"version-history":[{"count":20,"href":"https:\/\/www.amt.genova.it\/amt\/wp-json\/wp\/v2\/pages\/3117\/revisions"}],"predecessor-version":[{"id":29239,"href":"https:\/\/www.amt.genova.it\/amt\/wp-json\/wp\/v2\/pages\/3117\/revisions\/29239"}],"up":[{"embeddable":true,"href":"https:\/\/www.amt.genova.it\/amt\/wp-json\/wp\/v2\/pages\/2163"}],"wp:attachment":[{"href":"https:\/\/www.amt.genova.it\/amt\/wp-json\/wp\/v2\/media?parent=3117"}],"curies":[{"name":"wp","href":"https:\/\/api.w.org\/{rel}","templated":true}]}}