{"id":3043,"date":"2016-02-11T12:51:02","date_gmt":"2016-02-11T11:51:02","guid":{"rendered":"\/amt\/?page_id=3043"},"modified":"2016-07-25T17:05:53","modified_gmt":"2016-07-25T15:05:53","slug":"ferrovia-a-cremagliera-principe-granarolo","status":"publish","type":"page","link":"https:\/\/www.amt.genova.it\/amt\/trasporto-multimodale\/funicolari\/ferrovia-a-cremagliera-principe-granarolo\/","title":{"rendered":"Ferrovia a cremagliera Principe &#8211; Granarolo"},"content":{"rendered":"<p><a href=\"\/amt\/wp-content\/uploads\/2016\/02\/granarolo.jpg\" target=\"_blank\"><img loading=\"lazy\" decoding=\"async\" class=\"alignright wp-image-3068\" src=\"\/amt\/wp-content\/uploads\/2016\/02\/granarolo.jpg\" alt=\"Stampa\" width=\"277\" height=\"278\" \/><\/a><img loading=\"lazy\" decoding=\"async\" class=\"wp-image-8125 alignleft\" src=\"\/amt\/wp-content\/uploads\/2016\/02\/granarolo-neve-300x225.jpg\" alt=\"granarolo neve\" width=\"195\" height=\"146\" \/>La <strong>ferrovia a cremagliera Principe - Granarolo<\/strong> \u00e8 una delle pi\u00f9 antiche d'Italia, costruita nel 1901 ha iniziato il servizio al pubblico nello stesso anno.<\/p>\n<p><strong>I NUMERI<\/strong><br \/>\nIl percorso si sviluppa per <strong>1.130 metri<\/strong> tra la stazione di Principe e quella di Granarolo, con un<strong> dislivello di 194 metri<\/strong> e p<strong>endenze massime del 21,40%<\/strong>.<\/p>\n<p>Negli ultimi anni sono stati effettuati importanti lavori di consolidamento e ristrutturazione; gli interventi hanno riguardato il <strong>consolidamento della struttura<\/strong> della linea, il <strong>restyling<\/strong> delle fermate e delle vetture.<\/p>\n<p><strong><img loading=\"lazy\" decoding=\"async\" class=\"wp-image-3282 alignleft\" src=\"\/amt\/wp-content\/uploads\/2016\/02\/GRANAROLO.jpg\" alt=\"GRANAROLO\" width=\"212\" height=\"274\" \/>Storia e note tecniche<\/strong><br \/>\nll terzo impianto inclinato genovese di trasporto pubblico non \u00e8 un impianto a fune ma una ferrovia a cremagliera (a 'dentiera'), nata anch'essa alla fine dell'800 per iniziativa di una societ\u00e0 privata, che intendeva cos\u00ec promuovere la lottizzazione dei terreni posti sulla ripida collina di Granarolo, spartiacque tra la citt\u00e0 e la valle del torrente Polcevera.<br \/>\nLa ferrovia a 'dentiera' \u00e8 un sistema di via ferrata dotato di una terza rotaia su cui ingranano i denti di una ruota applicata alla vettura: il sistema viene anche definito a 'cremagliera', neologismo derivato dal francese 'cremaill\u00e8re', ed \u00e8 usato in genere su linee con forti pendenze.<\/p>\n<p>La stazione di partenza \u00e8 situata a fianco della stazione ferroviaria di Genova Principe, di fronte alla Stazione Marittima; ad eccezione stazioni terminali (Principe e Granarolo) e quella centrale (via Bari), le altre tre stazioni non sono servite da strade, ma solo da ripide scalinate, la ferrovia riveste quindi un'importanza vitale per gli abitanti degli edifici che vi si affacciano.\u00a0 L'armamento della linea \u00e8 costituito da rotaie tipo 36 UNI e cremagliera Riggenbach, fissate a traverse in legno su massicciata in pietrisco. Lo scartamento di 1200 mm \u00e8 quello in uso sulle prime funicolari, come pure il sistema di incrocio tra le vetture, con scambio fisso e ruote delle vetture lisce su un lato e a doppio bordino sull'altro.<br \/>\nLe due vetture sono state costruite (e poi ricostruite nel 1929) con materiale di tipo tranviario; ogni assale \u00e8 mosso, tramite doppia riduzione ad ingranaggi diritti scoperti, da un motore elettrico (35 kW) azionato a corrente continua, a partire dalla linea aerea di contatto a 550V. La velocit\u00e0, tanto in trazione quanto in frenatura elettrica, \u00e8 regolata da un combinatore per l'esclusione di resistori (posti sopra il tetto); un sistema di sicurezza introdotto negli anni '60 agisce, in caso di eccesso di velocit\u00e0 in discesa (oltre 8 km\/h), con un dispositivo meccanico che inserisce ai capi dei motori due pacchi di resistori separati, che rallentano la corsa senza tuttavia arrestarla.<br \/>\nIl sistema di frenatura meccanica \u00e8 di tipo negativo, ossia la frenatura \u00e8 normalmente esercitata, per ogni assale, da un contrappeso che fa espandere due coppie di ganasce di ghisa contro un tamburo scanalato in acciaio, coassiale alla ruota di trazione sulla cremagliera. Il freno viene rilasciato e poi tenuto aperto dal manovratore con un volantino, che permette quindi di modulare l'effetto frenante. Una decina d'anni fa, per facilitare l'attivit\u00e0 del manovratore, si \u00e8 introdotto un nuovo freno 'ausiliario', che \u00e8 poi divenuto il vero freno di servizio che agisce con un pedale ed un circuito idraulico su due dischi calettati sugli alberi dei motori. Altre modifiche si sono apportate per consentire l'esercizio ad agente unico: le porte scorrevoli, una volta manuali, sono state motorizzate, la presa di corrente avviene adesso tramite un pantografo anzich\u00e9 con asta e rotella, le piattaforme di ingresso sono controllate con telecamere.<\/p>\n ","protected":false},"excerpt":{"rendered":"La ferrovia a cremagliera Principe - Granarolo \u00e8 una delle pi\u00f9 antiche d'Italia, costruita nel 1901 ha iniziato il servizio al pubblico nello stesso anno. I NUMERI Il percorso si sviluppa per 1.130 metri tra la stazione di Principe e quella di Granarolo, con un dislivello di 194 metri e pendenze massime del 21,40%. Negli ultimi anni sono stati effettuati&nbsp;<a href=\"https:\/\/www.amt.genova.it\/amt\/trasporto-multimodale\/funicolari\/ferrovia-a-cremagliera-principe-granarolo\/\" class=\"read-more\">Continue Reading<\/a>","protected":false},"author":2,"featured_media":0,"parent":2995,"menu_order":0,"comment_status":"closed","ping_status":"closed","template":"page-fullwidth.php","meta":{"footnotes":""},"class_list":["post-3043","page","type-page","status-publish","hentry"],"_links":{"self":[{"href":"https:\/\/www.amt.genova.it\/amt\/wp-json\/wp\/v2\/pages\/3043","targetHints":{"allow":["GET"]}}],"collection":[{"href":"https:\/\/www.amt.genova.it\/amt\/wp-json\/wp\/v2\/pages"}],"about":[{"href":"https:\/\/www.amt.genova.it\/amt\/wp-json\/wp\/v2\/types\/page"}],"author":[{"embeddable":true,"href":"https:\/\/www.amt.genova.it\/amt\/wp-json\/wp\/v2\/users\/2"}],"replies":[{"embeddable":true,"href":"https:\/\/www.amt.genova.it\/amt\/wp-json\/wp\/v2\/comments?post=3043"}],"version-history":[{"count":9,"href":"https:\/\/www.amt.genova.it\/amt\/wp-json\/wp\/v2\/pages\/3043\/revisions"}],"predecessor-version":[{"id":8621,"href":"https:\/\/www.amt.genova.it\/amt\/wp-json\/wp\/v2\/pages\/3043\/revisions\/8621"}],"up":[{"embeddable":true,"href":"https:\/\/www.amt.genova.it\/amt\/wp-json\/wp\/v2\/pages\/2995"}],"wp:attachment":[{"href":"https:\/\/www.amt.genova.it\/amt\/wp-json\/wp\/v2\/media?parent=3043"}],"curies":[{"name":"wp","href":"https:\/\/api.w.org\/{rel}","templated":true}]}}