{"id":2995,"date":"2016-02-10T15:56:15","date_gmt":"2016-02-10T14:56:15","guid":{"rendered":"\/amt\/?page_id=2995"},"modified":"2025-12-29T10:58:00","modified_gmt":"2025-12-29T09:58:00","slug":"funicolari","status":"publish","type":"page","link":"https:\/\/www.amt.genova.it\/amt\/trasporto-multimodale\/funicolari\/","title":{"rendered":"Funicolari"},"content":{"rendered":"<p>Svincolate dal traffico cittadino, libere di muoversi lungo sedi protette, rispettose dell'ambiente e non inquinanti, le <strong>2 funicolari Zecca Righi e Sant'Anna<\/strong> e la <strong>ferrovia a cremagliera di Granarolo<\/strong> svolgono un ruolo importante nella rete cittadina genovese. Servizio di trasporto pubblico con una spiccata vocazione turistica, le funicolari sono un riferimento per gli abitanti delle alture e per quanti vogliono scoprire Genova dall'alto.<\/p>\n<ul>\n<li><strong><a href=\"\/amt\/wp-content\/uploads\/2019\/06\/IMPS-x-sito.png\" target=\"_blank\" rel=\"noopener\">Mappa Impianti Speciali &gt;<\/a><\/strong><\/li>\n<li><strong><a href=\"\/amt\/trasporto-multimodale\/servizio-disabili\/#funicolari\">Per le persone con difficolt\u00e0 motoria &gt;<\/a><\/strong><\/li>\n<\/ul>\n<div class=\"row \">\n<div class=\"span6 \"><p><img loading=\"lazy\" decoding=\"async\" class=\"alignleft wp-image-3372\" src=\"https:\/\/www.amt.genova.it\/amt\/wp-content\/uploads\/2016\/02\/zecca-righi1.jpg\" alt=\"\" width=\"257\" height=\"172\" \/><a href=\"https:\/\/www.amt.genova.it\/amt\/i-120-anni-della-funicolare-del-righi\/\"><img loading=\"lazy\" decoding=\"async\" class=\"alignnone wp-image-12647\" src=\"\/amt\/wp-content\/uploads\/2017\/09\/x-homepage-ZECCARIGHI.jpg\" alt=\"\" width=\"176\" height=\"176\" srcset=\"https:\/\/www.amt.genova.it\/amt\/wp-content\/uploads\/2017\/09\/x-homepage-ZECCARIGHI.jpg 591w, https:\/\/www.amt.genova.it\/amt\/wp-content\/uploads\/2017\/09\/x-homepage-ZECCARIGHI-300x300.jpg 300w\" sizes=\"auto, (max-width: 176px) 100vw, 176px\" \/><\/a><\/p>\n<p><strong>Funicolare Zecca - Righi<\/strong><\/p>\n<p style=\"text-align: justify;\">\u00c8 l'impianto di maggiori dimensioni e collega il centro citt\u00e0 alle alture.<strong> \u00c8 in servizio tutti i giorni dalle 6.40 alle 24.\u00a0<\/strong><br \/>\nSono sette le stazioni che si snodano sul tracciato: dal capolinea centrale di largo Zecca si raggiungono prima la stazione di Carbonara e a seguire quelle di San Nicol\u00f2, Madonnetta, Preve, San Simone e Righi.<\/p>\n<ul>\n<li><strong><a href=\"\/amt\/trasporto-multimodale\/partenze\/?linea=FRI&amp;orari=Orari\">Orario&gt;<\/a><\/strong><\/li>\n<li><strong><a href=\"\/amt\/trasporto-multimodale\/funicolari\/funicolare-zecca-righi\/\">Leggi di pi\u00f9 &gt;<\/a><\/strong><\/li>\n<li><a href=\"https:\/\/www.amt.genova.it\/amt\/regolamenti-di-viaggio\/\"><strong>Regolamento &gt;<\/strong><\/a><\/li>\n<li><a href=\"https:\/\/www.amt.genova.it\/amt\/trasporto-multimodale\/partenze\/?linea=F2\">Servizio sostitutivo F2\u00a0<strong>&gt;<\/strong><\/a><br \/>\n<a href=\"https:\/\/www.amt.genova.it\/amt\/regolamenti-di-viaggio\/\">Regolamento<\/a> consulta Bus servizio urbano<\/li>\n<li><a href=\"https:\/\/www.amt.genova.it\/amt\/trasporto-multimodale\/partenze\/?linea=f1\" rel=\"noopener\">Servizio sostitutivo F1\u00a0<strong>&gt;<\/strong><\/a><br \/>\n<a href=\"https:\/\/www.amt.genova.it\/amt\/regolamenti-di-viaggio\/\">Regolamento<\/a> consulta Servizi integrativi<\/li>\n<\/ul><\/div>\n<div class=\"span6 \"><p><img loading=\"lazy\" decoding=\"async\" class=\"wp-image-37472 size-medium alignnone\" src=\"https:\/\/www.amt.genova.it\/amt\/wp-content\/uploads\/2023\/02\/cremaglliera-granarolo-300x169.jpg\" alt=\"\" width=\"300\" height=\"169\" srcset=\"https:\/\/www.amt.genova.it\/amt\/wp-content\/uploads\/2023\/02\/cremaglliera-granarolo-300x169.jpg 300w, https:\/\/www.amt.genova.it\/amt\/wp-content\/uploads\/2023\/02\/cremaglliera-granarolo-1024x576.jpg 1024w, https:\/\/www.amt.genova.it\/amt\/wp-content\/uploads\/2023\/02\/cremaglliera-granarolo-768x432.jpg 768w, https:\/\/www.amt.genova.it\/amt\/wp-content\/uploads\/2023\/02\/cremaglliera-granarolo-1536x864.jpg 1536w, https:\/\/www.amt.genova.it\/amt\/wp-content\/uploads\/2023\/02\/cremaglliera-granarolo.jpg 2016w\" sizes=\"auto, (max-width: 300px) 100vw, 300px\" \/><\/p>\n<p><strong>Cremagliera Principe - Granarolo<\/strong><\/p>\n<p>Collega la zona di Principe con Granarolo. <strong>\u00c8<\/strong> <strong>in servizio dalle 6.00 alle 24.00 nei giorni feriali e al sabato, dalle 8.00 alle 21.00 nei festivi. <\/strong>Sono otto le stazioni che si snodano sul tracciato: dal capolinea inferiore di Principe si raggiungono le fermate di San Rocco, Centurione, Bari, Cambiaso, Chiassaiuola, salita Superiore Granarolo e Bianco.<\/p>\n<ul>\n<li style=\"text-align: justify;\"><strong><a href=\"\/amt\/trasporto-multimodale\/partenze\/?linea=FGR&amp;orari=Orari\">Orario&gt;<\/a><\/strong><\/li>\n<li style=\"text-align: justify;\"><strong><a href=\"\/amt\/trasporto-multimodale\/funicolari\/ferrovia-a-cremagliera-principe-granarolo\/\">Leggi di pi\u00f9 &gt;<\/a><\/strong><\/li>\n<li style=\"text-align: justify;\"><a href=\"https:\/\/www.amt.genova.it\/amt\/regolamenti-di-viaggio\/\"><strong>Regolamento &gt;<\/strong><\/a><\/li>\n<li><a href=\"https:\/\/www.amt.genova.it\/amt\/trasporto-multimodale\/partenze\/?linea=G1\">Servizio sostitutivo G1<strong>&gt;<\/strong><\/a><\/li>\n<\/ul><\/div>\n<\/div><!-- .row (end) -->\n<div class=\"service-box \"><div class=\"service-box_body\"><h2 class=\"title\"><strong>Quali titoli di viaggio utilizzare<\/strong><\/h2><div class=\"service-box_txt\"><\/p>\n<p>Per la funicolare Zecca - Righi e la cremagliera Principe - Granarolo utilizzare i titoli di viaggio <strong>validi sulla rete urbana<\/strong>:<\/p>\n<ul>\n<li>biglietto da 2\u20ac\/2.20\u20ac<\/li>\n<li>biglietto 5 ore<\/li>\n<li>MetDaily<\/li>\n<li>Abbonamenti Annuali*<\/li>\n<li>Abbonamento Mensile<\/li>\n<li>Abbonamento Settimanale<\/li>\n<li>Carnet da 20\u20ac\/22\u20ac<\/li>\n<\/ul>\n<p>*<u>Non sono compresi<\/u> l\u2019Abbonamento Annuale Linee Periferiche e Ascensori e l\u2019 Abbonamento Annuale Solo Extraurbano.<\/div><\/div><\/div><!-- \/Service Box -->\n<hr \/>\n<p>&nbsp;<\/p>\n<p><img loading=\"lazy\" decoding=\"async\" class=\"wp-image-3035 alignleft\" src=\"\/amt\/wp-content\/uploads\/2016\/02\/funicolari_AMT2.jpg\" alt=\"funicolari_AMT\" width=\"269\" height=\"205\" \/><\/p>\n<p><strong>Funicolare Sant'Anna<\/strong><\/p>\n<p style=\"text-align: justify;\">\u00c8 la pi\u00f9 antica delle funicolari genovesi ed \u00e8 utilizzata ogni anno da pi\u00f9 di un milione di passeggeri.<strong><br \/>\n\u00c8 in servizio tutti i giorni dalle 7.00 alle 00.30<\/strong>. La funicolare Sant'Anna collega in 2 minuti la Circonvallazione a monte, in corso Magenta (via Bertani), con il centro cittadino di piazza Portello.<\/p>\n<ul>\n<li style=\"text-align: justify;\"><strong><a href=\"\/amt\/trasporto-multimodale\/partenze\/?linea=ANN&amp;orari=Orari\">Orario &gt;<\/a><\/strong><\/li>\n<li style=\"text-align: justify;\"><strong><a href=\"\/amt\/trasporto-multimodale\/funicolari\/funicolare-santanna\/\">Leggi di pi\u00f9 &gt;<\/a><\/strong><\/li>\n<li style=\"text-align: justify;\"><a href=\"https:\/\/www.amt.genova.it\/amt\/regolamenti-di-viaggio\/\"><strong>Regolamento &gt;<\/strong><\/a><\/li>\n<\/ul>\n<p>&nbsp;<\/p>\n<div class=\"service-box \"><div class=\"service-box_body\"><h2 class=\"title\"><strong>Quali titoli di viaggio utilizzare<\/strong><\/h2><div class=\"service-box_txt\"><\/p>\n<p>Per la funicolare sant'Anna utilizzare tutti i titoli di viaggio <strong>validi sulla rete urbana<\/strong>:<\/p>\n<ul>\n<li>Abbonamenti Annuali (escluso l\u2019abbonamento annuale Solo Extraurbano)<\/li>\n<li>Abbonamento Mensile<\/li>\n<li>Abbonamento Settimanale<\/li>\n<li>Carnet da 20\u20ac\/22\u20ac<\/li>\n<li>MetDaily<\/li>\n<li>biglietto 5 ore<\/li>\n<li>biglietto 4 corse da \u20ac 4,00<\/li>\n<li>il biglietto corsa singola da \u20ac 1,20<\/li>\n<li>Abbonamento Annuale Linee Periferiche e Ascensori<\/div><\/div><\/div><!-- \/Service Box --><\/li>\n<\/ul>\n<hr \/>\n<p style=\"text-align: justify;\">Vuoi essere informato su eventuali variazioni del servizio sulle funicolari?<br \/>\nScarica la <a href=\"https:\/\/www.amt.genova.it\/amt\/trasporto-multimodale\/app-amt\/\">APP AMT<\/a> e attiva le <strong>notifiche<\/strong> dalle impostazioni. Puoi scegliere le tipologie di servizio che usi per rimanere sempre informato.<\/p>\n<h2><a href=\"https:\/\/www.amt.genova.it\/amt\/wp-content\/uploads\/2025\/01\/Libretto-TETTO-della-citta-ITALIANO-bassa.pdf\">Sul tetto della citt\u00e0<\/a><\/h2>\n<p>Per tutte le informazioni sugli impianti speciali, scarica il depliant.<\/p>\n<p><img loading=\"lazy\" decoding=\"async\" class=\"alignleft wp-image-38610\" src=\"https:\/\/www.amt.genova.it\/amt\/wp-content\/uploads\/2023\/04\/cover-Libretto-TETTO-della-citta-IT-300x300.jpg\" alt=\"\" width=\"201\" height=\"201\" srcset=\"https:\/\/www.amt.genova.it\/amt\/wp-content\/uploads\/2023\/04\/cover-Libretto-TETTO-della-citta-IT-300x300.jpg 300w, https:\/\/www.amt.genova.it\/amt\/wp-content\/uploads\/2023\/04\/cover-Libretto-TETTO-della-citta-IT-1024x1022.jpg 1024w, https:\/\/www.amt.genova.it\/amt\/wp-content\/uploads\/2023\/04\/cover-Libretto-TETTO-della-citta-IT-768x766.jpg 768w, https:\/\/www.amt.genova.it\/amt\/wp-content\/uploads\/2023\/04\/cover-Libretto-TETTO-della-citta-IT-1536x1533.jpg 1536w, https:\/\/www.amt.genova.it\/amt\/wp-content\/uploads\/2023\/04\/cover-Libretto-TETTO-della-citta-IT.jpg 1761w\" sizes=\"auto, (max-width: 201px) 100vw, 201px\" \/><\/p>\n<ul>\n<li><a href=\"https:\/\/www.amt.genova.it\/amt\/wp-content\/uploads\/2025\/01\/Libretto-TETTO-della-citta-ITALIANO-bassa.pdf\">Italiano<\/a><\/li>\n<li><a href=\"https:\/\/www.amt.genova.it\/amt\/wp-content\/uploads\/2025\/01\/Libretto-TETTO-della-citta-INGLESE-bassa.pdf\">English<\/a><\/li>\n<li><a href=\"https:\/\/www.amt.genova.it\/amt\/wp-content\/uploads\/2025\/01\/Libretto-TETTO-della-citta-FRANCESE-bassa.pdf\">Fran\u00e7ais<\/a><\/li>\n<\/ul>\n<p>&nbsp;<\/p>\n<p>&nbsp;<\/p>\n<p>&nbsp;<\/p>\n<p>&nbsp;<\/p>\n ","protected":false},"excerpt":{"rendered":"Svincolate dal traffico cittadino, libere di muoversi lungo sedi protette, rispettose dell'ambiente e non inquinanti, le 2 funicolari Zecca Righi e Sant'Anna e la ferrovia a cremagliera di Granarolo svolgono un ruolo importante nella rete cittadina genovese. Servizio di trasporto pubblico con una spiccata vocazione turistica, le funicolari sono un riferimento per gli abitanti delle alture e per quanti vogliono&nbsp;<a href=\"https:\/\/www.amt.genova.it\/amt\/trasporto-multimodale\/funicolari\/\" class=\"read-more\">Continue Reading<\/a>","protected":false},"author":2,"featured_media":0,"parent":2163,"menu_order":0,"comment_status":"closed","ping_status":"closed","template":"page-fullwidth.php","meta":{"footnotes":""},"class_list":["post-2995","page","type-page","status-publish","hentry"],"_links":{"self":[{"href":"https:\/\/www.amt.genova.it\/amt\/wp-json\/wp\/v2\/pages\/2995","targetHints":{"allow":["GET"]}}],"collection":[{"href":"https:\/\/www.amt.genova.it\/amt\/wp-json\/wp\/v2\/pages"}],"about":[{"href":"https:\/\/www.amt.genova.it\/amt\/wp-json\/wp\/v2\/types\/page"}],"author":[{"embeddable":true,"href":"https:\/\/www.amt.genova.it\/amt\/wp-json\/wp\/v2\/users\/2"}],"replies":[{"embeddable":true,"href":"https:\/\/www.amt.genova.it\/amt\/wp-json\/wp\/v2\/comments?post=2995"}],"version-history":[{"count":290,"href":"https:\/\/www.amt.genova.it\/amt\/wp-json\/wp\/v2\/pages\/2995\/revisions"}],"predecessor-version":[{"id":51989,"href":"https:\/\/www.amt.genova.it\/amt\/wp-json\/wp\/v2\/pages\/2995\/revisions\/51989"}],"up":[{"embeddable":true,"href":"https:\/\/www.amt.genova.it\/amt\/wp-json\/wp\/v2\/pages\/2163"}],"wp:attachment":[{"href":"https:\/\/www.amt.genova.it\/amt\/wp-json\/wp\/v2\/media?parent=2995"}],"curies":[{"name":"wp","href":"https:\/\/api.w.org\/{rel}","templated":true}]}}