{"id":27359,"date":"2021-05-27T14:11:59","date_gmt":"2021-05-27T12:11:59","guid":{"rendered":"https:\/\/www.amt.genova.it\/amt\/?page_id=27359"},"modified":"2021-05-27T14:11:59","modified_gmt":"2021-05-27T12:11:59","slug":"avviso-di-selezione-macchinisti-ferrovia-genova-casella","status":"publish","type":"page","link":"https:\/\/www.amt.genova.it\/amt\/societa_trasparente\/bandi-di-concorso\/avviso-di-selezione-macchinisti-ferrovia-genova-casella\/","title":{"rendered":"Avviso di Selezione Macchinisti Ferrovia Genova Casella"},"content":{"rendered":"<p><strong>Avviso di Selezione Macchinisti Ferrovia Genova Casella<\/strong><\/p>\n<p><strong>(rif. MFGC\/21\/01)<\/strong><\/p>\n<p>AMT S.p.A. avvia una Selezione per eventuali assunzioni di Macchinisti Ferrovia Genova Casella (FGC) per svolgere quotidianamente il servizio di condotta dei treni per trasporto passeggeri, garantendo la sicurezza e la qualit\u00e0 di viaggio e rappresentando l'Azienda sul territorio.<\/p>\n<p>Il Macchinista FGC sar\u00e0 in grado, acquisite le necessarie abilitazioni, di condurre il materiale rotabile in uso alla Ferrovia Genova Casella, di intervenire nelle attivit\u00e0 diagnostiche e di primo intervento per la risoluzione delle problematiche tecniche eventualmente determinatesi in esercizio, nonch\u00e9 di svolgere attivit\u00e0 relative alla dirigenza, sorveglianza e responsabilit\u00e0 del convoglio, alla compilazione e conservazione dei documenti di viaggio.<\/p>\n<p>AMT ricerca candidati che esprimano:<\/p>\n<ul>\n<li>Motivazione al ruolo<\/li>\n<li>Orientamento al Cliente e ad attivit\u00e0 di Servizio al Pubblico<\/li>\n<li>Attitudine alla collaborazione, all\u2019ascolto ed alla condivisione delle informazioni<\/li>\n<li>Autonomia, responsabilit\u00e0 e coscienziosit\u00e0 nello svolgimento dei compiti<\/li>\n<li>Capacit\u00e0 di gestire situazioni di stress attraverso il controllo delle proprie emozioni.<\/li>\n<\/ul>\n<p><strong>1.Requisiti necessari per la partecipazione alla Selezione<\/strong><\/p>\n<p>- Licenza di Condotta Europea, in corso di validit\u00e0, rilasciata da ANSF - ANSFISA (Agenzia Nazionale per la Sicurezza Ferroviaria e delle Infrastrutture Stradali e Autostradali)<\/p>\n<p>- Patente di guida categoria B.<\/p>\n<p><strong>2.Requisiti preferenziali<\/strong><\/p>\n<p>Certificato Complementare Armonizzato in corso di validit\u00e0 rilasciato da un\u2019Impresa Ferroviaria ai sensi del D.Lgs.247\/2010, in relazione a contesto operativo di trasporto viaggiatori\/merci in linea.<\/p>\n<p><strong>3.Modalit\u00e0 di partecipazione<\/strong><\/p>\n<p>Per partecipare alla Selezione \u00e8 necessario compilare ed inviare on line il Modulo raggiungibile al link sottostante, entro le <strong>ore 12:00 del 30 giugno 2021<\/strong><\/p>\n<h2 style=\"text-align: center;\"><a href=\"https:\/\/www.amt.genova.it\/amt\/lavora-con-noi-2\/modulo-di-selezione-fgc\/\"><strong><em><u>Modulo<\/u><\/em><\/strong><\/a><\/h2>\n<p>Coloro che invieranno i propri dati attraverso la compilazione del Modulo on line riceveranno una mail di conferma automatica dell\u2019avvenuta registrazione.<\/p>\n<p>Sono esclusi dalla Selezione i candidati il cui rapporto di lavoro con AMT \u00e8 stato risolto per giusta causa.<\/p>\n<p>Tutte le comunicazioni riguardanti la Selezione, comprese le convocazioni alle prove, saranno inviate agli interessati tramite e-mail all'indirizzo fornito all\u2019atto della registrazione della candidatura.<\/p>\n<p><strong>AMT declina ogni responsabilit\u00e0 in caso di mancato recapito della convocazione a causa di errato inserimento da parte del candidato del proprio indirizzo e-mail<\/strong>.<\/p>\n<p>La Selezione, rivolta indistintamente a uomini e donne (L.903\/77 e L.125\/91) e a candidati che risultino appartenenti alle categorie protette (L. 68\/99), viene svolta secondo criteri di pari opportunit\u00e0, garantendo nelle varie fasi il rispetto dei principi di trasparenza, pubblicit\u00e0 ed imparzialit\u00e0.<\/p>\n<p><strong>Sono ammessi alla presente Selezione ESCLUSIVAMENTE i candidati in possesso dei requisiti richiesti al punto 1<\/strong>.<\/p>\n<p><strong>4.Iter selettivo<\/strong><\/p>\n<p>I candidati che saranno convocati, previa compilazione del Modulo di Autocertificazione\/Domanda di Partecipazione, dovranno presentarsi nel luogo e all\u2019orario indicato muniti di fototessera, curriculum vitae, Licenza di Condotta Europea e documento di identit\u00e0.<\/p>\n<p>La Selezione potr\u00e0 prevedere lo svolgimento nella medesima giornata di una o pi\u00f9 prove (per es.: colloquio individuale, colloquio di gruppo, test attitudinali\/questionari tecnici). Le suddette prove definiscono, attraverso una valutazione numerica espressa in centesimi, il grado di corrispondenza del candidato al Profilo richiesto, cos\u00ec articolato:<\/p>\n<ul>\n<li>Motivazione al ruolo<\/li>\n<li>Orientamento al Cliente e ad attivit\u00e0 di servizio al Pubblico<\/li>\n<li>Attitudine alla collaborazione, all\u2019ascolto ed alla condivisione delle informazioni<\/li>\n<li>Autonomia, responsabilit\u00e0 e coscienziosit\u00e0 nello svolgimento dei compiti<\/li>\n<li>Capacit\u00e0 di gestire situazioni di stress attraverso il controllo delle proprie emozioni.<\/li>\n<\/ul>\n<p>Per considerare superata questa fase di Selezione occorre raggiungere un punteggio minimo di 60\/100 dato dalla somma dei punteggi delle diverse voci di valutazione.<\/p>\n<p><strong>4.Graduatorie e Requisiti necessari per l\u2019assunzione<\/strong><\/p>\n<p>I candidati che avranno raggiunto il punteggio minimo verranno inseriti nella <strong>Graduatoria Selezione Macchinisti FGC - rif. MFGC\/21\/01<\/strong> che sar\u00e0 pubblicata sul sito web di AMT, valida per 24 mesi dalla data di pubblicazione. A parit\u00e0 di punteggio, la posizione in Graduatoria sar\u00e0 definita in base alla maggiore anzianit\u00e0 anagrafica.<\/p>\n<p>Al momento dell\u2019eventuale proposta di assunzione tutti i candidati dovranno essere in possesso di tutti gli altri requisiti necessari elencati sotto:<\/p>\n<p>- Licenza di Condotta Europea, in corso di validit\u00e0, rilasciata da ANSF<\/p>\n<p>- patente di guida cat. B<\/p>\n<p>- idoneit\u00e0 psico-fisica a seguito degli accertamenti obbligatori per Legge da effettuarsi presso Enti\/Strutture preposti in riferimento al D.Lgs. 247 del 30\/12\/2010 allegato III punto 2<\/p>\n<p>- godimento dei diritti politici<\/p>\n<p>- assenza di condanne penali o procedimenti penali pendenti (come descritto nel \u2019Documento Selezione e Assunzione del Personale AMT\u2019 approvato il 1\u00b0 dicembre 2017 e pubblicato sul sito web di AMT)<\/p>\n<p>- per i cittadini extracomunitari, permesso di soggiorno per motivi di lavoro in corso di validit\u00e0<\/p>\n<p>- buona conoscenza della lingua italiana.<\/p>\n<p>AMT attinger\u00e0 dalla Graduatoria di cui sopra per eventuali assunzioni che potranno essere effettuate nelle diverse forme previste dalle Leggi e dai Contratti in vigore, sulla base del vigente CCNL Autoferrotranvieri, ai sensi del R.D. 148\/31, Qualifica Macchinista e parametro retributivo (153 o 165) commisurato all\u2019effettiva esperienza di condotta maturata.<\/p>\n<p>Dichiarazioni non corrispondenti a verit\u00e0 comporteranno<strong> l'immediata esclusione in qualsiasi fase della Selezione<\/strong>. In caso di dichiarazioni non corrispondenti a verit\u00e0, AMT si riserva di procedere ad eventuali segnalazioni agli Organi competenti, ai sensi della normativa vigente.<\/p>\n<p><strong>5.Modalit\u00e0 di comunicazione con i candidati<\/strong><\/p>\n<p>Le comunicazioni relative alla Selezione verranno pubblicate sul sito internet di AMT nella pagina dedicata ai relativi aggiornamenti o inviate alla mail personale (nel caso di comunicazioni individuali) comunicata in fase di registrazione. I candidati sono tenuti pertanto a controllare la propria casella di posta elettronica.<\/p>\n<p>&nbsp;<\/p>\n<p>LA PRESENZA ALLA SELEZIONE COMPORTA L'IMPLICITA ACCETTAZIONE DI TUTTE LE DISPOSIZIONI PREVISTE DAL PRESENTE AVVISO DI SELEZIONE.<\/p>\n ","protected":false},"excerpt":{"rendered":"Avviso di Selezione Macchinisti Ferrovia Genova Casella (rif. MFGC\/21\/01) AMT S.p.A. avvia una Selezione per eventuali assunzioni di Macchinisti Ferrovia Genova Casella (FGC) per svolgere quotidianamente il servizio di condotta dei treni per trasporto passeggeri, garantendo la sicurezza e la qualit\u00e0 di viaggio e rappresentando l'Azienda sul territorio. Il Macchinista FGC sar\u00e0 in grado, acquisite le necessarie abilitazioni, di condurre&nbsp;<a href=\"https:\/\/www.amt.genova.it\/amt\/societa_trasparente\/bandi-di-concorso\/avviso-di-selezione-macchinisti-ferrovia-genova-casella\/\" class=\"read-more\">Continue Reading<\/a>","protected":false},"author":2,"featured_media":0,"parent":3561,"menu_order":0,"comment_status":"closed","ping_status":"closed","template":"page-fullwidth.php","meta":{"footnotes":""},"class_list":["post-27359","page","type-page","status-publish","hentry"],"_links":{"self":[{"href":"https:\/\/www.amt.genova.it\/amt\/wp-json\/wp\/v2\/pages\/27359","targetHints":{"allow":["GET"]}}],"collection":[{"href":"https:\/\/www.amt.genova.it\/amt\/wp-json\/wp\/v2\/pages"}],"about":[{"href":"https:\/\/www.amt.genova.it\/amt\/wp-json\/wp\/v2\/types\/page"}],"author":[{"embeddable":true,"href":"https:\/\/www.amt.genova.it\/amt\/wp-json\/wp\/v2\/users\/2"}],"replies":[{"embeddable":true,"href":"https:\/\/www.amt.genova.it\/amt\/wp-json\/wp\/v2\/comments?post=27359"}],"version-history":[{"count":1,"href":"https:\/\/www.amt.genova.it\/amt\/wp-json\/wp\/v2\/pages\/27359\/revisions"}],"predecessor-version":[{"id":27360,"href":"https:\/\/www.amt.genova.it\/amt\/wp-json\/wp\/v2\/pages\/27359\/revisions\/27360"}],"up":[{"embeddable":true,"href":"https:\/\/www.amt.genova.it\/amt\/wp-json\/wp\/v2\/pages\/3561"}],"wp:attachment":[{"href":"https:\/\/www.amt.genova.it\/amt\/wp-json\/wp\/v2\/media?parent=27359"}],"curies":[{"name":"wp","href":"https:\/\/api.w.org\/{rel}","templated":true}]}}