{"id":25915,"date":"2021-02-22T12:09:53","date_gmt":"2021-02-22T11:09:53","guid":{"rendered":"https:\/\/www.amt.genova.it\/amt\/?page_id=25915"},"modified":"2025-12-29T16:12:19","modified_gmt":"2025-12-29T15:12:19","slug":"chiama-il-bus","status":"publish","type":"page","link":"https:\/\/www.amt.genova.it\/amt\/trasporto-multimodale\/chiama-il-bus\/","title":{"rendered":"Chiama il bus"},"content":{"rendered":"<h2><strong>Si ricorda che dal 1\u00b0 gennaio 2026 i servizi a chiamata del provinciale\u00a0 \"Chiama il bus\" tornano a pagamento<\/strong><\/h2>\n<p><img loading=\"lazy\" decoding=\"async\" class=\"wp-image-39408 size-large alignnone\" src=\"https:\/\/www.amt.genova.it\/amt\/wp-content\/uploads\/2023\/06\/immagine-per-pagina-chiama-il-bus-ok--1024x451.jpg\" alt=\"\" width=\"604\" height=\"266\" srcset=\"https:\/\/www.amt.genova.it\/amt\/wp-content\/uploads\/2023\/06\/immagine-per-pagina-chiama-il-bus-ok--1024x451.jpg 1024w, https:\/\/www.amt.genova.it\/amt\/wp-content\/uploads\/2023\/06\/immagine-per-pagina-chiama-il-bus-ok--300x132.jpg 300w, https:\/\/www.amt.genova.it\/amt\/wp-content\/uploads\/2023\/06\/immagine-per-pagina-chiama-il-bus-ok--768x338.jpg 768w, https:\/\/www.amt.genova.it\/amt\/wp-content\/uploads\/2023\/06\/immagine-per-pagina-chiama-il-bus-ok--1536x677.jpg 1536w, https:\/\/www.amt.genova.it\/amt\/wp-content\/uploads\/2023\/06\/immagine-per-pagina-chiama-il-bus-ok-.jpg 1814w\" sizes=\"auto, (max-width: 604px) 100vw, 604px\" \/><\/p>\n<h2><strong><span style=\"color: #1eb6e7;\">In alcuni Comuni \u00e8 attivo il servizio di trasporto a prenotazione \"CHIAMA IL BUS\"<\/span><\/strong><\/h2>\n<p><strong><span style=\"color: #1eb6e7;\">\u00a0<\/span><\/strong><\/p>\n<p>Telefonando al <strong>Numero Verde 800 499 999<\/strong>, dalle ore 8.00 alle ore 14.00 (dal luned\u00ec al sabato) \u00e8 possibile prenotare il servizio.<\/p>\n<p>Il servizio si pu\u00f2 richiedere fino a 30 minuti prima della corsa compatibilmente con le prenotazioni gi\u00e0 effettuate e con i tempi di percorrenza della linea. Si suggerisce, comunque, di prenotarsi in anticipo, anche il giorno precedente al servizio richiesto; \u00e8 possibile richiedere la prenotazione in tempo reale direttamente all\u2019autista del mezzo quando presente al capolinea del \u201cCHIAMA IL BUS\u201d. Le corse saranno effettuate, di norma, in base all'ordine di prenotazione.<\/p>\n<p>Il Cliente dovr\u00e0 avvisare in caso di disdetta della prenotazione per cause proprie.<\/p>\n<p>Il servizio \u00e8 attivo attualmente <strong>da luned\u00ec a sabato (escluso festivi) dalle 6.00 alle 20.00<\/strong> nei seguenti Comuni:<\/p>\n<ul>\n<li><strong>Bargagli <\/strong>nelle frazioni di la Presa, Preli, Viganego, Terrusso, Cisiano.<br \/>\nE\u2019 possibile usufruire di \u201cChiama di Bus\u201d anche rivolgendosi direttamente all\u2019autista al capolinea di Prato. <a href=\"https:\/\/www.amt.genova.it\/amt\/wp-content\/uploads\/2025\/12\/LOCANDINA-CHIAMA-IL-BUS-BARGAGLI-12-25-1.pdf\">Scarica la locandina<\/a><\/li>\n<li><strong>Borzonasca<\/strong> nelle frazioni di Acero, Belpiano, Levaggi, Temossi, Caregli, Caroso, Borzone, Recroso, Tigliolo, Stiviberi, Gazzolo, bivio Soria e bivio Barca.<br \/>\nE\u2019 possibile usufruire di \u201cChiama di Bus\u201d anche rivolgendosi direttamente all\u2019autista al capolinea in piazza Severino.\u00a0 <a href=\"https:\/\/www.amt.genova.it\/amt\/wp-content\/uploads\/2025\/12\/LOCANDINA-CHIAMA-IL-BUS-BORZONASCA-orario-8-14-ok-12-25.pdf\">Scarica la locandina<\/a><\/li>\n<li><strong>Casarza Ligure<\/strong> nelle frazioni di Massasco, Campegli, S. Pietro di Frascati, Masso, Novano, Cardini, Tassani, Rovereto, via 1\u00b0 Maggio, Bruschi, Verici, via Olivella Caminata, via Barletti, via Nicol\u00f2 Sottanis, via Giuseppe Stagnaro.<br \/>\nE\u2019 possibile usufruire di \u201cChiama di Bus\u201d anche rivolgendosi direttamente all\u2019autista al capolinea in via Annuti di fronte alla Chiesa di San Michele Arcangelo.\u00a0 <a href=\"https:\/\/www.amt.genova.it\/amt\/wp-content\/uploads\/2025\/12\/LOCANDINA-CHIAMA-IL-BUS-CASARZA-orario-8-1412-25.pdf\">Scarica la locandina<\/a><\/li>\n<li><strong>Cogorno <\/strong>nelle frazioni di Breccanecca, Monticelli, Galle, Costa dei Land\u00f2, via Chiappe, via Maggiolo, via San Martino e via Padre Mazzino.<br \/>\nE\u2019 possibile usufruire di \u201cChiama di Bus\u201d anche rivolgendosi direttamente all\u2019autista al capolinea in piazza Aldo Moro a San Salvatore.\u00a0 <a href=\"https:\/\/www.amt.genova.it\/amt\/wp-content\/uploads\/2025\/12\/LOCANDINA-CHIAMA-IL-BUS-COGORNO-orario-8-1412-25.pdf\">Scarica la locandina<\/a><\/li>\n<li><strong>Davagna <\/strong>nelle frazioni di Capenardo, Marsiglia, Paravagna e Calvari.<br \/>\nE\u2019 possibile usufruire di \u201cChiama di Bus\u201d anche rivolgendosi direttamente all\u2019autista al capolinea di Prato.\u00a0 <a href=\"https:\/\/www.amt.genova.it\/amt\/wp-content\/uploads\/2025\/12\/LOCANDINA-CHIAMA-IL-BUS-DAVAGNA-orario-8-14-ok-12-25.pdf\">Scarica la locandina<\/a><\/li>\n<li><strong>Mezzanego <\/strong>nelle frazioni di Porciletto, Semovigo, val Carnella, Mezzanego alta e Vignolo.<br \/>\nE\u2019 possibile usufruire di \u201cChiama di Bus\u201d anche rivolgendosi direttamente all\u2019autista al capolinea presso la scuola comunale.\u00a0 <a href=\"https:\/\/www.amt.genova.it\/amt\/wp-content\/uploads\/2025\/12\/LOCANDINA-CHIAMA-IL-BUS-MEZZANEGO-orario-8-14-12-25.pdf\">Scarica la locandina<\/a><\/li>\n<li><strong>Recco<\/strong> nelle frazioni di Mulinetti, piazzale Olimpia, Cotulo, Carbonara, Verzemma, Liceto, Collodari e Ageno.<br \/>\nE\u2019 possibile usufruire di \u201cChiama di Bus\u201d anche rivolgendosi direttamente all\u2019autista al capolinea in via Ippolito D\u2019Aste. <a href=\"https:\/\/www.amt.genova.it\/amt\/wp-content\/uploads\/2025\/12\/LOCANDINA-CHIAMA-IL-BUS-RECCO-orario-8-14-12-25.pdf\">Scarica la locandina<\/a><\/li>\n<li><strong>Rezzoaglio<\/strong><span style=\"color: #ff0000;\"> (in servizio nel periodo estivo)<\/span>\u00a0nelle frazioni di \u00a0Basso, Alpepiana, Vico Mezzano, Vico Soprano, Esola, Ertola, Casaleggio, Brignole, Costafigara, Mileto, Garba, Scabbiamara, Groparolo, Priosa, Brugnoni, Noci, Calzagatta, Sbarbari, Ascona e Ventarola.<br \/>\nE\u2019 possibile usufruire di \u201cChiama di Bus\u201d anche rivolgendosi direttamente all\u2019autista al capolinea dell\u2019Ospedaletto Croce Rossa.<\/li>\n<li><strong>Serra Ricc\u00f2<\/strong> nelle frazioni di Valleregia, Serra, via Caffaro, San Cipriano, Prelo, Orero e Casella.<br \/>\nE\u2019 possibile usufruire di \u201cChiama di Bus\u201d anche rivolgendosi direttamente all\u2019autista al capolinea in via Chiappella.\u00a0 <a href=\"https:\/\/www.amt.genova.it\/amt\/wp-content\/uploads\/2025\/12\/LOCANDINA-CHIAMA-IL-BUS-SERRA-RICCO-212-25.pdf\">Scarica la locandina<\/a><\/li>\n<li><strong>Valbrevenna<\/strong> nelle frazioni di Ternano, Sorrivi, Nenno, Mulino Vecchio, bivio per Clavarezza, Penola, Fullo e Frassineto.<br \/>\nE\u2019 possibile usufruire di \u201cChiama di Bus\u201d anche rivolgendosi direttamente all\u2019autista al capolinea in via Aldo Moro a Casella.\u00a0 <a href=\"https:\/\/www.amt.genova.it\/amt\/wp-content\/uploads\/2025\/12\/LOCANDINA-CHIAMA-IL-BUS-VALBREVENNA-orario-8-14-12-25.pdf\">Scarica la locandina<\/a><\/li>\n<li><strong>Val Graveglia<\/strong> nelle frazioni di Conscenti, Caminata, Frisolino, Piandifieno, Botasi, Chiesanuova, Casedogana, Pontori, campo di N\u00e8, Iscioli, Zerli, Statale, Reppia, Arzeno, Nascio.<br \/>\nE\u2019 possibile usufruire di \u201cChiama di Bus\u201d anche rivolgendosi direttamente all\u2019autista al capolinea di Coscenti.\u00a0 <a href=\"https:\/\/www.amt.genova.it\/amt\/wp-content\/uploads\/2025\/12\/LOCANDINA-CHIAMA-IL-BUS-VALGRAVEGLIA-orario-8-1412-25.pdf\">Scarica la locandina<\/a><\/li>\n<\/ul>\n<p><img loading=\"lazy\" decoding=\"async\" class=\"alignleft wp-image-34542\" src=\"https:\/\/www.amt.genova.it\/amt\/wp-content\/uploads\/2022\/08\/APP-SERVIZI-dedicati-senza-CHIAMATA.png\" alt=\"\" width=\"100\" height=\"100\" \/>Per prenotare il servizio online, occorre scaricare la APP <strong>AMT Servizi a Chiamata<\/strong> da Google Play per il sistema operativo Android e su APP Store per iOS.<\/p>\n<p>Con la\u00a0<strong>APP<\/strong>\u00a0\u00e8 possibile\u00a0<strong>prenotare una o pi\u00f9 corse<\/strong>, specificando le proprie esigenze di viaggio, come il servizio e la zona di interesse, la fermata di salita e discesa e l\u2019orario desiderato. Le fermate possono essere scelte da una lista o selezionate direttamente sulla mappa. Si possono prenotare pi\u00f9 posti per persone che viaggiano insieme. Concluse le operazioni, la APP invia, via SMS o mail, un riepilogo delle prenotazioni effettuate dal cliente.<\/p>\n<div class=\"service-box \"><div class=\"service-box_body\"><h2 class=\"title\"><strong>QUALI TITOLI DI VIAGGIO UTILIZZARE<\/strong><\/h2><div class=\"service-box_txt\">Servizio gratuito fino al 31 dicembre 2025. Dal 1\u00b0 gennaio 2026 <strong>tutti i biglietti e abbonamenti AMT<\/strong> (escluso Abbonamento Annuale Linee Periferiche e Ascensori, Abbonamento Annuale Urbano di Genova e il biglietto da 4 corse).<\/p>\n<p><\/div><\/div><\/div><!-- \/Service Box -->\n ","protected":false},"excerpt":{"rendered":"Si ricorda che dal 1\u00b0 gennaio 2026 i servizi a chiamata del provinciale\u00a0 \"Chiama il bus\" tornano a pagamento In alcuni Comuni \u00e8 attivo il servizio di trasporto a prenotazione \"CHIAMA IL BUS\" \u00a0 Telefonando al Numero Verde 800 499 999, dalle ore 8.00 alle ore 14.00 (dal luned\u00ec al sabato) \u00e8 possibile prenotare il servizio. Il servizio si pu\u00f2&nbsp;<a href=\"https:\/\/www.amt.genova.it\/amt\/trasporto-multimodale\/chiama-il-bus\/\" class=\"read-more\">Continue Reading<\/a>","protected":false},"author":2,"featured_media":0,"parent":2163,"menu_order":0,"comment_status":"closed","ping_status":"closed","template":"page-fullwidth.php","meta":{"footnotes":""},"class_list":["post-25915","page","type-page","status-publish","hentry"],"_links":{"self":[{"href":"https:\/\/www.amt.genova.it\/amt\/wp-json\/wp\/v2\/pages\/25915","targetHints":{"allow":["GET"]}}],"collection":[{"href":"https:\/\/www.amt.genova.it\/amt\/wp-json\/wp\/v2\/pages"}],"about":[{"href":"https:\/\/www.amt.genova.it\/amt\/wp-json\/wp\/v2\/types\/page"}],"author":[{"embeddable":true,"href":"https:\/\/www.amt.genova.it\/amt\/wp-json\/wp\/v2\/users\/2"}],"replies":[{"embeddable":true,"href":"https:\/\/www.amt.genova.it\/amt\/wp-json\/wp\/v2\/comments?post=25915"}],"version-history":[{"count":136,"href":"https:\/\/www.amt.genova.it\/amt\/wp-json\/wp\/v2\/pages\/25915\/revisions"}],"predecessor-version":[{"id":51998,"href":"https:\/\/www.amt.genova.it\/amt\/wp-json\/wp\/v2\/pages\/25915\/revisions\/51998"}],"up":[{"embeddable":true,"href":"https:\/\/www.amt.genova.it\/amt\/wp-json\/wp\/v2\/pages\/2163"}],"wp:attachment":[{"href":"https:\/\/www.amt.genova.it\/amt\/wp-json\/wp\/v2\/media?parent=25915"}],"curies":[{"name":"wp","href":"https:\/\/api.w.org\/{rel}","templated":true}]}}