{"id":25640,"date":"2021-02-18T10:46:10","date_gmt":"2021-02-18T09:46:10","guid":{"rendered":"https:\/\/www.amt.genova.it\/amt\/?page_id=25640"},"modified":"2026-01-07T08:30:54","modified_gmt":"2026-01-07T07:30:54","slug":"biglietterie-provinciali","status":"publish","type":"page","link":"https:\/\/www.amt.genova.it\/amt\/tariffe\/rete-di-vendita-provinciale\/biglietterie-provinciali\/","title":{"rendered":"Biglietterie provinciali"},"content":{"rendered":"<h2><span style=\"color: #1eb6e7;\"><strong>\u00a0Biglietterie AMT provinciali<\/strong><\/span><\/h2>\n<p><span style=\"color: #0000ff;\"><strong><span style=\"color: #1eb6e7;\">Chiavari:<\/span><\/strong><\/span>\u00a0 corso Assarotti 1 E\/F<img loading=\"lazy\" decoding=\"async\" class=\"wp-image-29003 size-medium alignleft\" src=\"\/amt\/wp-content\/uploads\/2021\/09\/biglietteria-chiavari-300x225.jpg\" alt=\"\" width=\"300\" height=\"225\" srcset=\"https:\/\/www.amt.genova.it\/amt\/wp-content\/uploads\/2021\/09\/biglietteria-chiavari-300x225.jpg 300w, https:\/\/www.amt.genova.it\/amt\/wp-content\/uploads\/2021\/09\/biglietteria-chiavari-768x576.jpg 768w, https:\/\/www.amt.genova.it\/amt\/wp-content\/uploads\/2021\/09\/biglietteria-chiavari-1024x768.jpg 1024w, https:\/\/www.amt.genova.it\/amt\/wp-content\/uploads\/2021\/09\/biglietteria-chiavari-200x150.jpg 200w\" sizes=\"auto, (max-width: 300px) 100vw, 300px\" \/><br \/>\n<strong>Orario di apertura al pubblico<\/strong>: luned\u00ec dalle 8:15 alle 15:30 orario continuato.<br \/>\nDa marted\u00ec a venerd\u00ec dalle 8:15 alle 13:00.<\/p>\n<p><strong><span style=\"color: #1eb6e7;\">Rapallo: <\/span><\/strong>piazza delle Nazioni<br \/>\n<strong>Orario di apertura al pubblico<\/strong>: dal luned\u00ec al venerd\u00ec dalle 8:15 alle 16:00.<\/p>\n<p>&nbsp;<\/p>\n<p>&nbsp;<\/p>\n<p>&nbsp;<\/p>\n<p>&nbsp;<\/p>\n<p>&nbsp;<\/p>\n<p>&nbsp;<\/p>\n<p>&nbsp;<\/p>\n<p>&nbsp;<\/p>\n<p>&nbsp;<\/p>\n<p>&nbsp;<\/p>\n<p>&nbsp;<\/p>\n ","protected":false},"excerpt":{"rendered":"\u00a0Biglietterie AMT provinciali Chiavari:\u00a0 corso Assarotti 1 E\/F Orario di apertura al pubblico: luned\u00ec dalle 8:15 alle 15:30 orario continuato. Da marted\u00ec a venerd\u00ec dalle 8:15 alle 13:00. Rapallo: piazza delle Nazioni Orario di apertura al pubblico: dal luned\u00ec al venerd\u00ec dalle 8:15 alle 16:00. &nbsp; &nbsp; &nbsp; &nbsp; &nbsp; &nbsp; &nbsp; &nbsp; &nbsp; &nbsp; &nbsp;","protected":false},"author":2,"featured_media":0,"parent":25636,"menu_order":0,"comment_status":"closed","ping_status":"closed","template":"page-fullwidth.php","meta":{"footnotes":""},"class_list":["post-25640","page","type-page","status-publish","hentry"],"_links":{"self":[{"href":"https:\/\/www.amt.genova.it\/amt\/wp-json\/wp\/v2\/pages\/25640","targetHints":{"allow":["GET"]}}],"collection":[{"href":"https:\/\/www.amt.genova.it\/amt\/wp-json\/wp\/v2\/pages"}],"about":[{"href":"https:\/\/www.amt.genova.it\/amt\/wp-json\/wp\/v2\/types\/page"}],"author":[{"embeddable":true,"href":"https:\/\/www.amt.genova.it\/amt\/wp-json\/wp\/v2\/users\/2"}],"replies":[{"embeddable":true,"href":"https:\/\/www.amt.genova.it\/amt\/wp-json\/wp\/v2\/comments?post=25640"}],"version-history":[{"count":91,"href":"https:\/\/www.amt.genova.it\/amt\/wp-json\/wp\/v2\/pages\/25640\/revisions"}],"predecessor-version":[{"id":52047,"href":"https:\/\/www.amt.genova.it\/amt\/wp-json\/wp\/v2\/pages\/25640\/revisions\/52047"}],"up":[{"embeddable":true,"href":"https:\/\/www.amt.genova.it\/amt\/wp-json\/wp\/v2\/pages\/25636"}],"wp:attachment":[{"href":"https:\/\/www.amt.genova.it\/amt\/wp-json\/wp\/v2\/media?parent=25640"}],"curies":[{"name":"wp","href":"https:\/\/api.w.org\/{rel}","templated":true}]}}