{"id":25496,"date":"2021-02-17T14:55:09","date_gmt":"2021-02-17T13:55:09","guid":{"rendered":"https:\/\/www.amt.genova.it\/amt\/?page_id=25496"},"modified":"2021-02-22T16:31:24","modified_gmt":"2021-02-22T15:31:24","slug":"regolamento-linee-provinciali","status":"publish","type":"page","link":"https:\/\/www.amt.genova.it\/amt\/clienti\/esattoria-e-sanzioni\/regolamento-linee-provinciali\/","title":{"rendered":"Regolamento linee provinciali"},"content":{"rendered":"<p>Il regolamento di viaggio disciplina l\u2019accesso ai servizi di trasporto pubblico provinciale, favorisce la convivenza civile fra i passeggeri, la sicurezza del viaggio e la collaborazione fra cittadini e autisti.<\/p>\n<p>I passeggeri sono tenuti a rispettare le presenti norme e le prescrizioni esposte sulle vetture e devono attenersi alle indicazioni e disposizioni di\u00a0AMT spa\u00a0e del suo personale, in ottemperanza alla disciplina normativa prevista e alle disposizioni emanate dall\u2019Azienda.<\/p>\n<p>ARTICOLO 1<br \/>\n<strong>Titoli di viaggio<\/strong><br \/>\nI passeggeri sono tenuti a munirsi di valido e idoneo titolo di viaggio, a conservarlo integro per la durata del viaggio e ad esibirlo su richiesta del personale di servizio, anche dopo la discesa dal mezzo in prossimit\u00e0 delle fermate.<br \/>\nIl titolo di viaggio deve essere mostrato al conducente alla salita in vettura. Il passeggero sprovvisto di titolo di viaggio pu\u00f2 acquistarlo dal conducente a tariffa maggiorata.<br \/>\n<strong>Titoli soggetti a convalida<\/strong><br \/>\nAll\u2019inizio del viaggio il passeggero deve convalidare il titolo di viaggio inserendolo correttamente nelle apposite obliteratrici e accertare la regolare stampigliatura della timbratura nello spazio dedicato alla convalida. Convalide parziali, non leggibili o effettuate al di fuori dello spazio previsto all\u2019interno del titolo di viaggio sono da ritenersi errate.<br \/>\nIl passeggero deve segnalare immediatamente al conducente convalide errate e l\u2019eventuale irregolare o mancato funzionamento dell\u2019obliteratrice. In tal caso, la convalida del titolo di viaggio viene effettuata direttamente dal conducente. Il titolo di viaggio convalidato \u00e8 personale e non cedibile a terzi.<br \/>\n<strong>Abbonamenti nominativi e titoli preferenziali<\/strong><br \/>\nIl titolare di abbonamento mensile o annuale o di altro titolo preferenziale deve essere sempre in possesso di un valido documento di riconoscimento corredato di fotografia da esibire al personale di servizio unitamente al titolo di viaggio.<\/p>\n<p>ARTICOLO 2<br \/>\n<strong>Esenzioni<\/strong><br \/>\nOgni passeggero in possesso di regolare titolo di viaggio pu\u00f2 far viaggiare con se gratuitamente un minore di altezza inferiore al metro e quindici centimetri.<\/p>\n<p>ARTICOLO 3<br \/>\n<strong>Trasporto animali<\/strong><br \/>\nIl passeggero pu\u00f2 trasportare un cane al guinzaglio e munito di museruola o altro animale domestico di piccola dimensione chiuso in apposito trasportino, purch\u00e9 non rechi disturbo agli altri passeggeri e sempre che la disponibilit\u00e0 della vettura lo consenta. Per ogni animale dovr\u00e0 essere convalidato un titolo di viaggio a tariffa ordinaria valido per la tratta interessata.<br \/>\nIl passeggero \u00e8 responsabile dell\u2019animale ed \u00e8 tenuto al risarcimento di ogni eventuale danno causato a persone, mezzi o cose. I cani accompagnatori di ciechi sono trasportati gratuitamente.<\/p>\n<p>ARTICOLO 4<br \/>\n<strong>Passeggeri con disabilit\u00e0 in carrozzina e trasporto passeggini per bambini<\/strong><br \/>\n\u00c8 ammesso il trasporto di persone diversamente abili dotate di carrozzina sui soli mezzi attrezzati e nei limiti del numero di carrozzine previste a bordo dalla carta di circolazione della vettura. La salita e la discesa della carrozzina \u00e8 consentita solo sulle fermate idonee.<br \/>\n\u00c8 ammesso il trasporto di passeggini per bambini purch\u00e9 chiusi o ancorati ai sostegni nelle postazioni contrassegnate da apposito logo sui mezzi attrezzati.<br \/>\nIl passeggero con disabilit\u00e0 in carrozzina ha precedenza nell\u2019utilizzo della postazione suddetta rispetto al passeggino per bambini.<\/p>\n<p>ARTICOLO 5<br \/>\n<strong>Trasporto bagagli<\/strong><br \/>\nIl passeggero pu\u00f2 trasportare gratuitamente un solo bagaglio personale che non ecceda le dimensioni di cm. 50x30x25. \u00c8 parimenti ammesso il trasporto gratuito di uno zaino contenente materiale scolastico da parte dello studente. Tali tipologie di bagaglio devono essere custodite a cura e responsabilit\u00e0 del passeggero, senza che rechino disturbo agli altri viaggiatori e in modo da non occupare posti a sedere o nel corridoio.<br \/>\nUlteriori bagagli non rientranti nei casi sopra descritti possono essere trasportati, solo in caso di spazio apposito disponibile in vettura, dietro al pagamento di idoneo titolo di viaggio.<\/p>\n<p>ARTICOLO 6<br \/>\n<strong>Interruzioni o ritardi di servizio<\/strong><br \/>\nIn caso di interruzioni del viaggio o ritardi dipendenti da causa di forza maggiore non \u00e8 ammesso alcun rimborso da parte dell\u2019Azienda al passeggero trasportato.<\/p>\n<p>ARTICOLO 7<br \/>\n<strong>Obblighi e divieti<\/strong><br \/>\nIl passeggero pu\u00f2 effettuare la salita o la discesa dal mezzo solo in prossimit\u00e0 delle fermate. Le fermate sono a richiesta, \u00e8 quindi necessario un tempestivo preavviso da parte del passeggero: a bordo utilizzando gli appositi pulsanti<br \/>\na terra segnalando le proprie intenzioni in modo ben visibile, con un chiaro gesto della mano.<br \/>\nIl passeggero \u00e8 tenuto a mantenere a bordo un comportamento corretto a tutela della propria e dell\u2019altrui incolumit\u00e0. Fermo restando l\u2019obbligo del rispetto della normativa vigente, \u00e8 vietato: salire o scendere da parti diverse della vettura da quelle indicate, salire o scendere quando la vettura \u00e8 in movimento o fuori fermata;<br \/>\nsalire a vettura completa e in ogni caso quando \u00e8 stata attivata la chiusura delle porte;<br \/>\nsalire in vettura in stato di ebbrezza, in stato di alterazione anche per assunzione di sostanze stupefacenti o psicotrope, affetti da malattie contagiose, indecentemente vestiti o comunque in condizioni per cui si possa arrecare danno o disturbo agli altri viaggiatori;<br \/>\noccupare pi\u00f9 di un posto a sedere;<br \/>\nviaggiare appoggiato alla porta di salita\/discesa, ingombrare i passaggi o le porte, sporgersi in tutto o in parte dai finestrini della vettura;<br \/>\nsalvo il caso di emergenze o pericolo, l\u2019azionamento di dispositivi di allarme e i comandi per l\u2019apertura di emergenza delle porte del mezzo, nonch\u00e9 qualsiasi altro dispositivo di emergenza presente a bordo e come tale evidenziato;<br \/>\ndistrarre il conducente dalle sue mansioni;<br \/>\nfumare a bordo delle vetture anche sigarette elettroniche;<br \/>\ninsudiciare, guastare, rimuovere o manomettere parti o apparecchiature della vettura;<br \/>\ngettare oggetti dalla vettura (reato punibile penalmente);<br \/>\nportare armi (ad eccezione delle forze dell\u2019ordine), materiali esplosivi o infiammabili, oggetti comunque pericolosi o che possono danneggiare o insudiciare i viaggiatori o le vetture o per qualsiasi ragione risultare molesti;<br \/>\nazionare apparecchi radiofonici, cantare, suonare, schiamazzare o in altro modo disturbare i viaggiatori;<br \/>\nsollecitare questue o elemosine a bordo, svolgere attivit\u00e0 pubblicitarie o commerciali, anche se a scopo benefico, senza il consenso dell\u2019Azienda.<br \/>\nIl passeggero sar\u00e0 ritenuto responsabile per danni arrecati alle vetture o a terzi in caso di inosservanza delle norme di cui sopra e sanzionato secondo le norme di legge in vigore.<\/p>\n<p>ARTICOLO 8<br \/>\n<strong>Accertamento e contestazione delle violazioni<\/strong><br \/>\nI verificatori di titolo di viaggio, durante l\u2019espletamento delle loro funzioni, rivestono la qualifica di Agente di Polizia Amministrativa e Pubblico Ufficiale. Pertanto i passeggeri sono tenuti durante il controllo ad esibire il titolo di viaggio, a dichiarare le proprie generalit\u00e0 con il supporto di valido documento di identit\u00e0. L\u2019eventuale rifiuto a fornire le generalit\u00e0 o la dichiarazione di false generalit\u00e0 sono puniti a norma di legge.<br \/>\nChiunque viaggi su un mezzo di trasporto pubblico locale sprovvisto di un regolare titolo di viaggio, conformemente a quanto specificato dall\u2019art. 1 e 3 del presente regolamento, ovvero non rispetti gli obblighi e i divieti sopraindicati, \u00e8 soggetto alla sanzione amministrativa prevista dalla normativa. La contestazione della violazione commessa da minore\/incapace \u00e8 notificata al responsabile degli stessi.<br \/>\nE\u2019 ammessa l\u2019oblazione della sanzione in misura minimale nelle mani dell\u2019agente accertante.<br \/>\nIl passeggero trovato in possesso di titolo di viaggio contraffatto \u00e8 passibile di denuncia per truffa. Il passeggero che interrompa per proprie finalit\u00e0 un servizio di trasporto pubblico locale \u00e8 passibile di denuncia per interruzione di pubblico servizio.<\/p>\n ","protected":false},"excerpt":{"rendered":"Il regolamento di viaggio disciplina l\u2019accesso ai servizi di trasporto pubblico provinciale, favorisce la convivenza civile fra i passeggeri, la sicurezza del viaggio e la collaborazione fra cittadini e autisti. I passeggeri sono tenuti a rispettare le presenti norme e le prescrizioni esposte sulle vetture e devono attenersi alle indicazioni e disposizioni di\u00a0AMT spa\u00a0e del suo personale, in ottemperanza alla&nbsp;<a href=\"https:\/\/www.amt.genova.it\/amt\/clienti\/esattoria-e-sanzioni\/regolamento-linee-provinciali\/\" class=\"read-more\">Continue Reading<\/a>","protected":false},"author":2,"featured_media":0,"parent":25455,"menu_order":0,"comment_status":"closed","ping_status":"closed","template":"page-fullwidth.php","meta":{"footnotes":""},"class_list":["post-25496","page","type-page","status-publish","hentry"],"_links":{"self":[{"href":"https:\/\/www.amt.genova.it\/amt\/wp-json\/wp\/v2\/pages\/25496","targetHints":{"allow":["GET"]}}],"collection":[{"href":"https:\/\/www.amt.genova.it\/amt\/wp-json\/wp\/v2\/pages"}],"about":[{"href":"https:\/\/www.amt.genova.it\/amt\/wp-json\/wp\/v2\/types\/page"}],"author":[{"embeddable":true,"href":"https:\/\/www.amt.genova.it\/amt\/wp-json\/wp\/v2\/users\/2"}],"replies":[{"embeddable":true,"href":"https:\/\/www.amt.genova.it\/amt\/wp-json\/wp\/v2\/comments?post=25496"}],"version-history":[{"count":4,"href":"https:\/\/www.amt.genova.it\/amt\/wp-json\/wp\/v2\/pages\/25496\/revisions"}],"predecessor-version":[{"id":25968,"href":"https:\/\/www.amt.genova.it\/amt\/wp-json\/wp\/v2\/pages\/25496\/revisions\/25968"}],"up":[{"embeddable":true,"href":"https:\/\/www.amt.genova.it\/amt\/wp-json\/wp\/v2\/pages\/25455"}],"wp:attachment":[{"href":"https:\/\/www.amt.genova.it\/amt\/wp-json\/wp\/v2\/media?parent=25496"}],"curies":[{"name":"wp","href":"https:\/\/api.w.org\/{rel}","templated":true}]}}