{"id":24113,"date":"2020-10-28T13:35:27","date_gmt":"2020-10-28T12:35:27","guid":{"rendered":"https:\/\/www.amt.genova.it\/amt\/?page_id=24113"},"modified":"2023-01-25T14:20:57","modified_gmt":"2023-01-25T13:20:57","slug":"selezione-addetto-marketing-2","status":"publish","type":"page","link":"https:\/\/www.amt.genova.it\/amt\/societa_trasparente\/bandi-di-concorso\/selezione-addetto-marketing-2\/","title":{"rendered":"Selezione Addetto Marketing"},"content":{"rendered":"<p>AMT \u00e8 la Societ\u00e0 partecipata dal Comune di Genova e dalla Citt\u00e0 Metropolitana incaricata della programmazione, gestione e commercializzazione di servizi di trasporto multimodali (gomma, ferro, fune, via mare) nell'area metropolitana di Genova.<\/p>\n<p>L'Azienda \u00e8 al servizio della Citt\u00e0 anche nell'attuazione del Piano di Mobilit\u00e0 Sostenibile e nell'innovazione per quanto attiene soluzioni trasportistiche e tecnologiche nel campo della mobilit\u00e0.<\/p>\n<p>AMT intende essere un\u2019eccellenza nei compiti a lei affidati. Attualmente ricerca personale da selezionare e da tenere in evidenza per eventuali assunzioni nella seguente posizione:<\/p>\n<h2 style=\"text-align: center;\"><strong>ADDETTO MARKETING<\/strong><\/h2>\n<p>La posizione sar\u00e0 inserita all\u2019interno della Funzione \u201cPromozioni e Servizio Clienti\u201d.<\/p>\n<p><strong>Requisiti richiesti<\/strong>:<\/p>\n<ul>\n<li>Laurea di primo livello in economia o altra laurea equipollente, con Piano di Studi specifico ad indirizzo Marketing;<\/li>\n<li>Formazione specifica (Master o Corsi di Perfezionamento Universitari o Corsi di Formazione Professionale) in ambito marketing (strategico, di prodotto, operativo, turistico o dei trasporti);<\/li>\n<li>Esperienza lavorativa nel settore marketing di almeno due anni;<\/li>\n<li>Predisposizione alla comunicazione;<\/li>\n<li>Capacit\u00e0 di redazione di testi promozionali;<\/li>\n<li>Conoscenza e pratica d\u2019uso dei social media principali;<\/li>\n<li>Buona conoscenza della lingua inglese, in particolar modo scritta.<\/li>\n<\/ul>\n<p><strong>Requisiti preferenziali<\/strong>:<\/p>\n<ul>\n<li>Laurea di secondo livello;<\/li>\n<li>Conoscenza di una seconda lingua straniera.<\/li>\n<\/ul>\n<p>I candidati devono essere in grado di produrre documentazione tecnica accurata relativa a progetti, indagini\/ricerche di mercato sviluppati in ambito Marketing. Inoltre devono avere buone capacit\u00e0 relazionali e di lavoro in team.<\/p>\n<p>Le candidature ritenute di interesse, in relazione al curriculum, verranno convocate per colloqui finalizzati all'inserimento nella suddetta area aziendale.<\/p>\n<p>La Selezione per i profili in oggetto \u00e8 rivolta indistintamente a uomini e donne (D.Lgs. 198\/2006) e anche a candidati che risultino appartenenti alle categorie protette (L. 68\/99).<\/p>\n<p>Per manifestare il proprio interesse alla Selezione \u00e8 necessario compilare ed inviare on line, allegando dettagliato curriculum vitae, il Modulo raggiungibile dal link sottostante <strong>entro il 12 novembre 2020<\/strong>:<\/p>\n<h2 style=\"text-align: center;\"><a href=\"https:\/\/www.amt.genova.it\/amt\/lavora-con-noi-2\/ricerca-addetto-marketing\/\" target=\"_blank\" rel=\"noopener\"><strong><em>MODULO<\/em><\/strong><\/a><\/h2>\n<p><u>Eventuali curricula inviati in precedenza o trasmessi con altro mezzo non saranno presi in considerazione per questa Selezione<\/u>.<\/p>\n<p><strong>Iter selettivo<\/strong><\/p>\n<p><strong>\u00a0<\/strong><strong><u>FASE 1: Screening curricula<\/u><\/strong><\/p>\n<p>La fase di screening delle candidature pervenute prevede la valutazione dei requisiti dichiarati dai candidati nei rispettivi CV. Quanto dichiarato dai candidati verr\u00e0 confrontato con i requisiti richiesti nel presente Avviso attraverso una scala di corrispondenza al profilo ricercato. Le candidature valutate adeguatamente in possesso dei requisiti richiesti potranno accedere alla Fase 2.<\/p>\n<p><strong>\u00a0<\/strong><strong><u>FASE 2: Colloquio Tecnico<\/u><\/strong><\/p>\n<p>I candidati che avranno accesso a questa fase saranno convocati per un colloquio tecnico, che potr\u00e0 svolgersi in presenza in Azienda o a distanza via web, secondo quanto indicato nella convocazione trasmessa via e-mail all\u2019indirizzo indicato da ognuno nel proprio cv. Il colloquio tecnico, a cura di una Commissione di esperti aziendali, potr\u00e0 essere eventualmente corredato da prove pratiche, test e questionari.<\/p>\n<p>I candidati saranno valutati in base al livello di effettivo possesso dei requisiti tecnico-professionali richiesti e sopradescritti espresso da griglie numeriche che andranno a comporre la scheda di valutazione globale espressa in centesimi.<\/p>\n<p>Per considerare superata questa seconda Fase occorre raggiungere un punteggio minimo di 70\/100 dato dalla somma dei punteggi delle diverse griglie espresse nella scheda di valutazione.<\/p>\n<p><strong>\u00a0<\/strong><strong><u>FASE 3: Colloquio Motivazionale<\/u><\/strong><\/p>\n<p>Coloro che supereranno il colloquio tecnico saranno sottoposti ad un secondo colloquio con la Direzione Aziendale, volto a valutare attraverso una ulteriore scheda di valutazione numerica espressa in trentesimi gli aspetti attitudinali, relazionali e motivazionali del candidato in funzione del ruolo ricercato. Avranno superato la Selezione i candidati che avranno ottenuto un punteggio maggiore di 20\/30. In base all\u2019esito di questa prova, verr\u00e0 stilata una graduatoria, valida 12 mesi dalla data di pubblicazione, dalla quale l\u2019Azienda si riserva di attingere per l\u2019eventuale assunzione in relazione alla posizione da ricoprire, con tempistiche che verranno decise in base alle esigenze organizzative e di servizio aziendali.<\/p>\n<p><strong>\u00a0<\/strong><\/p>\n<p><strong>Requisiti necessari per l\u2019assunzione<\/strong><\/p>\n<p>All'atto dell'eventuale assunzione, il candidato individuato, pena l'esclusione, dovr\u00e0 possedere i seguenti requisiti:<\/p>\n<ul>\n<li>idoneit\u00e0 psico-fisica;<\/li>\n<li>godimento dei diritti politici;<\/li>\n<li>assenza di condanne penali o procedimenti penali pendenti (come descritto nel \u2018Documento Selezione e assunzione del personale\u2019 AMT approvato il 1\u00b0 dicembre 2017 e pubblicato sul sito web di AMT);<\/li>\n<li>per i cittadini extracomunitari permesso di soggiorno in corso di validit\u00e0;<\/li>\n<li>piena conoscenza della lingua italiana.<\/li>\n<\/ul>\n<p>&nbsp;<\/p>\n<p><strong>Dichiarazioni non corrispondenti a verit\u00e0 comporteranno <u>l'immediata esclusione in qualsiasi fase della Selezione<\/u><\/strong>. In caso di dichiarazioni non corrispondenti a verit\u00e0, AMT si riserva di procedere ad eventuali segnalazioni agli Organi competenti, ai sensi della normativa vigente.<\/p>\n<p>L\u2019eventuale assunzione avverr\u00e0 con inquadramento commisurato al livello di competenza posseduto, secondo quanto disposto dalle vigenti normative di legge e dal CCNL Autoferrotranvieri.<\/p>\n<p><strong>Informazioni ai candidati<\/strong><\/p>\n<p>Si ricorda che tutti gli aggiornamenti relativi a questa Selezione saranno pubblicati sul sito web di AMT nella pagina dedicata.<\/p>\n<p><strong>AMT declina ogni responsabilit\u00e0 in caso di mancato recapito della convocazione a causa di errato inserimento da parte del candidato del proprio indirizzo e-mail.<\/strong><\/p>\n<p>LA PRESENZA ALLA SELEZIONE COMPORTA L'IMPLICITA ACCETTAZIONE DI TUTTE LE DISPOSIZIONI PREVISTE DAL PRESENTE AVVISO DI SELEZIONE.<\/p>\n ","protected":false},"excerpt":{"rendered":"AMT \u00e8 la Societ\u00e0 partecipata dal Comune di Genova e dalla Citt\u00e0 Metropolitana incaricata della programmazione, gestione e commercializzazione di servizi di trasporto multimodali (gomma, ferro, fune, via mare) nell'area metropolitana di Genova. L'Azienda \u00e8 al servizio della Citt\u00e0 anche nell'attuazione del Piano di Mobilit\u00e0 Sostenibile e nell'innovazione per quanto attiene soluzioni trasportistiche e tecnologiche nel campo della mobilit\u00e0. AMT&nbsp;<a href=\"https:\/\/www.amt.genova.it\/amt\/societa_trasparente\/bandi-di-concorso\/selezione-addetto-marketing-2\/\" class=\"read-more\">Continue Reading<\/a>","protected":false},"author":2,"featured_media":0,"parent":3561,"menu_order":0,"comment_status":"closed","ping_status":"closed","template":"page-fullwidth.php","meta":{"footnotes":""},"class_list":["post-24113","page","type-page","status-publish","hentry"],"_links":{"self":[{"href":"https:\/\/www.amt.genova.it\/amt\/wp-json\/wp\/v2\/pages\/24113","targetHints":{"allow":["GET"]}}],"collection":[{"href":"https:\/\/www.amt.genova.it\/amt\/wp-json\/wp\/v2\/pages"}],"about":[{"href":"https:\/\/www.amt.genova.it\/amt\/wp-json\/wp\/v2\/types\/page"}],"author":[{"embeddable":true,"href":"https:\/\/www.amt.genova.it\/amt\/wp-json\/wp\/v2\/users\/2"}],"replies":[{"embeddable":true,"href":"https:\/\/www.amt.genova.it\/amt\/wp-json\/wp\/v2\/comments?post=24113"}],"version-history":[{"count":3,"href":"https:\/\/www.amt.genova.it\/amt\/wp-json\/wp\/v2\/pages\/24113\/revisions"}],"predecessor-version":[{"id":24116,"href":"https:\/\/www.amt.genova.it\/amt\/wp-json\/wp\/v2\/pages\/24113\/revisions\/24116"}],"up":[{"embeddable":true,"href":"https:\/\/www.amt.genova.it\/amt\/wp-json\/wp\/v2\/pages\/3561"}],"wp:attachment":[{"href":"https:\/\/www.amt.genova.it\/amt\/wp-json\/wp\/v2\/media?parent=24113"}],"curies":[{"name":"wp","href":"https:\/\/api.w.org\/{rel}","templated":true}]}}