{"id":2189,"date":"2015-12-09T09:54:53","date_gmt":"2015-12-09T08:54:53","guid":{"rendered":"http:\/\/172.18.13.205\/amt\/?page_id=2189"},"modified":"2021-11-23T09:53:18","modified_gmt":"2021-11-23T08:53:18","slug":"dichiarazione-di-accessibilita","status":"publish","type":"page","link":"https:\/\/www.amt.genova.it\/amt\/dichiarazione-di-accessibilita\/","title":{"rendered":"Dichiarazione di accessibilit\u00e0"},"content":{"rendered":"<p><strong>ACCESSIBILITA'<\/strong><\/p>\n<p><em><strong>\"La capacit\u00e0 dei sistemi informatici di erogare servizi e fornire informazioni fruibili, senza discriminazioni, anche da parte di coloro che a causa di disabilit\u00e0 necessitano di tecnologie assistite o configurazioni particolari\".<\/strong><\/em><\/p>\n<p>Questa \u00e8 la definizione di accessibilit\u00e0 offerta dall'art. 2 della l. 9 gennaio 2004, n. 4, emanata per garantire \"il diritto di accesso ai servizi informatici e telematici della pubblica amministrazione e ai servizi di pubblica utilit\u00e0 da parte delle persone disabili, in ottemperanza al principio di uguaglianza ai sensi dell'art. 3 della Costituzione\".<\/p>\n<p>Frutto dell'adesione del nostro Paese agli indirizzi formulati dall'Unione europea e agli standard internazionali raccomandati dal Consorzio mondiale del Web (il W3C), la l. n. 4\/04, meglio nota come legge Stanca, si pone l'obiettivo di rendere i siti internet maggiormente fruibili, abbattendo le barriere architettoniche virtuali che limitano l'accesso dei disabili alla societ\u00e0 dell'informazione.<br \/>\nMa non solo.<\/p>\n<p>L'accessibilit\u00e0 proposta dal legislatore italiano allarga il proprio raggio d'azione sia ai portatori di handicap fisici e cognitivi, sia a quelli informatici - i quali, utilizzando versioni non aggiornate o poco diffuse di sistemi operativi o browser, potrebbero avere difficolt\u00e0 nella navigazione web - sia, pi\u00f9 in generale, all'intera comunit\u00e0 degli utenti internet.<\/p>\n<p>Consapevoli che l'accessibilit\u00e0 \u00e8 un percorso graduale, ci impegniamo a monitorare ed eliminare le difformit\u00e0 che si presentano in itinere, al fine di fornire il nostro contributo alla realizzazione del diritto all'informazione per tutti.<\/p>\n<p>Questo sito \u00e8 navigabile da strumenti e browser appositi per ipovedenti.<\/p>\n<p>Sono state sviluppate ad hoc pagine in modalit\u00e0 totalmente accessibile, in particolare:<\/p>\n<ul>\n<li><strong>Previsioni di arrivo alla singola fermata:<\/strong> <a href=\"https:\/\/www.amt.genova.it\/amt\/servizi\/passaggitel.php\">https:\/\/www.amt.genova.it\/amt\/servizi\/passaggitel.php<\/a><\/li>\n<li><strong>Partenze programmate dai capolinea<\/strong>: <a href=\"https:\/\/www.amt.genova.it\/amt\/servizi\/oraritel.php\">https:\/\/www.amt.genova.it\/amt\/servizi\/oraritel.php<\/a><\/li>\n<\/ul>\n<p>Le pagine non consultabili in modalit\u00e0 accessibile sono:<\/p>\n<ul>\n<li>Homepage -&gt; Pianifica il viaggio<\/li>\n<li>Biglietti e abbonamenti -&gt; Acquisto online<\/li>\n<\/ul>\n<p>&nbsp;<\/p>\n ","protected":false},"excerpt":{"rendered":"ACCESSIBILITA' \"La capacit\u00e0 dei sistemi informatici di erogare servizi e fornire informazioni fruibili, senza discriminazioni, anche da parte di coloro che a causa di disabilit\u00e0 necessitano di tecnologie assistite o configurazioni particolari\". Questa \u00e8 la definizione di accessibilit\u00e0 offerta dall'art. 2 della l. 9 gennaio 2004, n. 4, emanata per garantire \"il diritto di accesso ai servizi informatici e telematici&nbsp;<a href=\"https:\/\/www.amt.genova.it\/amt\/dichiarazione-di-accessibilita\/\" class=\"read-more\">Continue Reading<\/a>","protected":false},"author":1,"featured_media":0,"parent":0,"menu_order":0,"comment_status":"closed","ping_status":"closed","template":"page-fullwidth.php","meta":{"footnotes":""},"class_list":["post-2189","page","type-page","status-publish","hentry"],"_links":{"self":[{"href":"https:\/\/www.amt.genova.it\/amt\/wp-json\/wp\/v2\/pages\/2189","targetHints":{"allow":["GET"]}}],"collection":[{"href":"https:\/\/www.amt.genova.it\/amt\/wp-json\/wp\/v2\/pages"}],"about":[{"href":"https:\/\/www.amt.genova.it\/amt\/wp-json\/wp\/v2\/types\/page"}],"author":[{"embeddable":true,"href":"https:\/\/www.amt.genova.it\/amt\/wp-json\/wp\/v2\/users\/1"}],"replies":[{"embeddable":true,"href":"https:\/\/www.amt.genova.it\/amt\/wp-json\/wp\/v2\/comments?post=2189"}],"version-history":[{"count":8,"href":"https:\/\/www.amt.genova.it\/amt\/wp-json\/wp\/v2\/pages\/2189\/revisions"}],"predecessor-version":[{"id":30075,"href":"https:\/\/www.amt.genova.it\/amt\/wp-json\/wp\/v2\/pages\/2189\/revisions\/30075"}],"wp:attachment":[{"href":"https:\/\/www.amt.genova.it\/amt\/wp-json\/wp\/v2\/media?parent=2189"}],"curies":[{"name":"wp","href":"https:\/\/api.w.org\/{rel}","templated":true}]}}