{"id":21377,"date":"2019-11-12T12:15:56","date_gmt":"2019-11-12T11:15:56","guid":{"rendered":"https:\/\/www.amt.genova.it\/amt\/?page_id=21377"},"modified":"2020-11-09T13:41:30","modified_gmt":"2020-11-09T12:41:30","slug":"selezione-ingegneri-infrastrutture-e-impianti","status":"publish","type":"page","link":"https:\/\/www.amt.genova.it\/amt\/societa_trasparente\/bandi-di-concorso\/selezione-ingegneri-infrastrutture-e-impianti\/","title":{"rendered":"Selezione Ingegneri Infrastrutture e Impianti"},"content":{"rendered":"<h2><span style=\"color: #ff0000;\"><strong>Aggiornamento del 3 novembre 2020<\/strong><\/span><\/h2>\n<p>Si comunica che si \u00e8 conclusa la Selezione per la posizione <strong>A. Ingegnere Civile Ambientale.<\/strong><\/p>\n<p>&nbsp;<\/p>\n<h2><span style=\"color: #ff0000;\"><strong>Aggiornamento del 15 luglio 2020<\/strong><\/span><\/h2>\n<p>Si comunica che \u00e8 stata riavviata la Selezione, sospesa a causa dell'emergenza sanitaria, per la posizione\u00a0<strong>A. Ingegnere Civile Ambientale.\u00a0<\/strong>Sono stati convocati tramite mail\u00a0<strong>tutti i candidati in possesso dei requisiti individuati nella Fase 1<\/strong> <strong>per un primo colloquio tecnico a distanza da effettuarsi entro la prima settimana di agosto 2020.<\/strong><\/p>\n<p>Si comunica inoltre che si \u00e8 conclusa la Selezione per la posizione\u00a0<strong>B. Ingegnere Elettrico<\/strong>.<\/p>\n<p>&nbsp;<\/p>\n<h2><strong><span style=\"color: #ff0000;\">Aggiornamento del 6 marzo 2020<\/span><\/strong><\/h2>\n<p><span style=\"color: #ff0000;\"><span style=\"color: #000000;\">S<\/span><\/span>i comunica che alla data odierna <strong>sono stati contattati tramite mail tutti i candidati in possesso dei requisiti<\/strong> rispondenti a quanto richiesto\u00a0per le posizioni <strong>A. Ingegnere Civile Ambientale<\/strong> e <strong>B. Ingegnere Elettrico<\/strong>. Si ringrazia per l\u2019interesse dimostrato.<\/p>\n<p>&nbsp;<\/p>\n<p>AMT \u00e8 la Societ\u00e0 partecipata dal Comune di Genova e dalla Citt\u00e0 Metropolitana incaricata della programmazione, gestione e commercializzazione di servizi di trasporto multimodali (gomma, ferro, fune, via mare) nell'area metropolitana di Genova.<\/p>\n<p>L'Azienda \u00e8 al servizio della Citt\u00e0 anche nell'attuazione del Piano di Mobilit\u00e0 Sostenibile e nell'innovazione per quanto attiene soluzioni trasportistiche e tecnologiche nel campo della mobilit\u00e0.<\/p>\n<p>AMT intende essere un\u2019eccellenza nei compiti a lei affidati e ricerca, per le diverse Funzioni aziendali:<\/p>\n<p><strong>LAUREATI IN INGEGNERIA<\/strong>\u00a0da selezionare e da tenere in evidenza per inserimenti e per percorsi di crescita nelle diverse aree di attivit\u00e0 in cui \u00e8 articolata l'organizzazione aziendale.<\/p>\n<p><strong>\u00a0<\/strong>In particolare, si prevedono a breve inserimenti delle seguenti figure professionali:<\/p>\n<p>&nbsp;<\/p>\n<h2><strong> A.INGEGNERE CIVILE AMBIENTALE<\/strong><\/h2>\n<p>Sar\u00e0 inserito all\u2019interno della Funzione \u201cFabbricati, Impianti Tecnologici e Ambiente\u201d, appartenente alla Funzione \u201cInfrastrutture e Impianti Verticali\u201d.<\/p>\n<p><strong>La posizione prevede le seguenti attivit\u00e0:<\/strong><\/p>\n<ul>\n<li>gestione delle autorizzazioni in materia ambientale: AUA (Autorizzazione Unica Ambientale), autorizzazione agli scarichi di acque industriali, autorizzazioni acustiche, autorizzazione alle emissioni in atmosfera;<\/li>\n<li>redazione di Specifiche Tecniche e\/ Progetti per l\u2019affidamento di lavori o contratti di manutenzione tramite procedure di appalto (elaborati grafici, computi metrici, relazioni tecniche, relazioni di calcolo);<\/li>\n<li>gestione di ditte terze in materia di impianti tecnologici ed in particolare: impianti di depurazione delle acque, impianti di distribuzione gasolio, attrezzature di rimessa (ponti sollevatori, tunnel di lavaggio), impianti di condizionamento ambientale, impianti antincendio;<\/li>\n<li>gestione di ditte terze in materia civile: direzione lavori;<\/li>\n<li>redazione di documentazione tecnica per l\u2019ottenimento di autorizzazioni in materia di costruzioni (SCIA\/DIA, ecc.).<\/li>\n<\/ul>\n<p><strong>Requisiti richiesti:<\/strong><\/p>\n<ul>\n<li>Laurea magistrale in Ingegneria Civile Ambientale;<\/li>\n<li>Abilitazione all\u2019esercizio della professione di Ingegnere<\/li>\n<\/ul>\n<p><strong>Sono inoltre richieste:<\/strong><\/p>\n<ul>\n<li>conoscenza della normativa in materia ambientale (D. Lgs 152\/06): autorizzazioni per i luoghi di lavoro, gestione dei rifiuti speciali<\/li>\n<li>buona conoscenza del Pacchetto Office<\/li>\n<li>buona conoscenza di Autocad<\/li>\n<li>conoscenze delle regole in materia di prevenzione incendi<\/li>\n<li>ottime capacit\u00e0 di approfondimento relativamente a Norme, Leggi e Regolamenti<\/li>\n<li>conoscenza dei principali contenuti e dell\u2019architettura del Testo Unico sulla Sicurezza (D.Lgs.81\/2008);<\/li>\n<li>buona conoscenza della lingua inglese.<\/li>\n<\/ul>\n<h2><\/h2>\n<p>&nbsp;<\/p>\n<h2><strong> B.INGEGNERE ELETTRICO<\/strong><\/h2>\n<p>Sar\u00e0 inserito all\u2019interno della Funzione \u201cImpianti Elettrici ed Elettronici\u201d appartenente alla Funzione \u201cInfrastrutture e Impianti Verticali\u201d.<\/p>\n<p><strong>La posizione prevede le seguenti attivit\u00e0:<\/strong><\/p>\n<ul>\n<li>redazione di Specifiche Tecniche e\/o progetti per l\u2019affidamento di lavori o contratti di manutenzione tramite procedure di appalto;<\/li>\n<li>progettazione e sviluppo di sistemi per la trazione elettrica (impianti di ricarica per bus elettrici, sistemi di alimentazione per impianti di trazione in corrente continua);<\/li>\n<li>gestione dei rapporti con ditte terze in materia di impianti elettrici (impianti industriali in bassa tensione, cabine di trasformazione MT\/bt, Sottostazioni di Conversione dell\u2019energia elettrica per la trazione in corrente continua);<\/li>\n<li>supporto tecnico nelle attivit\u00e0 operative di \u201cricerca guasti\u201d;<\/li>\n<li>attivit\u00e0 di supporto nella gestione delle forniture energetiche;<\/li>\n<li>redazione di documentazione tecnica quali schemi elettrici, relazioni tecniche, computi metrici, relazioni di calcolo.<\/li>\n<\/ul>\n<p><strong>Requisiti richiesti:<\/strong><\/p>\n<ul>\n<li>Laurea magistrale in Ingegneria Elettrica;<\/li>\n<li>Abilitazione all\u2019esercizio della professione di Ingegnere<\/li>\n<\/ul>\n<p><strong>Sono inoltre richieste:<\/strong><\/p>\n<ul>\n<li>conoscenze in materia di impiantistica elettrica, con particolare riferimento al DM 37\/2008 e alle normative CEI per gli impianti di bassa tensione e per le cabine di trasformazione MT\/bt<\/li>\n<li>conoscenza della normativa sui lavori elettrici<\/li>\n<li>conoscenza degli schemi tradizionali di alimentazione dei sistemi di trazione elettrica (sottostazioni di alimentazione - schemi di potenza e schemi funzionali))<\/li>\n<li>buona conoscenza del Pacchetto Office<\/li>\n<li>conoscenza di base di Autocad<\/li>\n<li>ottime capacit\u00e0 di approfondimento relativamente a Norme, Leggi e Regolamenti<\/li>\n<li>conoscenza dei principali contenuti e dell\u2019architettura del Testo Unico sulla Sicurezza (D.Lgs.81\/2008);<\/li>\n<li>buona conoscenza della lingua inglese.<\/li>\n<\/ul>\n<p><strong>Saranno apprezzate per entrambe le posizioni:<\/strong><\/p>\n<ul>\n<li>esperienza nella gestione dei rapporti con ditte di manutenzione<\/li>\n<li>attitudine al lavoro di gruppo<\/li>\n<li>buone capacit\u00e0 di relazione<\/li>\n<li>assertivit\u00e0<\/li>\n<\/ul>\n<p><strong>Come candidarsi<\/strong><\/p>\n<p>Per manifestare il proprio interesse alla Selezione \u00e8 necessario inviare\u00a0<strong>entro le ore 12.00 del 2 dicembre 2019<\/strong>\u00a0il proprio curriculum vitae aggiornato e dettagliato al seguente indirizzo di posta elettronica:<\/p>\n<h3 style=\"text-align: center;\"><a href=\"mailto:selezione@amt.genova.it\"><strong>selezione@amt.genova.it<\/strong><\/a><\/h3>\n<p><u>Eventuali curricula inviati in precedenza o trasmessi con altro mezzo non saranno presi in considerazione per questa Selezione<\/u>.<\/p>\n<p><strong>Iter selettivo<\/strong><\/p>\n<p><strong>FASE 1: Screening curricula<\/strong><\/p>\n<p>Nella fase di screening delle candidature pervenute entro il 2 dicembre 2019 si provveder\u00e0 alla valutazione dei requisiti dichiarati.<\/p>\n<p><strong>\u00a0<\/strong><strong>FASE 2: Colloqui<\/strong><\/p>\n<p>I candidati in possesso dei requisiti rispondenti a quanto richiesto accederanno ai colloqui di selezione finalizzati all\u2019inserimento nelle suddette aree o per essere tenuti in evidenza per future esigenze nelle diverse aree tecniche presenti in Azienda.<\/p>\n<p>Nei colloqui saranno valutate le competenze relazionali, tecniche, motivazionali e attitudinali in funzione del profilo ricercato.<\/p>\n<p><strong>\u00a0<\/strong><strong>FASE 3: Colloquio finale<\/strong><\/p>\n<p>La rosa ristretta dei candidati maggiormente rispondenti al profilo ricercato potranno accedere al colloquio finale effettuato dalla Direzione.<\/p>\n<p>La Selezione per i profili in oggetto \u00e8 rivolta indistintamente a uomini e donne (D.Lgs. 198\/2006) e anche a candidati che risultino appartenenti alle categorie protette (L. 68\/99).<\/p>\n<p><strong>Requisiti necessari per l\u2019assunzione<\/strong><\/p>\n<p>All'atto dell'eventuale assunzione, il candidato individuato, pena l'esclusione, dovr\u00e0 possedere i seguenti requisiti:<\/p>\n<ul>\n<li>idoneit\u00e0 psico-fisica;<\/li>\n<li>godimento dei diritti politici;<\/li>\n<li>assenza di condanne penali o procedimenti penali pendenti (come descritto nel \u2018Documento Selezione e assunzione del personale\u2019 AMT approvato il 1\u00b0 dicembre 2017 e pubblicato sul sito web di AMT);<\/li>\n<li>per i cittadini extracomunitari permesso di soggiorno in corso di validit\u00e0;<\/li>\n<li>piena conoscenza della lingua italiana.<\/li>\n<\/ul>\n<p><strong>Dichiarazioni non corrispondenti a verit\u00e0 comporteranno l'<u>immediata esclusione in qualsiasi fase della Selezione<\/u><\/strong>.\u00a0In caso di dichiarazioni non corrispondenti a verit\u00e0, AMT si riserva di procedere ad eventuali segnalazioni agli Organi competenti, ai sensi della normativa vigente.<\/p>\n<p>L\u2019eventuale assunzione avverr\u00e0 con inquadramento commisurato al livello di competenza posseduto, secondo quanto disposto dalle vigenti normative di legge e dal CCNL Autoferrotranvieri.<\/p>\n<p><strong>Informazioni ai candidati<\/strong><\/p>\n<p>Si ricorda che tutti gli aggiornamenti relativi a questa Selezione saranno pubblicati sul sito web di AMT nella pagina dedicata.<\/p>\n<p><strong>AMT declina ogni responsabilit\u00e0 in caso di mancato recapito della convocazione a causa di errato inserimento da parte del candidato del proprio indirizzo e-mail<\/strong>.<\/p>\n<p>LA PRESENZA ALLA SELEZIONE COMPORTA L'IMPLICITA ACCETTAZIONE DI TUTTE LE DISPOSIZIONI PREVISTE DAL PRESENTE AVVISO DI SELEZIONE.<\/p>\n ","protected":false},"excerpt":{"rendered":"Aggiornamento del 3 novembre 2020 Si comunica che si \u00e8 conclusa la Selezione per la posizione A. Ingegnere Civile Ambientale. &nbsp; Aggiornamento del 15 luglio 2020 Si comunica che \u00e8 stata riavviata la Selezione, sospesa a causa dell'emergenza sanitaria, per la posizione\u00a0A. Ingegnere Civile Ambientale.\u00a0Sono stati convocati tramite mail\u00a0tutti i candidati in possesso dei requisiti individuati nella Fase 1 per&nbsp;<a href=\"https:\/\/www.amt.genova.it\/amt\/societa_trasparente\/bandi-di-concorso\/selezione-ingegneri-infrastrutture-e-impianti\/\" class=\"read-more\">Continue Reading<\/a>","protected":false},"author":2,"featured_media":0,"parent":3561,"menu_order":0,"comment_status":"closed","ping_status":"closed","template":"page-fullwidth.php","meta":{"footnotes":""},"class_list":["post-21377","page","type-page","status-publish","hentry"],"_links":{"self":[{"href":"https:\/\/www.amt.genova.it\/amt\/wp-json\/wp\/v2\/pages\/21377","targetHints":{"allow":["GET"]}}],"collection":[{"href":"https:\/\/www.amt.genova.it\/amt\/wp-json\/wp\/v2\/pages"}],"about":[{"href":"https:\/\/www.amt.genova.it\/amt\/wp-json\/wp\/v2\/types\/page"}],"author":[{"embeddable":true,"href":"https:\/\/www.amt.genova.it\/amt\/wp-json\/wp\/v2\/users\/2"}],"replies":[{"embeddable":true,"href":"https:\/\/www.amt.genova.it\/amt\/wp-json\/wp\/v2\/comments?post=21377"}],"version-history":[{"count":20,"href":"https:\/\/www.amt.genova.it\/amt\/wp-json\/wp\/v2\/pages\/21377\/revisions"}],"predecessor-version":[{"id":24231,"href":"https:\/\/www.amt.genova.it\/amt\/wp-json\/wp\/v2\/pages\/21377\/revisions\/24231"}],"up":[{"embeddable":true,"href":"https:\/\/www.amt.genova.it\/amt\/wp-json\/wp\/v2\/pages\/3561"}],"wp:attachment":[{"href":"https:\/\/www.amt.genova.it\/amt\/wp-json\/wp\/v2\/media?parent=21377"}],"curies":[{"name":"wp","href":"https:\/\/api.w.org\/{rel}","templated":true}]}}