{"id":17513,"date":"2018-11-08T17:50:44","date_gmt":"2018-11-08T16:50:44","guid":{"rendered":"https:\/\/www.amt.genova.it\/amt\/?page_id=17513"},"modified":"2025-11-21T08:51:31","modified_gmt":"2025-11-21T07:51:31","slug":"fsl-formazione-scuola-lavoro","status":"publish","type":"page","link":"https:\/\/www.amt.genova.it\/amt\/lavora-con-noi-3\/fsl-formazione-scuola-lavoro\/","title":{"rendered":"FSL &#8211; Formazione Scuola Lavoro"},"content":{"rendered":"<h2><strong>Cos\u2019\u00e8 la\u00a0FSL - Formazione Scuola Lavoro<\/strong><\/h2>\n<p style=\"text-align: justify;\">Con l'anno scolastico 2015\/2016 \u00e8 iniziata l'obbligatoriet\u00e0 dell'Alternanza Scuola Lavoro (Legge 13 luglio 2015 n. 107 \u201cLa Buona Scuola\u201d) per tutti gli studenti del triennio delle scuole superiori, <u>intesa come periodo di esperienza significativa all'interno delle aziende<\/u>. Con la Legge di Bilancio 2019 (art. 57, comma 18) all\u2019Alternanza Scuola Lavoro \u00e8 stata attribuita la denominazione \u201cPercorsi per le Competenze Trasversali e l\u2019Orientamento (PCTO)\u201d. Il Decreto Legge 9 settembre 2025 n. 127 ha disposto la ridenominazione dei Percorsi per le Competenze Trasversali e per l\u2019Orientamento in <strong>Formazione Scuola-Lavoro (FSL)<\/strong>. Nell'arco del triennio finale dei percorsi, gli studenti dovranno aver svolto un minimo di 120 ore per i Licei, 180 per gli Istituti Tecnici e 210 per gli Istituti Professionali.<\/p>\n<p style=\"text-align: justify;\">Molto sinteticamente la Formazione Scuola-Lavoro consiste in un periodo curricolare, cio\u00e8 a tutti gli effetti scolastico, trascorso dagli studenti in Azienda. La FSL offre agli studenti l\u2019opportunit\u00e0 di inserirsi, in periodi concordati con la struttura ospitante, in contesti lavorativi adatti a promuovere la loro autonomia anche ai fini dell'inserimento nel mondo del lavoro.<\/p>\n<p style=\"text-align: justify;\"><strong>Iter per attivazione percorso di FSL<\/strong><\/p>\n<p style=\"text-align: justify;\">AMT ha predisposto due documenti specifici sul tema: il <strong>DVR aziendale per gli Studenti<\/strong> in Formazione Scuola-Lavoro, integrazione del DVR generale dell\u2019Azienda, condiviso con la Scuola, che descrive i rischi, le misure preventive e protettive e i dispositivi di protezione individuale (DPI) necessari, e la <strong>Procedura di Sicurezza<\/strong> PPRIOS198, redatta dal Servizio Prevenzione Protezione Rischi e approvata del Direttore Generale di AMT, documento interno che ha lo scopo di identificare le implicazioni in tema SSL sulla base della normativa in particolare a carico del Soggetto Ospitante (AMT) in occasione di attivit\u00e0 di FSL, stage, tirocini, ecc. e di fornire uno strumento metodologico, di sistema, ai fini dell\u2019adempimento di quanto previsto.<\/p>\n<p>AMT accoglie nella propria struttura gli alunni inviati dalle Scuole che ne hanno fatto <strong>preventiva richiesta<\/strong> alla Direzione del Personale\/Funzione SEL. La Direzione PER <strong>valuta se accettare<\/strong> il percorso di Formazione Scuola-Lavoro anche in funzione della disponibilit\u00e0 delle Funzioni AMT pi\u00f9 indicate a ricevere gli studenti (si cerca per quanto possibile una coerenza fra progetto formativo e attivit\u00e0 svolta dalla Funzione ricevente). La Funzione SEL verifica se esiste gi\u00e0 all\u2019interno del Documento di Valutazione del Rischio Studenti la scheda di valutazione per la mansione prevista del tirocinante, o se eventualmente deve essere aggiunta nel documento.<\/p>\n<p style=\"text-align: justify;\">La Scuola firma una <strong>Convenzione<\/strong> con l'Azienda specificando il numero di studenti coinvolti e il monte ore previsto. AMT mette a disposizione un <strong>Tutor Aziendale<\/strong> che introduce i ragazzi nell'ambito lavorativo spiegando loro la mansione che dovranno svolgere, certifica le presenze nel foglio firme e alla fine compila una scheda di valutazione che esprime un giudizio sull'esperienza. Anche la Scuola mette a disposizione un <strong>Tutor Scolastico<\/strong> che ha il compito di seguire gli studenti ed \u00e8 l\u2019interlocutore con l\u2019azienda per tutto il percorso.<br \/>\nTutti gli studenti <strong>sono assicurati dalla Scuola<\/strong> e, nel rispetto del D.Lgs. 81\/08, hanno effettuato il <strong>corso base di sicurezza sul lavoro<\/strong>.<br \/>\nL\u2019Azienda deve provvedere alla <strong>formazione sui rischi specifici<\/strong> legati alle attivit\u00e0 oggetto di FSL.<br \/>\nPer ciascun alunno accolto in Azienda, in base alla Convenzione sottoscritta viene predisposto un <strong>Piano formativo personalizzato<\/strong> coerente con il profilo educativo, culturale e professionale dell\u2019indirizzo di studi, la cui titolarit\u00e0 \u00e8 dell\u2019Istituzione Scolastica.<br \/>\nQualora lo studente trattasse dati personali dovr\u00e0 essere <strong>nominato temporaneamente \u201cIncaricato del trattamento dei dati\u201d<\/strong> dal Responsabile Privacy di AMT.<br \/>\nPer l\u2019intera durata della FSL, ad ogni studente viene assegnato un <strong>badge visitatore<\/strong> magnetico per gli accessi alla Direzione AMT e viene garantita la possibilit\u00e0 di usufruire della <strong>mensa aziendale<\/strong> in qualit\u00e0 di ospite, a carico della Funzione ricevente.<\/p>\n<p style=\"text-align: justify;\"><strong>Avvertenze<\/strong><\/p>\n<p style=\"text-align: justify;\">Lo studente in FSL non \u00e8 un lavoratore, ma apprende competenze coerenti con il percorso di studi scelto in realt\u00e0 operative. Ne consegue che l\u2019Azienda non assume nessun impegno nei confronti degli studenti per ci\u00f2 che riguarda una loro eventuale assunzione, n\u00e9 questi ultimi potranno avanzare richiesta in tal senso.<\/p>\n<p style=\"text-align: justify;\">Durante il periodo di FSL gli studenti non dovranno essere impegnati in mansioni direttamente produttive se non per il tempo necessario al conseguimento di una sufficiente professionalit\u00e0 e non sono quindi obbligati a raggiungere i livelli ordinari di produttivit\u00e0.<\/p>\n<p style=\"text-align: justify;\">Gli studenti, durante le ore stabilite di FSL presso AMT, sono autorizzati ad uscire dall\u2019Azienda, anche per recarsi presso i vari Impianti\/Depositi Aziendali, <u>solo se<\/u> accompagnati dal Responsabile della Funzione o da un referente aziendale da lui indicato. Gli studenti osservano sul campo l\u2019operativit\u00e0 degli addetti di AMT, e possono svolgere semplici interventi sempre sotto la diretta supervisione di un referente aziendale.<\/p>\n<p style=\"text-align: justify;\">Si raccomanda in ogni caso di non portare gli studenti presso i cantieri, per evitare problemi in materia di salute e sicurezza sul lavoro.<\/p>\n<p style=\"text-align: justify;\">Avvertire tempestivamente la Funzione Selezione nel caso in cui emergessero problemi\/criticit\u00e0 durante il periodo di Formazione Scuola-Lavoro.<\/p>\n<p style=\"text-align: justify;\"><strong>Compiti del Tutor Aziendale<\/strong><\/p>\n<p style=\"text-align: justify;\">Il Tutor Aziendale svolge le seguenti funzioni:<\/p>\n<ul style=\"text-align: justify;\">\n<li>rappresenta la figura di riferimento dello studente all\u2019interno dell\u2019Azienda;<\/li>\n<li>collabora con il Tutor Scolastico alla progettazione, organizzazione e valutazione dell\u2019esperienza di Formazione Scuola-Lavoro;<\/li>\n<li>favorisce l\u2019inserimento dello studente nel contesto operativo, lo affianca e lo assiste nel percorso;<\/li>\n<li>valuta il comportamento dello studente e avverte la Funzione SEL se ritiene che non sia appropriato;<\/li>\n<li>in qualit\u00e0 di Preposto, garantisce l\u2019informazione\/formazione dello\/i studente\/i circa la Sicurezza e la Salute sui Luoghi di Lavoro e nello specifico sui rischi aziendali, nel rispetto delle procedure interne ai sensi del D.Lgs. 81\/08;<\/li>\n<li>collabora con il Tutor Scolastico al fine dell\u2019individuazione delle misure di prevenzione necessarie alla tutela dello studente;<\/li>\n<li>coinvolge lo studente nel processo di valutazione dell\u2019esperienza;<\/li>\n<li>compila il registro FOR relativo alle attivit\u00e0 effettuate dallo studente in affiancamento;<\/li>\n<li>fornisce all\u2019Istituzione Scolastica gli elementi concordati per valutare le attivit\u00e0 dello studente e l\u2019efficacia del processo formativo.<\/li>\n<\/ul>\n<p style=\"text-align: justify;\"><strong>Doveri dello Studente<\/strong><\/p>\n<p style=\"text-align: justify;\">Durante lo svolgimento del percorso in Formazione Scuola-Lavoro lo Studente \u00e8 tenuto a:<\/p>\n<ul>\n<li style=\"text-align: justify;\">svolgere le attivit\u00e0 previste dal percorso formativo personalizzato;<\/li>\n<li style=\"text-align: justify;\">rispettare le norme in materia di Igiene, Sicurezza e Salute sui Luoghi di Lavoro, nonch\u00e9 tutte le disposizioni, istruzioni, prescrizioni, regolamenti interni, previsti a tale scopo;<\/li>\n<li style=\"text-align: justify;\">mantenere la necessaria riservatezza per quanto attiene ai dati, informazioni o conoscenze in merito a processi produttivi e prodotti, acquisite durante lo svolgimento dell\u2019attivit\u00e0 formativa in contesto lavorativo;<\/li>\n<li style=\"text-align: justify;\">seguire le indicazioni dei Tutor e fare riferimento ad essi per qualsiasi esigenza o evenienza;<\/li>\n<li style=\"text-align: justify;\">rispettare rigorosamente i tempi di stage stabiliti dall\u2019Azienda in accordo con la Scuola (orario giornaliero e settimanale);<\/li>\n<li style=\"text-align: justify;\">tenere un comportamento rispettoso nei riguardi di tutte le persone con le quali verr\u00e0 a contatto in Azienda;<\/li>\n<li style=\"text-align: justify;\">avvisare in caso di assenza o ritardo;<\/li>\n<li style=\"text-align: justify;\">rispettare gli obblighi di cui al D.Lgs. 81\/2008, art. 20, ed in particolare:<\/li>\n<li style=\"text-align: justify;\">utilizzare e conservare in modo appropriato i dispositivi di protezione individuale eventualmente messi a sua disposizione;<\/li>\n<li style=\"text-align: justify;\">non rimuovere o modificare senza autorizzazione i dispositivi di sicurezza o di segnalazione o di controllo;<\/li>\n<li style=\"text-align: justify;\">non compiere di propria iniziativa operazioni o manovre che non sono di sua competenza, ovvero che possono compromettere la sicurezza propria o di altri lavoratori;<\/li>\n<li style=\"text-align: justify;\">partecipare ai programmi di formazione e di addestramento organizzati dall\u2019Azienda.<\/li>\n<\/ul>\n ","protected":false},"excerpt":{"rendered":"Cos\u2019\u00e8 la\u00a0FSL - Formazione Scuola Lavoro Con l'anno scolastico 2015\/2016 \u00e8 iniziata l'obbligatoriet\u00e0 dell'Alternanza Scuola Lavoro (Legge 13 luglio 2015 n. 107 \u201cLa Buona Scuola\u201d) per tutti gli studenti del triennio delle scuole superiori, intesa come periodo di esperienza significativa all'interno delle aziende. Con la Legge di Bilancio 2019 (art. 57, comma 18) all\u2019Alternanza Scuola Lavoro \u00e8 stata attribuita la&nbsp;<a href=\"https:\/\/www.amt.genova.it\/amt\/lavora-con-noi-3\/fsl-formazione-scuola-lavoro\/\" class=\"read-more\">Continue Reading<\/a>","protected":false},"author":2,"featured_media":0,"parent":17505,"menu_order":0,"comment_status":"closed","ping_status":"closed","template":"page-fullwidth.php","meta":{"footnotes":""},"class_list":["post-17513","page","type-page","status-publish","hentry"],"_links":{"self":[{"href":"https:\/\/www.amt.genova.it\/amt\/wp-json\/wp\/v2\/pages\/17513","targetHints":{"allow":["GET"]}}],"collection":[{"href":"https:\/\/www.amt.genova.it\/amt\/wp-json\/wp\/v2\/pages"}],"about":[{"href":"https:\/\/www.amt.genova.it\/amt\/wp-json\/wp\/v2\/types\/page"}],"author":[{"embeddable":true,"href":"https:\/\/www.amt.genova.it\/amt\/wp-json\/wp\/v2\/users\/2"}],"replies":[{"embeddable":true,"href":"https:\/\/www.amt.genova.it\/amt\/wp-json\/wp\/v2\/comments?post=17513"}],"version-history":[{"count":8,"href":"https:\/\/www.amt.genova.it\/amt\/wp-json\/wp\/v2\/pages\/17513\/revisions"}],"predecessor-version":[{"id":51627,"href":"https:\/\/www.amt.genova.it\/amt\/wp-json\/wp\/v2\/pages\/17513\/revisions\/51627"}],"up":[{"embeddable":true,"href":"https:\/\/www.amt.genova.it\/amt\/wp-json\/wp\/v2\/pages\/17505"}],"wp:attachment":[{"href":"https:\/\/www.amt.genova.it\/amt\/wp-json\/wp\/v2\/media?parent=17513"}],"curies":[{"name":"wp","href":"https:\/\/api.w.org\/{rel}","templated":true}]}}