{"id":16976,"date":"2018-10-03T15:48:04","date_gmt":"2018-10-03T13:48:04","guid":{"rendered":"https:\/\/www.amt.genova.it\/amt\/?page_id=16976"},"modified":"2023-09-19T14:14:52","modified_gmt":"2023-09-19T12:14:52","slug":"safety-securuty","status":"publish","type":"page","link":"https:\/\/www.amt.genova.it\/amt\/amt-istituzionale\/amtinnova\/safety-securuty\/","title":{"rendered":"Safety &#038; Securuty"},"content":{"rendered":"<h2><strong><span style=\"color: #ff6600;\">Programma Safety &amp; Security<\/span><\/strong><\/h2>\n<p>&nbsp;<\/p>\n<p><strong>Cyber Security<\/strong><\/p>\n<p><img loading=\"lazy\" decoding=\"async\" class=\"wp-image-16954 size-thumbnail alignleft\" src=\"\/amt\/wp-content\/uploads\/2018\/10\/CyberSecurity1-170x98.jpg\" alt=\"\" width=\"170\" height=\"98\" \/><\/p>\n<p><span style=\"color: #ff0000;\"><strong>NOVITA'<br \/>\n<\/strong><\/span><strong>AMT nel progetto europeo CityScape per la cyber security<br \/>\n<\/strong>Nonostante l\u2019emergenza sanitaria in corso, l\u2019impegno di AMT per l\u2019innovazione e le nuove tecnologie non si ferma. Genova sar\u00e0 una delle citt\u00e0 pilota del progetto europeo per la cyber security <strong>CityScape <\/strong>e AMT una delle aziende protagoniste.<br \/>\n<a href=\"https:\/\/www.amt.genova.it\/amt\/amt-nel-progetto-europeo-cityscape-per-la-cyber-security\/\">Leggi di pi\u00f9<\/a><\/p>\n<p>AMT sta studiando ed introducendo sistemi tecnologici pi\u00f9 aggiornati per garantire la sicurezza dei propri sistemi informativi In particolare sono stati introdotti: un firewall con reti segregate e sistemi di criptazione e decriptazione dei flussi informativi; un sistema di antispam che, oltre allo spam vero e proprio, analizza tutta la posta elettronica in arrivo ed intercetta le mail che possono contenere virus o malware;\u00a0un sistema di sicurezza endpoint che analizza, in apposita area, il comportamento di ogni software.<\/p>\n<p>Sono inoltre in fase di studio nuovi sistemi di protezione dei dati, secondo quanto previsto anche dalla nuova normativa GDPR.<\/p>\n<p>&nbsp;<\/p>\n ","protected":false},"excerpt":{"rendered":"Programma Safety &amp; Security &nbsp; Cyber Security NOVITA' AMT nel progetto europeo CityScape per la cyber security Nonostante l\u2019emergenza sanitaria in corso, l\u2019impegno di AMT per l\u2019innovazione e le nuove tecnologie non si ferma. Genova sar\u00e0 una delle citt\u00e0 pilota del progetto europeo per la cyber security CityScape e AMT una delle aziende protagoniste. Leggi di pi\u00f9 AMT sta studiando&nbsp;<a href=\"https:\/\/www.amt.genova.it\/amt\/amt-istituzionale\/amtinnova\/safety-securuty\/\" class=\"read-more\">Continue Reading<\/a>","protected":false},"author":2,"featured_media":0,"parent":13505,"menu_order":0,"comment_status":"closed","ping_status":"closed","template":"page-fullwidth.php","meta":{"footnotes":""},"class_list":["post-16976","page","type-page","status-publish","hentry"],"_links":{"self":[{"href":"https:\/\/www.amt.genova.it\/amt\/wp-json\/wp\/v2\/pages\/16976","targetHints":{"allow":["GET"]}}],"collection":[{"href":"https:\/\/www.amt.genova.it\/amt\/wp-json\/wp\/v2\/pages"}],"about":[{"href":"https:\/\/www.amt.genova.it\/amt\/wp-json\/wp\/v2\/types\/page"}],"author":[{"embeddable":true,"href":"https:\/\/www.amt.genova.it\/amt\/wp-json\/wp\/v2\/users\/2"}],"replies":[{"embeddable":true,"href":"https:\/\/www.amt.genova.it\/amt\/wp-json\/wp\/v2\/comments?post=16976"}],"version-history":[{"count":9,"href":"https:\/\/www.amt.genova.it\/amt\/wp-json\/wp\/v2\/pages\/16976\/revisions"}],"predecessor-version":[{"id":40778,"href":"https:\/\/www.amt.genova.it\/amt\/wp-json\/wp\/v2\/pages\/16976\/revisions\/40778"}],"up":[{"embeddable":true,"href":"https:\/\/www.amt.genova.it\/amt\/wp-json\/wp\/v2\/pages\/13505"}],"wp:attachment":[{"href":"https:\/\/www.amt.genova.it\/amt\/wp-json\/wp\/v2\/media?parent=16976"}],"curies":[{"name":"wp","href":"https:\/\/api.w.org\/{rel}","templated":true}]}}