{"id":13830,"date":"2018-01-31T10:57:35","date_gmt":"2018-01-31T09:57:35","guid":{"rendered":"https:\/\/www.amt.genova.it\/amt\/?page_id=13830"},"modified":"2025-02-13T15:36:16","modified_gmt":"2025-02-13T14:36:16","slug":"pagamento-sanzioni-online","status":"publish","type":"page","link":"https:\/\/www.amt.genova.it\/amt\/clienti\/pagamento-sanzioni-online\/","title":{"rendered":"Sanzioni pagamento online"},"content":{"rendered":"<p><img loading=\"lazy\" decoding=\"async\" class=\"wp-image-11821 alignleft\" src=\"\/amt\/wp-content\/uploads\/2017\/07\/foto-verifica-300x169.jpg\" alt=\"\" width=\"193\" height=\"109\" srcset=\"https:\/\/www.amt.genova.it\/amt\/wp-content\/uploads\/2017\/07\/foto-verifica-300x169.jpg 300w, https:\/\/www.amt.genova.it\/amt\/wp-content\/uploads\/2017\/07\/foto-verifica-768x432.jpg 768w, https:\/\/www.amt.genova.it\/amt\/wp-content\/uploads\/2017\/07\/foto-verifica-1024x576.jpg 1024w\" sizes=\"auto, (max-width: 193px) 100vw, 193px\" \/>AMT offre un <strong>servizio online per il pagamento delle sanzioni<\/strong>\u00a0del servizio di trasporto pubblico.\u00a0 <strong>Il servizio \u00e8 sicuro, facile e veloce:<\/strong> basta accedere alla sezione dedicata presente in questa pagina ed inserire i dati richiesti.<\/p>\n<p>L'operazione non ha nessun costo aggiuntivo e si aggiunge ai tradizionali canali di pagamento.<\/p>\n<p>I pagamenti sono gestiti tramite server sicuro del sistema PayPal. E\u2019 possibile scegliere tra le varie modalit\u00e0 di pagamento: carta di credito Visa o Mastercard, carte prepagate o Paypal.<\/p>\n<p>Il pagamento pu\u00f2 essere effettuato anche subito dopo avere ricevuto la sanzione: in questo caso il sistema avverte che il verbale non \u00e8 stato ancora registrato, ma sar\u00e0 comunque possibile procedere al pagamento ed evitare che la sanzione diventi pi\u00f9 onerosa.<\/p>\n<p>Se hai gi\u00e0 ricevuto l\u2019ingiunzione di pagamento oppure se sono trascorsi pi\u00f9 di sessanta giorni dalla data del verbale o dalla notifica in caso di minori, ti invitiamo a venire in nei nostri centri AMT (<a href=\"https:\/\/www.amt.genova.it\/amt\/clienti\/rete-di-vendita-urbana\/biglietterie-urbane\/\">vedi orari<\/a>) oppure a utilizzare il bollettino allegato alla lettera di ingiunzione che hai ricevuto.<\/p>\n<p>Al termine delle operazioni il sistema generer\u00e0 un documento stampabile con la conferma dell\u2019avvenuto pagamento.<\/p>\n<p><img loading=\"lazy\" decoding=\"async\" class=\"alignleft wp-image-38106\" src=\"https:\/\/www.amt.genova.it\/amt\/wp-content\/uploads\/2023\/03\/fascicolo-300x148.png\" alt=\"\" width=\"199\" height=\"98\" srcset=\"https:\/\/www.amt.genova.it\/amt\/wp-content\/uploads\/2023\/03\/fascicolo-300x148.png 300w, https:\/\/www.amt.genova.it\/amt\/wp-content\/uploads\/2023\/03\/fascicolo.png 550w\" sizes=\"auto, (max-width: 199px) 100vw, 199px\" \/><\/p>\n<p><strong><span style=\"color: #3366ff;\">NOVITA'<\/span><\/strong><\/p>\n<p>Abbiamo aumentato la possibilit\u00e0 di raggiungere i nostri clienti sul <strong>\u201c<a href=\"https:\/\/www.amt.genova.it\/amt\/clienti\/regolamenti-e-sanzioni\/sanzioni\/fascicolo-del-cittadino-pagamento-sanzioni\/\">Fascicolo del cittadino<\/a>\u201d<\/strong>, non solo con la visualizzazione ed il rinnovo dei Abbonamenti in esercizio da Novembre 2021, ma anche con la possibilit\u00e0 di\u00a0<strong>visionare e pagare le Sanzioni<\/strong>\u00a0per mancato possesso titolo di viaggio.<\/p>\n<p>&nbsp;<\/p>\n<p>Per le\u00a0<strong>informazioni relative alle sanzioni<\/strong> \u00a0scrivere all\u2019indirizzo <a href=\"mailto:info.sanzioni@amt.genova.it\">info.sanzioni@amt.genova.it<\/a><\/p>\n<p>&nbsp;<\/p>\n<p>Informativa sulla privacy: il trattamento dei dati \u00e8 effettuato in osservanza del D.Lgs 196\/03. Informativa completa al sito: <a href=\"https:\/\/www.amt.genova.it\/amt\/amt-istituzionale\/privacy\" rel=\"noopener\">www.amt.genova.it\/amt\/amt-istituzionale\/privacy<\/a> al punto <a href=\"https:\/\/www.amt.genova.it\/amt\/wp-content\/uploads\/2023\/02\/Informativa-relativa-alle-sanzioni-titoli-di-viaggio.pdf\" target=\"_blank\" rel=\"noopener\">Informativa relativa alle sanzioni titoli di viaggio<\/a><\/p>\n<form id=\"frm_form\" action=\"\/amt\/pagamento-verbale\" method=\"POST\">\n<table border=\"0\" width=\"400\" cellspacing=\"0\" cellpadding=\"0\" align=\"center\">\n<tbody>\n<tr>\n<td align=\"center\"><input class=\"btn btn-primary\" name=\"scegliabbonamento\" type=\"submit\" value=\"Pagamento\" \/><\/td>\n<\/tr>\n<\/tbody>\n<\/table>\n<\/form>\n ","protected":false},"excerpt":{"rendered":"AMT offre un servizio online per il pagamento delle sanzioni\u00a0del servizio di trasporto pubblico.\u00a0 Il servizio \u00e8 sicuro, facile e veloce: basta accedere alla sezione dedicata presente in questa pagina ed inserire i dati richiesti. L'operazione non ha nessun costo aggiuntivo e si aggiunge ai tradizionali canali di pagamento. I pagamenti sono gestiti tramite server sicuro del sistema PayPal. E\u2019&nbsp;<a href=\"https:\/\/www.amt.genova.it\/amt\/clienti\/pagamento-sanzioni-online\/\" class=\"read-more\">Continue Reading<\/a>","protected":false},"author":2,"featured_media":0,"parent":2167,"menu_order":0,"comment_status":"closed","ping_status":"closed","template":"page-fullwidth.php","meta":{"footnotes":""},"class_list":["post-13830","page","type-page","status-publish","hentry"],"_links":{"self":[{"href":"https:\/\/www.amt.genova.it\/amt\/wp-json\/wp\/v2\/pages\/13830","targetHints":{"allow":["GET"]}}],"collection":[{"href":"https:\/\/www.amt.genova.it\/amt\/wp-json\/wp\/v2\/pages"}],"about":[{"href":"https:\/\/www.amt.genova.it\/amt\/wp-json\/wp\/v2\/types\/page"}],"author":[{"embeddable":true,"href":"https:\/\/www.amt.genova.it\/amt\/wp-json\/wp\/v2\/users\/2"}],"replies":[{"embeddable":true,"href":"https:\/\/www.amt.genova.it\/amt\/wp-json\/wp\/v2\/comments?post=13830"}],"version-history":[{"count":25,"href":"https:\/\/www.amt.genova.it\/amt\/wp-json\/wp\/v2\/pages\/13830\/revisions"}],"predecessor-version":[{"id":48153,"href":"https:\/\/www.amt.genova.it\/amt\/wp-json\/wp\/v2\/pages\/13830\/revisions\/48153"}],"up":[{"embeddable":true,"href":"https:\/\/www.amt.genova.it\/amt\/wp-json\/wp\/v2\/pages\/2167"}],"wp:attachment":[{"href":"https:\/\/www.amt.genova.it\/amt\/wp-json\/wp\/v2\/media?parent=13830"}],"curies":[{"name":"wp","href":"https:\/\/api.w.org\/{rel}","templated":true}]}}